{"id":2465,"date":"2016-12-24T04:38:09","date_gmt":"2016-12-24T04:38:09","guid":{"rendered":"http:\/\/themes.themegoods.com\/grandtour\/demo\/?page_id=2465"},"modified":"2026-01-22T13:47:05","modified_gmt":"2026-01-22T13:47:05","slug":"about-apodos","status":"publish","type":"page","link":"https:\/\/visitsplitcroatia.com\/de\/uber-apodos\/","title":{"rendered":"\u00dcber Apodos"},"content":{"rendered":"<div class=\"one withsmallpadding ppb_header parallax withbg\" style=\"min-height 80vh!important;background-image: url('https:\/\/visitsplitcroatia.com\/wp-content\/uploads\/2023\/01\/LINKEDIN-BANNER-12470.png'); background-position: center top; text-align: center; padding: 120px 0 120px 0; color: #ffffff;\">\r\n<div class=\"overlay_background\" style=\"background: rgba(0,0,0,0.45);\">\r\n<p><strong>NACHHALTIGES SIGHTSEEING F\u00dcR ALLE<\/strong><\/p>\r\n<p>F\u00f6rderung einer verantwortungsvolleren Art des Sightseeings<\/p>\r\n<p>Indem Sie unsere Vision unterst\u00fctzen und an unseren Touren teilnehmen, tragen Sie dazu bei, eine bessere Version des Tourismus zu schaffen!<\/p>\r\n<p>&nbsp;<\/p>\r\n<\/div>\r\n<div class=\"standard_wrapper\">\r\n<div class=\"page_content_wrapper\">\r\n<div class=\"inner\">\r\n<div style=\"margin: auto; width: 60%;\">\r\n<div class=\"ppb_header_content\">\r\n<div class=\"page_tagline\" style=\"color: #ffffff;\">\u00a0<\/div>\r\n<\/div>\r\n<\/div>\r\n<\/div>\r\n<\/div>\r\n<\/div>\r\n<\/div>\r\n\r\n\r\n\r\n<div class=\"one withsmallpadding ppb_header\" style=\"text-align: center; padding: 50px 0 50px 0; background-color: #ffffff; color: #000000;\">\r\n<div class=\"standard_wrapper\">\r\n<div class=\"page_content_wrapper\">\r\n<div class=\"inner\">\r\n<div style=\"margin: auto; width: 60%;\">\r\n<h2>Nachhaltiges Sightseeing f\u00fcr alle!<\/h2>\r\n<h2 style=\"text-align: center;\"><strong>Open-top bus tours have been exclusively provided by Apodos travel agency in Split since 2013.<\/strong><\/h2>\r\n<h2><span style=\"color: #ff0000;\">Indem Sie unsere Vision unterst\u00fctzen und an unseren Touren teilnehmen, tragen Sie dazu bei, eine bessere Version des Tourismus zu schaffen!<\/span><\/h2>\r\n<p>&nbsp;<\/p>\r\n<p>Unsere Sightseeing-L\u00f6sungen sind darauf zugeschnitten, sowohl Ihre Zufriedenheit als auch die Unterst\u00fctzung der \u00f6rtlichen Gemeinschaft zu steigern.<\/p>\r\n<p>Als lokales Reiseb\u00fcro mit Fokus auf nachhaltiges und umweltfreundliches Reisen zielen unsere Aktivit\u00e4ten auf die F\u00f6rderung der folgenden Grunds\u00e4tze ab:<\/p>\r\n<h4><a href=\"https:\/\/visitsplitcroatia.com\/wp-content\/uploads\/2023\/01\/stella-web-2.jpg\"><img decoding=\"async\" class=\"alignnone wp-image-6325 size-large\" src=\"https:\/\/visitsplitcroatia.com\/wp-content\/uploads\/2023\/01\/stella-web-2-1024x683.jpg\" alt=\"\" width=\"1024\" height=\"683\" \/><\/a><\/h4>\r\n<p>&nbsp;<\/p>\r\n<p>\u221aWohlergehen der lokalen Gemeinschaft<\/p>\r\n<p>\u221aArbeitsqualit\u00e4t<\/p>\r\n<p>\u221aGleichstellung der Geschlechter und St\u00e4rkung der Rolle der Frau<\/p>\r\n<p>\u221aRegionale Partnerschaft f\u00fcr nachhaltige Entwicklung<\/p>\r\n<p>\u221aNachhaltige Landwirtschaft<\/p>\r\n<p>\u221aBesucherzufriedenheit, kultureller Reichtum und authentisches Eintauchen in die lokale Kultur<\/p>\r\n<p>\u221aDezentralisierung<\/p>\r\n<p>\u221aUmweltreinheit<\/p>\r\n<p>&nbsp;<\/p>\r\n<p><a href=\"https:\/\/visitsplitcroatia.com\/wp-content\/uploads\/2023\/01\/DUGOPOLJE-3.jpg\"><img decoding=\"async\" class=\"alignnone wp-image-6202 size-full\" src=\"https:\/\/visitsplitcroatia.com\/wp-content\/uploads\/2023\/01\/DUGOPOLJE-3.jpg\" alt=\"\" width=\"1500\" height=\"1000\" \/><\/a><\/p>\r\n<h3><strong>APODOS \u2013 F\u00f6rderung des lokalen Erbes und einer verantwortungsvolleren Art des Sightseeings <span style=\"color: #ff0000;\">seit 2013<\/span><\/strong><\/h3>\r\n<p>Wir haben viel daf\u00fcr getan, die Vielseitigkeit der lokalen Kultur und des lokalen Erbes zu f\u00f6rdern und sind noch immer der exklusive Anbieter von Sightseeing-Touren mit offenen Bussen in Dalmatien.<\/p>\r\n<p>Wir setzen diese Vision um, indem wir neue, umweltorientierte und nachhaltige Sightseeing-Angebote f\u00fcr unsere G\u00e4ste entwickeln, das Umweltbewusstsein st\u00e4rken und einen ganzj\u00e4hrigen Betrieb f\u00f6rdern.\u00a0<\/p>\r\n<h4><a href=\"https:\/\/visitsplitcroatia.com\/wp-content\/uploads\/2023\/01\/IMG_1084warm-scaled.jpg\"><img decoding=\"async\" class=\"alignnone wp-image-6779 size-large\" src=\"https:\/\/visitsplitcroatia.com\/wp-content\/uploads\/2023\/01\/IMG_1084warm-1024x768.jpg\" alt=\"\" width=\"1024\" height=\"768\" \/><\/a><\/h4>\r\n<h2>\u00a0<\/h2>\r\n<h2><strong>Unsere Grundwerte<\/strong><\/h2>\r\n<p>&nbsp;<\/p>\r\n<h3><span style=\"color: #ff0000;\"><strong>NACHHALTIGKEIT F\u00d6RDERN UND UMWELT SCH\u00dcTZEN<\/strong><\/span><\/h3>\r\n<p>Dalmatien ist unsere Heimat, und die Entwicklung unseres Unternehmens konzentriert sich darauf, unser Zuhause f\u00fcr alle zu sch\u00fctzen: f\u00fcr uns, f\u00fcr unsere Kinder und f\u00fcr unsere G\u00e4ste. Um dies in der Praxis zu demonstrieren, hat Apodos <span style=\"color: #ff0000;\">ein bahnbrechendes, umweltorientiertes Sightseeing-Produkt<\/span> seit der Saison 2023 in Betrieb:<\/p>\r\n<p><span style=\"color: #008000;\"><a style=\"color: #008000;\" href=\"https:\/\/visitsplitcroatia.com\/de\/tour\/dalmatia-for-nature-lovers-countryside-half-day-tour\/\"><strong>Dalmatien f\u00fcr Naturliebhaber \u2013 Halbtagestour durch die Landschaft\u00a0<\/strong><\/a><\/span><\/p>\r\n<p>Die Tour erm\u00f6glicht G\u00e4sten aus Split, dem Stadtleben zu entfliehen und in die Sch\u00f6nheit und den Reichtum der Natursch\u00e4tze Dalmatiens einzutauchen. G\u00e4ste k\u00f6nnen die dalmatinische Landschaft erleben, die lokale Natur und die regionalen dalmatinischen Produkte auf unterhaltsame, lehrreiche und interaktive Weise kennenlernen.<\/p>\r\n<p>&nbsp;<\/p>\r\n<h3><strong>UNSER <span style=\"color: #ff0000;\">FREIWILLIGER<\/span> TAGE<\/strong><\/h3>\r\n<p>Wir organisieren jedes Jahr einen Tag, an dem sich unsere Mitarbeiter ehrenamtlich f\u00fcr das Wohl unserer Landschaft engagieren k\u00f6nnen. Zu den Aktivit\u00e4ten geh\u00f6ren Strandreinigungstage und Baumpflanztage. Wir freuen uns \u00fcber alle Freiwilligen, die sich uns anschlie\u00dfen m\u00f6chten. Unsere Freiwilligentage sind auch eine hervorragende Gelegenheit, die Einheimischen f\u00fcr die Notwendigkeit einer nachhaltigen Entwicklung unseres Reiseziels zu sensibilisieren. Wenn Sie einen bestimmten Ort kennen, an dem wir helfen und etwas Gutes f\u00fcr die Umwelt tun k\u00f6nnen, senden Sie uns Ihre Vorschl\u00e4ge gerne an folgende E-Mail-Adresse: <a href=\"mailto:Info@apodos.com.hr-\"><strong>Info@apodos.com.hr<\/strong><\/a><\/p>\r\n<p>\u221aDer n\u00e4chste Freiwilligentag bei APODOS ist geplant in <strong>2025.<\/strong><\/p>\r\n<h4><strong><span style=\"color: #ff0000;\">Melde dich an und bring auch deine Freunde mit!<\/span> Gemeinsam k\u00f6nnen wir dazu beitragen, die Sch\u00f6nheit Dalmatiens f\u00fcr kommende Generationen zu bewahren!<\/strong><\/h4>\r\n<\/div>\r\n<\/div>\r\n<\/div>\r\n<p><a href=\"https:\/\/visitsplitcroatia.com\/wp-content\/uploads\/2023\/01\/KLIS-4.jpg\"><img decoding=\"async\" class=\"alignnone wp-image-6207 size-large\" src=\"https:\/\/visitsplitcroatia.com\/wp-content\/uploads\/2023\/01\/KLIS-4-1024x683.jpg\" alt=\"\" width=\"1024\" height=\"683\" \/><\/a><\/p>\r\n<div class=\"page_content_wrapper\">\r\n<div class=\"inner\">\r\n<div style=\"margin: auto; width: 60%;\">\r\n<h3><strong>UNTERST\u00dcTZUNG DER <span style=\"color: #ff0000;\">LOKALE GEMEINDE<\/span><\/strong><\/h3>\r\n<p>Wir arbeiten eng mit lokalen Gemeinden, Anwohnern und kleinen Unternehmen zusammen, um den Schutz des nat\u00fcrlichen, kulturellen und \u00f6kologischen Erbes zu gew\u00e4hrleisten. Die Zusammenarbeit mit gleichgesinnten lokalen Partnern, die ebenfalls Nachhaltigkeit f\u00f6rdern, ist der Kern unserer Arbeit. Gleichzeitig streben wir danach, das lokale Nachhaltigkeitsbewusstsein zu st\u00e4rken und sicherzustellen, dass die lokalen Stimmen bei der zuk\u00fcnftigen Entwicklung ihrer Reiseziele ber\u00fccksichtigt werden. Wir stellen Mitarbeiter vor Ort ein und nutzen lokale Dienstleister.<\/p>\r\n<p>&nbsp;<\/p>\r\n<h3><strong>F\u00d6RDERUNG <span style=\"color: #ff0000;\">St\u00e4rkung der Frauen<\/span> IM BESCH\u00c4FTIGUNGSBEREICH<\/strong><\/h3>\r\n<p>Unser Team besteht aus herausragenden Pers\u00f6nlichkeiten, die sich mit Leidenschaft f\u00fcr die lokale Tourismusszene einsetzen. Insbesondere der Beitrag unserer Kolleginnen in den letzten 15 Jahren, in denen Apodos auf dem lokalen Markt t\u00e4tig war, l\u00e4sst sich nicht in Worte fassen.<\/p>\r\n<p>Daher ist es unser Hauptanliegen, die Unternehmensrichtlinien an die Bed\u00fcrfnisse von Frauen anzupassen. So m\u00fcssen sie sich nie zwischen ihrer Rolle im Beruf und in der Familie entscheiden. Bei Apodos bieten wir unseren weiblichen Mitarbeitern kontinuierlich M\u00f6glichkeiten zur Schulung, Weiterbildung und bereichs\u00fcbergreifenden Weiterbildung und ermutigen sie gleichzeitig, neue F\u00e4higkeiten zu entdecken, die sie in einer neuen beruflichen Funktion einsetzen k\u00f6nnen.<\/p>\r\n<p>&nbsp;<\/p>\r\n<h3><strong>AUTHENTISCHE KULTURELLE ERLEBNISSE ANBIETEN MIT <span style=\"color: #ff0000;\">SICHERHEIT<\/span> UND <span style=\"color: #ff0000;\">VERANTWORTUNG<\/span><\/strong><\/h3>\r\n<p>Die Sicherheit und das Wohlbefinden unserer G\u00e4ste sind der Grundstein unserer Arbeit. Alle unsere Reiseleiter sind lokal zertifiziert und qualifiziert. Alle unsere Fahrer sind Profis mit jahrzehntelanger Erfahrung. Sicherheit hat bei uns im Alltag oberste Priorit\u00e4t. In diesem Rahmen ist es unser Ziel, unseren G\u00e4sten authentische Sightseeing-Erlebnisse zu bieten und ihnen das wahre Dalmatien, seine Natur, seine Menschen, seine Kultur, sein Essen und seinen historischen Reichtum n\u00e4herzubringen.<\/p>\r\n<h2>\u00a0<\/h2>\r\n<h3><span style=\"color: #ff0000;\"><strong>Der Natur eine Chance zur Ruhe geben<\/strong><\/span><\/h3>\r\n<p>In den letzten Jahren hat Split einen rasanten Tourismusanstieg erlebt. Diese Zentralisierung des Tourismus ist weder vorteilhaft noch nachhaltig und schafft zahlreiche soziale Probleme.<\/p>\r\n<p>Wir streben danach, eine <span style=\"color: #ff0000;\">ausgewogene Beziehung zur Natur<\/span> und zum Schutz des nat\u00fcrlichen Reichtums Dalmatiens beitragen.\u00a0<\/p>\r\n<p>Unsere Reisen tragen zur Verteilung der touristischen Ressourcen w\u00e4hrend der Hochsaison bei und geben der Region Split so die M\u00f6glichkeit, \u201edurchzuatmen\u201c.<\/p>\r\n<p>Dar\u00fcber hinaus <span style=\"color: #ff0000;\">Stadtrundg\u00e4nge durch Split<\/span> sind darauf zugeschnitten,<strong> 100% Kein Fu\u00dfabdruck!<\/strong><\/p>\r\n<h2><a href=\"https:\/\/visitsplitcroatia.com\/wp-content\/uploads\/2023\/01\/bus.jpg\"><img decoding=\"async\" class=\"alignnone wp-image-6257 size-large\" src=\"https:\/\/visitsplitcroatia.com\/wp-content\/uploads\/2023\/01\/bus-1024x683.jpg\" alt=\"\" width=\"1024\" height=\"683\" \/><\/a><\/h2>\r\n<h2><strong>Werfen Sie einen Blick auf unsere <span style=\"color: #ff0000;\">NACHHALTIG<\/span> \u00d6KO-SIGHTSEEING-ERLEBNISSE DALMATIENS:<\/strong><\/h2>\r\n<p>&nbsp;<\/p>\r\n<h4><span style=\"color: #008000;\"><a style=\"color: #008000;\" href=\"https:\/\/visitsplitcroatia.com\/de\/tour\/dalmatia-for-nature-lovers-countryside-half-day-tour\/\"><strong>\u221a<\/strong>Dalmatien f\u00fcr Naturliebhaber - Halbtagestour durch die Landschaft\u00a0<\/a><\/span><\/h4>\r\n<h4><span style=\"color: #008000;\"><a style=\"color: #008000;\" href=\"https:\/\/visitsplitcroatia.com\/de\/tour\/versteckte-juwelen-dalmatiens-48-stunden-sightseeing-tour\/\"><strong>\u221a<\/strong>Versteckte Juwelen Dalmatiens - 48-st\u00fcndige Sightseeing-Tour<\/a><\/span><\/h4>\r\n<h4><span style=\"color: #008000;\"><a style=\"color: #008000;\" href=\"https:\/\/visitsplitcroatia.com\/de\/tour\/split-wanderung\/\"><strong>\u221a<\/strong>No Footprint Eco-Walks \u2013 Die ultimative \u00d6ko-Wanderung durch Split<\/a><\/span><\/h4>\r\n<h4>\u00a0<\/h4>\r\n<p><a href=\"https:\/\/visitsplitcroatia.com\/wp-content\/uploads\/2025\/02\/IMG_1049.jpg\"><img decoding=\"async\" class=\"alignnone wp-image-6938 size-large\" src=\"https:\/\/visitsplitcroatia.com\/wp-content\/uploads\/2025\/02\/IMG_1049-1024x683.jpg\" alt=\"\" width=\"1024\" height=\"683\" \/><\/a><\/p>\r\n<p>&nbsp;<\/p>\r\n<h3><strong>WEITERE TOUREN F\u00dcR NATURLIEBHABER, DIE WIR ANBIETEN:<\/strong><\/h3>\r\n<p>&nbsp;<\/p>\r\n<h4><span style=\"color: #008000;\"><a style=\"color: #008000;\" href=\"https:\/\/visitsplitcroatia.com\/de\/tour\/grune-flucht\/\"><strong>\u221a<\/strong>Gr\u00fcne Flucht<\/a><\/span><\/h4>\r\n<\/div>\r\n<\/div>\r\n<\/div>\r\n<p>&nbsp;<\/p>\r\n<div class=\"page_content_wrapper\">\r\n<div class=\"inner\">\r\n<div style=\"margin: auto; width: 60%;\">\r\n<p><a href=\"https:\/\/visitsplitcroatia.com\/wp-content\/uploads\/2025\/02\/bus-klis.jpg\"><img decoding=\"async\" class=\"alignnone wp-image-6939 size-full\" src=\"https:\/\/visitsplitcroatia.com\/wp-content\/uploads\/2025\/02\/bus-klis.jpg\" alt=\"\" width=\"856\" height=\"478\" \/><\/a><\/p>\r\n<p>&nbsp;<\/p>\r\n<h3><strong>WEITERE UNSERER MASSGESCHNEIDERTEN SIGHTSEEING-L\u00d6SUNGEN<\/strong><\/h3>\r\n<p><span style=\"color: #ff0000;\">Wenn Sie ein zertifiziertes professionelles Reiseb\u00fcro sind<\/span> deren Kunden nach nachhaltigen M\u00f6glichkeiten suchen, Dalmatien zu entdecken, z\u00f6gern Sie nicht, uns zu kontaktieren und dar\u00fcber zu sprechen, wie wir<span style=\"color: #ff0000;\"> Gemeinsam mehr Gutes tun!<\/span><\/p>\r\n<p>Wenn Sie eine <span style=\"color: #ff0000;\">Shorex Cruise Department<\/span>Gerne nehmen wir Ihre Gruppen in Split auf einer unserer Sightseeing-Touren unter. Wir bieten attraktive Gruppenpakete und Sonderpreise f\u00fcr Senioren.<\/p>\r\n<\/div>\r\n<\/div>\r\n<h3>\u00a0<\/h3>\r\n<div class=\"inner\">\r\n<div style=\"margin: auto; width: 60%;\">\r\n<h3 class=\"ppb_title\" style=\"color: #000000;\">\u00a0<\/h3>\r\n<\/div>\r\n<\/div>\r\n<\/div>\r\n<\/div>\r\n<\/div>\r\n\r\n\r\n\r\n<div class=\"one withsmallpadding ppb_header\" style=\"text-align: center; padding: 50px 0 50px 0; background-color: #ffffff; color: #000000;\">\r\n<div class=\"standard_wrapper\">\r\n<div class=\"page_content_wrapper\">\r\n<div class=\"inner\">\r\n<div style=\"margin: auto; width: 60%;\">\r\n<div class=\"ppb_header_content\">\r\n<div class=\"one_half\">\r\n<div class=\"animate_counter_wrapper\">\r\n<div id=\"16589337731930751441\" class=\"odometer\" style=\"font-size: 60px; line-height: 60px;\">20+<\/div>\r\n<div class=\"count_separator\">\u00a0<\/div>\r\n<div class=\"counter_subject\">Touren &amp; Ausfl\u00fcge<\/div>\r\n<\/div>\r\n<\/div>\r\n<div class=\"one_half last\">\r\n<div class=\"animate_counter_wrapper\">\r\n<div id=\"16589337732008602398\" class=\"odometer\" style=\"font-size: 60px; line-height: 60px;\">10,000<\/div>\r\n<div class=\"count_separator\">\u00a0<\/div>\r\n<div class=\"counter_subject\">Gl\u00fcckliche Reisende<\/div>\r\n<\/div>\r\n<\/div>\r\n<p>&nbsp;<\/p>\r\n<\/div>\r\n<\/div>\r\n<\/div>\r\n<\/div>\r\n<\/div>\r\n<\/div>\r\n\r\n\r\n\r\n<div class=\"one withsmallpadding ppb_testimonial_column\">\r\n<div class=\"standard_wrapper\">\r\n<div class=\"page_content_wrapper\">\r\n<div class=\"inner\">\r\n<div class=\"testimonial_wrapper\">\r\n<div class=\"one_half testimonial_column_element animated1\">\r\n<figure><img decoding=\"async\" class=\"team_pic\" src=\"https:\/\/visitsplitcroatia.com\/wp-content\/uploads\/2022\/06\/Melinda-Arafat.webp\" alt=\"Melinda Arafat\" \/><\/figure>\r\n<div class=\"testimonial_image animated\" data-animation=\"bigEntrance\">\u00a0<\/div>\r\n<div class=\"testimonial_content\">\r\n<div class=\"quote\">\r\n<h3 id=\"HEADING\" class=\"title\">Sehr empfehlenswert<\/h3>\r\n<\/div>\r\n<p>Diese Tagestour ist definitiv eine Reise wert. Der Park selbst ist zu sch\u00f6n, um ihn vollst\u00e4ndig in Bildern festzuhalten. Kristallklares Wasser, Wasserf\u00e4lle und Berge \u2013 es war wie auf einer Postkarte. Unser Reiseleiter Renato war \u00e4u\u00dferst kompetent und freundlich. Wir haben viel Interessantes \u00fcber Kroatien und den Park erfahren. <strong>Ich kann dieses Reiseunternehmen auf jeden Fall empfehlen.<\/strong><\/p>\r\n<div class=\"testimonial_customer\">\r\n<h6>Melinda Arafat<\/h6>\r\n<div class=\"testimonial_customer_position\">Geschrieben am 10. August 2021<\/div>\r\n<p>&#8211;<\/p>\r\n<div class=\"testimonial_customer_company\"><a href=\"https:\/\/www.tripadvisor.com\/ShowUserReviews-g295370-d4955222-r802874137-Apodos_Travel_Agency-Split_Split_Dalmatia_County_Dalmatia.html\" target=\"_blank\" rel=\"noopener nofollow\">Bewertung von TripAdvisor<\/a><\/div>\r\n<\/div>\r\n<\/div>\r\n<\/div>\r\n<div class=\"one_half testimonial_column_element animated2 last\">\r\n<figure><img decoding=\"async\" class=\"team_pic\" src=\"https:\/\/visitsplitcroatia.com\/wp-content\/uploads\/2022\/06\/John-D.webp\" alt=\"John D\" \/><\/figure>\r\n<div class=\"testimonial_image animated\" data-animation=\"bigEntrance\">\u00a0<\/div>\r\n<div class=\"testimonial_content\">\r\n<h3 id=\"HEADING\" class=\"title\">Exzellent<\/h3>\r\n<p>Ein wirklich toller Guide. Viele Anekdoten unterwegs, um etwas \u00fcber die Region zu erfahren, mit trockenem Balkan-Humor und sehr gutem, leicht verst\u00e4ndlichem Englisch. Tolle Wanderung im Park. Die Farben sind einfach himmlisch. <strong>Sehr empfehlenswert.<\/strong><\/p>\r\n<div class=\"testimonial_customer\">\r\n<h6>John D<\/h6>\r\n<div class=\"testimonial_customer_position\">Geschrieben am 2. August 2021<\/div>\r\n<p>&#8211;<\/p>\r\n<div class=\"testimonial_customer_company\"><a href=\"https:\/\/www.tripadvisor.com\/ShowUserReviews-g295370-d4955222-r801248742-Apodos_Travel_Agency-Split_Split_Dalmatia_County_Dalmatia.html\" target=\"_blank\" rel=\"noopener nofollow\">Bewertung von TripAdvisor<\/a><\/div>\r\n<\/div>\r\n<\/div>\r\n<\/div>\r\n<div class=\"one_half testimonial_column_element animated3\">\r\n<figure><img decoding=\"async\" class=\"team_pic\" src=\"https:\/\/visitsplitcroatia.com\/wp-content\/uploads\/2022\/06\/Fred-C.webp\" alt=\"Fred C\" \/><\/figure>\r\n<div class=\"testimonial_image animated\" data-animation=\"bigEntrance\">\u00a0<\/div>\r\n<div class=\"testimonial_content\">\r\n<div class=\"quote\">\r\n<h3 id=\"HEADING\" class=\"title\">Wunderbare Tour<\/h3>\r\n<\/div>\r\n<p>Dieser Tagesausflug war wunderbar. Wir wollten die Highlights von Split erleben und sie haben es uns erm\u00f6glicht. Den Bus zu finden und direkt zu bezahlen war sehr einfach. Unsere Reiseleiterin Magdalena war sehr kenntnisreich und begeisterte sich sehr f\u00fcr die Sehensw\u00fcrdigkeiten. Sie hat die Geschichte f\u00fcr uns lebendig werden lassen.<\/p>\r\n<div class=\"testimonial_customer\">\r\n<h6>Fred C<\/h6>\r\n<div class=\"testimonial_customer_position\">Geschrieben am 19. Mai 2022<\/div>\r\n<p>&#8211;<\/p>\r\n<div class=\"testimonial_customer_company\"><a href=\"https:\/\/www.tripadvisor.com\/ShowUserReviews-g295370-d4955222-r839110362-Apodos_Travel_Agency-Split_Split_Dalmatia_County_Dalmatia.html\" target=\"_blank\" rel=\"noopener nofollow\">Bewertung von TripAdvisor<\/a><\/div>\r\n<\/div>\r\n<\/div>\r\n<\/div>\r\n<div class=\"one_half testimonial_column_element animated4 last\">\r\n<figure><img decoding=\"async\" class=\"team_pic\" src=\"https:\/\/visitsplitcroatia.com\/wp-content\/uploads\/2022\/06\/Eileen-T.webp\" alt=\"Eileen T\" \/><\/figure>\r\n<div class=\"testimonial_image animated\" data-animation=\"bigEntrance\">\u00a0<\/div>\r\n<div class=\"testimonial_content\">\r\n<div class=\"quote\">\r\n<h3 id=\"HEADING\" class=\"title\">Wunderbarer Wanderf\u00fchrer!<\/h3>\r\n<\/div>\r\n<p>Wir haben unsere Bustour sehr genossen, besonders den Rundgang durch Split. Unser Wanderf\u00fchrer war fantastisch. Magdalena war sehr kompetent und hat die Tour sehr interessant gestaltet. Sie war wirklich begeistert und liebt ihren Job offensichtlich. Ich kann diese Tour nur w\u00e4rmstens empfehlen. Die Festung Klis ist sehr beeindruckend. Die Aussicht ist atemberaubend.<\/p>\r\n<div class=\"testimonial_customer\">\r\n<h6>Eileen T<\/h6>\r\n<div class=\"testimonial_customer_position\">16. Mai 2022<\/div>\r\n<p>&#8211;<\/p>\r\n<div class=\"testimonial_customer_company\"><a href=\"https:\/\/www.tripadvisor.com\/ShowUserReviews-g295370-d4955222-r838745577-Apodos_Travel_Agency-Split_Split_Dalmatia_County_Dalmatia.html\" target=\"_blank\" rel=\"noopener nofollow\">Bewertung von TripAdvisor<\/a><\/div>\r\n<\/div>\r\n<\/div>\r\n<\/div>\r\n<\/div>\r\n<\/div>\r\n<\/div>\r\n<\/div>\r\n<\/div>\r\n\r\n\r\n\r\n<div class=\"one withsmallpadding ppb_header\" style=\"text-align: center; padding: 50px 0 50px 0; background-color: #ffffff; color: #000000;\">\r\n<div class=\"standard_wrapper\">\r\n<div class=\"page_content_wrapper\">\r\n<div class=\"inner\">\r\n<div style=\"margin: auto; width: 60%;\">\u00a0<\/div>\r\n<\/div>\r\n<\/div>\r\n<\/div>\r\n<\/div>\r\n<div class=\"ppb_tour_classic one nopadding\">\r\n<div class=\"page_content_wrapper page_main_content sidebar_content full_width fixed_column\">\r\n<div class=\"standard_wrapper\">\r\n<div id=\"1658933773801726921\" class=\"portfolio_filter_wrapper gallery classic three_cols\" data-columns=\"3\">\r\n<div class=\"element grid classic3_cols animated3\">\r\n<div class=\"one_third gallery3 classic static filterable portfolio_type themeborder\">\r\n<div class=\"portfolio_info_wrapper\">\r\n<p>&nbsp;<\/p>\r\n<\/div>\r\n<\/div>\r\n<\/div>\r\n<\/div>\r\n<\/div>\r\n<\/div>\r\n<\/div>","protected":false},"excerpt":{"rendered":"<p>SUSTAINABLE SIGHTSEEING FOR EVERYONE Fostering a more responsible way of sightseeing By supporting our vision and joining our tours, you\u2019re helping create a better version of tourism! &nbsp; \u00a0 Sustainable Sightseeing for Everyone! Open-top bus tours have been exclusively provided [&hellip;]<\/p>","protected":false},"author":1,"featured_media":6154,"parent":0,"menu_order":0,"comment_status":"closed","ping_status":"closed","template":"","meta":{"footnotes":""},"class_list":["post-2465","page","type-page","status-publish","has-post-thumbnail","hentry"],"_links":{"self":[{"href":"https:\/\/visitsplitcroatia.com\/de\/wp-json\/wp\/v2\/pages\/2465","targetHints":{"allow":["GET"]}}],"collection":[{"href":"https:\/\/visitsplitcroatia.com\/de\/wp-json\/wp\/v2\/pages"}],"about":[{"href":"https:\/\/visitsplitcroatia.com\/de\/wp-json\/wp\/v2\/types\/page"}],"author":[{"embeddable":true,"href":"https:\/\/visitsplitcroatia.com\/de\/wp-json\/wp\/v2\/users\/1"}],"replies":[{"embeddable":true,"href":"https:\/\/visitsplitcroatia.com\/de\/wp-json\/wp\/v2\/comments?post=2465"}],"version-history":[{"count":89,"href":"https:\/\/visitsplitcroatia.com\/de\/wp-json\/wp\/v2\/pages\/2465\/revisions"}],"predecessor-version":[{"id":7613,"href":"https:\/\/visitsplitcroatia.com\/de\/wp-json\/wp\/v2\/pages\/2465\/revisions\/7613"}],"wp:featuredmedia":[{"embeddable":true,"href":"https:\/\/visitsplitcroatia.com\/de\/wp-json\/wp\/v2\/media\/6154"}],"wp:attachment":[{"href":"https:\/\/visitsplitcroatia.com\/de\/wp-json\/wp\/v2\/media?parent=2465"}],"curies":[{"name":"wp","href":"https:\/\/api.w.org\/{rel}","templated":true}]}}