{"id":4562,"date":"2022-06-11T15:05:04","date_gmt":"2022-06-11T15:05:04","guid":{"rendered":"https:\/\/visitsplitcroatia.com\/?page_id=4562"},"modified":"2022-06-21T10:28:57","modified_gmt":"2022-06-21T10:28:57","slug":"covus-pay","status":"publish","type":"page","link":"https:\/\/visitsplitcroatia.com\/de\/covus-pay\/","title":{"rendered":"Sicherheit von Online-Zahlungen"},"content":{"rendered":"<h3>Sicherheit von Online-Zahlungen<\/h3>\n<p>Bei der Durchf\u00fchrung von Zahlungen in unserem Webshop verwenden Sie CorvusPay \u2013 ein fortschrittliches System zur sicheren Akzeptanz von Kreditkarten im Internet.<\/p>\n<p>Das CorvusPay-System gew\u00e4hrleistet den vollst\u00e4ndigen Schutz Ihrer Kreditkarten- und pers\u00f6nlichen Daten ab dem Moment, in dem Sie diese in das CorvusPay-Zahlungsformular eingeben. Die f\u00fcr die Abrechnung erforderlichen Daten werden verschl\u00fcsselt von Ihrem Webbrowser an die Bank weitergeleitet, die Ihre Zahlungskarte ausgestellt hat. Unser Shop kommt niemals mit Ihren sensiblen Zahlungskartendaten in Kontakt. Ebenso haben CorvusPay-Betreiber keinen Zugriff auf Ihre vollst\u00e4ndigen Karteninhaberdaten. Ein isolierter Systemkern \u00fcbertr\u00e4gt und verwaltet sensible Daten unabh\u00e4ngig und sch\u00fctzt sie gleichzeitig vollst\u00e4ndig.<\/p>\n<p>Das Formular zur Eingabe der Zahlungsdaten ist durch eine SSL-Verschl\u00fcsselung h\u00f6chster Zuverl\u00e4ssigkeit gesichert. Alle gespeicherten Daten werden zus\u00e4tzlich durch hochgradige Verschl\u00fcsselung gesch\u00fctzt, wobei Hardware nach FIPS 140 2 Level 3-Standard zum Einsatz kommt. CorvusPay erf\u00fcllt alle Anforderungen an sichere Online-Zahlungen f\u00fchrender Kreditkartenanbieter und arbeitet nach PCI DSS Level 1 \u2013 dem h\u00f6chsten Sicherheitsstandard der Kreditkartenbranche. Zahlungen mit Karten, die im 3-D Secure-Programm registriert sind, werden zus\u00e4tzlich von der ausstellenden Bank authentifiziert und best\u00e4tigen Ihre Identit\u00e4t mittels Token oder Passwort.<\/p>\n<p>Alle von Corvus Pay gesammelten Informationen werden vertraulich behandelt. Die Informationen werden ausschlie\u00dflich f\u00fcr die Zwecke verwendet, f\u00fcr die sie bestimmt sind. Ihre sensiblen Daten werden vollst\u00e4ndig<\/p>\n<p>Sicherheit und Datenschutz werden durch modernste Sicherheitsmechanismen gew\u00e4hrleistet. Wir erheben nur die f\u00fcr die Durchf\u00fchrung der Arbeiten erforderlichen Daten gem\u00e4\u00df den anspruchsvollen, vorgeschriebenen Verfahren f\u00fcr Online-Zahlungen.<\/p>\n<p>Die innerhalb der CorvusPay-Infrastruktur angewandten Sicherheitskontrollen und Betriebsverfahren gew\u00e4hrleisten nicht nur die aktuelle Zuverl\u00e4ssigkeit von CorvusPay, sondern erhalten und verbessern auch dauerhaft die Sicherheitsstufen zum Schutz Ihrer Kreditkarteninformationen, indem sie strenge Zugriffskontrollen, regelm\u00e4\u00dfige Sicherheitsma\u00dfnahmen und gr\u00fcndliche Systempr\u00fcfungen zur Vermeidung von Netzwerkschwachstellen aufrechterhalten.<\/p>\n<p>Vielen Dank, dass Sie CorvusPay verwenden!<\/p>","protected":false},"excerpt":{"rendered":"<p>Security of Online Payments While conducting payments on our web shop you are using CorvusPay \u2013 an advanced system for secure acceptance of credit cards on the Internet. CorvusPay system ensures complete privacy of your credit card data and personal [&hellip;]<\/p>","protected":false},"author":1,"featured_media":0,"parent":0,"menu_order":0,"comment_status":"closed","ping_status":"closed","template":"","meta":{"footnotes":""},"class_list":["post-4562","page","type-page","status-publish","hentry"],"_links":{"self":[{"href":"https:\/\/visitsplitcroatia.com\/de\/wp-json\/wp\/v2\/pages\/4562","targetHints":{"allow":["GET"]}}],"collection":[{"href":"https:\/\/visitsplitcroatia.com\/de\/wp-json\/wp\/v2\/pages"}],"about":[{"href":"https:\/\/visitsplitcroatia.com\/de\/wp-json\/wp\/v2\/types\/page"}],"author":[{"embeddable":true,"href":"https:\/\/visitsplitcroatia.com\/de\/wp-json\/wp\/v2\/users\/1"}],"replies":[{"embeddable":true,"href":"https:\/\/visitsplitcroatia.com\/de\/wp-json\/wp\/v2\/comments?post=4562"}],"version-history":[{"count":2,"href":"https:\/\/visitsplitcroatia.com\/de\/wp-json\/wp\/v2\/pages\/4562\/revisions"}],"predecessor-version":[{"id":4564,"href":"https:\/\/visitsplitcroatia.com\/de\/wp-json\/wp\/v2\/pages\/4562\/revisions\/4564"}],"wp:attachment":[{"href":"https:\/\/visitsplitcroatia.com\/de\/wp-json\/wp\/v2\/media?parent=4562"}],"curies":[{"name":"wp","href":"https:\/\/api.w.org\/{rel}","templated":true}]}}