{"id":6986,"date":"2025-02-28T14:24:41","date_gmt":"2025-02-28T14:24:41","guid":{"rendered":"https:\/\/visitsplitcroatia.com\/?page_id=6986"},"modified":"2026-04-29T08:11:31","modified_gmt":"2026-04-29T08:11:31","slug":"city-sightseeing-bus-tours","status":"publish","type":"page","link":"https:\/\/visitsplitcroatia.com\/de\/","title":{"rendered":"CitySightseeing Split: Open-Top Bus Tours"},"content":{"rendered":"<div class=\"wp-block-spacer\" style=\"height: 50px;\" aria-hidden=\"true\">\u00a0<\/div>\n\n\n\n<div class=\"wp-block-columns are-vertically-aligned-center is-layout-flex wp-container-core-columns-is-layout-9d6595d7 wp-block-columns-is-layout-flex\">\n<div class=\"wp-block-column is-vertically-aligned-center is-layout-flow wp-block-column-is-layout-flow\"><div class=\"wp-block-image\">\n<figure class=\"aligncenter size-thumbnail\"><img decoding=\"async\" width=\"150\" height=\"150\" src=\"https:\/\/visitsplitcroatia.com\/wp-content\/uploads\/2026\/01\/4-APODOS-CITYSIGHTSEEING-lines-1000x-150x150.png\" alt=\"APODOS-CITYSIGHTSEEING-lines\" class=\"wp-image-7631\"\/><figcaption class=\"wp-element-caption\">3 Lines<\/figcaption><\/figure>\n<\/div><\/div>\n\n\n\n<div class=\"wp-block-column is-vertically-aligned-center is-layout-flow wp-block-column-is-layout-flow\"><div class=\"wp-block-image\">\n<figure class=\"aligncenter size-thumbnail\"><img decoding=\"async\" width=\"150\" height=\"150\" src=\"https:\/\/visitsplitcroatia.com\/wp-content\/uploads\/2026\/01\/7-APODOS-CITYSIGHTSEEING-SYmBOLS-1000x-150x150.png\" alt=\"\" class=\"wp-image-7652\"\/><figcaption class=\"wp-element-caption\">13 Stations<\/figcaption><\/figure>\n<\/div><\/div>\n\n\n\n<div class=\"wp-block-column is-vertically-aligned-center is-layout-flow wp-block-column-is-layout-flow\"><div class=\"wp-block-image\">\n<figure class=\"aligncenter size-thumbnail\"><img decoding=\"async\" width=\"150\" height=\"150\" src=\"https:\/\/visitsplitcroatia.com\/wp-content\/uploads\/2026\/01\/6-APODOS-CITYSIGHTSEEING-languages-1000x-150x150.png\" alt=\"APODOS CITYSIGHTSEEING 10 languages\" class=\"wp-image-7625\"\/><figcaption class=\"wp-element-caption\">10 Languages<\/figcaption><\/figure>\n<\/div><\/div>\n<\/div>\n\n\n\n<div class=\"wp-block-spacer\" style=\"height: 45px;\" aria-hidden=\"true\">\u00a0<\/div>\n\n\n\n<div class=\"wp-block-columns are-vertically-aligned-center is-layout-flex wp-container-core-columns-is-layout-9d6595d7 wp-block-columns-is-layout-flex\">\n<div class=\"wp-block-column is-vertically-aligned-center is-layout-flow wp-block-column-is-layout-flow\"><div class=\"wp-block-image\">\n<figure class=\"aligncenter size-thumbnail\"><img decoding=\"async\" width=\"150\" height=\"150\" src=\"https:\/\/visitsplitcroatia.com\/wp-content\/uploads\/2023\/01\/1-APODOS-CITYSIGHTSEEING-CALENDAR-1000x-150x150.png\" alt=\"APODOS CITYSIGHTSEEING CALENDAR\" class=\"wp-image-7619\"\/><figcaption class=\"wp-element-caption\">Tickets valid any day<\/figcaption><\/figure>\n<\/div><\/div>\n\n\n\n<div class=\"wp-block-column is-vertically-aligned-center is-layout-flow wp-block-column-is-layout-flow\"><div class=\"wp-block-image\">\n<figure class=\"aligncenter size-thumbnail\"><img decoding=\"async\" width=\"150\" height=\"150\" src=\"https:\/\/visitsplitcroatia.com\/wp-content\/uploads\/2026\/01\/8-APODOS-CITYSIGHTSEEING-vouchers1000x-150x150.png\" alt=\"Mobile or Paper Voucher accepted\" class=\"wp-image-7629\"\/><figcaption class=\"wp-element-caption\">Mobile or Paper<br>Voucher accepted<\/figcaption><\/figure>\n<\/div><\/div>\n\n\n\n<div class=\"wp-block-column is-vertically-aligned-center is-layout-flow wp-block-column-is-layout-flow\"><div class=\"wp-block-image\">\n<figure class=\"aligncenter size-thumbnail\"><img decoding=\"async\" width=\"150\" height=\"150\" src=\"https:\/\/visitsplitcroatia.com\/wp-content\/uploads\/2023\/01\/9-APODOS-CITYSIGHTSEEING-1000x-cancelation-150x150.png\" alt=\"Free cancellation up to 24 hours before\" class=\"wp-image-7682\"\/><figcaption class=\"wp-element-caption\">Free cancellation<\/figcaption><\/figure>\n<\/div><\/div>\n<\/div>\n\n\n\n<div class=\"wp-block-spacer\" style=\"height: 50px;\" aria-hidden=\"true\">\u00a0<\/div>\n\n\n\n<h2 class=\"wp-block-heading has-text-align-center\">Erleben Sie Split und seine Umgebung auf einzigartige Weise!<\/h2>\n\n\n\n<div class=\"wp-block-spacer\" style=\"height: 30px;\" aria-hidden=\"true\">\u00a0<\/div>\n\n\n\n<p class=\"has-text-align-center\">Unsere offenen Busse bringen Sie zu den Highlights von Split. Unterwegs k\u00f6nnen Sie Kommentare von <strong>10 Sprachen<\/strong>. A <strong>Tageskarte<\/strong> erm\u00f6glicht es Ihnen, die Stadt in Ihrem eigenen Tempo zu erkunden. <strong>Willkommen in Split, wir sind stolz, Sie zu f\u00fchren!<\/strong><\/p>\n\n\n\n<div class=\"wp-block-columns is-layout-flex wp-container-core-columns-is-layout-9d6595d7 wp-block-columns-is-layout-flex\">\n<div class=\"wp-block-column is-layout-flow wp-block-column-is-layout-flow\">\n<figure class=\"wp-block-image size-full\"><img decoding=\"async\" width=\"900\" height=\"900\" src=\"https:\/\/visitsplitcroatia.com\/wp-content\/uploads\/2025\/07\/Double-d-900-900.jpg\" alt=\"double decker bus\" class=\"wp-image-7551\"\/><\/figure>\n<\/div>\n\n\n\n<div class=\"wp-block-column is-layout-flow wp-block-column-is-layout-flow\">\n<figure class=\"wp-block-image size-full\"><a href=\"https:\/\/visitsplitcroatia.com\/de\/tour\/24h-karte\/\"><img decoding=\"async\" width=\"900\" height=\"900\" src=\"https:\/\/visitsplitcroatia.com\/wp-content\/uploads\/2025\/02\/10lang-900x900-1.png\" alt=\"\" class=\"wp-image-7021\"\/><\/a><\/figure>\n<\/div>\n\n\n\n<div class=\"wp-block-column is-layout-flow wp-block-column-is-layout-flow\">\n<figure class=\"wp-block-image size-full\"><a href=\"https:\/\/visitsplitcroatia.com\/de\/tour\/versteckte-juwelen-dalmatiens-48-stunden-sightseeing-tour\/\"><img decoding=\"async\" width=\"900\" height=\"900\" src=\"https:\/\/visitsplitcroatia.com\/wp-content\/uploads\/2025\/02\/24h48h-900x900-1.png\" alt=\"\" class=\"wp-image-7022\"\/><\/a><\/figure>\n<\/div>\n<\/div>\n\n\n\n<div class=\"wp-block-spacer\" style=\"height: 50px;\" aria-hidden=\"true\">\u00a0<\/div>\n\n\n\n<h3 class=\"wp-block-heading has-text-align-center has-text-color has-link-color wp-elements-4b863f8f380e8c5b1dd35974a640f803\" style=\"color:#ed1d23\"><a href=\"https:\/\/visitsplitcroatia.com\/de\/tour\/split-panoramic-tour\/\">Rote Linie<\/a><\/h3>\n\n\n\n<h4 class=\"wp-block-heading has-text-align-center has-black-color has-text-color has-link-color wp-elements-0e286be140cf83318b0f283e1e593401\"><a href=\"https:\/\/visitsplitcroatia.com\/de\/tour\/split-panoramic-tour\/\">Hop On &#8211; Hop Off Split City Tour<\/a><\/h4>\n\n\n\n<div class=\"wp-block-spacer\" style=\"height: 30px;\" aria-hidden=\"true\">\u00a0<\/div>\n\n\n\n<p class=\"has-text-align-center\">Erkunden Sie Split m\u00fchelos mit unseren Hop-on Hop-of Bussen! Diese bequeme und <strong>malerische Fahrt <\/strong>bietet unschlagbare Ausblicke von der<span style=\"color: #000000;\"> <strong>offenes Oberdeck<\/strong><\/span>\u2013 perfekt f\u00fcr atemberaubende Fotos. Einfach<span style=\"color: #000000;\"> <strong>Hop-on<\/strong><\/span>, und wir bringen Sie zu Ihrem Ziel, wo Sie <span style=\"color: #000000;\"><strong>Hop-off<\/strong><\/span> um es in Ihrem eigenen Tempo zu erkunden.&nbsp;<\/p>\n\n\n\n<p class=\"has-text-align-center\">Alle City Sightseeing Split Reisebusse sind mit modernster Technik ausgestattet <strong>Mehrsprachiger HD-Kommentar.<\/strong> G\u00e4ste k\u00f6nnen die Geschichte von Split in ihrer Muttersprache genie\u00dfen: Englisch, Italienisch, Spanisch, Franz\u00f6sisch, Deutsch, Portugiesisch, Niederl\u00e4ndisch, Russisch, Schwedisch und Kroatisch sind verf\u00fcgbar.<\/p>\n\n\n\n<figure class=\"wp-block-gallery has-nested-images columns-default is-cropped wp-block-gallery-1 is-layout-flex wp-block-gallery-is-layout-flex\">\n<figure class=\"wp-block-image size-large\"><a href=\"https:\/\/visitsplitcroatia.com\/de\/tour\/split-panoramic-tour\/\"><img decoding=\"async\" width=\"1024\" height=\"683\" data-id=\"6636\" src=\"https:\/\/visitsplitcroatia.com\/wp-content\/uploads\/2023\/03\/split-free-walking-tour-1-1024x683.jpg\" alt=\"\" class=\"wp-image-6636\"\/><\/a><\/figure>\n\n\n\n<figure class=\"wp-block-image size-large\"><a href=\"https:\/\/visitsplitcroatia.com\/de\/tour\/split-panorama-tour\/\"><img decoding=\"async\" width=\"1024\" height=\"768\" data-id=\"7567\" src=\"https:\/\/visitsplitcroatia.com\/wp-content\/uploads\/2025\/08\/20250724_121857-1024x768.jpg\" alt=\"\" class=\"wp-image-7567\"\/><\/a><\/figure>\n\n\n\n<figure class=\"wp-block-image size-large\"><a href=\"https:\/\/visitsplitcroatia.com\/de\/tour\/split-panoramic-tour\/\"><img decoding=\"async\" width=\"1024\" height=\"576\" data-id=\"6792\" src=\"https:\/\/visitsplitcroatia.com\/wp-content\/uploads\/2023\/01\/split-1920-1080-1024x576.png\" alt=\"\" class=\"wp-image-6792\"\/><\/a><\/figure>\n<\/figure>\n\n\n\n<div class=\"wp-block-spacer\" style=\"height: 50px;\" aria-hidden=\"true\">\u00a0<\/div>\n\n\n\n<h3 class=\"wp-block-heading has-text-align-center has-text-color has-link-color wp-elements-2e974dd8a79e580b48b3b722be1c86a5\" style=\"color:#169bd7\"><a href=\"https:\/\/visitsplitcroatia.com\/de\/tour\/big-historical-tour\/\">Blaue Linie&nbsp;<\/a><\/h3>\n\n\n\n<h4 class=\"wp-block-heading has-text-align-center has-black-color has-text-color has-link-color wp-elements-23dba57370f4f682d1e4a04441649315\"><a href=\"https:\/\/visitsplitcroatia.com\/de\/tour\/big-historical-tour\/\">Dalmatian Heritage Excursion (Split &#8211; Trogir &#8211; Olive Museum<\/a> &#8211; Klis &#8211; Split)<\/h4>\n\n\n\n<div class=\"wp-block-spacer\" style=\"height: 30px;\" aria-hidden=\"true\">\u00a0<\/div>\n\n\n\n<p class=\"has-text-align-center\">Spend the day uncovering Dalmatia\u2019s history and nature. Travel in comfort from Trogir\u2019s charming streets to the breathtaking Klis Fortress views. With our expert guide, you\u2019ll dive into the region\u2019s fascinating legacy.<\/p>\n\n\n\n<figure class=\"wp-block-gallery has-nested-images columns-default is-cropped wp-block-gallery-2 is-layout-flex wp-block-gallery-is-layout-flex\">\n<figure class=\"wp-block-image size-large\"><a href=\"https:\/\/visitsplitcroatia.com\/de\/tour\/big-historical-tour\/\"><img decoding=\"async\" width=\"1024\" height=\"724\" data-id=\"6723\" src=\"https:\/\/visitsplitcroatia.com\/wp-content\/uploads\/2024\/02\/2-1024x724.jpg\" alt=\"\" class=\"wp-image-6723\"\/><\/a><\/figure>\n\n\n\n<figure class=\"wp-block-image size-full\"><a href=\"https:\/\/visitsplitcroatia.com\/de\/tour\/grose-historische-tour\/\"><img decoding=\"async\" width=\"2560\" height=\"1365\" data-id=\"7428\" src=\"https:\/\/visitsplitcroatia.com\/wp-content\/uploads\/2025\/03\/20355224619_01acfb8f7f_o-scaled-e1743081161741.jpg\" alt=\"Stella Garden Hinterland Kochkurs\" class=\"wp-image-7428\"\/><\/a><\/figure>\n\n\n\n<figure class=\"wp-block-image size-large\"><a href=\"https:\/\/visitsplitcroatia.com\/de\/tour\/big-historical-tour\/\"><img decoding=\"async\" width=\"910\" height=\"683\" data-id=\"6857\" src=\"https:\/\/visitsplitcroatia.com\/wp-content\/uploads\/2025\/02\/Klis-r-edited.png\" alt=\"Sonnenuntergang auf der Festung Klis\" class=\"wp-image-6857\"\/><\/a><\/figure>\n<\/figure>\n\n\n\n<div class=\"wp-block-spacer\" style=\"height: 50px;\" aria-hidden=\"true\">\u00a0<\/div>\n\n\n\n<h3 class=\"wp-block-heading has-text-align-center has-text-color has-link-color wp-elements-e314107107b9c03e4d178bbbf64fa5a0\" style=\"color:#00a54f\"><a href=\"https:\/\/visitsplitcroatia.com\/de\/tour\/dalmatia-for-nature-lovers-countryside-half-day-tour\/\">Gr\u00fcne Linie<\/a><\/h3>\n\n\n\n<h4 class=\"wp-block-heading has-text-align-center has-black-color has-text-color has-link-color wp-elements-9fcd250ab71f094353932a6469549f71\"><a href=\"https:\/\/visitsplitcroatia.com\/de\/tour\/dalmatia-for-nature-lovers-countryside-half-day-tour\/\" target=\"_blank\" rel=\"noreferrer noopener\">&nbsp;Dalmatia&#8217;s Hinterland Hop On &#8211; Hop Off <\/a><\/h4>\n\n\n\n<div class=\"wp-block-spacer\" style=\"height: 30px;\" aria-hidden=\"true\">\u00a0<\/div>\n\n\n\n<p class=\"has-text-align-center\">Hop on the Green Line and discover the very best of Dalmatia at your own pace. From the ancient <strong>Salona archaeological site <\/strong>to the iconic <strong>Festung Klis<\/strong>\u2014a famous Game of Thrones filming location\u2014history comes alive at every stop. Enjoy the <strong>Verstecktes Dalmatien <\/strong>Multimedia Centre, visit the award-winning <strong>Oliven\u00f6lmuseum<\/strong>, and take a relaxing break at <strong>\u017dnjan beach<\/strong>.<\/p>\n\n\n\n<figure class=\"wp-block-gallery has-nested-images columns-default is-cropped wp-block-gallery-3 is-layout-flex wp-block-gallery-is-layout-flex\">\n<figure class=\"wp-block-image size-large\"><a href=\"https:\/\/visitsplitcroatia.com\/de\/tour\/dalmatia-for-nature-lovers-countryside-half-day-tour\/\"><img decoding=\"async\" width=\"786\" height=\"498\" data-id=\"6962\" src=\"https:\/\/visitsplitcroatia.com\/wp-content\/uploads\/2024\/02\/stella-Croatica.jpg\" alt=\"\" class=\"wp-image-6962\"\/><\/a><\/figure>\n\n\n\n<figure class=\"wp-block-image size-large\"><img decoding=\"async\" width=\"1024\" height=\"683\" data-id=\"6337\" src=\"https:\/\/visitsplitcroatia.com\/wp-content\/uploads\/2023\/01\/salona-web-1024x683.jpg\" alt=\"Salona Manastirine\" class=\"wp-image-6337\"\/><\/figure>\n\n\n\n<figure class=\"wp-block-image size-large\"><a href=\"https:\/\/visitsplitcroatia.com\/de\/tour\/dalmatia-for-nature-lovers-countryside-half-day-tour\/\"><img decoding=\"async\" width=\"1024\" height=\"683\" data-id=\"6207\" src=\"https:\/\/visitsplitcroatia.com\/wp-content\/uploads\/2023\/01\/KLIS-4-1024x683.jpg\" alt=\"\" class=\"wp-image-6207\"\/><\/a><\/figure>\n<\/figure>\n\n\n\n<div class=\"wp-block-spacer\" style=\"height: 50px;\" aria-hidden=\"true\">\u00a0<\/div>\n\n\n\n<h3 class=\"wp-block-heading has-text-align-center has-text-color has-link-color wp-elements-d4575b7df10b03bacf7d952dfd31340b\" style=\"color:#f69239\"><a href=\"https:\/\/visitsplitcroatia.com\/de\/tour\/split-wanderung\/\">Rundgang durch Split<\/a><\/h3>\n\n\n\n<h4 class=\"wp-block-heading has-text-align-center has-black-color has-text-color has-link-color wp-elements-c61b6292f235133c403f9283c841c8ee\"><a href=\"https:\/\/visitsplitcroatia.com\/de\/tour\/split-wanderung\/\">Live-F\u00fchrung auf Englisch<\/a>, Spanish and Italian<\/h4>\n\n\n\n<div class=\"wp-block-spacer\" style=\"height: 30px;\" aria-hidden=\"true\">\u00a0<\/div>\n\n\n\n<p class=\"has-text-align-center\">Nehmen Sie an unserer Tour teil <strong>Diokletianpalast<\/strong> In <strong>Englisch<\/strong>, das absolute Muss in Split! Gef\u00fchrt von <strong>lokale Experten<\/strong>Dieses Erlebnis erweckt die Geschichte zum Leben und sorgt f\u00fcr eine unvergessliche Reise. Verf\u00fcgbar <strong>four times a day<\/strong>, Und <strong>kostenlos enthalten<\/strong> with your Red, Blue, or Green Line ticket.<\/p>\n\n\n\n<figure class=\"wp-block-gallery has-nested-images columns-default is-cropped wp-block-gallery-4 is-layout-flex wp-block-gallery-is-layout-flex\">\n<figure class=\"wp-block-image size-large\"><a href=\"https:\/\/visitsplitcroatia.com\/de\/tour\/split-wanderung\/\"><img decoding=\"async\" width=\"996\" height=\"665\" data-id=\"7029\" src=\"https:\/\/visitsplitcroatia.com\/wp-content\/uploads\/2025\/02\/tower-2.jpg\" alt=\"\" class=\"wp-image-7029\"\/><\/a><\/figure>\n\n\n\n<figure class=\"wp-block-image size-large\"><a href=\"https:\/\/visitsplitcroatia.com\/de\/tour\/split-wanderung\/\"><img decoding=\"async\" width=\"1024\" height=\"768\" data-id=\"6958\" src=\"https:\/\/visitsplitcroatia.com\/wp-content\/uploads\/2022\/06\/Duje-walk-1200-900-1024x768.png\" alt=\"\" class=\"wp-image-6958\"\/><\/a><\/figure>\n\n\n\n<figure class=\"wp-block-image size-large\"><a href=\"https:\/\/visitsplitcroatia.com\/de\/tour\/split-wanderung\/\"><img decoding=\"async\" width=\"1024\" height=\"768\" data-id=\"7030\" src=\"https:\/\/visitsplitcroatia.com\/wp-content\/uploads\/2025\/02\/IMG_1178-1024x768.png\" alt=\"\" class=\"wp-image-7030\"\/><\/a><\/figure>\n<\/figure>\n\n\n<div class=\"wp-block-image\">\n<figure class=\"aligncenter size-medium\"><img decoding=\"async\" width=\"300\" height=\"151\" src=\"https:\/\/visitsplitcroatia.com\/wp-content\/uploads\/2025\/02\/Let-us-show-you-iz-letka-300x151.jpg\" alt=\"\" class=\"wp-image-6995\"\/><\/figure>\n<\/div>\n\n\n<hr class=\"wp-block-separator has-alpha-channel-opacity\"\/>\n\n\n\n<div class=\"wp-block-spacer\" style=\"height: 30px;\" aria-hidden=\"true\">\u00a0<\/div>\n\n\n\n<h2 class=\"wp-block-heading has-text-align-center\">Weitere Touren im offenen Bus<\/h2>\n\n\n\n<div class=\"wp-block-spacer\" style=\"height: 50px;\" aria-hidden=\"true\">\u00a0<\/div>\n\n\n\n<h3 class=\"wp-block-heading has-text-align-center has-text-color has-link-color wp-elements-7d1184f594f459e421b073ce7a77a1c4\" style=\"color:#fdc011\"><a href=\"https:\/\/visitsplitcroatia.com\/de\/tour\/sunset-klis-fortress\/\">Klis Sonnenuntergang&nbsp;<\/a><\/h3>\n\n\n\n<h4 class=\"wp-block-heading has-text-align-center has-black-color has-text-color has-link-color wp-elements-0509dc4f020d117dfceb6527accb4bdf\"><a href=\"https:\/\/visitsplitcroatia.com\/de\/tour\/sunset-klis-fortress\/\">Die Festung mit Blick auf Split<\/a><\/h4>\n\n\n\n<div style=\"height:30px\" aria-hidden=\"true\" class=\"wp-block-spacer\"><\/div>\n\n\n\n<p class=\"has-text-align-center\">Sind Sie bereit f\u00fcr eine Tour, die Geschichte, atemberaubende Ausblicke und einen Besuch in einem der <strong>Game of Thrones&#039;<\/strong> ikonischen Drehorten? Die Sunset Klis Fortress Tour nimmt Sie mit auf eine Zeitreise und bietet <strong>atemberaubende Panoramen<\/strong> von Split, der Adria und dar\u00fcber hinaus. Wenn die Sonne \u00fcber der Festung untergeht, werden Sie Zeuge eines wahrhaft magischen Anblicks, der dieses Erlebnis unvergesslich macht.<\/p>\n\n\n\n<figure class=\"wp-block-gallery has-nested-images columns-default is-cropped wp-block-gallery-5 is-layout-flex wp-block-gallery-is-layout-flex\">\n<figure class=\"wp-block-image size-large\"><a href=\"https:\/\/visitsplitcroatia.com\/de\/tour\/sonnenuntergang-klis-festung\/\"><img decoding=\"async\" width=\"1024\" height=\"768\" data-id=\"7874\" src=\"https:\/\/visitsplitcroatia.com\/wp-content\/uploads\/2023\/05\/16-1024x768.png\" alt=\"Klis Sonnenuntergang\" class=\"wp-image-7874\"\/><\/a><\/figure>\n\n\n\n<figure class=\"wp-block-image size-large\"><a href=\"https:\/\/visitsplitcroatia.com\/de\/tour\/sonnenuntergang-klis-festung\/\"><img decoding=\"async\" width=\"1024\" height=\"768\" data-id=\"7876\" src=\"https:\/\/visitsplitcroatia.com\/wp-content\/uploads\/2023\/05\/18-1024x768.png\" alt=\"Klis Sonnenuntergang\" class=\"wp-image-7876\"\/><\/a><\/figure>\n\n\n\n<figure class=\"wp-block-image size-full\"><a href=\"https:\/\/visitsplitcroatia.com\/de\/tour\/sunset-klis-fortress\/\"><img decoding=\"async\" width=\"856\" height=\"478\" data-id=\"6939\" src=\"https:\/\/visitsplitcroatia.com\/wp-content\/uploads\/2025\/02\/bus-klis.jpg\" alt=\"\" class=\"wp-image-6939\"\/><\/a><\/figure>\n<\/figure>\n\n\n\n<div class=\"wp-block-spacer\" style=\"height: 50px;\" aria-hidden=\"true\">\u00a0<\/div>\n\n\n\n<h3 class=\"wp-block-heading has-text-align-center has-text-color has-link-color wp-elements-d662c5412c6cabffcfcdedd2ae336430\" style=\"color:#8a2a90\"><a href=\"https:\/\/visitsplitcroatia.com\/de\/produktkategorie\/special-offer-green\/\">Special <\/a><a href=\"https:\/\/visitsplitcroatia.com\/de\/test\/\" target=\"_blank\" rel=\"noreferrer noopener\">offer<\/a><\/h3>\n\n\n\n<h4 class=\"wp-block-heading has-text-align-center has-black-color has-text-color has-link-color wp-elements-d55595aff703f218f3e8940825ee251d\"><a href=\"https:\/\/visitsplitcroatia.com\/de\/tour\/trogir-half-day-tour\/\">Half <\/a><a href=\"https:\/\/visitsplitcroatia.com\/de\/produktkategorie\/special-offer-green\/\" target=\"_blank\" rel=\"noreferrer noopener\">Day <\/a><a href=\"https:\/\/visitsplitcroatia.com\/de\/tour\/trogir-half-day-tour\/\">Trip<\/a>s<\/h4>\n\n\n\n<div style=\"height:30px\" aria-hidden=\"true\" class=\"wp-block-spacer\"><\/div>\n\n\n\n<p class=\"has-text-align-center\">Heritage, Adventure, Wildlife &amp; Culinary Delight with an open-top panoramic bus ride! Learn more about our combined expert-guided tours and picture-perfect moments at every turn &#8211; this adventure is one you won\u2019t forget!<\/p>\n\n\n\n<figure class=\"wp-block-gallery has-nested-images columns-default is-cropped wp-block-gallery-6 is-layout-flex wp-block-gallery-is-layout-flex\">\n<figure class=\"wp-block-image size-full\"><img decoding=\"async\" width=\"1920\" height=\"1080\" data-id=\"7122\" src=\"https:\/\/visitsplitcroatia.com\/wp-content\/uploads\/2025\/03\/7-1.jpg\" alt=\"\" class=\"wp-image-7122\"\/><\/figure>\n\n\n\n<figure class=\"wp-block-image size-full\"><a href=\"https:\/\/visitsplitcroatia.com\/de\/tour\/quad-wein-essen\/\"><img decoding=\"async\" width=\"1000\" height=\"563\" data-id=\"7235\" src=\"https:\/\/visitsplitcroatia.com\/wp-content\/uploads\/2025\/03\/1-2.jpg\" alt=\"Quad-Adventure-Versicherung\" class=\"wp-image-7235\"\/><\/a><\/figure>\n\n\n\n<figure class=\"wp-block-image size-large\"><a href=\"https:\/\/visitsplitcroatia.com\/de\/tour\/canyoning\/\"><img decoding=\"async\" width=\"1024\" height=\"768\" data-id=\"7206\" src=\"https:\/\/visitsplitcroatia.com\/wp-content\/uploads\/2025\/03\/1-1-2-1024x768.jpg\" alt=\"Cetina-Canyoning\" class=\"wp-image-7206\"\/><\/a><\/figure>\n<\/figure>\n\n\n\n<div class=\"wp-block-spacer\" style=\"height: 50px;\" aria-hidden=\"true\">\u00a0<\/div>\n\n\n<div class=\"wp-block-image\">\n<figure class=\"aligncenter size-full\"><a href=\"https:\/\/maps.app.goo.gl\/JrDjYH1xKArE5riv6\" rel=\"nofollow noopener\" target=\"_blank\"><img decoding=\"async\" width=\"574\" height=\"193\" src=\"https:\/\/visitsplitcroatia.com\/wp-content\/uploads\/2025\/02\/meeting-point.jpg\" alt=\"\" class=\"wp-image-7041\"\/><\/a><\/figure>\n<\/div>\n\n\n<hr class=\"wp-block-separator has-alpha-channel-opacity\"\/>\n\n\n\n<div class=\"wp-block-spacer\" style=\"height: 50px;\" aria-hidden=\"true\">\u00a0<\/div>\n\n\n\n<h2 class=\"wp-block-heading has-text-align-center has-text-color has-link-color wp-elements-2d07465c3124112a7acd67cc90130c8d\" style=\"color:#ed1d23\">Der ultimative City Pass<\/h2>\n\n\n\n<div class=\"wp-block-spacer\" style=\"height: 30px;\" aria-hidden=\"true\">\u00a0<\/div>\n\n\n\n<h4 class=\"wp-block-heading has-text-align-center\">Unlimited Sightseeing: 24- or 48-hour valid tickets for Hop-On Hop-Off tours<\/h4>\n\n\n\n<figure class=\"wp-block-gallery has-nested-images columns-default is-cropped wp-block-gallery-7 is-layout-flex wp-block-gallery-is-layout-flex\">\n<figure class=\"wp-block-image size-large\"><a href=\"https:\/\/visitsplitcroatia.com\/de\/tour\/24h-karte\/\" target=\"_blank\" rel=\" noreferrer noopener\"><img decoding=\"async\" width=\"900\" height=\"900\" data-id=\"7921\" src=\"https:\/\/visitsplitcroatia.com\/wp-content\/uploads\/2026\/02\/48h-24h.png\" alt=\"24h 48h\" class=\"wp-image-7921\"\/><\/a><\/figure>\n\n\n\n<figure class=\"wp-block-image size-large\"><a href=\"https:\/\/visitsplitcroatia.com\/de\/tour\/versteckte-juwelen-dalmatiens-48-stunden-sightseeing-tour\/\" target=\"_blank\" rel=\" noreferrer noopener\"><img decoding=\"async\" width=\"900\" height=\"900\" data-id=\"7922\" src=\"https:\/\/visitsplitcroatia.com\/wp-content\/uploads\/2026\/02\/24h-48h.png\" alt=\"24h 48h\" class=\"wp-image-7922\"\/><\/a><\/figure>\n<\/figure>\n\n\n\n<div style=\"height:21px\" aria-hidden=\"true\" class=\"wp-block-spacer\"><\/div>\n\n\n\n<h4 class=\"wp-block-heading has-text-align-center\"><a href=\"https:\/\/visitsplitcroatia.com\/de\/museums-attractions\/\" target=\"_blank\" rel=\"noreferrer noopener\">Hold on to your City Sightseeing ticket and present it at the front desk to enjoy your exclusive discount\u2014unlock up to 40% off entry fees and souvenir shop purchases at museums and attractions.<\/a><\/h4>\n\n\n\n<p>&nbsp;<\/p>\n\n\n<div class=\"wp-block-image\">\n<figure class=\"aligncenter size-large is-resized\"><a href=\"https:\/\/visitsplitcroatia.com\/de\/museums-attractions\/\"><img decoding=\"async\" width=\"1024\" height=\"1024\" src=\"https:\/\/visitsplitcroatia.com\/wp-content\/uploads\/2026\/03\/DISCOUNT-tickets-40-off-1024x1024.png\" alt=\"\" class=\"wp-image-8101\" style=\"width:496px;height:auto\"\/><\/a><\/figure>\n<\/div>\n\n<div class=\"wp-block-image\">\n<figure class=\"aligncenter size-large\"><img decoding=\"async\" width=\"1024\" height=\"241\" src=\"https:\/\/visitsplitcroatia.com\/wp-content\/uploads\/2026\/01\/image-1024x241.png\" alt=\"\" class=\"wp-image-7599\"\/><\/figure>\n<\/div>\n\n\n<p><\/p>","protected":false},"excerpt":{"rendered":"<p>Erleben Sie Split und Umgebung auf einzigartige Weise! Unsere offenen Busse zeigen Ihnen die Highlights von Split. Unterwegs k\u00f6nnen Sie Kommentare in 10 Sprachen ausw\u00e4hlen. Mit einer Tageskarte k\u00f6nnen Sie die Stadt erkunden.<\/p>","protected":false},"author":72,"featured_media":7928,"parent":0,"menu_order":0,"comment_status":"closed","ping_status":"closed","template":"","meta":{"footnotes":""},"class_list":["post-6986","page","type-page","status-publish","has-post-thumbnail","hentry"],"_links":{"self":[{"href":"https:\/\/visitsplitcroatia.com\/de\/wp-json\/wp\/v2\/pages\/6986","targetHints":{"allow":["GET"]}}],"collection":[{"href":"https:\/\/visitsplitcroatia.com\/de\/wp-json\/wp\/v2\/pages"}],"about":[{"href":"https:\/\/visitsplitcroatia.com\/de\/wp-json\/wp\/v2\/types\/page"}],"author":[{"embeddable":true,"href":"https:\/\/visitsplitcroatia.com\/de\/wp-json\/wp\/v2\/users\/72"}],"replies":[{"embeddable":true,"href":"https:\/\/visitsplitcroatia.com\/de\/wp-json\/wp\/v2\/comments?post=6986"}],"version-history":[{"count":95,"href":"https:\/\/visitsplitcroatia.com\/de\/wp-json\/wp\/v2\/pages\/6986\/revisions"}],"predecessor-version":[{"id":8194,"href":"https:\/\/visitsplitcroatia.com\/de\/wp-json\/wp\/v2\/pages\/6986\/revisions\/8194"}],"wp:featuredmedia":[{"embeddable":true,"href":"https:\/\/visitsplitcroatia.com\/de\/wp-json\/wp\/v2\/media\/7928"}],"wp:attachment":[{"href":"https:\/\/visitsplitcroatia.com\/de\/wp-json\/wp\/v2\/media?parent=6986"}],"curies":[{"name":"wp","href":"https:\/\/api.w.org\/{rel}","templated":true}]}}