{"id":4195,"date":"2022-06-08T15:20:13","date_gmt":"2022-06-08T15:20:13","guid":{"rendered":"https:\/\/visitsplitcroatia.com\/?post_type=product&#038;p=4195"},"modified":"2025-03-19T09:08:30","modified_gmt":"2025-03-19T09:08:30","slug":"atv-quad-mountain-tour","status":"publish","type":"product","link":"https:\/\/visitsplitcroatia.com\/de\/produkt\/atv-quad-bergtour\/","title":{"rendered":"Quad, Wein &amp; Essen"},"content":{"rendered":"<h3 style=\"text-align: center;\">Quad-Abenteuer durch Imotska Krajina<\/h3>\n<p style=\"text-align: center;\">Machen Sie sich bereit f\u00fcr ein adrenalingeladenes Quad-Abenteuer durch die spektakul\u00e4re Region Imotska Krajina! Diese 3,5- bis 4-st\u00fcndige Tour beginnt am Weingut Matkovi\u0107 und f\u00fchrt Sie entlang des ruhigen Flusses Vrljika und der bezaubernden Trokuti-Wasserf\u00e4lle. Sp\u00fcren Sie den Nervenkitzel, w\u00e4hrend Sie an den atemberaubendsten Sehensw\u00fcrdigkeiten der Region vorbeifahren, darunter das legend\u00e4re Gospin-Dolac-Stadion, die historische Festung Topana und die faszinierenden Roten und Blauen Seen \u2013 ein wahres Naturwunder. Das Abenteuer geht weiter zum malerischen Gr\u00fcnen See Ri\u010dice und zum Galipovac-See, bevor Sie die rauen Offroad-Strecken von Prolo\u0161ko Blato in Angriff nehmen, einem Paradies f\u00fcr Naturliebhaber.<\/p>\n<p style=\"text-align: center;\">2 Fahrer pro Quad = 151,00 EUR<br \/>\nEinzelfahrer = 181,00 EUR<\/p>\n<p style=\"text-align: center;\"><a href=\"https:\/\/visitsplitcroatia.com\/de\/tour\/quad-wein-essen\/\"><img decoding=\"async\" class=\"wp-image-7232 size-full aligncenter entered lazyloaded\" src=\"https:\/\/visitsplitcroatia.com\/wp-content\/uploads\/2025\/03\/7-new.jpg\" alt=\"\" width=\"1000\" height=\"563\" data-lazy-src=\"https:\/\/visitsplitcroatia.com\/wp-content\/uploads\/2025\/03\/7-new.jpg\" data-ll-status=\"loaded\" \/><\/a><\/p>\n<p><a href=\"https:\/\/visitsplitcroatia.com\/wp-content\/uploads\/2025\/03\/6-3-1.jpg\"><img decoding=\"async\" class=\"alignnone wp-image-7233 size-full entered lazyloaded aligncenter\" src=\"https:\/\/visitsplitcroatia.com\/wp-content\/uploads\/2025\/03\/6-3-1.jpg\" alt=\"Modro jezero imotski blauer See \" width=\"1000\" height=\"563\" data-lazy-src=\"https:\/\/visitsplitcroatia.com\/wp-content\/uploads\/2025\/03\/6-3-1.jpg\" data-ll-status=\"loaded\" \/><\/a><\/p>\n<ul class=\"single_tour_departure_wrapper themeborder\">\n<li>\n<div class=\"single_tour_departure_title\">Inbegriffen<\/div>\n<div class=\"single_tour_departure_content\">\n<div class=\"one_half\">Transport im offenen Bus<\/div>\n<div class=\"one_half last\">Englischsprachiger Reiseleiter<\/div>\n<div class=\"one_half\">Audioguide in 10 Sprachen<\/div>\n<div class=\"one_half last\">Englischsprachige Quad-Instruktoren<\/div>\n<div class=\"one_half\">Weinprobe und kalte Platte (Pr\u0161ut \u2013 luftgetrockneter Schinken, hausgemachte W\u00fcrstchen, K\u00e4se, Oliven, natives Oliven\u00f6l extra und frisches selbstgebackenes Brot)<\/div>\n<div class=\"one_half last\">Versicherung und Mehrwertsteuer<\/div>\n<div class=\"one_half\">Eintrittsgeb\u00fchr f\u00fcr die Festung Klis<\/div>\n<div class=\"one_half last\">Kostenloser Rundgang durch Split auf Englisch<\/div>\n<\/div>\n<\/li>\n<li>\n<div class=\"single_tour_departure_title\">Nicht inbegriffen<\/div>\n<div class=\"single_tour_departure_content\">\n<div class=\"one_half\">Eintrittsgeb\u00fchren f\u00fcr bestimmte Sehensw\u00fcrdigkeiten<\/div>\n<div class=\"one_half last\">Pers\u00f6nliche Ausgaben, Eink\u00e4ufe, Mahlzeiten und Getr\u00e4nke, Transportkosten vom\/zum Treffpunkt, Trinkgelder f\u00fcr Reiseleiter\/Fahrer (optional)<\/div>\n<\/div>\n<\/li>\n<\/ul>","protected":false},"excerpt":{"rendered":"<p>Quad-Abenteuer durch Imotska Krajina. Machen Sie sich bereit f\u00fcr ein adrenalingeladenes Quad-Abenteuer durch die spektakul\u00e4re Region Imotska Krajina! Diese 3,5- bis 4-st\u00fcndige Tour beginnt am Weingut Matkovi\u0107 und f\u00fchrt Sie entlang des ruhigen Flusses Vrljika und der bezaubernden Trokuti-Wasserf\u00e4lle. [\u2026]<\/p>","protected":false},"featured_media":7235,"template":"","meta":[],"product_cat":[15,82,75],"product_tag":[],"class_list":{"0":"post-4195","1":"product","2":"type-product","3":"status-publish","4":"has-post-thumbnail","6":"product_cat-nature-and-heritage","7":"product_cat-adventure-tours","8":"product_cat-special-offer-green","10":"first","11":"instock","12":"sale","13":"virtual","14":"purchasable","15":"product-type-simple"},"_links":{"self":[{"href":"https:\/\/visitsplitcroatia.com\/de\/wp-json\/wp\/v2\/product\/4195","targetHints":{"allow":["GET"]}}],"collection":[{"href":"https:\/\/visitsplitcroatia.com\/de\/wp-json\/wp\/v2\/product"}],"about":[{"href":"https:\/\/visitsplitcroatia.com\/de\/wp-json\/wp\/v2\/types\/product"}],"wp:featuredmedia":[{"embeddable":true,"href":"https:\/\/visitsplitcroatia.com\/de\/wp-json\/wp\/v2\/media\/7235"}],"wp:attachment":[{"href":"https:\/\/visitsplitcroatia.com\/de\/wp-json\/wp\/v2\/media?parent=4195"}],"wp:term":[{"taxonomy":"product_cat","embeddable":true,"href":"https:\/\/visitsplitcroatia.com\/de\/wp-json\/wp\/v2\/product_cat?post=4195"},{"taxonomy":"product_tag","embeddable":true,"href":"https:\/\/visitsplitcroatia.com\/de\/wp-json\/wp\/v2\/product_tag?post=4195"}],"curies":[{"name":"wp","href":"https:\/\/api.w.org\/{rel}","templated":true}]}}