{"id":320,"date":"2016-12-22T10:07:06","date_gmt":"2016-12-22T10:07:06","guid":{"rendered":"http:\/\/themes.themegoods.com\/grandtour\/demo\/?page_id=320"},"modified":"2025-02-19T12:14:58","modified_gmt":"2025-02-19T12:14:58","slug":"faqs","status":"publish","type":"page","link":"https:\/\/visitsplitcroatia.com\/es\/preguntas-frecuentes\/","title":{"rendered":"Preguntas frecuentes"},"content":{"rendered":"<div class=\"mobilefaq\">\n<h2>Selecci\u00f3n r\u00e1pida<\/h2>\n<div class=\"menu-faq-container\">\n<ul id=\"menu-faq\" class=\"menu\">\n<li id=\"menu-item-4549\" class=\"menu-item menu-item-type-custom menu-item-object-custom current-menu-item menu-item-4549\"><a href=\"https:\/\/visitsplitcroatia.com\/es\/preguntas-frecuentes\/#payfaq\" aria-current=\"page\">Preguntas frecuentes sobre pagos<\/a><\/li>\n<li id=\"menu-item-4550\" class=\"menu-item menu-item-type-custom menu-item-object-custom current-menu-item menu-item-4550\"><a href=\"https:\/\/visitsplitcroatia.com\/es\/preguntas-frecuentes\/#busfaq\" aria-current=\"page\">Preguntas frecuentes sobre el recorrido en autob\u00fas descapotable<\/a><\/li>\n<li id=\"menu-item-4551\" class=\"menu-item menu-item-type-custom menu-item-object-custom current-menu-item menu-item-4551\"><a href=\"https:\/\/visitsplitcroatia.com\/es\/preguntas-frecuentes\/#walkfaq\" aria-current=\"page\">Preguntas frecuentes sobre el recorrido a pie por Split<\/a><\/li>\n<\/ul>\n<\/div>\n<\/div>\n<h2 id=\"payfaq\">Pagos<\/h2>\n<div class=\"pp_accordion_close has_icon\">\n<h3><a href=\"#\">\u00bfQu\u00e9 tipos de pagos aceptan?<\/a><\/h3>\n<div>\n<p>Si compra sus billetes en nuestra oficina o en el autob\u00fas, aceptamos efectivo. Para pagar en l\u00ednea en nuestra p\u00e1gina web, aceptamos Visa, Maestro, MasterCard, American Express, Diners Club, Discover, Dinacard, Paysafe y billetes croatas.<\/p>\n<\/div>\n<\/div>\n<div class=\"pp_accordion_close has_icon\">\n<h3><a href=\"#\">\u00bfAceptan tarjetas de cr\u00e9dito?<\/a><\/h3>\n<div>\n<p>S\u00ed, aceptamos tarjetas Visa, Maestro, MasterCard y American Express, Diners Club, Discover, Dinacard, Paysafe.<\/p>\n<\/div>\n<\/div>\n<div class=\"pp_accordion_close has_icon\">\n<h3><a href=\"#\">\u00bfPuedo pagar en efectivo?<\/a><\/h3>\n<div>\n<p>Aceptamos efectivo en todas nuestras oficinas y en nuestros autobuses.<\/p>\n<\/div>\n<\/div>\n<h2 id=\"busfaq\">Recorrido en autob\u00fas de techo abierto con dos asientos \/ Autob\u00fas tur\u00edstico \u2013 L\u00ednea roja<\/h2>\n<div class=\"pp_accordion_close has_icon\">\n<h3><a href=\"#\">\u00bfOperas todos los d\u00edas?<\/a><\/h3>\n<div>\n<p>Del 1 de abril al 31 de octubre operamos todos los d\u00edas, excepto d\u00edas especiales de cruceros.<\/p>\n<\/div>\n<\/div>\n<div class=\"pp_accordion_close has_icon\">\n<h3><a href=\"#\">\u00bfTengo que reservar con antelaci\u00f3n?<\/a><\/h3>\n<div>\n<p>No es necesario reservar con antelaci\u00f3n. Sin embargo, si reserva en l\u00ednea, ahorrar\u00e1 tiempo a su llegada.<\/p>\n<\/div>\n<\/div>\n<div class=\"pp_accordion_close has_icon\">\n<h3><a href=\"#\">\u00bfD\u00f3nde puedo comprar las entradas?<\/a><\/h3>\n<div>\n<p>Puedes reservar y comprar tu billete muy f\u00e1cilmente: directamente en el autob\u00fas, en nuestra agencia o online.<\/p>\n<\/div>\n<\/div>\n<div class=\"pp_accordion_close has_icon\">\n<h3><a href=\"#\">\u00bfAceptan tarjetas de cr\u00e9dito para pagos?<\/a><\/h3>\n<div>\n<p>S\u00ed, aceptamos tarjetas Visa, Maestro, MasterCard y American Express, Diners Club, Discover, Dinacard, Paysafe.<\/p>\n<\/div>\n<\/div>\n<div class=\"pp_accordion_close has_icon\">\n<h3><a href=\"#\">\u00bfA qu\u00e9 hora salen sus autobuses?<\/a><\/h3>\n<div>\n<p>El autob\u00fas de la l\u00ednea roja sale 6 veces al d\u00eda desde la primera parada: Riva (Paseo Mar\u00edtimo). Los horarios de salida son a las 10:30, 11:30, 00:30, 14:00, 15:30 y 17:00. <\/p>\n<\/div>\n<\/div>\n<div class=\"pp_accordion_close has_icon\">\n<h3><a href=\"#\">\u00bfA qu\u00e9 hora es tu primer y \u00faltimo autob\u00fas?<\/a><\/h3>\n<div>\n<p>El primer recorrido comienza a las 10:30 AM. y el \u00faltimo es a las 5:00 PM.<\/p>\n<\/div>\n<\/div>\n<div class=\"pp_accordion_close has_icon\">\n<h3><a href=\"#\">\u00bfDonde puedo unirme al tour?<\/a><\/h3>\n<div>\n<p>La primera parada es 1) Paseo mar\u00edtimo Riva, en el centro de la ciudad. Puede encontrarnos en cualquiera de nuestras paradas: 2) Playa de arena de Ba\u010dvice, 3) Polideportivo Gripe, 4) Museo Arqueol\u00f3gico, 5) Estadio de f\u00fatbol &quot;Poljud&quot;, 6) Parada de autob\u00fas de la Galer\u00eda Me\u0161trovi\u0107 y el Museo de Monumentos Arqueol\u00f3gicos Croatas (MHAS), 7) Iglesia y monasterio de San Francisco. <\/p>\n<\/div>\n<\/div>\n<div class=\"pp_accordion_close has_icon\">\n<h3><a href=\"#\">\u00bfCu\u00e1nto dura el tour panor\u00e1mico?<\/a><\/h3>\n<div>\n<p>El recorrido panor\u00e1mico dura aproximadamente 1 hora.<\/p>\n<\/div>\n<\/div>\n<div class=\"pp_accordion_close has_icon\">\n<h3><a href=\"#\">\u00bfCu\u00e1l es la capacidad de asientos de su autob\u00fas?<\/a><\/h3>\n<div>\n<p>La capacidad de asientos de nuestros autobuses es de 51 asientos para el m\u00e1s peque\u00f1o y 57 asientos para el m\u00e1s grande.<\/p>\n<\/div>\n<\/div>\n<div class=\"pp_accordion_close has_icon\">\n<h3><a href=\"#\">\u00bfEl billete del tour incluye la entrada a alguna de las atracciones?<\/a><\/h3>\n<div>\n<p>No, nuestro billete no incluye la entrada a ninguna atracci\u00f3n.<\/p>\n<\/div>\n<\/div>\n<div class=\"pp_accordion_close has_icon\">\n<h3><a href=\"#\">\u00bfC\u00f3mo sabr\u00e9 d\u00f3nde bajar?<\/a><\/h3>\n<div>\n<p>La audiogu\u00eda le indicar\u00e1 todos los lugares de inter\u00e9s y paradas, y le dar\u00e1 instrucciones sobre c\u00f3mo subir y bajar del autob\u00fas. Tambi\u00e9n hay un gu\u00eda tur\u00edstico angloparlante a bordo. <\/p>\n<\/div>\n<\/div>\n<div class=\"pp_accordion_close has_icon\">\n<h3><a href=\"#\">\u00bfTen\u00e9is tarifas con descuento para grupos?<\/a><\/h3>\n<div>\n<p>S\u00ed, ofrecemos descuentos para grupos. Con previo aviso, podemos acomodarlos en nuestras salidas programadas. Sin embargo, tambi\u00e9n podemos organizar un tour privado para su grupo. Las tarifas var\u00edan seg\u00fan el tama\u00f1o del grupo y el horario. Ll\u00e1menos o env\u00edenos un correo electr\u00f3nico para responderle r\u00e1pidamente.<\/p>\n<\/div>\n<\/div>\n<div class=\"pp_accordion_close has_icon\">\n<h3><a href=\"#\">\u00bfC\u00f3mo puedo alquilar un autob\u00fas abierto u otro autob\u00fas para mi grupo o evento especial?<\/a><\/h3>\n<div>\n<p>Ll\u00e1menos al +385 91 135 9914 para obtener m\u00e1s detalles y estaremos encantados de ayudarle con cualquiera de sus necesidades de transporte.<\/p>\n<\/div>\n<\/div>\n<div class=\"pp_accordion_close has_icon\">\n<h3><a href=\"#\">\u00bfOfrecen visitas tur\u00edsticas privadas a Split?<\/a><\/h3>\n<div>\n<p>S\u00ed. Organizamos visitas tur\u00edsticas privadas a Split y otras ciudades de la regi\u00f3n. Ll\u00e1menos o env\u00edenos un correo electr\u00f3nico para que podamos ofrecerle una oferta precisa y detallada seg\u00fan su consulta.<\/p>\n<\/div>\n<\/div>\n<h2 id=\"walkfaq\">Recorrido a pie por Split<\/h2>\n<div class=\"pp_accordion_close has_icon\">\n<h3><a href=\"#\">\u00bfOperas todos los d\u00edas?<\/a><\/h3>\n<div>\n<p>Desde el 1 de abril al 31 de octubre operamos todos los d\u00edas.<\/p>\n<\/div>\n<\/div>\n<div class=\"pp_accordion_close has_icon\">\n<h3><a href=\"#\">\u00bfMe puede dar un horario?<\/a><\/h3>\n<div>\n<p>Del 1 de abril al 31 de octubre, el recorrido a pie se realiza a las 9:30, 11:30, 13:30 y 16:30. Si no puede asistir a la hora programada, cont\u00e1ctenos. Siempre podemos acompa\u00f1arlo con otros grupos que realicen el recorrido en otro horario.<\/p>\n<\/div>\n<\/div>\n<div class=\"pp_accordion_close has_icon\">\n<h3><a href=\"#\">\u00bfD\u00f3nde puedo comprar las entradas?<\/a><\/h3>\n<div>\n<p>Puedes reservar y comprar tu billete en nuestra agencia o online.<\/p>\n<\/div>\n<\/div>\n<div class=\"pp_accordion_close has_icon\">\n<h3><a href=\"#\">\u00bfAceptan tarjetas de cr\u00e9dito para pagos?<\/a><\/h3>\n<div>\n<p>S\u00ed, aceptamos tarjetas Visa, Maestro, MasterCard y American Express, Diners Club, Discover, Dinacard, Paysafe.<\/p>\n<\/div>\n<\/div>\n<div class=\"pp_accordion_close has_icon\">\n<h3><a href=\"#\">\u00bfDonde puedo unirme al tour?<\/a><\/h3>\n<div>\n<p>El punto de encuentro es frente a la parada de autob\u00fas en el extremo este del paseo mar\u00edtimo de Riva, junto al centro de la ciudad.<\/p>\n<\/div>\n<\/div>\n<div class=\"pp_accordion_close has_icon\">\n<h3><a href=\"#\">\u00bfCu\u00e1nto dura el tour?<\/a><\/h3>\n<div>\n<p>El recorrido dura aproximadamente 1 hora.<\/p>\n<\/div>\n<\/div>\n<div class=\"pp_accordion_close has_icon\">\n<h3><a href=\"#\">\u00bfEl billete del tour incluye la entrada a alguna de las atracciones?<\/a><\/h3>\n<div>\n<p>No, nuestro billete no incluye la entrada a ninguna atracci\u00f3n.<\/p>\n<\/div>\n<\/div>\n<div class=\"pp_accordion_close has_icon\">\n<h3><a href=\"#\">\u00bfC\u00f3mo sabr\u00e9 d\u00f3nde bajar?<\/a><\/h3>\n<div>\n<p>Su gu\u00eda tur\u00edstico le indicar\u00e1 todos los lugares de inter\u00e9s y paradas y le dar\u00e1 instrucciones sobre c\u00f3mo y d\u00f3nde subir y bajar del autob\u00fas.<\/p>\n<\/div>\n<\/div>\n<div class=\"pp_accordion_close has_icon\">\n<h3><a href=\"#\">\u00bfTen\u00e9is tarifas con descuento para grupos?<\/a><\/h3>\n<div>\n<p>S\u00ed, ofrecemos descuentos para grupos. Con previo aviso, podemos acomodarlos en nuestras salidas programadas. Sin embargo, tambi\u00e9n podemos organizar un tour privado para su grupo. Las tarifas var\u00edan seg\u00fan el tama\u00f1o del grupo y el horario. Ll\u00e1menos o env\u00edenos un correo electr\u00f3nico para responderle r\u00e1pidamente.<\/p>\n<\/div>\n<\/div>\n<div class=\"pp_accordion_close has_icon\">\n<h3><a href=\"#\">\u00bfC\u00f3mo puedo reservar un gu\u00eda para mi grupo o evento especial?<\/a><\/h3>\n<div>\n<p>Ll\u00e1menos al +385 91 135 9914 para m\u00e1s detalles. Estaremos encantados de ayudarle con todas sus necesidades.<\/p>\n<\/div>\n<\/div>\n<div class=\"pp_accordion_close has_icon\">\n<h3><a href=\"#\">\u00bfOfrecen visitas tur\u00edsticas privadas a Split?<\/a><\/h3>\n<div>\n<p>S\u00ed, ofrecemos tours privados por Split, incluyendo traslados, minivan y recorridos a pie.<\/p>\n<\/div>\n<\/div>","protected":false},"excerpt":{"rendered":"<p>Preguntas frecuentes sobre pagos de selecci\u00f3n r\u00e1pida Preguntas frecuentes sobre el tour en autob\u00fas descapotable por Split Preguntas frecuentes sobre el tour a pie por Split Pagos Tour en autob\u00fas descapotable por Split \/ Autob\u00fas tur\u00edstico \u2013 L\u00ednea roja Tour a pie por Split<\/p>","protected":false},"author":1,"featured_media":0,"parent":0,"menu_order":0,"comment_status":"closed","ping_status":"closed","template":"","meta":{"footnotes":""},"class_list":["post-320","page","type-page","status-publish","hentry"],"_links":{"self":[{"href":"https:\/\/visitsplitcroatia.com\/es\/wp-json\/wp\/v2\/pages\/320","targetHints":{"allow":["GET"]}}],"collection":[{"href":"https:\/\/visitsplitcroatia.com\/es\/wp-json\/wp\/v2\/pages"}],"about":[{"href":"https:\/\/visitsplitcroatia.com\/es\/wp-json\/wp\/v2\/types\/page"}],"author":[{"embeddable":true,"href":"https:\/\/visitsplitcroatia.com\/es\/wp-json\/wp\/v2\/users\/1"}],"replies":[{"embeddable":true,"href":"https:\/\/visitsplitcroatia.com\/es\/wp-json\/wp\/v2\/comments?post=320"}],"version-history":[{"count":22,"href":"https:\/\/visitsplitcroatia.com\/es\/wp-json\/wp\/v2\/pages\/320\/revisions"}],"predecessor-version":[{"id":6815,"href":"https:\/\/visitsplitcroatia.com\/es\/wp-json\/wp\/v2\/pages\/320\/revisions\/6815"}],"wp:attachment":[{"href":"https:\/\/visitsplitcroatia.com\/es\/wp-json\/wp\/v2\/media?parent=320"}],"curies":[{"name":"wp","href":"https:\/\/api.w.org\/{rel}","templated":true}]}}