{"id":6986,"date":"2025-02-28T14:24:41","date_gmt":"2025-02-28T14:24:41","guid":{"rendered":"https:\/\/visitsplitcroatia.com\/?page_id=6986"},"modified":"2026-03-25T18:58:39","modified_gmt":"2026-03-25T18:58:39","slug":"city-sightseeing-bus-tours","status":"publish","type":"page","link":"https:\/\/visitsplitcroatia.com\/es\/","title":{"rendered":"CitySightseeing Split: Open-Top Bus Tours"},"content":{"rendered":"<div class=\"wp-block-spacer\" style=\"height: 50px;\" aria-hidden=\"true\">\u00a0<\/div>\n\n\n\n<div class=\"wp-block-columns are-vertically-aligned-center is-layout-flex wp-container-core-columns-is-layout-9d6595d7 wp-block-columns-is-layout-flex\">\n<div class=\"wp-block-column is-vertically-aligned-center is-layout-flow wp-block-column-is-layout-flow\"><div class=\"wp-block-image\">\n<figure class=\"aligncenter size-thumbnail\"><img decoding=\"async\" width=\"150\" height=\"150\" src=\"https:\/\/visitsplitcroatia.com\/wp-content\/uploads\/2026\/01\/4-APODOS-CITYSIGHTSEEING-lines-1000x-150x150.png\" alt=\"APODOS-CITYSIGHTSEEING-lines\" class=\"wp-image-7631\"\/><figcaption class=\"wp-element-caption\">3 Lines<\/figcaption><\/figure>\n<\/div><\/div>\n\n\n\n<div class=\"wp-block-column is-vertically-aligned-center is-layout-flow wp-block-column-is-layout-flow\"><div class=\"wp-block-image\">\n<figure class=\"aligncenter size-thumbnail\"><img decoding=\"async\" width=\"150\" height=\"150\" src=\"https:\/\/visitsplitcroatia.com\/wp-content\/uploads\/2026\/01\/7-APODOS-CITYSIGHTSEEING-SYmBOLS-1000x-150x150.png\" alt=\"\" class=\"wp-image-7652\"\/><figcaption class=\"wp-element-caption\">13 Stations<\/figcaption><\/figure>\n<\/div><\/div>\n\n\n\n<div class=\"wp-block-column is-vertically-aligned-center is-layout-flow wp-block-column-is-layout-flow\"><div class=\"wp-block-image\">\n<figure class=\"aligncenter size-thumbnail\"><img decoding=\"async\" width=\"150\" height=\"150\" src=\"https:\/\/visitsplitcroatia.com\/wp-content\/uploads\/2026\/01\/6-APODOS-CITYSIGHTSEEING-languages-1000x-150x150.png\" alt=\"APODOS CITYSIGHTSEEING 10 languages\" class=\"wp-image-7625\"\/><figcaption class=\"wp-element-caption\">10 Languages<\/figcaption><\/figure>\n<\/div><\/div>\n<\/div>\n\n\n\n<div class=\"wp-block-spacer\" style=\"height: 45px;\" aria-hidden=\"true\">\u00a0<\/div>\n\n\n\n<div class=\"wp-block-columns are-vertically-aligned-center is-layout-flex wp-container-core-columns-is-layout-9d6595d7 wp-block-columns-is-layout-flex\">\n<div class=\"wp-block-column is-vertically-aligned-center is-layout-flow wp-block-column-is-layout-flow\"><div class=\"wp-block-image\">\n<figure class=\"aligncenter size-thumbnail\"><img decoding=\"async\" width=\"150\" height=\"150\" src=\"https:\/\/visitsplitcroatia.com\/wp-content\/uploads\/2023\/01\/1-APODOS-CITYSIGHTSEEING-CALENDAR-1000x-150x150.png\" alt=\"APODOS CITYSIGHTSEEING CALENDAR\" class=\"wp-image-7619\"\/><figcaption class=\"wp-element-caption\">Tickets valid any day<\/figcaption><\/figure>\n<\/div><\/div>\n\n\n\n<div class=\"wp-block-column is-vertically-aligned-center is-layout-flow wp-block-column-is-layout-flow\"><div class=\"wp-block-image\">\n<figure class=\"aligncenter size-thumbnail\"><img decoding=\"async\" width=\"150\" height=\"150\" src=\"https:\/\/visitsplitcroatia.com\/wp-content\/uploads\/2026\/01\/8-APODOS-CITYSIGHTSEEING-vouchers1000x-150x150.png\" alt=\"Mobile or Paper Voucher accepted\" class=\"wp-image-7629\"\/><figcaption class=\"wp-element-caption\">Mobile or Paper<br>Voucher accepted<\/figcaption><\/figure>\n<\/div><\/div>\n\n\n\n<div class=\"wp-block-column is-vertically-aligned-center is-layout-flow wp-block-column-is-layout-flow\"><div class=\"wp-block-image\">\n<figure class=\"aligncenter size-thumbnail\"><img decoding=\"async\" width=\"150\" height=\"150\" src=\"https:\/\/visitsplitcroatia.com\/wp-content\/uploads\/2023\/01\/9-APODOS-CITYSIGHTSEEING-1000x-cancelation-150x150.png\" alt=\"Free cancellation up to 24 hours before\" class=\"wp-image-7682\"\/><figcaption class=\"wp-element-caption\">Free cancellation<\/figcaption><\/figure>\n<\/div><\/div>\n<\/div>\n\n\n\n<div class=\"wp-block-spacer\" style=\"height: 50px;\" aria-hidden=\"true\">\u00a0<\/div>\n\n\n\n<h2 class=\"wp-block-heading has-text-align-center\">\u00a1Vive Split y sus alrededores de una manera \u00fanica!<\/h2>\n\n\n\n<div class=\"wp-block-spacer\" style=\"height: 30px;\" aria-hidden=\"true\">\u00a0<\/div>\n\n\n\n<p class=\"has-text-align-center\">Nuestros autobuses descapotables te llevar\u00e1n a descubrir lo mejor de Split. Durante el recorrido, podr\u00e1s elegir entre los comentarios de... <strong>10 idiomas<\/strong>. A <strong>billete diario<\/strong> Te permitir\u00e1 explorar la ciudad a tu propio ritmo. <strong>Bienvenido a Split, \u00a1estamos orgullosos de guiarte!<\/strong><\/p>\n\n\n\n<div class=\"wp-block-columns is-layout-flex wp-container-core-columns-is-layout-9d6595d7 wp-block-columns-is-layout-flex\">\n<div class=\"wp-block-column is-layout-flow wp-block-column-is-layout-flow\">\n<figure class=\"wp-block-image size-full\"><img decoding=\"async\" width=\"900\" height=\"900\" src=\"https:\/\/visitsplitcroatia.com\/wp-content\/uploads\/2025\/07\/Double-d-900-900.jpg\" alt=\"double decker bus\" class=\"wp-image-7551\"\/><\/figure>\n<\/div>\n\n\n\n<div class=\"wp-block-column is-layout-flow wp-block-column-is-layout-flow\">\n<figure class=\"wp-block-image size-full\"><a href=\"https:\/\/visitsplitcroatia.com\/es\/tour\/pase-de-24-horas\/\"><img decoding=\"async\" width=\"900\" height=\"900\" src=\"https:\/\/visitsplitcroatia.com\/wp-content\/uploads\/2025\/02\/10lang-900x900-1.png\" alt=\"\" class=\"wp-image-7021\"\/><\/a><\/figure>\n<\/div>\n\n\n\n<div class=\"wp-block-column is-layout-flow wp-block-column-is-layout-flow\">\n<figure class=\"wp-block-image size-full\"><a href=\"https:\/\/visitsplitcroatia.com\/es\/tour\/joyas-ocultas-de-dalmacia-tour-turistico-de-48-horas\/\"><img decoding=\"async\" width=\"900\" height=\"900\" src=\"https:\/\/visitsplitcroatia.com\/wp-content\/uploads\/2025\/02\/24h48h-900x900-1.png\" alt=\"\" class=\"wp-image-7022\"\/><\/a><\/figure>\n<\/div>\n<\/div>\n\n\n\n<div class=\"wp-block-spacer\" style=\"height: 50px;\" aria-hidden=\"true\">\u00a0<\/div>\n\n\n\n<h3 class=\"wp-block-heading has-text-align-center has-text-color has-link-color wp-elements-4b863f8f380e8c5b1dd35974a640f803\" style=\"color:#ed1d23\"><a href=\"https:\/\/visitsplitcroatia.com\/es\/tour\/split-panoramic-tour\/\">L\u00ednea roja<\/a><\/h3>\n\n\n\n<h4 class=\"wp-block-heading has-text-align-center has-black-color has-text-color has-link-color wp-elements-0e286be140cf83318b0f283e1e593401\"><a href=\"https:\/\/visitsplitcroatia.com\/es\/tour\/split-panoramic-tour\/\">Hop On &#8211; Hop Off Split City Tour<\/a><\/h4>\n\n\n\n<div class=\"wp-block-spacer\" style=\"height: 30px;\" aria-hidden=\"true\">\u00a0<\/div>\n\n\n\n<p class=\"has-text-align-center\">\u00a1Explora Split sin esfuerzo con nuestros autobuses tur\u00edsticos! Este c\u00f3modo y... <strong>paseo panor\u00e1mico <\/strong>ofrece unas vistas inmejorables desde el<span style=\"color: #000000;\"> <strong>cubierta abierta<\/strong><\/span>\u2014Perfecto para capturar fotos impresionantes. Simplemente<span style=\"color: #000000;\"> <strong>subirse<\/strong><\/span>y te llevaremos a tu destino donde podr\u00e1s <span style=\"color: #000000;\"><strong>bajarse<\/strong><\/span> para explorar a tu propio ritmo.&nbsp;<\/p>\n\n\n\n<p class=\"has-text-align-center\">Todos los autobuses tur\u00edsticos de City Sightseeing Split est\u00e1n equipados con tecnolog\u00eda de \u00faltima generaci\u00f3n. <strong>Comentarios multiling\u00fces en alta definici\u00f3n.<\/strong> Los hu\u00e9spedes pueden disfrutar de la historia de Split en su lengua materna: ingl\u00e9s, italiano, espa\u00f1ol, franc\u00e9s, alem\u00e1n, portugu\u00e9s, holand\u00e9s, ruso, sueco y croata est\u00e1n disponibles.<\/p>\n\n\n\n<figure class=\"wp-block-gallery has-nested-images columns-default is-cropped wp-block-gallery-1 is-layout-flex wp-block-gallery-is-layout-flex\">\n<figure class=\"wp-block-image size-large\"><a href=\"https:\/\/visitsplitcroatia.com\/es\/tour\/split-panoramic-tour\/\"><img decoding=\"async\" width=\"1024\" height=\"683\" data-id=\"6636\" src=\"https:\/\/visitsplitcroatia.com\/wp-content\/uploads\/2023\/03\/split-free-walking-tour-1-1024x683.jpg\" alt=\"\" class=\"wp-image-6636\"\/><\/a><\/figure>\n\n\n\n<figure class=\"wp-block-image size-large\"><a href=\"https:\/\/visitsplitcroatia.com\/es\/tour\/recorrido-panoramico-dividido\/\"><img decoding=\"async\" width=\"1024\" height=\"768\" data-id=\"7567\" src=\"https:\/\/visitsplitcroatia.com\/wp-content\/uploads\/2025\/08\/20250724_121857-1024x768.jpg\" alt=\"\" class=\"wp-image-7567\"\/><\/a><\/figure>\n\n\n\n<figure class=\"wp-block-image size-large\"><a href=\"https:\/\/visitsplitcroatia.com\/es\/tour\/split-panoramic-tour\/\"><img decoding=\"async\" width=\"1024\" height=\"576\" data-id=\"6792\" src=\"https:\/\/visitsplitcroatia.com\/wp-content\/uploads\/2023\/01\/split-1920-1080-1024x576.png\" alt=\"\" class=\"wp-image-6792\"\/><\/a><\/figure>\n<\/figure>\n\n\n\n<div class=\"wp-block-spacer\" style=\"height: 50px;\" aria-hidden=\"true\">\u00a0<\/div>\n\n\n\n<h3 class=\"wp-block-heading has-text-align-center has-text-color has-link-color wp-elements-2e974dd8a79e580b48b3b722be1c86a5\" style=\"color:#169bd7\"><a href=\"https:\/\/visitsplitcroatia.com\/es\/tour\/big-historical-tour\/\">L\u00ednea Azul&nbsp;<\/a><\/h3>\n\n\n\n<h4 class=\"wp-block-heading has-text-align-center has-black-color has-text-color has-link-color wp-elements-23dba57370f4f682d1e4a04441649315\"><a href=\"https:\/\/visitsplitcroatia.com\/es\/tour\/big-historical-tour\/\">Dalmatian Heritage Excursion (Split &#8211; Trogir &#8211; Olive Museum<\/a> &#8211; Klis &#8211; Split)<\/h4>\n\n\n\n<div class=\"wp-block-spacer\" style=\"height: 30px;\" aria-hidden=\"true\">\u00a0<\/div>\n\n\n\n<p class=\"has-text-align-center\">Spend the day uncovering Dalmatia\u2019s history and nature. Travel in comfort from Trogir\u2019s charming streets to the breathtaking Klis Fortress views. With our expert guide, you\u2019ll dive into the region\u2019s fascinating legacy.<\/p>\n\n\n\n<figure class=\"wp-block-gallery has-nested-images columns-default is-cropped wp-block-gallery-2 is-layout-flex wp-block-gallery-is-layout-flex\">\n<figure class=\"wp-block-image size-large\"><a href=\"https:\/\/visitsplitcroatia.com\/es\/tour\/big-historical-tour\/\"><img decoding=\"async\" width=\"1024\" height=\"724\" data-id=\"6723\" src=\"https:\/\/visitsplitcroatia.com\/wp-content\/uploads\/2024\/02\/2-1024x724.jpg\" alt=\"\" class=\"wp-image-6723\"\/><\/a><\/figure>\n\n\n\n<figure class=\"wp-block-image size-full\"><a href=\"https:\/\/visitsplitcroatia.com\/es\/tour\/gran-recorrido-historico\/\"><img decoding=\"async\" width=\"2560\" height=\"1365\" data-id=\"7428\" src=\"https:\/\/visitsplitcroatia.com\/wp-content\/uploads\/2025\/03\/20355224619_01acfb8f7f_o-scaled-e1743081161741.jpg\" alt=\"stella garden hinterland cooking class\" class=\"wp-image-7428\"\/><\/a><\/figure>\n\n\n\n<figure class=\"wp-block-image size-large\"><a href=\"https:\/\/visitsplitcroatia.com\/es\/tour\/big-historical-tour\/\"><img decoding=\"async\" width=\"910\" height=\"683\" data-id=\"6857\" src=\"https:\/\/visitsplitcroatia.com\/wp-content\/uploads\/2025\/02\/Klis-r-edited.png\" alt=\"Fortaleza de Klis Atardecer\" class=\"wp-image-6857\"\/><\/a><\/figure>\n<\/figure>\n\n\n\n<div class=\"wp-block-spacer\" style=\"height: 50px;\" aria-hidden=\"true\">\u00a0<\/div>\n\n\n\n<h3 class=\"wp-block-heading has-text-align-center has-text-color has-link-color wp-elements-e314107107b9c03e4d178bbbf64fa5a0\" style=\"color:#00a54f\"><a href=\"https:\/\/visitsplitcroatia.com\/es\/tour\/dalmatia-for-nature-lovers-countryside-half-day-tour\/\">L\u00ednea Verde<\/a><\/h3>\n\n\n\n<h4 class=\"wp-block-heading has-text-align-center has-black-color has-text-color has-link-color wp-elements-9fcd250ab71f094353932a6469549f71\"><a href=\"https:\/\/visitsplitcroatia.com\/es\/tour\/dalmatia-for-nature-lovers-countryside-half-day-tour\/\" target=\"_blank\" rel=\"noreferrer noopener\">&nbsp;Dalmatia&#8217;s Hinterland Hop On &#8211; Hop Off <\/a><\/h4>\n\n\n\n<div class=\"wp-block-spacer\" style=\"height: 30px;\" aria-hidden=\"true\">\u00a0<\/div>\n\n\n\n<p class=\"has-text-align-center\">Hop on the Green Line and discover the very best of Dalmatia at your own pace. From the ancient <strong>Salona archaeological site <\/strong>to the iconic <strong>Fortaleza de Klis<\/strong>\u2014a famous Game of Thrones filming location\u2014history comes alive at every stop. Enjoy the <strong>Dalmacia oculta <\/strong>Multimedia Centre, visit the award-winning <strong>Museo del Aceite de Oliva<\/strong>, and take a relaxing break at <strong>\u017dnjan beach<\/strong>.<\/p>\n\n\n\n<figure class=\"wp-block-gallery has-nested-images columns-default is-cropped wp-block-gallery-3 is-layout-flex wp-block-gallery-is-layout-flex\">\n<figure class=\"wp-block-image size-large\"><a href=\"https:\/\/visitsplitcroatia.com\/es\/tour\/dalmatia-for-nature-lovers-countryside-half-day-tour\/\"><img decoding=\"async\" width=\"786\" height=\"498\" data-id=\"6962\" src=\"https:\/\/visitsplitcroatia.com\/wp-content\/uploads\/2024\/02\/stella-Croatica.jpg\" alt=\"\" class=\"wp-image-6962\"\/><\/a><\/figure>\n\n\n\n<figure class=\"wp-block-image size-large\"><img decoding=\"async\" width=\"1024\" height=\"683\" data-id=\"6337\" src=\"https:\/\/visitsplitcroatia.com\/wp-content\/uploads\/2023\/01\/salona-web-1024x683.jpg\" alt=\"Salona Manastirine\" class=\"wp-image-6337\"\/><\/figure>\n\n\n\n<figure class=\"wp-block-image size-large\"><a href=\"https:\/\/visitsplitcroatia.com\/es\/tour\/dalmatia-for-nature-lovers-countryside-half-day-tour\/\"><img decoding=\"async\" width=\"1024\" height=\"683\" data-id=\"6207\" src=\"https:\/\/visitsplitcroatia.com\/wp-content\/uploads\/2023\/01\/KLIS-4-1024x683.jpg\" alt=\"\" class=\"wp-image-6207\"\/><\/a><\/figure>\n<\/figure>\n\n\n\n<div class=\"wp-block-spacer\" style=\"height: 50px;\" aria-hidden=\"true\">\u00a0<\/div>\n\n\n\n<h3 class=\"wp-block-heading has-text-align-center has-text-color has-link-color wp-elements-d4575b7df10b03bacf7d952dfd31340b\" style=\"color:#f69239\"><a href=\"https:\/\/visitsplitcroatia.com\/es\/tour\/recorrido-a-pie-dividido-2\/\">Recorrido a pie por Split<\/a><\/h3>\n\n\n\n<h4 class=\"wp-block-heading has-text-align-center has-black-color has-text-color has-link-color wp-elements-c61b6292f235133c403f9283c841c8ee\"><a href=\"https:\/\/visitsplitcroatia.com\/es\/tour\/recorrido-a-pie-dividido-2\/\">Guiado en vivo en ingl\u00e9s<\/a>, Spanish and Italian<\/h4>\n\n\n\n<div class=\"wp-block-spacer\" style=\"height: 30px;\" aria-hidden=\"true\">\u00a0<\/div>\n\n\n\n<p class=\"has-text-align-center\">\u00danase a nuestro recorrido por <strong>Palacio de Diocleciano<\/strong> en <strong>Ingl\u00e9s<\/strong>\u00a1Lo m\u00e1s importante que ver en Split! Dirigido por <strong>expertos locales<\/strong>Esta experiencia revive la historia para un viaje inolvidable. Disponible <strong>four times a day<\/strong>, y <strong>incluido gratis<\/strong> with your Red, Blue, or Green Line ticket.<\/p>\n\n\n\n<figure class=\"wp-block-gallery has-nested-images columns-default is-cropped wp-block-gallery-4 is-layout-flex wp-block-gallery-is-layout-flex\">\n<figure class=\"wp-block-image size-large\"><a href=\"https:\/\/visitsplitcroatia.com\/es\/tour\/recorrido-a-pie-dividido-2\/\"><img decoding=\"async\" width=\"996\" height=\"665\" data-id=\"7029\" src=\"https:\/\/visitsplitcroatia.com\/wp-content\/uploads\/2025\/02\/tower-2.jpg\" alt=\"\" class=\"wp-image-7029\"\/><\/a><\/figure>\n\n\n\n<figure class=\"wp-block-image size-large\"><a href=\"https:\/\/visitsplitcroatia.com\/es\/tour\/recorrido-a-pie-dividido-2\/\"><img decoding=\"async\" width=\"1024\" height=\"768\" data-id=\"6958\" src=\"https:\/\/visitsplitcroatia.com\/wp-content\/uploads\/2022\/06\/Duje-walk-1200-900-1024x768.png\" alt=\"\" class=\"wp-image-6958\"\/><\/a><\/figure>\n\n\n\n<figure class=\"wp-block-image size-large\"><a href=\"https:\/\/visitsplitcroatia.com\/es\/tour\/recorrido-a-pie-dividido-2\/\"><img decoding=\"async\" width=\"1024\" height=\"768\" data-id=\"7030\" src=\"https:\/\/visitsplitcroatia.com\/wp-content\/uploads\/2025\/02\/IMG_1178-1024x768.png\" alt=\"\" class=\"wp-image-7030\"\/><\/a><\/figure>\n<\/figure>\n\n\n<div class=\"wp-block-image\">\n<figure class=\"aligncenter size-medium\"><img decoding=\"async\" width=\"300\" height=\"151\" src=\"https:\/\/visitsplitcroatia.com\/wp-content\/uploads\/2025\/02\/Let-us-show-you-iz-letka-300x151.jpg\" alt=\"\" class=\"wp-image-6995\"\/><\/figure>\n<\/div>\n\n\n<hr class=\"wp-block-separator has-alpha-channel-opacity\"\/>\n\n\n\n<div class=\"wp-block-spacer\" style=\"height: 30px;\" aria-hidden=\"true\">\u00a0<\/div>\n\n\n\n<h2 class=\"wp-block-heading has-text-align-center\">M\u00e1s recorridos en autob\u00fas descapotable<\/h2>\n\n\n\n<div class=\"wp-block-spacer\" style=\"height: 50px;\" aria-hidden=\"true\">\u00a0<\/div>\n\n\n\n<h3 class=\"wp-block-heading has-text-align-center has-text-color has-link-color wp-elements-7d1184f594f459e421b073ce7a77a1c4\" style=\"color:#fdc011\"><a href=\"https:\/\/visitsplitcroatia.com\/es\/tour\/sunset-klis-fortress\/\">Atardecer en Klis&nbsp;<\/a><\/h3>\n\n\n\n<h4 class=\"wp-block-heading has-text-align-center has-black-color has-text-color has-link-color wp-elements-0509dc4f020d117dfceb6527accb4bdf\"><a href=\"https:\/\/visitsplitcroatia.com\/es\/tour\/sunset-klis-fortress\/\">La fortaleza que domina Split<\/a><\/h4>\n\n\n\n<div style=\"height:30px\" aria-hidden=\"true\" class=\"wp-block-spacer\"><\/div>\n\n\n\n<p class=\"has-text-align-center\">\u00bfEst\u00e1s listo para un recorrido que combina historia, vistas impresionantes y una visita a uno de los <strong>Game of Thrones&#039;<\/strong> \u00bfLugares de rodaje ic\u00f3nicos? El Tour al Atardecer en la Fortaleza de Klis te lleva a un viaje a trav\u00e9s del tiempo, ofreciendo <strong>impresionantes panoramas<\/strong> De Split, el Adri\u00e1tico y m\u00e1s all\u00e1. Al ponerse el sol sobre la fortaleza, presenciar\u00e1s una vista verdaderamente m\u00e1gica que har\u00e1 de esta experiencia algo inolvidable.<\/p>\n\n\n\n<figure class=\"wp-block-gallery has-nested-images columns-default is-cropped wp-block-gallery-5 is-layout-flex wp-block-gallery-is-layout-flex\">\n<figure class=\"wp-block-image size-large\"><a href=\"https:\/\/visitsplitcroatia.com\/es\/tour\/fortaleza-de-klis-al-atardecer\/\"><img decoding=\"async\" width=\"1024\" height=\"768\" data-id=\"7874\" src=\"https:\/\/visitsplitcroatia.com\/wp-content\/uploads\/2023\/05\/16-1024x768.png\" alt=\"Atardecer en Klis\" class=\"wp-image-7874\"\/><\/a><\/figure>\n\n\n\n<figure class=\"wp-block-image size-large\"><a href=\"https:\/\/visitsplitcroatia.com\/es\/tour\/fortaleza-de-klis-al-atardecer\/\"><img decoding=\"async\" width=\"1024\" height=\"768\" data-id=\"7876\" src=\"https:\/\/visitsplitcroatia.com\/wp-content\/uploads\/2023\/05\/18-1024x768.png\" alt=\"Atardecer en Klis\" class=\"wp-image-7876\"\/><\/a><\/figure>\n\n\n\n<figure class=\"wp-block-image size-full\"><a href=\"https:\/\/visitsplitcroatia.com\/es\/tour\/sunset-klis-fortress\/\"><img decoding=\"async\" width=\"856\" height=\"478\" data-id=\"6939\" src=\"https:\/\/visitsplitcroatia.com\/wp-content\/uploads\/2025\/02\/bus-klis.jpg\" alt=\"\" class=\"wp-image-6939\"\/><\/a><\/figure>\n<\/figure>\n\n\n\n<div class=\"wp-block-spacer\" style=\"height: 50px;\" aria-hidden=\"true\">\u00a0<\/div>\n\n\n\n<h3 class=\"wp-block-heading has-text-align-center has-text-color has-link-color wp-elements-bceec7abf289b60de4c84fca120a8687\" style=\"color:#8a2a90\"><a href=\"https:\/\/visitsplitcroatia.com\/es\/categoria-de-producto\/special-offer-green\/\">Special <\/a><a href=\"https:\/\/visitsplitcroatia.com\/es\/categoria-de-producto\/special-offer-green\/\" target=\"_blank\" rel=\"noreferrer noopener\">offer<\/a><\/h3>\n\n\n\n<h4 class=\"wp-block-heading has-text-align-center has-black-color has-text-color has-link-color wp-elements-38a82c90ff587af4d56a52560e9b7aaa\"><a href=\"https:\/\/visitsplitcroatia.com\/es\/tour\/trogir-half-day-tour\/\">Half <\/a><a href=\"https:\/\/visitsplitcroatia.com\/es\/categoria-de-producto\/special-offer-green\/\" target=\"_blank\" rel=\"noreferrer noopener\">Day <\/a><a href=\"https:\/\/visitsplitcroatia.com\/es\/tour\/trogir-half-day-tour\/\">Trip<\/a><\/h4>\n\n\n\n<div class=\"wp-block-spacer\" style=\"height: 30px;\" aria-hidden=\"true\">\u00a0<\/div>\n\n\n\n<p class=\"has-text-align-center\">Heritage, Adventure, Wildlife &amp; Culinary Delight with an open-top panoramic bus ride! Learn more about our combined expert-guided tours and picture-perfect moments at every turn &#8211; this adventure is one you won\u2019t forget!<\/p>\n\n\n\n<figure class=\"wp-block-gallery has-nested-images columns-default is-cropped wp-block-gallery-6 is-layout-flex wp-block-gallery-is-layout-flex\">\n<figure class=\"wp-block-image size-full\"><a href=\"https:\/\/visitsplitcroatia.com\/es\/tour\/escape-verde\/\"><img decoding=\"async\" width=\"930\" height=\"604\" data-id=\"7196\" src=\"https:\/\/visitsplitcroatia.com\/wp-content\/uploads\/2025\/03\/10-1.jpg\" alt=\"Green escape\" class=\"wp-image-7196\"\/><\/a><\/figure>\n\n\n\n<figure class=\"wp-block-image size-full\"><a href=\"https:\/\/visitsplitcroatia.com\/es\/tour\/quad-vino-comida\/\"><img decoding=\"async\" width=\"1000\" height=\"563\" data-id=\"7235\" src=\"https:\/\/visitsplitcroatia.com\/wp-content\/uploads\/2025\/03\/1-2.jpg\" alt=\"Funda de aventura en quad\" class=\"wp-image-7235\"\/><\/a><\/figure>\n\n\n\n<figure class=\"wp-block-image size-large\"><a href=\"https:\/\/visitsplitcroatia.com\/es\/tour\/barranquismo\/\"><img decoding=\"async\" width=\"1024\" height=\"768\" data-id=\"7206\" src=\"https:\/\/visitsplitcroatia.com\/wp-content\/uploads\/2025\/03\/1-1-2-1024x768.jpg\" alt=\"barranquismo de Cetina\" class=\"wp-image-7206\"\/><\/a><\/figure>\n<\/figure>\n\n\n\n<div class=\"wp-block-spacer\" style=\"height: 50px;\" aria-hidden=\"true\">\u00a0<\/div>\n\n\n<div class=\"wp-block-image\">\n<figure class=\"aligncenter size-full\"><a href=\"https:\/\/maps.app.goo.gl\/JrDjYH1xKArE5riv6\" rel=\"nofollow noopener\" target=\"_blank\"><img decoding=\"async\" width=\"574\" height=\"193\" src=\"https:\/\/visitsplitcroatia.com\/wp-content\/uploads\/2025\/02\/meeting-point.jpg\" alt=\"\" class=\"wp-image-7041\"\/><\/a><\/figure>\n<\/div>\n\n\n<hr class=\"wp-block-separator has-alpha-channel-opacity\"\/>\n\n\n\n<div class=\"wp-block-spacer\" style=\"height: 50px;\" aria-hidden=\"true\">\u00a0<\/div>\n\n\n\n<h2 class=\"wp-block-heading has-text-align-center has-text-color has-link-color wp-elements-2d07465c3124112a7acd67cc90130c8d\" style=\"color:#ed1d23\">El pase definitivo para la ciudad<\/h2>\n\n\n\n<div class=\"wp-block-spacer\" style=\"height: 30px;\" aria-hidden=\"true\">\u00a0<\/div>\n\n\n\n<h4 class=\"wp-block-heading has-text-align-center\">Unlimited Sightseeing: 24- or 48-hour valid tickets for Hop-On Hop-Off tours<\/h4>\n\n\n\n<figure class=\"wp-block-gallery has-nested-images columns-default is-cropped wp-block-gallery-7 is-layout-flex wp-block-gallery-is-layout-flex\">\n<figure class=\"wp-block-image size-large\"><a href=\"https:\/\/visitsplitcroatia.com\/es\/tour\/pase-de-24-horas\/\" target=\"_blank\" rel=\" noreferrer noopener\"><img decoding=\"async\" width=\"900\" height=\"900\" data-id=\"7921\" src=\"https:\/\/visitsplitcroatia.com\/wp-content\/uploads\/2026\/02\/48h-24h.png\" alt=\"24h 48h\" class=\"wp-image-7921\"\/><\/a><\/figure>\n\n\n\n<figure class=\"wp-block-image size-large\"><a href=\"https:\/\/visitsplitcroatia.com\/es\/tour\/joyas-ocultas-de-dalmacia-tour-turistico-de-48-horas\/\" target=\"_blank\" rel=\" noreferrer noopener\"><img decoding=\"async\" width=\"900\" height=\"900\" data-id=\"7922\" src=\"https:\/\/visitsplitcroatia.com\/wp-content\/uploads\/2026\/02\/24h-48h.png\" alt=\"24h 48h\" class=\"wp-image-7922\"\/><\/a><\/figure>\n<\/figure>\n\n\n\n<div style=\"height:21px\" aria-hidden=\"true\" class=\"wp-block-spacer\"><\/div>\n\n\n\n<h4 class=\"wp-block-heading has-text-align-center\"><a href=\"https:\/\/visitsplitcroatia.com\/es\/museums-attractions\/\" target=\"_blank\" rel=\"noreferrer noopener\">Hold on to your City Sightseeing ticket and present it at the front desk to enjoy your exclusive discount\u2014unlock up to 40% off entry fees and souvenir shop purchases at museums and attractions.<\/a><\/h4>\n\n\n\n<p>&nbsp;<\/p>\n\n\n<div class=\"wp-block-image\">\n<figure class=\"aligncenter size-large is-resized\"><a href=\"https:\/\/visitsplitcroatia.com\/es\/museums-attractions\/\"><img decoding=\"async\" width=\"1024\" height=\"1024\" src=\"https:\/\/visitsplitcroatia.com\/wp-content\/uploads\/2026\/03\/DISCOUNT-tickets-40-off-1024x1024.png\" alt=\"\" class=\"wp-image-8101\" style=\"width:496px;height:auto\"\/><\/a><\/figure>\n<\/div>\n\n<div class=\"wp-block-image\">\n<figure class=\"aligncenter size-large\"><img decoding=\"async\" width=\"1024\" height=\"241\" src=\"https:\/\/visitsplitcroatia.com\/wp-content\/uploads\/2026\/01\/image-1024x241.png\" alt=\"\" class=\"wp-image-7599\"\/><\/figure>\n<\/div>\n\n\n<p><\/p>","protected":false},"excerpt":{"rendered":"<p>\u00a1Vive Split y sus alrededores de una forma \u00fanica! Nuestros autobuses descapotables te llevar\u00e1n a descubrir lo mejor de Split. Durante el recorrido, podr\u00e1s elegir entre 10 idiomas. Un billete diario te permitir\u00e1 explorar [\u2026]<\/p>","protected":false},"author":72,"featured_media":7928,"parent":0,"menu_order":0,"comment_status":"closed","ping_status":"closed","template":"","meta":{"footnotes":""},"class_list":["post-6986","page","type-page","status-publish","has-post-thumbnail","hentry"],"_links":{"self":[{"href":"https:\/\/visitsplitcroatia.com\/es\/wp-json\/wp\/v2\/pages\/6986","targetHints":{"allow":["GET"]}}],"collection":[{"href":"https:\/\/visitsplitcroatia.com\/es\/wp-json\/wp\/v2\/pages"}],"about":[{"href":"https:\/\/visitsplitcroatia.com\/es\/wp-json\/wp\/v2\/types\/page"}],"author":[{"embeddable":true,"href":"https:\/\/visitsplitcroatia.com\/es\/wp-json\/wp\/v2\/users\/72"}],"replies":[{"embeddable":true,"href":"https:\/\/visitsplitcroatia.com\/es\/wp-json\/wp\/v2\/comments?post=6986"}],"version-history":[{"count":93,"href":"https:\/\/visitsplitcroatia.com\/es\/wp-json\/wp\/v2\/pages\/6986\/revisions"}],"predecessor-version":[{"id":8157,"href":"https:\/\/visitsplitcroatia.com\/es\/wp-json\/wp\/v2\/pages\/6986\/revisions\/8157"}],"wp:featuredmedia":[{"embeddable":true,"href":"https:\/\/visitsplitcroatia.com\/es\/wp-json\/wp\/v2\/media\/7928"}],"wp:attachment":[{"href":"https:\/\/visitsplitcroatia.com\/es\/wp-json\/wp\/v2\/media?parent=6986"}],"curies":[{"name":"wp","href":"https:\/\/api.w.org\/{rel}","templated":true}]}}