{"id":2465,"date":"2016-12-24T04:38:09","date_gmt":"2016-12-24T04:38:09","guid":{"rendered":"http:\/\/themes.themegoods.com\/grandtour\/demo\/?page_id=2465"},"modified":"2026-01-22T13:47:05","modified_gmt":"2026-01-22T13:47:05","slug":"about-apodos","status":"publish","type":"page","link":"https:\/\/visitsplitcroatia.com\/fi\/noin-apodos\/","title":{"rendered":"Tietoja Apodosista"},"content":{"rendered":"<div class=\"one withsmallpadding ppb_header parallax withbg\" style=\"min-height 80vh!important;background-image: url('https:\/\/visitsplitcroatia.com\/wp-content\/uploads\/2023\/01\/LINKEDIN-BANNER-12470.png'); background-position: center top; text-align: center; padding: 120px 0 120px 0; color: #ffffff;\">\r\n<div class=\"overlay_background\" style=\"background: rgba(0,0,0,0.45);\">\r\n<p><strong>KEST\u00c4V\u00c4N N\u00c4HT\u00c4VYYDET KAIKILLE<\/strong><\/p>\r\n<p>Edist\u00e4\u00e4 vastuullisempaa tapaa tutustua n\u00e4ht\u00e4vyyksiin<\/p>\r\n<p>Tukemalla visiotamme ja liittym\u00e4ll\u00e4 matkoihimme autat luomaan paremman version matkailusta!<\/p>\r\n<p>&nbsp;<\/p>\r\n<\/div>\r\n<div class=\"standard_wrapper\">\r\n<div class=\"page_content_wrapper\">\r\n<div class=\"inner\">\r\n<div style=\"margin: auto; width: 60%;\">\r\n<div class=\"ppb_header_content\">\r\n<div class=\"page_tagline\" style=\"color: #ffffff;\">\u00a0<\/div>\r\n<\/div>\r\n<\/div>\r\n<\/div>\r\n<\/div>\r\n<\/div>\r\n<\/div>\r\n\r\n\r\n\r\n<div class=\"one withsmallpadding ppb_header\" style=\"text-align: center; padding: 50px 0 50px 0; background-color: #ffffff; color: #000000;\">\r\n<div class=\"standard_wrapper\">\r\n<div class=\"page_content_wrapper\">\r\n<div class=\"inner\">\r\n<div style=\"margin: auto; width: 60%;\">\r\n<h2>Kest\u00e4v\u00e4\u00e4 kiertoajelua kaikille!<\/h2>\r\n<h2 style=\"text-align: center;\"><strong>Open-top bus tours have been exclusively provided by Apodos travel agency in Split since 2013.<\/strong><\/h2>\r\n<h2><span style=\"color: #ff0000;\">Tukemalla visiotamme ja liittym\u00e4ll\u00e4 matkoihimme autat luomaan paremman version matkailusta!<\/span><\/h2>\r\n<p>&nbsp;<\/p>\r\n<p>Sightseeing-ratkaisumme on r\u00e4\u00e4t\u00e4l\u00f6ity lis\u00e4\u00e4m\u00e4\u00e4n sek\u00e4 tyytyv\u00e4isyytt\u00e4si ett\u00e4 paikallisen yhteis\u00f6n tukea.<\/p>\r\n<p>Paikallisena kest\u00e4v\u00e4\u00e4n ja vihre\u00e4\u00e4n matkailuun keskittyneen\u00e4 matkatoimistona toimintamme t\u00e4ht\u00e4\u00e4 seuraavien periaatteiden edist\u00e4miseen:<\/p>\r\n<h4><a href=\"https:\/\/visitsplitcroatia.com\/wp-content\/uploads\/2023\/01\/stella-web-2.jpg\"><img decoding=\"async\" class=\"alignnone wp-image-6325 size-large\" src=\"https:\/\/visitsplitcroatia.com\/wp-content\/uploads\/2023\/01\/stella-web-2-1024x683.jpg\" alt=\"\" width=\"1024\" height=\"683\" \/><\/a><\/h4>\r\n<p>&nbsp;<\/p>\r\n<p>\u221aPaikallisen yhteis\u00f6n hyvinvointi<\/p>\r\n<p>\u221aTy\u00f6llisyyden laatu<\/p>\r\n<p>\u221aSukupuolten tasa-arvo ja naisten vaikutusvallan lis\u00e4\u00e4minen<\/p>\r\n<p>\u221a Alueellinen kumppanuus kest\u00e4v\u00e4n kehityksen puolesta<\/p>\r\n<p>\u221a Kest\u00e4v\u00e4 maatalous<\/p>\r\n<p>\u221a Vierailijoiden t\u00e4yttymys, kulttuurinen rikkaus ja aito paikallinen uppoutuminen<\/p>\r\n<p>\u221aHajauttaminen<\/p>\r\n<p>\u221a Ymp\u00e4rist\u00f6n puhtaus<\/p>\r\n<p>&nbsp;<\/p>\r\n<p><a href=\"https:\/\/visitsplitcroatia.com\/wp-content\/uploads\/2023\/01\/DUGOPOLJE-3.jpg\"><img decoding=\"async\" class=\"alignnone wp-image-6202 size-full\" src=\"https:\/\/visitsplitcroatia.com\/wp-content\/uploads\/2023\/01\/DUGOPOLJE-3.jpg\" alt=\"\" width=\"1500\" height=\"1000\" \/><\/a><\/p>\r\n<h3><strong>APODOS \u2013 Paikallisen perinn\u00f6n edist\u00e4minen ja vastuullisemman n\u00e4ht\u00e4vyyskierroksen edist\u00e4minen <span style=\"color: #ff0000;\">vuodesta 2013 l\u00e4htien<\/span><\/strong><\/h3>\r\n<p>Olemme menneet pitk\u00e4lle paikallisen kulttuurin ja kulttuuriperinn\u00f6n monipuolisuuden edist\u00e4misess\u00e4, ja olemme edelleen Dalmatian Open-Top Sightseeing Bus Toursin yksinoikeudella tarjoaja.<\/p>\r\n<p>Toteutamme vision kehitt\u00e4m\u00e4ll\u00e4 uusia, ymp\u00e4rist\u00f6yst\u00e4v\u00e4llisi\u00e4 ja kest\u00e4vi\u00e4 kiertoajelutarjouksia vieraillemme, lis\u00e4\u00e4m\u00e4ll\u00e4 viheryst\u00e4v\u00e4llisyytt\u00e4 ja edist\u00e4m\u00e4ll\u00e4 ymp\u00e4rivuotista toimintaa.\u00a0<\/p>\r\n<h4><a href=\"https:\/\/visitsplitcroatia.com\/wp-content\/uploads\/2023\/01\/IMG_1084warm-scaled.jpg\"><img decoding=\"async\" class=\"alignnone wp-image-6779 size-large\" src=\"https:\/\/visitsplitcroatia.com\/wp-content\/uploads\/2023\/01\/IMG_1084warm-1024x768.jpg\" alt=\"\" width=\"1024\" height=\"768\" \/><\/a><\/h4>\r\n<h2>\u00a0<\/h2>\r\n<h2><strong>Perusarvomme<\/strong><\/h2>\r\n<p>&nbsp;<\/p>\r\n<h3><span style=\"color: #ff0000;\"><strong>KEST\u00c4V\u00c4N KEHITYKSEN EDIST\u00c4MINEN JA YMP\u00c4RIST\u00d6N SUOJELEMINEN<\/strong><\/span><\/h3>\r\n<p>Dalmatia on kotimme, ja yrityksemme kehitys keskittyy kotimme suojaamiseen kaikille: meille, lapsillemme ja vieraillemme. Osoittaakseen t\u00e4m\u00e4n k\u00e4yt\u00e4nn\u00f6ss\u00e4 Apodos k\u00e4ynnisti <span style=\"color: #ff0000;\">edell\u00e4k\u00e4vij\u00e4, ekologisesti keskittynyt n\u00e4ht\u00e4vyyksien katselutuote<\/span> toiminut kaudesta 2023 l\u00e4htien:<\/p>\r\n<p><span style=\"color: #008000;\"><a style=\"color: #008000;\" href=\"https:\/\/visitsplitcroatia.com\/fi\/tour\/dalmatia-for-nature-lovers-countryside-half-day-tour\/\"><strong>Dalmatia luonnonyst\u00e4ville \u2013 puolen p\u00e4iv\u00e4n kierros maaseudulla\u00a0<\/strong><\/a><\/span><\/p>\r\n<p>Kiertueen avulla Splitiss\u00e4 asuvat asiakkaat voivat paeta kaupungista ja uppoutua Dalmatian luonnonaarteiden kauneuteen ja rikkauteen. Vieraat voivat kokea Dalmatian maaseutua, oppia paikallisesta luonnosta ja alueellisista dalmatialaisista tuotteista hauskalla, opettavaisella ja interaktiivisella tavalla.<\/p>\r\n<p>&nbsp;<\/p>\r\n<h3><strong>MEID\u00c4N <span style=\"color: #ff0000;\">VAPAAEHTOINEN<\/span> P\u00c4IV\u00c4T<\/strong><\/h3>\r\n<p>J\u00e4rjest\u00e4mme joka vuosi p\u00e4iv\u00e4n, jolloin henkil\u00f6kuntamme voi tehd\u00e4 vapaaehtoisty\u00f6t\u00e4 maaseutumme hyvinvoinnin puolesta. Toimintaan kuuluu rantasiivousp\u00e4ivi\u00e4, puiden istutusp\u00e4ivi\u00e4. Toivotamme kaikki vapaaehtoiset, jotka haluavat liitty\u00e4 joukkoomme. Vapaaehtoisp\u00e4iv\u00e4mme ovat my\u00f6s loistava tilaisuus lis\u00e4t\u00e4 paikallisten tietoisuutta kohdemme kest\u00e4v\u00e4n kehityksen v\u00e4ltt\u00e4m\u00e4tt\u00f6myydest\u00e4. Jos on jokin tietty paikka, jossa voimme auttaa ja tehd\u00e4 jotain hyv\u00e4\u00e4 ymp\u00e4rist\u00f6n hyv\u00e4ksi, \u00e4l\u00e4 ep\u00e4r\u00f6i l\u00e4hett\u00e4\u00e4 meille ehdotuksiasi seuraavaan s\u00e4hk\u00f6postiosoitteeseen: <a href=\"mailto:Info@apodos.com.hr-\"><strong>Info@apodos.com.hr<\/strong><\/a><\/p>\r\n<p>\u221aSeuraava Vapaaehtoisp\u00e4iv\u00e4 APODOS:ssa ajoittuu sis\u00e4\u00e4n <strong>2025.<\/strong><\/p>\r\n<h4><strong><span style=\"color: #ff0000;\">Ilmoittaudu mukaan ja ota my\u00f6s yst\u00e4v\u00e4si mukaan!<\/span> Yhdess\u00e4 voimme auttaa s\u00e4ilytt\u00e4m\u00e4\u00e4n Dalmatian kauneuden tuleville sukupolville!<\/strong><\/h4>\r\n<\/div>\r\n<\/div>\r\n<\/div>\r\n<p><a href=\"https:\/\/visitsplitcroatia.com\/wp-content\/uploads\/2023\/01\/KLIS-4.jpg\"><img decoding=\"async\" class=\"alignnone wp-image-6207 size-large\" src=\"https:\/\/visitsplitcroatia.com\/wp-content\/uploads\/2023\/01\/KLIS-4-1024x683.jpg\" alt=\"\" width=\"1024\" height=\"683\" \/><\/a><\/p>\r\n<div class=\"page_content_wrapper\">\r\n<div class=\"inner\">\r\n<div style=\"margin: auto; width: 60%;\">\r\n<h3><strong>TUKEVAT <span style=\"color: #ff0000;\">PAIKALLINEN YHTEIS\u00d6<\/span><\/strong><\/h3>\r\n<p>Toimimme yhdess\u00e4 paikallisten yhteis\u00f6jen, asukkaiden ja pienyritysten kanssa varmistaaksemme luonnon kulttuuri- ja ymp\u00e4rist\u00f6perinn\u00f6n suojelun. Yhteisty\u00f6 samanhenkisten paikallisten kumppaneiden kanssa, jotka my\u00f6s edist\u00e4v\u00e4t kest\u00e4v\u00e4\u00e4 kehityst\u00e4, on ty\u00f6mme ydin. Samalla pyrimme lis\u00e4\u00e4m\u00e4\u00e4n paikallista vastuullisuustietoisuutta ja varmistamaan, ett\u00e4 paikalliset \u00e4\u00e4net huomioidaan kohteiden tulevaisuuden kehitt\u00e4misess\u00e4. Palkkaamme paikallisesti ja k\u00e4yt\u00e4mme paikallisia palveluntarjoajia.<\/p>\r\n<p>&nbsp;<\/p>\r\n<h3><strong>PROMOTOINTI <span style=\"color: #ff0000;\">NAISTEN VAIHTO<\/span> TY\u00d6SS\u00c4<\/strong><\/h3>\r\n<p>Henkil\u00f6kuntamme koostuu uskomattomista henkil\u00f6ist\u00e4, jotka haluavat vaikuttaa positiivisesti paikalliseen matkailuel\u00e4m\u00e4\u00e4n. Etenkin naiskollegoidemme panosta Apodoksen viimeisten 15+ vuoden aikana paikallisilla markkinoilla toimimisesta ei voi sanoin ilmaista.<\/p>\r\n<p>Siksi p\u00e4\u00e4tavoitteemme on aina ollut mukauttaa yrityksen toimintatapoja naisten tarpeita vastaaviksi. N\u00e4in heid\u00e4n ei koskaan tarvitse valita rooleja, joita he pelaavat ty\u00f6ss\u00e4 tai perheess\u00e4. Apodoksella tarjoamme jatkuvasti tapoja kouluttaa, kehitt\u00e4\u00e4 tai t\u00e4ydent\u00e4\u00e4 naispuolisia ty\u00f6ntekij\u00f6it\u00e4 ja kannustaa heit\u00e4 l\u00f6yt\u00e4m\u00e4\u00e4n uusia taitoja, jotka voidaan muuntaa uudeksi ty\u00f6teht\u00e4v\u00e4ksi.<\/p>\r\n<p>&nbsp;<\/p>\r\n<h3><strong>TARJOAMME AITOJA KULTTUURIKOKEMUKSIA KANSSA <span style=\"color: #ff0000;\">TURVALLISUUS<\/span> JA <span style=\"color: #ff0000;\">VASTUU<\/span><\/strong><\/h3>\r\n<p>Asiakkaidemme turvallisuudesta ja hyvinvoinnista huolehtiminen on toimintamme kulmakivi. Kaikki oppaamme ovat paikallisesti sertifioituja ja p\u00e4tevi\u00e4. Kaikki kuljettajamme ovat ammattilaisia, joilla on vuosikymmenten kokemus. Turvallisuus on ehdoton prioriteetti kaikessa p\u00e4ivitt\u00e4isess\u00e4 toiminnassamme. T\u00e4ss\u00e4 yhteydess\u00e4 tavoitteemme on tarjota todella aitoja kiertoajelukokemuksia, joiden avulla vieraat voivat kokea todellisen Dalmatian, sen luonnon, sen ihmiset, kulttuurin, ruoan ja historiallisen rikkauden.<\/p>\r\n<h2>\u00a0<\/h2>\r\n<h3><span style=\"color: #ff0000;\"><strong>ANNETAAN LUONNOLLE MAHDOLLISUUDEN LEPOA<\/strong><\/span><\/h3>\r\n<p>Viime vuosina Splitiss\u00e4 on ollut nopea matkailun kasvu. T\u00e4m\u00e4 matkailun keskitt\u00e4minen ei ole hy\u00f6dyllist\u00e4 eik\u00e4 kest\u00e4v\u00e4\u00e4 ja aiheuttaa monia sosiaalisia ongelmia.<\/p>\r\n<p>Pyrimme edist\u00e4m\u00e4\u00e4n a <span style=\"color: #ff0000;\">tasapainoinen suhde luontoon<\/span> ja my\u00f6t\u00e4vaikuttaa Dalmatian luonnonrikkauksien suojeluun.\u00a0<\/p>\r\n<p>Matkamme my\u00f6t\u00e4vaikuttavat matkailuresurssien hajauttamiseen sesonkiaikana ja antavat siten Splitin alueelle mahdollisuuden &quot;hengitt\u00e4\u00e4&quot;.<\/p>\r\n<p>Lis\u00e4ksi meid\u00e4n <span style=\"color: #ff0000;\">K\u00e4velykierrokset Splitiss\u00e4<\/span> ovat r\u00e4\u00e4t\u00e4l\u00f6ityj\u00e4<strong> 100% Ei jalanj\u00e4lke\u00e4!<\/strong><\/p>\r\n<h2><a href=\"https:\/\/visitsplitcroatia.com\/wp-content\/uploads\/2023\/01\/bus.jpg\"><img decoding=\"async\" class=\"alignnone wp-image-6257 size-large\" src=\"https:\/\/visitsplitcroatia.com\/wp-content\/uploads\/2023\/01\/bus-1024x683.jpg\" alt=\"\" width=\"1024\" height=\"683\" \/><\/a><\/h2>\r\n<h2><strong>KATSO MEID\u00c4MME <span style=\"color: #ff0000;\">KEST\u00c4V\u00c4<\/span> DALMATIAN EKO-K\u00c4YTT\u00d6KOKEMUKSIA:<\/strong><\/h2>\r\n<p>&nbsp;<\/p>\r\n<h4><span style=\"color: #008000;\"><a style=\"color: #008000;\" href=\"https:\/\/visitsplitcroatia.com\/fi\/tour\/dalmatia-for-nature-lovers-countryside-half-day-tour\/\"><strong>\u221a<\/strong>Dalmatia luonnonyst\u00e4ville \u2013 puolen p\u00e4iv\u00e4n retki maaseudulle\u00a0<\/a><\/span><\/h4>\r\n<h4><span style=\"color: #008000;\"><a style=\"color: #008000;\" href=\"https:\/\/visitsplitcroatia.com\/fi\/tour\/piilotetut-dalmatian-helmet-48-tunnin-kiertoajelu\/\"><strong>\u221a<\/strong>Dalmatian piilotetut helmet - 48 tunnin kiertoajelu<\/a><\/span><\/h4>\r\n<h4><span style=\"color: #008000;\"><a style=\"color: #008000;\" href=\"https:\/\/visitsplitcroatia.com\/fi\/tour\/split-kavelykierros\/\"><strong>\u221a<\/strong>No Footprint Eco-Walks - Ultimate Eco Walking Tour Splitiss\u00e4<\/a><\/span><\/h4>\r\n<h4>\u00a0<\/h4>\r\n<p><a href=\"https:\/\/visitsplitcroatia.com\/wp-content\/uploads\/2025\/02\/IMG_1049.jpg\"><img decoding=\"async\" class=\"alignnone wp-image-6938 size-large\" src=\"https:\/\/visitsplitcroatia.com\/wp-content\/uploads\/2025\/02\/IMG_1049-1024x683.jpg\" alt=\"\" width=\"1024\" height=\"683\" \/><\/a><\/p>\r\n<p>&nbsp;<\/p>\r\n<h3><strong>MUITA MATKOJA LUONNONRASKAILLE TARJOAMME:<\/strong><\/h3>\r\n<p>&nbsp;<\/p>\r\n<h4><span style=\"color: #008000;\"><a style=\"color: #008000;\" href=\"https:\/\/visitsplitcroatia.com\/fi\/tour\/green-escape\/\"><strong>\u221a<\/strong>Vihre\u00e4 pako<\/a><\/span><\/h4>\r\n<\/div>\r\n<\/div>\r\n<\/div>\r\n<p>&nbsp;<\/p>\r\n<div class=\"page_content_wrapper\">\r\n<div class=\"inner\">\r\n<div style=\"margin: auto; width: 60%;\">\r\n<p><a href=\"https:\/\/visitsplitcroatia.com\/wp-content\/uploads\/2025\/02\/bus-klis.jpg\"><img decoding=\"async\" class=\"alignnone wp-image-6939 size-full\" src=\"https:\/\/visitsplitcroatia.com\/wp-content\/uploads\/2025\/02\/bus-klis.jpg\" alt=\"\" width=\"856\" height=\"478\" \/><\/a><\/p>\r\n<p>&nbsp;<\/p>\r\n<h3><strong>LIS\u00c4\u00c4 R\u00e4\u00e4t\u00e4l\u00f6ityj\u00e4 N\u00c4HT\u00c4VYYDET RATKAISEMME<\/strong><\/h3>\r\n<p><span style=\"color: #ff0000;\">Jos olet sertifioitu ammattimainen matkatoimisto<\/span> joiden asiakkaat etsiv\u00e4t kest\u00e4vi\u00e4 tapoja l\u00f6yt\u00e4\u00e4 Dalmatia, \u00e4l\u00e4 ep\u00e4r\u00f6i ottaa meihin yhteytt\u00e4 ja keskustella siit\u00e4, miten voimme<span style=\"color: #ff0000;\"> yhdist\u00e4 voimasi tehd\u00e4ksesi enemm\u00e4n hyv\u00e4\u00e4!<\/span><\/p>\r\n<p>Jos edustat a <span style=\"color: #ff0000;\">Shorexin risteilyosasto<\/span>, haluaisimme majoittaa ryhm\u00e4si Splitiss\u00e4 yhdelle kiertoajeluistamme. Tarjoamme houkuttelevia ryhm\u00e4paketteja ja erikoishintoja el\u00e4kel\u00e4isille.<\/p>\r\n<\/div>\r\n<\/div>\r\n<h3>\u00a0<\/h3>\r\n<div class=\"inner\">\r\n<div style=\"margin: auto; width: 60%;\">\r\n<h3 class=\"ppb_title\" style=\"color: #000000;\">\u00a0<\/h3>\r\n<\/div>\r\n<\/div>\r\n<\/div>\r\n<\/div>\r\n<\/div>\r\n\r\n\r\n\r\n<div class=\"one withsmallpadding ppb_header\" style=\"text-align: center; padding: 50px 0 50px 0; background-color: #ffffff; color: #000000;\">\r\n<div class=\"standard_wrapper\">\r\n<div class=\"page_content_wrapper\">\r\n<div class=\"inner\">\r\n<div style=\"margin: auto; width: 60%;\">\r\n<div class=\"ppb_header_content\">\r\n<div class=\"one_half\">\r\n<div class=\"animate_counter_wrapper\">\r\n<div id=\"16589337731930751441\" class=\"odometer\" style=\"font-size: 60px; line-height: 60px;\">20+<\/div>\r\n<div class=\"count_separator\">\u00a0<\/div>\r\n<div class=\"counter_subject\">Retket ja retket<\/div>\r\n<\/div>\r\n<\/div>\r\n<div class=\"one_half last\">\r\n<div class=\"animate_counter_wrapper\">\r\n<div id=\"16589337732008602398\" class=\"odometer\" style=\"font-size: 60px; line-height: 60px;\">10,000<\/div>\r\n<div class=\"count_separator\">\u00a0<\/div>\r\n<div class=\"counter_subject\">Onnelliset Matkailijat<\/div>\r\n<\/div>\r\n<\/div>\r\n<p>&nbsp;<\/p>\r\n<\/div>\r\n<\/div>\r\n<\/div>\r\n<\/div>\r\n<\/div>\r\n<\/div>\r\n\r\n\r\n\r\n<div class=\"one withsmallpadding ppb_testimonial_column\">\r\n<div class=\"standard_wrapper\">\r\n<div class=\"page_content_wrapper\">\r\n<div class=\"inner\">\r\n<div class=\"testimonial_wrapper\">\r\n<div class=\"one_half testimonial_column_element animated1\">\r\n<figure><img decoding=\"async\" class=\"team_pic\" src=\"https:\/\/visitsplitcroatia.com\/wp-content\/uploads\/2022\/06\/Melinda-Arafat.webp\" alt=\"Melinda Arafat\" \/><\/figure>\r\n<div class=\"testimonial_image animated\" data-animation=\"bigEntrance\">\u00a0<\/div>\r\n<div class=\"testimonial_content\">\r\n<div class=\"quote\">\r\n<h3 id=\"HEADING\" class=\"title\">Eritt\u00e4in suositeltavaa<\/h3>\r\n<\/div>\r\n<p>T\u00e4m\u00e4 p\u00e4iv\u00e4retki on ehdottomasti matkan arvoinen. Puisto itsess\u00e4\u00e4n on liian kaunis vangittavaksi kokonaan kuviin. Kristallinsiniset vedet, vesiputoukset ja vuoret \u2013 se oli suoraan postikortista. Oppaamme Renato oli NIIN osaava ja yst\u00e4v\u00e4llinen. Opimme paljon hauskoja faktoja Kroatiasta ja puistosta. <strong>Suosittelen ehdottomasti t\u00e4t\u00e4 matkatoimistoa.<\/strong><\/p>\r\n<div class=\"testimonial_customer\">\r\n<h6>Melinda Arafat<\/h6>\r\n<div class=\"testimonial_customer_position\">Kirjoitettu 10.8.2021<\/div>\r\n<p>&#8211;<\/p>\r\n<div class=\"testimonial_customer_company\"><a href=\"https:\/\/www.tripadvisor.com\/ShowUserReviews-g295370-d4955222-r802874137-Apodos_Travel_Agency-Split_Split_Dalmatia_County_Dalmatia.html\" target=\"_blank\" rel=\"noopener nofollow\">TripAdvisorin arvostelu<\/a><\/div>\r\n<\/div>\r\n<\/div>\r\n<\/div>\r\n<div class=\"one_half testimonial_column_element animated2 last\">\r\n<figure><img decoding=\"async\" class=\"team_pic\" src=\"https:\/\/visitsplitcroatia.com\/wp-content\/uploads\/2022\/06\/John-D.webp\" alt=\"John D\" \/><\/figure>\r\n<div class=\"testimonial_image animated\" data-animation=\"bigEntrance\">\u00a0<\/div>\r\n<div class=\"testimonial_content\">\r\n<h3 id=\"HEADING\" class=\"title\">Erinomainen<\/h3>\r\n<p>Niin h\u00e4mm\u00e4stytt\u00e4v\u00e4 opas. Paljon anekdootteja matkan varrella oppiaksesi alueesta kuivalla balkanilla ja eritt\u00e4in hyv\u00e4ll\u00e4, helposti ymm\u00e4rrett\u00e4v\u00e4ll\u00e4 englannin kielell\u00e4. Hieno vaellus puistossa. V\u00e4rit ovat poissa t\u00e4st\u00e4 maailmasta. <strong>Vahva suositus.<\/strong><\/p>\r\n<div class=\"testimonial_customer\">\r\n<h6>John D<\/h6>\r\n<div class=\"testimonial_customer_position\">Kirjoitettu 2.8.2021<\/div>\r\n<p>&#8211;<\/p>\r\n<div class=\"testimonial_customer_company\"><a href=\"https:\/\/www.tripadvisor.com\/ShowUserReviews-g295370-d4955222-r801248742-Apodos_Travel_Agency-Split_Split_Dalmatia_County_Dalmatia.html\" target=\"_blank\" rel=\"noopener nofollow\">TripAdvisorin arvostelu<\/a><\/div>\r\n<\/div>\r\n<\/div>\r\n<\/div>\r\n<div class=\"one_half testimonial_column_element animated3\">\r\n<figure><img decoding=\"async\" class=\"team_pic\" src=\"https:\/\/visitsplitcroatia.com\/wp-content\/uploads\/2022\/06\/Fred-C.webp\" alt=\"Fred C\" \/><\/figure>\r\n<div class=\"testimonial_image animated\" data-animation=\"bigEntrance\">\u00a0<\/div>\r\n<div class=\"testimonial_content\">\r\n<div class=\"quote\">\r\n<h3 id=\"HEADING\" class=\"title\">Upea kiertue<\/h3>\r\n<\/div>\r\n<p>T\u00e4m\u00e4 koko p\u00e4iv\u00e4n retki oli upea. Halusimme saada Splitin kohokohdat, ja he toimittivat. Bussin l\u00f6yt\u00e4minen ja suoraan maksaminen oli eritt\u00e4in helppoa. Oppaamme Magdalena oli t\u00e4ynn\u00e4 tietoa ja eritt\u00e4in intohimoinen sivustoista. H\u00e4n varmasti sai historian eloon meille.<\/p>\r\n<div class=\"testimonial_customer\">\r\n<h6>Fred C<\/h6>\r\n<div class=\"testimonial_customer_position\">Kirjoitettu 19.5.2022<\/div>\r\n<p>&#8211;<\/p>\r\n<div class=\"testimonial_customer_company\"><a href=\"https:\/\/www.tripadvisor.com\/ShowUserReviews-g295370-d4955222-r839110362-Apodos_Travel_Agency-Split_Split_Dalmatia_County_Dalmatia.html\" target=\"_blank\" rel=\"noopener nofollow\">TripAdvisorin arvostelu<\/a><\/div>\r\n<\/div>\r\n<\/div>\r\n<\/div>\r\n<div class=\"one_half testimonial_column_element animated4 last\">\r\n<figure><img decoding=\"async\" class=\"team_pic\" src=\"https:\/\/visitsplitcroatia.com\/wp-content\/uploads\/2022\/06\/Eileen-T.webp\" alt=\"Eileen T\" \/><\/figure>\r\n<div class=\"testimonial_image animated\" data-animation=\"bigEntrance\">\u00a0<\/div>\r\n<div class=\"testimonial_content\">\r\n<div class=\"quote\">\r\n<h3 id=\"HEADING\" class=\"title\">Upea k\u00e4velyopas!<\/h3>\r\n<\/div>\r\n<p>Nautin todella bussimatkastamme, erityisesti Splitin k\u00e4velykierroksesta. K\u00e4velyoppaamme oli upea. Magdalena oli niin asiantunteva ja teki kiertueesta niin mielenkiintoisen. H\u00e4n oli todella innostunut ja ilmeisesti rakastaa ty\u00f6t\u00e4\u00e4n. Kannustaisin sinua l\u00e4htem\u00e4\u00e4n t\u00e4lle kiertueelle. Klisin linnoitus on eritt\u00e4in vaikuttava. N\u00e4kym\u00e4t ovat henke\u00e4salpaavat.<\/p>\r\n<div class=\"testimonial_customer\">\r\n<h6>Eileen T<\/h6>\r\n<div class=\"testimonial_customer_position\">16. toukokuuta 2022<\/div>\r\n<p>&#8211;<\/p>\r\n<div class=\"testimonial_customer_company\"><a href=\"https:\/\/www.tripadvisor.com\/ShowUserReviews-g295370-d4955222-r838745577-Apodos_Travel_Agency-Split_Split_Dalmatia_County_Dalmatia.html\" target=\"_blank\" rel=\"noopener nofollow\">TripAdvisorin arvostelu<\/a><\/div>\r\n<\/div>\r\n<\/div>\r\n<\/div>\r\n<\/div>\r\n<\/div>\r\n<\/div>\r\n<\/div>\r\n<\/div>\r\n\r\n\r\n\r\n<div class=\"one withsmallpadding ppb_header\" style=\"text-align: center; padding: 50px 0 50px 0; background-color: #ffffff; color: #000000;\">\r\n<div class=\"standard_wrapper\">\r\n<div class=\"page_content_wrapper\">\r\n<div class=\"inner\">\r\n<div style=\"margin: auto; width: 60%;\">\u00a0<\/div>\r\n<\/div>\r\n<\/div>\r\n<\/div>\r\n<\/div>\r\n<div class=\"ppb_tour_classic one nopadding\">\r\n<div class=\"page_content_wrapper page_main_content sidebar_content full_width fixed_column\">\r\n<div class=\"standard_wrapper\">\r\n<div id=\"1658933773801726921\" class=\"portfolio_filter_wrapper gallery classic three_cols\" data-columns=\"3\">\r\n<div class=\"element grid classic3_cols animated3\">\r\n<div class=\"one_third gallery3 classic static filterable portfolio_type themeborder\">\r\n<div class=\"portfolio_info_wrapper\">\r\n<p>&nbsp;<\/p>\r\n<\/div>\r\n<\/div>\r\n<\/div>\r\n<\/div>\r\n<\/div>\r\n<\/div>\r\n<\/div>","protected":false},"excerpt":{"rendered":"<p>SUSTAINABLE SIGHTSEEING FOR EVERYONE Fostering a more responsible way of sightseeing By supporting our vision and joining our tours, you\u2019re helping create a better version of tourism! &nbsp; \u00a0 Sustainable Sightseeing for Everyone! Open-top bus tours have been exclusively provided [&hellip;]<\/p>","protected":false},"author":1,"featured_media":6154,"parent":0,"menu_order":0,"comment_status":"closed","ping_status":"closed","template":"","meta":{"footnotes":""},"class_list":["post-2465","page","type-page","status-publish","has-post-thumbnail","hentry"],"_links":{"self":[{"href":"https:\/\/visitsplitcroatia.com\/fi\/wp-json\/wp\/v2\/pages\/2465","targetHints":{"allow":["GET"]}}],"collection":[{"href":"https:\/\/visitsplitcroatia.com\/fi\/wp-json\/wp\/v2\/pages"}],"about":[{"href":"https:\/\/visitsplitcroatia.com\/fi\/wp-json\/wp\/v2\/types\/page"}],"author":[{"embeddable":true,"href":"https:\/\/visitsplitcroatia.com\/fi\/wp-json\/wp\/v2\/users\/1"}],"replies":[{"embeddable":true,"href":"https:\/\/visitsplitcroatia.com\/fi\/wp-json\/wp\/v2\/comments?post=2465"}],"version-history":[{"count":89,"href":"https:\/\/visitsplitcroatia.com\/fi\/wp-json\/wp\/v2\/pages\/2465\/revisions"}],"predecessor-version":[{"id":7613,"href":"https:\/\/visitsplitcroatia.com\/fi\/wp-json\/wp\/v2\/pages\/2465\/revisions\/7613"}],"wp:featuredmedia":[{"embeddable":true,"href":"https:\/\/visitsplitcroatia.com\/fi\/wp-json\/wp\/v2\/media\/6154"}],"wp:attachment":[{"href":"https:\/\/visitsplitcroatia.com\/fi\/wp-json\/wp\/v2\/media?parent=2465"}],"curies":[{"name":"wp","href":"https:\/\/api.w.org\/{rel}","templated":true}]}}