{"id":3090,"date":"2016-12-27T07:46:07","date_gmt":"2016-12-27T07:46:07","guid":{"rendered":"http:\/\/themes.themegoods.com\/grandtour\/demo\/?page_id=3090"},"modified":"2025-02-26T17:45:58","modified_gmt":"2025-02-26T17:45:58","slug":"contact","status":"publish","type":"page","link":"https:\/\/visitsplitcroatia.com\/fi\/ota-yhteytta\/","title":{"rendered":"Ota yhteytt\u00e4"},"content":{"rendered":"<div class=\"standard_wrapper\">\n<div class=\"ppb_contact_sidebar one withsmallpadding\" style=\"padding: px 0 px 0;\">\n<div class=\"page_content_wrapper\">\n<div class=\"inner\">\n<div class=\"inner_wrapper\">\n<div class=\"sidebar_content left_sidebar\">\n<h2 class=\"ppb_title\" style=\"text-align: center;\">Yhteydenottolomake ja tiedot<\/h2>\n<div class=\"ppb_header_content\">\n<div class=\"inner\">\n<div>\n<p style=\"text-align: center;\">Jos olet sertifioitu ammatillinen matkatoimisto, jonka asiakkaat etsiv\u00e4t kest\u00e4vi\u00e4 tapoja l\u00f6yt\u00e4\u00e4 Dalmatia, \u00e4l\u00e4 ep\u00e4r\u00f6i ottaa meihin yhteytt\u00e4 ja keskustella kuinka voimme yhdist\u00e4\u00e4 voimamme tehd\u00e4ksemme enemm\u00e4n hyv\u00e4\u00e4!<\/p>\n<p style=\"text-align: center;\">\u00a0<\/p>\n<p style=\"text-align: center;\"><span id=\"If_you_represent_a_Shorex_Cruise_Department_we_would_love_to_accommodate_your_groups_in_Split_on_one_of_our_sightseeing_tours_We_offer_attractive_group_packages_and_special_prices_for_senior_citizens\" class=\"ez-toc-section\"><\/span>Jos edustat Shorexin risteilyosastoa, majoitamme mielell\u00e4mme ryhm\u00e4si Splitiin yhdell\u00e4 kiertoajeluistamme. Tarjoamme houkuttelevia ryhm\u00e4paketteja ja erikoishintoja el\u00e4kel\u00e4isille.<\/p>\n<p style=\"text-align: center;\">\u00a0<\/p>\n<\/div>\n<\/div>\n<p>\u00a0<\/p>\n<\/div>\n<p class=\"contact_form7_wrapper\">\u00a0<\/p>\n<\/div>\n<div class=\"sidebar_wrapper left_sidebar\">\n<div class=\"sidebar\">\n<div class=\"content\">\u00a0<\/div>\n<\/div>\n<\/div>\n<\/div>\n<\/div>\n<\/div>\n<\/div>\n<\/div>\n\n\n<div class=\"wp-block-contact-form-7-contact-form-selector\">\n<div class=\"wpcf7 no-js\" id=\"wpcf7-f6-o1\" lang=\"en-US\" dir=\"ltr\">\n<div class=\"screen-reader-response\"><p role=\"status\" aria-live=\"polite\" aria-atomic=\"true\"><\/p> <ul><\/ul><\/div>\n<form action=\"\/fi\/wp-json\/wp\/v2\/pages\/3090#wpcf7-f6-o1\" method=\"post\" class=\"wpcf7-form init\" aria-label=\"Contact form\" novalidate=\"novalidate\" data-status=\"init\" data-trp-original-action=\"\/fi\/wp-json\/wp\/v2\/pages\/3090#wpcf7-f6-o1\">\n<div style=\"display: none;\">\n<input type=\"hidden\" name=\"_wpcf7\" value=\"6\" \/>\n<input type=\"hidden\" name=\"_wpcf7_version\" value=\"5.8.7\" \/>\n<input type=\"hidden\" name=\"_wpcf7_locale\" value=\"en_US\" \/>\n<input type=\"hidden\" name=\"_wpcf7_unit_tag\" value=\"wpcf7-f6-o1\" \/>\n<input type=\"hidden\" name=\"_wpcf7_container_post\" value=\"0\" \/>\n<input type=\"hidden\" name=\"_wpcf7_posted_data_hash\" value=\"\" \/>\n<input type=\"hidden\" name=\"_wpcf7_recaptcha_response\" value=\"\" \/>\n<\/div>\n<p><label> Sinun nimesi<br \/>\n<span class=\"wpcf7-form-control-wrap\" data-name=\"your-name\"><input size=\"40\" class=\"wpcf7-form-control wpcf7-text wpcf7-validates-as-required\" aria-required=\"true\" aria-invalid=\"false\" value=\"\" type=\"text\" name=\"your-name\" \/><\/span> <\/label>\n<\/p>\n<p><label> S\u00e4hk\u00f6postisi<br \/>\n<span class=\"wpcf7-form-control-wrap\" data-name=\"your-email\"><input size=\"40\" class=\"wpcf7-form-control wpcf7-email wpcf7-validates-as-required wpcf7-text wpcf7-validates-as-email\" aria-required=\"true\" aria-invalid=\"false\" value=\"\" type=\"email\" name=\"your-email\" \/><\/span> <\/label>\n<\/p>\n<p><label> Aihe<br \/>\n<span class=\"wpcf7-form-control-wrap\" data-name=\"your-subject\"><input size=\"40\" class=\"wpcf7-form-control wpcf7-text wpcf7-validates-as-required\" aria-required=\"true\" aria-invalid=\"false\" value=\"\" type=\"text\" name=\"your-subject\" \/><\/span> <\/label>\n<\/p>\n<p><label> Sinun viestisi<br \/>\n<span class=\"wpcf7-form-control-wrap\" data-name=\"your-message\"><textarea cols=\"40\" rows=\"10\" class=\"wpcf7-form-control wpcf7-textarea wpcf7-validates-as-required\" aria-required=\"true\" aria-invalid=\"false\" name=\"your-message\"><\/textarea><\/span> <\/label>\n<\/p>\n<p><input class=\"wpcf7-form-control wpcf7-submit has-spinner\" type=\"submit\" value=\"L\u00e4het\u00e4\" \/>\n<\/p><div class=\"wpcf7-response-output\" aria-hidden=\"true\"><\/div>\n<input type=\"hidden\" name=\"trp-form-language\" value=\"fi\"\/><\/form>\n<\/div>\n<\/div>","protected":false},"excerpt":{"rendered":"<p>Contact Form and Information If you are a certified professional travel agency whose clients are looking for sustainable ways to discover Dalmatia, do not hesitate to contact us and talk about how we can join forces to do more good! [&hellip;]<\/p>","protected":false},"author":1,"featured_media":6154,"parent":0,"menu_order":0,"comment_status":"closed","ping_status":"closed","template":"","meta":{"footnotes":""},"class_list":["post-3090","page","type-page","status-publish","has-post-thumbnail","hentry"],"_links":{"self":[{"href":"https:\/\/visitsplitcroatia.com\/fi\/wp-json\/wp\/v2\/pages\/3090","targetHints":{"allow":["GET"]}}],"collection":[{"href":"https:\/\/visitsplitcroatia.com\/fi\/wp-json\/wp\/v2\/pages"}],"about":[{"href":"https:\/\/visitsplitcroatia.com\/fi\/wp-json\/wp\/v2\/types\/page"}],"author":[{"embeddable":true,"href":"https:\/\/visitsplitcroatia.com\/fi\/wp-json\/wp\/v2\/users\/1"}],"replies":[{"embeddable":true,"href":"https:\/\/visitsplitcroatia.com\/fi\/wp-json\/wp\/v2\/comments?post=3090"}],"version-history":[{"count":22,"href":"https:\/\/visitsplitcroatia.com\/fi\/wp-json\/wp\/v2\/pages\/3090\/revisions"}],"predecessor-version":[{"id":6985,"href":"https:\/\/visitsplitcroatia.com\/fi\/wp-json\/wp\/v2\/pages\/3090\/revisions\/6985"}],"wp:featuredmedia":[{"embeddable":true,"href":"https:\/\/visitsplitcroatia.com\/fi\/wp-json\/wp\/v2\/media\/6154"}],"wp:attachment":[{"href":"https:\/\/visitsplitcroatia.com\/fi\/wp-json\/wp\/v2\/media?parent=3090"}],"curies":[{"name":"wp","href":"https:\/\/api.w.org\/{rel}","templated":true}]}}