{"id":320,"date":"2016-12-22T10:07:06","date_gmt":"2016-12-22T10:07:06","guid":{"rendered":"http:\/\/themes.themegoods.com\/grandtour\/demo\/?page_id=320"},"modified":"2025-02-19T12:14:58","modified_gmt":"2025-02-19T12:14:58","slug":"faqs","status":"publish","type":"page","link":"https:\/\/visitsplitcroatia.com\/fi\/usein-kysyttyja-kysymyksia\/","title":{"rendered":"Usein kysytyt kysymykset"},"content":{"rendered":"<div class=\"mobilefaq\">\n<h2>Pikavalinta<\/h2>\n<div class=\"menu-faq-container\">\n<ul id=\"menu-faq\" class=\"menu\">\n<li id=\"menu-item-4549\" class=\"menu-item menu-item-type-custom menu-item-object-custom current-menu-item menu-item-4549\"><a href=\"https:\/\/visitsplitcroatia.com\/fi\/usein-kysyttyja-kysymyksia\/#payfaq\" aria-current=\"page\">Maksujen UKK<\/a><\/li>\n<li id=\"menu-item-4550\" class=\"menu-item menu-item-type-custom menu-item-object-custom current-menu-item menu-item-4550\"><a href=\"https:\/\/visitsplitcroatia.com\/fi\/usein-kysyttyja-kysymyksia\/#busfaq\" aria-current=\"page\">Split Open Top Bus Tour UKK<\/a><\/li>\n<li id=\"menu-item-4551\" class=\"menu-item menu-item-type-custom menu-item-object-custom current-menu-item menu-item-4551\"><a href=\"https:\/\/visitsplitcroatia.com\/fi\/usein-kysyttyja-kysymyksia\/#walkfaq\" aria-current=\"page\">Split Walking Tour UKK<\/a><\/li>\n<\/ul>\n<\/div>\n<\/div>\n<h2 id=\"payfaq\">Maksut<\/h2>\n<div class=\"pp_accordion_close has_icon\">\n<h3><a href=\"#\">Millaisia maksuja hyv\u00e4ksyt?<\/a><\/h3>\n<div>\n<p>Jos ostat lippuja toimistoltamme tai bussissa, hyv\u00e4ksymme k\u00e4teisen. Maksaessasi verkkokaupassamme hyv\u00e4ksymme Visa-, Maestro-, MasterCard-, American Express-, Diners Club-, Discover-, Dinacard-, Paysafe-kortit ja Kroatian maksusetelit.<\/p>\n<\/div>\n<\/div>\n<div class=\"pp_accordion_close has_icon\">\n<h3><a href=\"#\">K\u00e4yk\u00f6 teill\u00e4 luottokortti?<\/a><\/h3>\n<div>\n<p>Kyll\u00e4, hyv\u00e4ksymme Visa-, Maestro-, MasterCard- ja American Express-, Diners Club-, Discover-, Dinacard- ja Paysafe-kortit.<\/p>\n<\/div>\n<\/div>\n<div class=\"pp_accordion_close has_icon\">\n<h3><a href=\"#\">Voinko maksaa k\u00e4teisell\u00e4?<\/a><\/h3>\n<div>\n<p>Otamme k\u00e4teist\u00e4 vastaan kaikissa toimistoissamme ja busseissamme.<\/p>\n<\/div>\n<\/div>\n<h2 id=\"busfaq\">Split Open Top -bussikierros \/ Hop on Hop off -bussi \u2013 punainen viiva<\/h2>\n<div class=\"pp_accordion_close has_icon\">\n<h3><a href=\"#\">Toimitko joka p\u00e4iv\u00e4?<\/a><\/h3>\n<div>\n<p>1.4.-31.10. palvelemme joka p\u00e4iv\u00e4, paitsi risteilyalusten erikoisp\u00e4ivin\u00e4<\/p>\n<\/div>\n<\/div>\n<div class=\"pp_accordion_close has_icon\">\n<h3><a href=\"#\">Pit\u00e4\u00e4k\u00f6 minun varata etuk\u00e4teen?<\/a><\/h3>\n<div>\n<p>Ei, sinun ei tarvitse varata etuk\u00e4teen. Varaamalla etuk\u00e4teen verkossa voit kuitenkin s\u00e4\u00e4st\u00e4\u00e4 aikaa saapuessasi.<\/p>\n<\/div>\n<\/div>\n<div class=\"pp_accordion_close has_icon\">\n<h3><a href=\"#\">Mist\u00e4 voin ostaa lippuja?<\/a><\/h3>\n<div>\n<p>Voit varata ja ostaa lippusi eritt\u00e4in helposti \u2013 suoraan bussissa, toimistossamme tai verkossa<\/p>\n<\/div>\n<\/div>\n<div class=\"pp_accordion_close has_icon\">\n<h3><a href=\"#\">Hyv\u00e4ksytk\u00f6 luottokortit maksuihin?<\/a><\/h3>\n<div>\n<p>Kyll\u00e4, hyv\u00e4ksymme Visa-, Maestro-, MasterCard- ja American Express-, Diners Club-, Discover-, Dinacard- ja Paysafe-kortit.<\/p>\n<\/div>\n<\/div>\n<div class=\"pp_accordion_close has_icon\">\n<h3><a href=\"#\">Mihin aikaan bussisi l\u00e4htev\u00e4t?<\/a><\/h3>\n<div>\n<p>Punaisen linjan bussi l\u00e4htee 6 kertaa p\u00e4iv\u00e4ss\u00e4 ensimm\u00e4iselt\u00e4 pys\u00e4kilt\u00e4 \u2013 Riva (Promenade) L\u00e4ht\u00f6ajat ovat klo 10.30, 11.30, 12.30, 14.00, 15.30 ja 17.00. <\/p>\n<\/div>\n<\/div>\n<div class=\"pp_accordion_close has_icon\">\n<h3><a href=\"#\">Mihin aikaan on ensimm\u00e4inen ja viimeinen bussisi?<\/a><\/h3>\n<div>\n<p>Ensimm\u00e4inen kierros alkaa klo 10.30. ja viimeinen on klo 17.00.<\/p>\n<\/div>\n<\/div>\n<div class=\"pp_accordion_close has_icon\">\n<h3><a href=\"#\">Miss\u00e4 voin liitty\u00e4 kiertueelle?<\/a><\/h3>\n<div>\n<p>Ensimm\u00e4inen pys\u00e4kki on 1) Riva Promenade - kaupungin keskusta. Voit tavoittaa meid\u00e4t mill\u00e4 tahansa pys\u00e4keill\u00e4mme: 2) Ba\u010dvicen hiekkaranta, 3) Gripe-urheilukeskus, 4) arkeologinen museo, 5) jalkapallostadion &quot;Poljud&quot;, 6) Me\u0161trovi\u0107in galleria ja Kroatian arkeologisten monumenttien museo (MHAS) bussipys\u00e4kki, 7) Pyh\u00e4n Franciscuksen kirkko ja luostari. <\/p>\n<\/div>\n<\/div>\n<div class=\"pp_accordion_close has_icon\">\n<h3><a href=\"#\">Kuinka kauan panoraamakierros kest\u00e4\u00e4?<\/a><\/h3>\n<div>\n<p>Panoraamaajelu kest\u00e4\u00e4 n. 1 tunti.<\/p>\n<\/div>\n<\/div>\n<div class=\"pp_accordion_close has_icon\">\n<h3><a href=\"#\">Mik\u00e4 on bussisi istumakapasiteetti?<\/a><\/h3>\n<div>\n<p>Linja-autojemme kapasiteetti on 51 paikkaa pienemm\u00e4ss\u00e4 ja 57 paikkaa isossa.<\/p>\n<\/div>\n<\/div>\n<div class=\"pp_accordion_close has_icon\">\n<h3><a href=\"#\">Sis\u00e4lt\u00e4\u00e4k\u00f6 matkalippu sis\u00e4\u00e4np\u00e4\u00e4syn johonkin n\u00e4ht\u00e4vyyksist\u00e4?<\/a><\/h3>\n<div>\n<p>Ei, lippumme ei sis\u00e4ll\u00e4 sis\u00e4\u00e4np\u00e4\u00e4sy\u00e4 mihink\u00e4\u00e4n n\u00e4ht\u00e4vyyteen.<\/p>\n<\/div>\n<\/div>\n<div class=\"pp_accordion_close has_icon\">\n<h3><a href=\"#\">Mist\u00e4 tied\u00e4n, miss\u00e4 nousta pois?<\/a><\/h3>\n<div>\n<p>\u00c4\u00e4niopas ja osoittaa kaikki n\u00e4ht\u00e4vyydet ja pys\u00e4kit ja antaa sinulle ohjeet kuinka ja miss\u00e4 nouset bussiin ja poistumaan siit\u00e4. Aluksella on my\u00f6s englanninkielinen matkanjohtaja. <\/p>\n<\/div>\n<\/div>\n<div class=\"pp_accordion_close has_icon\">\n<h3><a href=\"#\">Onko sinulla alennushintoja ryhmille?<\/a><\/h3>\n<div>\n<p>Kyll\u00e4, meill\u00e4 on alennuksia ryhmille. Ennakkoilmoituksella voimme majoittaa ryhmi\u00e4 aikataulun mukaisille l\u00e4hd\u00f6illemme. Voimme kuitenkin j\u00e4rjest\u00e4\u00e4 my\u00f6s yksityisen kierroksen ryhm\u00e4llesi. Hinnat vaihtelevat ryhm\u00e4n koon ja ajankohdan mukaan. Soita tai l\u00e4het\u00e4 meille s\u00e4hk\u00f6postia, jotta voimme vastata sinulle nopeasti.<\/p>\n<\/div>\n<\/div>\n<div class=\"pp_accordion_close has_icon\">\n<h3><a href=\"#\">Kuinka voin vuokrata avoimen bussin tai toisen bussin ryhm\u00e4lleni tai erikoistapahtumaan?<\/a><\/h3>\n<div>\n<p>Soita meille numeroon +385 91 135 9914 saadaksesi lis\u00e4tietoja, niin autamme mielell\u00e4mme kaikissa kuljetustarpeissasi.<\/p>\n<\/div>\n<\/div>\n<div class=\"pp_accordion_close has_icon\">\n<h3><a href=\"#\">Tarjoatko yksityisi\u00e4 kiertoajeluja Splitiin?<\/a><\/h3>\n<div>\n<p>Kyll\u00e4, teemme. Teemme yksityisi\u00e4 kiertoajeluja Splitiin ja muihin alueen kaupunkeihin. Soita tai l\u00e4het\u00e4 meille s\u00e4hk\u00f6postia, jotta voimme antaa sinulle tarkan ja yksityiskohtaisen tarjouksen kyselysi mukaan.<\/p>\n<\/div>\n<\/div>\n<h2 id=\"walkfaq\">Jaettu k\u00e4velykierros<\/h2>\n<div class=\"pp_accordion_close has_icon\">\n<h3><a href=\"#\">Toimitko joka p\u00e4iv\u00e4?<\/a><\/h3>\n<div>\n<p>1.4.-31.10. palvelemme joka p\u00e4iv\u00e4.<\/p>\n<\/div>\n<\/div>\n<div class=\"pp_accordion_close has_icon\">\n<h3><a href=\"#\">Haluaisin aikataulun.<\/a><\/h3>\n<div>\n<p>1. huhtikuuta - 31. lokakuuta k\u00e4velykierros l\u00e4htee klo 9.30, 11.30, 13.30 ja 16.30 Jos et voi tehd\u00e4 k\u00e4velykierrosta sovittuun aikaan, ota yhteytt\u00e4. Voimme aina liitty\u00e4 muihin ryhmiin, jotka tekev\u00e4t kiertueen muulloin.<\/p>\n<\/div>\n<\/div>\n<div class=\"pp_accordion_close has_icon\">\n<h3><a href=\"#\">Mist\u00e4 voin ostaa lippuja?<\/a><\/h3>\n<div>\n<p>Voit varata ja ostaa lippusi toimistoltamme tai verkossa.<\/p>\n<\/div>\n<\/div>\n<div class=\"pp_accordion_close has_icon\">\n<h3><a href=\"#\">Hyv\u00e4ksytk\u00f6 luottokortit maksuihin?<\/a><\/h3>\n<div>\n<p>Kyll\u00e4, hyv\u00e4ksymme Visa-, Maestro-, MasterCard- ja American Express-, Diners Club-, Discover-, Dinacard- ja Paysafe-kortit.<\/p>\n<\/div>\n<\/div>\n<div class=\"pp_accordion_close has_icon\">\n<h3><a href=\"#\">Miss\u00e4 voin liitty\u00e4 kiertueelle?<\/a><\/h3>\n<div>\n<p>Tapaamispaikka on bussipys\u00e4kin edess\u00e4 Riva-promenadin it\u00e4p\u00e4\u00e4ss\u00e4, kaupungin keskustan vieress\u00e4.<\/p>\n<\/div>\n<\/div>\n<div class=\"pp_accordion_close has_icon\">\n<h3><a href=\"#\">Kuinka kauan kiertue kest\u00e4\u00e4<\/a><\/h3>\n<div>\n<p>Kiertue kest\u00e4\u00e4 n. 1 tunti<\/p>\n<\/div>\n<\/div>\n<div class=\"pp_accordion_close has_icon\">\n<h3><a href=\"#\">Sis\u00e4lt\u00e4\u00e4k\u00f6 matkalippu sis\u00e4\u00e4np\u00e4\u00e4syn johonkin n\u00e4ht\u00e4vyyksist\u00e4?<\/a><\/h3>\n<div>\n<p>Ei, lippumme ei sis\u00e4ll\u00e4 sis\u00e4\u00e4np\u00e4\u00e4sy\u00e4 mihink\u00e4\u00e4n n\u00e4ht\u00e4vyyteen.<\/p>\n<\/div>\n<\/div>\n<div class=\"pp_accordion_close has_icon\">\n<h3><a href=\"#\">Mist\u00e4 tied\u00e4n, miss\u00e4 nousta pois?<\/a><\/h3>\n<div>\n<p>Matkaoppaasi osoittaa kaikki n\u00e4ht\u00e4vyydet ja pys\u00e4kit ja antaa sinulle ohjeet kuinka ja miss\u00e4 nousta bussiin ja pois<\/p>\n<\/div>\n<\/div>\n<div class=\"pp_accordion_close has_icon\">\n<h3><a href=\"#\">Onko sinulla alennushintoja ryhmille?<\/a><\/h3>\n<div>\n<p>Kyll\u00e4, meill\u00e4 on alennuksia ryhmille. Ennakkoilmoituksella voimme majoittaa ryhmi\u00e4 aikataulun mukaisille l\u00e4hd\u00f6illemme. Voimme kuitenkin j\u00e4rjest\u00e4\u00e4 my\u00f6s yksityisen kierroksen ryhm\u00e4llesi. Hinnat vaihtelevat ryhm\u00e4n koon ja ajankohdan mukaan. Soita tai l\u00e4het\u00e4 meille s\u00e4hk\u00f6postia, jotta voimme vastata sinulle nopeasti.<\/p>\n<\/div>\n<\/div>\n<div class=\"pp_accordion_close has_icon\">\n<h3><a href=\"#\">Kuinka voin varata oppaan ryhm\u00e4lleni tai erityistapahtumaan?<\/a><\/h3>\n<div>\n<p>Soita meille numeroon +385 91 135 9914 saadaksesi lis\u00e4tietoja ja autamme mielell\u00e4mme kaikissa tarpeissasi.<\/p>\n<\/div>\n<\/div>\n<div class=\"pp_accordion_close has_icon\">\n<h3><a href=\"#\">Tarjoatko yksityisi\u00e4 kiertoajeluja Splitiin?<\/a><\/h3>\n<div>\n<p>Kyll\u00e4 me teemme. Meill\u00e4 on yksityisi\u00e4 kiertoajeluja Splitiss\u00e4, mukaan lukien sukkula-, paketti- ja k\u00e4velykierrokset.<\/p>\n<\/div>\n<\/div>","protected":false},"excerpt":{"rendered":"<p>Quick Select Payments FAQ Split Open Top Bus Tour FAQ Split Walking Tour FAQ Payments Split Open Top Bus Tour \/ Hop on Hop off Bus &#8211; Red line Split Walking Tour<\/p>","protected":false},"author":1,"featured_media":0,"parent":0,"menu_order":0,"comment_status":"closed","ping_status":"closed","template":"","meta":{"footnotes":""},"class_list":["post-320","page","type-page","status-publish","hentry"],"_links":{"self":[{"href":"https:\/\/visitsplitcroatia.com\/fi\/wp-json\/wp\/v2\/pages\/320","targetHints":{"allow":["GET"]}}],"collection":[{"href":"https:\/\/visitsplitcroatia.com\/fi\/wp-json\/wp\/v2\/pages"}],"about":[{"href":"https:\/\/visitsplitcroatia.com\/fi\/wp-json\/wp\/v2\/types\/page"}],"author":[{"embeddable":true,"href":"https:\/\/visitsplitcroatia.com\/fi\/wp-json\/wp\/v2\/users\/1"}],"replies":[{"embeddable":true,"href":"https:\/\/visitsplitcroatia.com\/fi\/wp-json\/wp\/v2\/comments?post=320"}],"version-history":[{"count":22,"href":"https:\/\/visitsplitcroatia.com\/fi\/wp-json\/wp\/v2\/pages\/320\/revisions"}],"predecessor-version":[{"id":6815,"href":"https:\/\/visitsplitcroatia.com\/fi\/wp-json\/wp\/v2\/pages\/320\/revisions\/6815"}],"wp:attachment":[{"href":"https:\/\/visitsplitcroatia.com\/fi\/wp-json\/wp\/v2\/media?parent=320"}],"curies":[{"name":"wp","href":"https:\/\/api.w.org\/{rel}","templated":true}]}}