{"id":4562,"date":"2022-06-11T15:05:04","date_gmt":"2022-06-11T15:05:04","guid":{"rendered":"https:\/\/visitsplitcroatia.com\/?page_id=4562"},"modified":"2022-06-21T10:28:57","modified_gmt":"2022-06-21T10:28:57","slug":"covus-pay","status":"publish","type":"page","link":"https:\/\/visitsplitcroatia.com\/fi\/covus-pay\/","title":{"rendered":"Verkkomaksujen turvallisuus"},"content":{"rendered":"<h3>Verkkomaksujen turvallisuus<\/h3>\n<p>Maksaessasi verkkokaupassamme k\u00e4yt\u00e4t CorvusPayta \u2013 edistynytt\u00e4 j\u00e4rjestelm\u00e4\u00e4 luottokorttien turvalliseen hyv\u00e4ksymiseen Internetiss\u00e4.<\/p>\n<p>CorvusPay-j\u00e4rjestelm\u00e4 varmistaa luottokorttitietojesi ja henkil\u00f6tietojesi t\u00e4ydellisen yksityisyyden siit\u00e4 hetkest\u00e4 l\u00e4htien, kun kirjoitat ne CorvusPay-maksulomakkeelle. Laskutukseen tarvittavat tiedot v\u00e4litet\u00e4\u00e4n salattuna verkkoselaimestasi maksukorttisi my\u00f6nt\u00e4neeseen pankkiin. Myym\u00e4l\u00e4mme ei koskaan joudu kosketuksiin arkaluontoisten maksukorttitietojesi kanssa. Vastaavasti CorvusPay-operaattorit eiv\u00e4t p\u00e4\u00e4se k\u00e4siksi kortinhaltijatietoihisi. Eristetty j\u00e4rjestelm\u00e4ydin v\u00e4litt\u00e4\u00e4 ja hallitsee itsen\u00e4isesti arkaluontoisia tietoja pit\u00e4en ne samalla t\u00e4ysin turvassa.<\/p>\n<p>Maksutietojen sy\u00f6tt\u00f6lomake on suojattu eritt\u00e4in luotettavalla SSL-l\u00e4hetyssalauksella. Kaikki tallennetut tiedot on lis\u00e4ksi suojattu korkealuokkaisella salauksella k\u00e4ytt\u00e4m\u00e4ll\u00e4 FIPS 140 2 Level 3 -standardin sertifioituja laitteita. CorvusPay t\u00e4ytt\u00e4\u00e4 kaikki johtavien luottokorttibr\u00e4ndien asettamat turvallisen verkkomaksun vaatimukset toimien PCI DSS Level 1 -standardin \u2013 maksukorttialan korkeimman turvallisuusstandardin \u2013 mukaisesti. 3-D Secure -ohjelmaan rekister\u00f6idyill\u00e4 korteilla suoritetut maksut edelleen todennetaan my\u00f6nt\u00e4v\u00e4 pankki, joka vahvistaa henkil\u00f6llisyytesi tunnuksella tai salasanalla.<\/p>\n<p>Kaikki Corvus Payn ker\u00e4\u00e4m\u00e4t tiedot katsotaan salaisiksi ja niit\u00e4 k\u00e4sitell\u00e4\u00e4n sen mukaisesti. Tietoja k\u00e4ytet\u00e4\u00e4n yksinomaan niihin tarkoituksiin, joihin ne on tarkoitettu. Arkaluontoiset tietosi ovat t\u00e4ysin<\/p>\n<p>turvallinen ja sen yksityisyys on taattu uusimpien suojamekanismien avulla. Ker\u00e4\u00e4mme vain ty\u00f6n suorittamiseen tarvittavat tiedot vaativien verkkomaksumenettelyjen mukaisesti.<\/p>\n<p>CorvusPay-infrastruktuurissa sovellettavat turvatarkastukset ja toimintatavat eiv\u00e4t ainoastaan takaa CorvusPayn nykyist\u00e4 luotettavuutta, vaan yll\u00e4pit\u00e4v\u00e4t ja parantavat jatkuvasti luottokorttitietojesi suojaustasot yll\u00e4pit\u00e4m\u00e4ll\u00e4 tiukkaa p\u00e4\u00e4syn valvontaa, s\u00e4\u00e4nn\u00f6llisi\u00e4 tietoturva- ja perusteellisia j\u00e4rjestelm\u00e4tarkistuksia verkon haavoittuvuuksien est\u00e4miseksi.<\/p>\n<p>Kiitos CorvusPayn k\u00e4ytt\u00e4misest\u00e4!<\/p>","protected":false},"excerpt":{"rendered":"<p>Security of Online Payments While conducting payments on our web shop you are using CorvusPay \u2013 an advanced system for secure acceptance of credit cards on the Internet. CorvusPay system ensures complete privacy of your credit card data and personal [&hellip;]<\/p>","protected":false},"author":1,"featured_media":0,"parent":0,"menu_order":0,"comment_status":"closed","ping_status":"closed","template":"","meta":{"footnotes":""},"class_list":["post-4562","page","type-page","status-publish","hentry"],"_links":{"self":[{"href":"https:\/\/visitsplitcroatia.com\/fi\/wp-json\/wp\/v2\/pages\/4562","targetHints":{"allow":["GET"]}}],"collection":[{"href":"https:\/\/visitsplitcroatia.com\/fi\/wp-json\/wp\/v2\/pages"}],"about":[{"href":"https:\/\/visitsplitcroatia.com\/fi\/wp-json\/wp\/v2\/types\/page"}],"author":[{"embeddable":true,"href":"https:\/\/visitsplitcroatia.com\/fi\/wp-json\/wp\/v2\/users\/1"}],"replies":[{"embeddable":true,"href":"https:\/\/visitsplitcroatia.com\/fi\/wp-json\/wp\/v2\/comments?post=4562"}],"version-history":[{"count":2,"href":"https:\/\/visitsplitcroatia.com\/fi\/wp-json\/wp\/v2\/pages\/4562\/revisions"}],"predecessor-version":[{"id":4564,"href":"https:\/\/visitsplitcroatia.com\/fi\/wp-json\/wp\/v2\/pages\/4562\/revisions\/4564"}],"wp:attachment":[{"href":"https:\/\/visitsplitcroatia.com\/fi\/wp-json\/wp\/v2\/media?parent=4562"}],"curies":[{"name":"wp","href":"https:\/\/api.w.org\/{rel}","templated":true}]}}