{"id":6125,"date":"2023-01-18T18:24:10","date_gmt":"2023-01-18T18:24:10","guid":{"rendered":"https:\/\/visitsplitcroatia.com\/?post_type=product&#038;p=6125"},"modified":"2025-03-17T13:04:16","modified_gmt":"2025-03-17T13:04:16","slug":"sights-of-split-on-the-go","status":"publish","type":"product","link":"https:\/\/visitsplitcroatia.com\/fi\/tuote\/split-nahtavyyksia-tien-paalla\/","title":{"rendered":"24h pass \u2013 P\u00e4iv\u00e4n paras"},"content":{"rendered":"<h2 style=\"text-align: center;\"><strong>Viemme sinut kaikkiin parhaisiin paikkoihin yhdess\u00e4 p\u00e4iv\u00e4ss\u00e4\u00a0<\/strong><strong>\u00a0<\/strong><\/h2>\n<p style=\"text-align: center;\">Etk\u00f6 ole varma mit\u00e4 tehd\u00e4 ja milloin? Hanki a<strong> 24 tunnin lippu \u2013 yhden p\u00e4iv\u00e4n lippu<\/strong>\u00a0ja tutkia omaan tahtiisi! Nauti lis\u00e4\u00e4 retkist\u00e4 yhden hinnalla!<\/p>","protected":false},"excerpt":{"rendered":"<p>We take you to all the best places in one day\u00a0\u00a0 Not sure what to do and when? Get a 24h pass &#8211; one day ticket\u00a0and explore at your own pace! Enjoy more tours for the price of one!<\/p>","protected":false},"featured_media":0,"template":"","meta":[],"product_cat":[15,56,68],"product_tag":[],"class_list":{"0":"post-6125","1":"product","2":"type-product","3":"status-publish","5":"product_cat-nature-and-heritage","6":"product_cat-split-tours","7":"product_cat-historical-tours","9":"first","10":"instock","11":"sale","12":"virtual","13":"purchasable","14":"product-type-simple"},"_links":{"self":[{"href":"https:\/\/visitsplitcroatia.com\/fi\/wp-json\/wp\/v2\/product\/6125","targetHints":{"allow":["GET"]}}],"collection":[{"href":"https:\/\/visitsplitcroatia.com\/fi\/wp-json\/wp\/v2\/product"}],"about":[{"href":"https:\/\/visitsplitcroatia.com\/fi\/wp-json\/wp\/v2\/types\/product"}],"wp:attachment":[{"href":"https:\/\/visitsplitcroatia.com\/fi\/wp-json\/wp\/v2\/media?parent=6125"}],"wp:term":[{"taxonomy":"product_cat","embeddable":true,"href":"https:\/\/visitsplitcroatia.com\/fi\/wp-json\/wp\/v2\/product_cat?post=6125"},{"taxonomy":"product_tag","embeddable":true,"href":"https:\/\/visitsplitcroatia.com\/fi\/wp-json\/wp\/v2\/product_tag?post=6125"}],"curies":[{"name":"wp","href":"https:\/\/api.w.org\/{rel}","templated":true}]}}