{"id":320,"date":"2016-12-22T10:07:06","date_gmt":"2016-12-22T10:07:06","guid":{"rendered":"http:\/\/themes.themegoods.com\/grandtour\/demo\/?page_id=320"},"modified":"2025-02-19T12:14:58","modified_gmt":"2025-02-19T12:14:58","slug":"faqs","status":"publish","type":"page","link":"https:\/\/visitsplitcroatia.com\/fr\/faq\/","title":{"rendered":"Questions fr\u00e9quemment pos\u00e9es"},"content":{"rendered":"<div class=\"mobilefaq\">\n<h2>S\u00e9lection rapide<\/h2>\n<div class=\"menu-faq-container\">\n<ul id=\"menu-faq\" class=\"menu\">\n<li id=\"menu-item-4549\" class=\"menu-item menu-item-type-custom menu-item-object-custom current-menu-item menu-item-4549\"><a href=\"https:\/\/visitsplitcroatia.com\/fr\/faq\/#payfaq\" aria-current=\"page\">FAQ sur les paiements<\/a><\/li>\n<li id=\"menu-item-4550\" class=\"menu-item menu-item-type-custom menu-item-object-custom current-menu-item menu-item-4550\"><a href=\"https:\/\/visitsplitcroatia.com\/fr\/faq\/#busfaq\" aria-current=\"page\">FAQ sur les visites en bus \u00e0 toit ouvert<\/a><\/li>\n<li id=\"menu-item-4551\" class=\"menu-item menu-item-type-custom menu-item-object-custom current-menu-item menu-item-4551\"><a href=\"https:\/\/visitsplitcroatia.com\/fr\/faq\/#walkfaq\" aria-current=\"page\">FAQ sur la visite \u00e0 pied de Split<\/a><\/li>\n<\/ul>\n<\/div>\n<\/div>\n<h2 id=\"payfaq\">Paiements<\/h2>\n<div class=\"pp_accordion_close has_icon\">\n<h3><a href=\"#\">Quels types de paiements acceptez-vous ?<\/a><\/h3>\n<div>\n<p>Si vous achetez vos billets \u00e0 notre agence ou dans le bus, nous acceptons les esp\u00e8ces. Pour les paiements en ligne sur notre site web, nous acceptons les cartes Visa, Maestro, MasterCard, American Express, Diners Club, Discover, Dinacard, Paysafecard et les billets de banque croates.<\/p>\n<\/div>\n<\/div>\n<div class=\"pp_accordion_close has_icon\">\n<h3><a href=\"#\">Acceptez-vous les cartes de cr\u00e9dit?<\/a><\/h3>\n<div>\n<p>Oui, nous acceptons les cartes Visa, Maestro, MasterCard et American Express, Diners Club, Discover, Dinacard, Paysafe.<\/p>\n<\/div>\n<\/div>\n<div class=\"pp_accordion_close has_icon\">\n<h3><a href=\"#\">Puis-je payer en esp\u00e8ces ?<\/a><\/h3>\n<div>\n<p>Nous acceptons les esp\u00e8ces dans tous nos bureaux et dans nos bus.<\/p>\n<\/div>\n<\/div>\n<h2 id=\"busfaq\">Bus touristique \u00e0 toit ouvert divis\u00e9 \/ Bus \u00e0 arr\u00eats multiples \u2013 Ligne rouge<\/h2>\n<div class=\"pp_accordion_close has_icon\">\n<h3><a href=\"#\">Vous op\u00e9rez tous les jours ?<\/a><\/h3>\n<div>\n<p>Du 1er avril au 31 octobre, nous op\u00e9rons tous les jours, sauf les jours sp\u00e9ciaux des navires de croisi\u00e8re<\/p>\n<\/div>\n<\/div>\n<div class=\"pp_accordion_close has_icon\">\n<h3><a href=\"#\">Dois-je r\u00e9server \u00e0 l&#039;avance ?<\/a><\/h3>\n<div>\n<p>Non, il n&#039;est pas n\u00e9cessaire de r\u00e9server \u00e0 l&#039;avance. Cependant, en r\u00e9servant en ligne, vous gagnerez du temps \u00e0 votre arriv\u00e9e.<\/p>\n<\/div>\n<\/div>\n<div class=\"pp_accordion_close has_icon\">\n<h3><a href=\"#\">O\u00f9 puis-je acheter des billets?<\/a><\/h3>\n<div>\n<p>Vous pouvez r\u00e9server et acheter votre billet tr\u00e8s facilement \u2013 directement dans le bus, dans notre agence ou en ligne<\/p>\n<\/div>\n<\/div>\n<div class=\"pp_accordion_close has_icon\">\n<h3><a href=\"#\">Acceptez-vous les cartes de cr\u00e9dit pour les paiements ?<\/a><\/h3>\n<div>\n<p>Oui, nous acceptons les cartes Visa, Maestro, MasterCard et American Express, Diners Club, Discover, Dinacard, Paysafe.<\/p>\n<\/div>\n<\/div>\n<div class=\"pp_accordion_close has_icon\">\n<h3><a href=\"#\">A quelle heure partent vos bus ?<\/a><\/h3>\n<div>\n<p>La ligne de bus rouge part 6 fois par jour du premier arr\u00eat \u2013 Riva (Promenade). Les heures de d\u00e9part sont \u00e0 10h30, 11h30, 00h30, 14h00, 15h30 et 17h00. <\/p>\n<\/div>\n<\/div>\n<div class=\"pp_accordion_close has_icon\">\n<h3><a href=\"#\">\u00c0 quelle heure sont votre premier et dernier bus ?<\/a><\/h3>\n<div>\n<p>La premi\u00e8re visite commence \u00e0 10h30 et la derni\u00e8re \u00e0 17h00.<\/p>\n<\/div>\n<\/div>\n<div class=\"pp_accordion_close has_icon\">\n<h3><a href=\"#\">O\u00f9 puis-je participer \u00e0 la visite ?<\/a><\/h3>\n<div>\n<p>Le premier arr\u00eat est 1) Promenade Riva \u2013 centre-ville. Vous pouvez nous rejoindre \u00e0 tous nos arr\u00eats\u00a0: 2) Plage de sable de Ba\u010dvice, 3) Centre sportif de Gripe, 4) Mus\u00e9e arch\u00e9ologique, 5) Stade de football \u00ab\u00a0Poljud\u00a0\u00bb, 6) Arr\u00eat de bus \u00ab\u00a0Galerie Me\u0161trovi\u0107 et Mus\u00e9e des monuments arch\u00e9ologiques croates\u00a0\u00bb (MHAS), 7) \u00c9glise et monast\u00e8re Saint-Fran\u00e7ois. <\/p>\n<\/div>\n<\/div>\n<div class=\"pp_accordion_close has_icon\">\n<h3><a href=\"#\">Combien de temps dure le tour panoramique ?<\/a><\/h3>\n<div>\n<p>Le tour panoramique dure environ 1 heure.<\/p>\n<\/div>\n<\/div>\n<div class=\"pp_accordion_close has_icon\">\n<h3><a href=\"#\">Quelle est la capacit\u00e9 d&#039;accueil de votre bus ?<\/a><\/h3>\n<div>\n<p>La capacit\u00e9 d&#039;accueil de nos bus est de 51 places pour le plus petit et de 57 places pour le plus grand.<\/p>\n<\/div>\n<\/div>\n<div class=\"pp_accordion_close has_icon\">\n<h3><a href=\"#\">Le billet de visite comprend-il l&#039;entr\u00e9e \u00e0 l&#039;une des attractions ?<\/a><\/h3>\n<div>\n<p>Non, notre billet n&#039;inclut pas l&#039;entr\u00e9e aux attractions.<\/p>\n<\/div>\n<\/div>\n<div class=\"pp_accordion_close has_icon\">\n<h3><a href=\"#\">Comment saurai-je o\u00f9 descendre ?<\/a><\/h3>\n<div>\n<p>L&#039;audioguide vous indiquera tous les sites et arr\u00eats et vous indiquera comment et o\u00f9 monter et descendre du bus. Un guide anglophone est \u00e9galement pr\u00e9sent \u00e0 bord. <\/p>\n<\/div>\n<\/div>\n<div class=\"pp_accordion_close has_icon\">\n<h3><a href=\"#\">Avez-vous des tarifs r\u00e9duits pour les groupes ?<\/a><\/h3>\n<div>\n<p>Oui, nous proposons des r\u00e9ductions pour les groupes. Sur simple notification pr\u00e9alable, nous pouvons accueillir des groupes lors de nos d\u00e9parts programm\u00e9s. Nous pouvons \u00e9galement organiser une visite priv\u00e9e pour votre groupe. Les tarifs varient selon la taille du groupe et la dur\u00e9e du voyage. Veuillez nous appeler ou nous envoyer un e-mail pour que nous puissions vous r\u00e9pondre rapidement.<\/p>\n<\/div>\n<\/div>\n<div class=\"pp_accordion_close has_icon\">\n<h3><a href=\"#\">Comment puis-je louer un bus ouvert ou un autre bus pour mon groupe ou un \u00e9v\u00e9nement sp\u00e9cial ?<\/a><\/h3>\n<div>\n<p>Veuillez nous appeler au +385 91 135 9914 pour plus de d\u00e9tails et nous serons heureux de vous aider avec tous vos besoins de transport.<\/p>\n<\/div>\n<\/div>\n<div class=\"pp_accordion_close has_icon\">\n<h3><a href=\"#\">Proposez-vous des visites guid\u00e9es priv\u00e9es de Split ?<\/a><\/h3>\n<div>\n<p>Oui. Nous proposons des visites guid\u00e9es priv\u00e9es de Split et d&#039;autres villes de la r\u00e9gion. N&#039;h\u00e9sitez pas \u00e0 nous appeler ou \u00e0 nous envoyer un e-mail pour que nous puissions vous proposer une offre pr\u00e9cise et d\u00e9taill\u00e9e, adapt\u00e9e \u00e0 votre demande.<\/p>\n<\/div>\n<\/div>\n<h2 id=\"walkfaq\">Visite \u00e0 pied de Split<\/h2>\n<div class=\"pp_accordion_close has_icon\">\n<h3><a href=\"#\">Vous op\u00e9rez tous les jours ?<\/a><\/h3>\n<div>\n<p>Du 1er avril au 31 octobre nous op\u00e9rons tous les jours.<\/p>\n<\/div>\n<\/div>\n<div class=\"pp_accordion_close has_icon\">\n<h3><a href=\"#\">Avez-vous les horaires\u00a0?<\/a><\/h3>\n<div>\n<p>Du 1er avril au 31 octobre, les visites \u00e0 pied ont lieu \u00e0 9h30, 11h30, 13h30 et 16h30. Si vous ne pouvez pas faire la visite \u00e0 l&#039;heure pr\u00e9vue, veuillez nous contacter. Nous pouvons toujours vous rejoindre avec d&#039;autres groupes qui font la visite \u00e0 un autre moment.<\/p>\n<\/div>\n<\/div>\n<div class=\"pp_accordion_close has_icon\">\n<h3><a href=\"#\">O\u00f9 puis-je acheter des billets?<\/a><\/h3>\n<div>\n<p>Vous pouvez r\u00e9server et acheter votre billet dans notre agence ou en ligne.<\/p>\n<\/div>\n<\/div>\n<div class=\"pp_accordion_close has_icon\">\n<h3><a href=\"#\">Acceptez-vous les cartes de cr\u00e9dit pour les paiements ?<\/a><\/h3>\n<div>\n<p>Oui, nous acceptons les cartes Visa, Maestro, MasterCard et American Express, Diners Club, Discover, Dinacard, Paysafe.<\/p>\n<\/div>\n<\/div>\n<div class=\"pp_accordion_close has_icon\">\n<h3><a href=\"#\">O\u00f9 puis-je participer \u00e0 la visite ?<\/a><\/h3>\n<div>\n<p>Le point de rendez-vous est devant l&#039;arr\u00eat de bus \u00e0 l&#039;extr\u00e9mit\u00e9 est de la promenade Riva, \u00e0 c\u00f4t\u00e9 du centre-ville.<\/p>\n<\/div>\n<\/div>\n<div class=\"pp_accordion_close has_icon\">\n<h3><a href=\"#\">Combien de temps dure la visite<\/a><\/h3>\n<div>\n<p>La visite dure environ 1 heure<\/p>\n<\/div>\n<\/div>\n<div class=\"pp_accordion_close has_icon\">\n<h3><a href=\"#\">Le billet de visite comprend-il l&#039;entr\u00e9e \u00e0 l&#039;une des attractions ?<\/a><\/h3>\n<div>\n<p>Non, notre billet n&#039;inclut pas l&#039;entr\u00e9e aux attractions.<\/p>\n<\/div>\n<\/div>\n<div class=\"pp_accordion_close has_icon\">\n<h3><a href=\"#\">Comment saurai-je o\u00f9 descendre ?<\/a><\/h3>\n<div>\n<p>Votre guide vous indiquera tous les sites et arr\u00eats et vous donnera des instructions sur comment et o\u00f9 monter et descendre du bus.<\/p>\n<\/div>\n<\/div>\n<div class=\"pp_accordion_close has_icon\">\n<h3><a href=\"#\">Avez-vous des tarifs r\u00e9duits pour les groupes ?<\/a><\/h3>\n<div>\n<p>Oui, nous proposons des r\u00e9ductions pour les groupes. Sur simple notification pr\u00e9alable, nous pouvons accueillir des groupes lors de nos d\u00e9parts programm\u00e9s. Nous pouvons \u00e9galement organiser une visite priv\u00e9e pour votre groupe. Les tarifs varient selon la taille du groupe et la dur\u00e9e du voyage. Veuillez nous appeler ou nous envoyer un e-mail pour que nous puissions vous r\u00e9pondre rapidement.<\/p>\n<\/div>\n<\/div>\n<div class=\"pp_accordion_close has_icon\">\n<h3><a href=\"#\">Comment puis-je r\u00e9server un guide pour mon groupe ou mon \u00e9v\u00e9nement sp\u00e9cial ?<\/a><\/h3>\n<div>\n<p>Veuillez nous appeler au +385 91 135 9914 pour plus de d\u00e9tails et nous serons heureux de vous aider avec tous vos besoins.<\/p>\n<\/div>\n<\/div>\n<div class=\"pp_accordion_close has_icon\">\n<h3><a href=\"#\">Proposez-vous des visites guid\u00e9es priv\u00e9es de Split ?<\/a><\/h3>\n<div>\n<p>Oui. Nous proposons des visites guid\u00e9es priv\u00e9es de Split, avec navette, minibus et visites \u00e0 pied.<\/p>\n<\/div>\n<\/div>","protected":false},"excerpt":{"rendered":"<p>FAQ sur les paiements \u00e0 s\u00e9lection rapide FAQ sur les visites en bus \u00e0 toit ouvert divis\u00e9 FAQ sur les visites \u00e0 pied divis\u00e9es Paiements Visite en bus \u00e0 toit ouvert divis\u00e9 \/ Bus \u00e0 arr\u00eats multiples - Ligne rouge Visite \u00e0 pied divis\u00e9e<\/p>","protected":false},"author":1,"featured_media":0,"parent":0,"menu_order":0,"comment_status":"closed","ping_status":"closed","template":"","meta":{"footnotes":""},"class_list":["post-320","page","type-page","status-publish","hentry"],"_links":{"self":[{"href":"https:\/\/visitsplitcroatia.com\/fr\/wp-json\/wp\/v2\/pages\/320","targetHints":{"allow":["GET"]}}],"collection":[{"href":"https:\/\/visitsplitcroatia.com\/fr\/wp-json\/wp\/v2\/pages"}],"about":[{"href":"https:\/\/visitsplitcroatia.com\/fr\/wp-json\/wp\/v2\/types\/page"}],"author":[{"embeddable":true,"href":"https:\/\/visitsplitcroatia.com\/fr\/wp-json\/wp\/v2\/users\/1"}],"replies":[{"embeddable":true,"href":"https:\/\/visitsplitcroatia.com\/fr\/wp-json\/wp\/v2\/comments?post=320"}],"version-history":[{"count":22,"href":"https:\/\/visitsplitcroatia.com\/fr\/wp-json\/wp\/v2\/pages\/320\/revisions"}],"predecessor-version":[{"id":6815,"href":"https:\/\/visitsplitcroatia.com\/fr\/wp-json\/wp\/v2\/pages\/320\/revisions\/6815"}],"wp:attachment":[{"href":"https:\/\/visitsplitcroatia.com\/fr\/wp-json\/wp\/v2\/media?parent=320"}],"curies":[{"name":"wp","href":"https:\/\/api.w.org\/{rel}","templated":true}]}}