{"id":7274,"date":"2025-03-11T10:10:49","date_gmt":"2025-03-11T10:10:49","guid":{"rendered":"https:\/\/visitsplitcroatia.com\/?page_id=7274"},"modified":"2026-02-27T17:10:37","modified_gmt":"2026-02-27T17:10:37","slug":"sightseeing-bus-tours","status":"publish","type":"page","link":"https:\/\/visitsplitcroatia.com\/fr\/visites-guidees-en-bus\/","title":{"rendered":"Circuits touristiques en bus"},"content":{"rendered":"<h3 class=\"wp-block-heading has-text-align-center has-text-color has-link-color wp-elements-4b863f8f380e8c5b1dd35974a640f803\" style=\"color:#ed1d23\"><a href=\"https:\/\/visitsplitcroatia.com\/fr\/tour\/split-panoramic-tour\/\">Ligne rouge<\/a><\/h3>\n\n\n\n<h4 class=\"wp-block-heading has-text-align-center has-black-color has-text-color has-link-color wp-elements-0e286be140cf83318b0f283e1e593401\"><a href=\"https:\/\/visitsplitcroatia.com\/fr\/tour\/split-panoramic-tour\/\">Hop On &#8211; Hop Off Split City Tour<\/a><\/h4>\n\n\n\n<div style=\"height:30px\" aria-hidden=\"true\" class=\"wp-block-spacer\"><\/div>\n\n\n\n<p class=\"has-text-align-center\">Explorez Split sans effort gr\u00e2ce \u00e0 nos bus \u00e0 arr\u00eats multiples\u00a0! Ce service pratique et <strong>balade panoramique <\/strong>offre des vues imprenables depuis la<span style=\"color: #000000;\"> <strong>pont ouvert<\/strong><\/span>\u2014parfait pour capturer de superbes photos. Juste<span style=\"color: #000000;\"> <strong>monter \u00e0 bord<\/strong><\/span>, et nous vous am\u00e8nerons \u00e0 votre destination o\u00f9 vous pourrez <span style=\"color: #000000;\"><strong>arr\u00eats multiples<\/strong><\/span> \u00e0 explorer \u00e0 votre rythme.&nbsp;<\/p>\n\n\n\n<p class=\"has-text-align-center\">Tous les bus touristiques City Sightseeing Split sont \u00e9quip\u00e9s de syst\u00e8mes de pointe. <strong>Commentaire multilingue HD.<\/strong> Les invit\u00e9s peuvent profiter de l&#039;histoire de Split dans leur langue maternelle : anglais, italien, espagnol, fran\u00e7ais, allemand, portugais, n\u00e9erlandais, russe, su\u00e9dois et croate sont disponibles.<\/p>\n\n\n\n<figure class=\"wp-block-gallery has-nested-images columns-default is-cropped wp-block-gallery-1 is-layout-flex wp-block-gallery-is-layout-flex\">\n<figure class=\"wp-block-image size-large\"><a href=\"https:\/\/visitsplitcroatia.com\/fr\/tour\/split-panoramic-tour\/\"><img decoding=\"async\" width=\"1024\" height=\"683\" data-id=\"6636\" src=\"https:\/\/visitsplitcroatia.com\/wp-content\/uploads\/2023\/03\/split-free-walking-tour-1-1024x683.jpg\" alt=\"\" class=\"wp-image-6636\"\/><\/a><\/figure>\n\n\n\n<figure class=\"wp-block-image size-large\"><a href=\"https:\/\/visitsplitcroatia.com\/fr\/tour\/split-panoramic-tour\/\"><img decoding=\"async\" width=\"1024\" height=\"768\" data-id=\"6856\" src=\"https:\/\/visitsplitcroatia.com\/wp-content\/uploads\/2025\/02\/bb-1200-900-1-1024x768.png\" alt=\"\" class=\"wp-image-6856\"\/><\/a><\/figure>\n\n\n\n<figure class=\"wp-block-image size-large\"><a href=\"https:\/\/visitsplitcroatia.com\/fr\/tour\/split-panoramic-tour\/\"><img decoding=\"async\" width=\"1024\" height=\"576\" data-id=\"6792\" src=\"https:\/\/visitsplitcroatia.com\/wp-content\/uploads\/2023\/01\/split-1920-1080-1024x576.png\" alt=\"\" class=\"wp-image-6792\"\/><\/a><\/figure>\n<\/figure>\n\n\n\n<div style=\"height:50px\" aria-hidden=\"true\" class=\"wp-block-spacer\"><\/div>\n\n\n\n<h3 class=\"wp-block-heading has-text-align-center has-text-color has-link-color wp-elements-2e974dd8a79e580b48b3b722be1c86a5\" style=\"color:#169bd7\"><a href=\"https:\/\/visitsplitcroatia.com\/fr\/tour\/big-historical-tour\/\">Ligne bleue&nbsp;<\/a><\/h3>\n\n\n\n<h4 class=\"wp-block-heading has-text-align-center has-black-color has-text-color has-link-color wp-elements-46d2a1d4321e64c868314fba94c9ef6d\"><a href=\"https:\/\/visitsplitcroatia.com\/fr\/tour\/big-historical-tour\/\">Dalmatian Heritage Excursion (Trogir &#8211; Klis &#8211; Olive Museum &#8211; Split)<\/a><\/h4>\n\n\n\n<div style=\"height:30px\" aria-hidden=\"true\" class=\"wp-block-spacer\"><\/div>\n\n\n\n<p class=\"has-text-align-center\">Spend the day uncovering Dalmatia\u2019s history and nature. Travel in comfort from Trogir\u2019s charming streets to the breathtaking Klis Fortress views. With our expert guide, you\u2019ll dive into the region\u2019s fascinating legacy.<\/p>\n\n\n\n<figure class=\"wp-block-gallery has-nested-images columns-default is-cropped wp-block-gallery-2 is-layout-flex wp-block-gallery-is-layout-flex\">\n<figure class=\"wp-block-image size-full\"><img decoding=\"async\" width=\"1024\" height=\"683\" data-id=\"4419\" src=\"https:\/\/visitsplitcroatia.com\/wp-content\/uploads\/2022\/06\/trogir.webp\" alt=\"La Riviera de Trogir \u00e0 la lumi\u00e8re du jour\" class=\"wp-image-4419\"\/><\/figure>\n\n\n\n<figure class=\"wp-block-image size-large\"><a href=\"https:\/\/visitsplitcroatia.com\/fr\/tour\/big-historical-tour\/\"><img decoding=\"async\" width=\"1024\" height=\"724\" data-id=\"6723\" src=\"https:\/\/visitsplitcroatia.com\/wp-content\/uploads\/2024\/02\/2-1024x724.jpg\" alt=\"\" class=\"wp-image-6723\"\/><\/a><\/figure>\n\n\n\n<figure class=\"wp-block-image size-large\"><a href=\"https:\/\/visitsplitcroatia.com\/fr\/tour\/big-historical-tour\/\"><img decoding=\"async\" width=\"910\" height=\"683\" data-id=\"6857\" src=\"https:\/\/visitsplitcroatia.com\/wp-content\/uploads\/2025\/02\/Klis-r-edited.png\" alt=\"Coucher de soleil sur la forteresse de Klis\" class=\"wp-image-6857\"\/><\/a><\/figure>\n<\/figure>\n\n\n\n<div style=\"height:50px\" aria-hidden=\"true\" class=\"wp-block-spacer\"><\/div>\n\n\n\n<h3 class=\"wp-block-heading has-text-align-center has-text-color has-link-color wp-elements-e314107107b9c03e4d178bbbf64fa5a0\" style=\"color:#00a54f\"><a href=\"https:\/\/visitsplitcroatia.com\/fr\/tour\/dalmatia-for-nature-lovers-countryside-half-day-tour\/\">Ligne verte<\/a><\/h3>\n\n\n\n<h4 class=\"wp-block-heading has-text-align-center has-black-color has-text-color has-link-color wp-elements-9fcd250ab71f094353932a6469549f71\"><a href=\"https:\/\/visitsplitcroatia.com\/fr\/tour\/dalmatia-for-nature-lovers-countryside-half-day-tour\/\" target=\"_blank\" rel=\"noreferrer noopener\">&nbsp;Dalmatia&#8217;s Hinterland Hop On &#8211; Hop Off <\/a><\/h4>\n\n\n\n<div style=\"height:30px\" aria-hidden=\"true\" class=\"wp-block-spacer\"><\/div>\n\n\n\n<p class=\"has-text-align-center\">Hop on the Green Line and discover the very best of Dalmatia at your own pace. From the ancient <strong>Salona archaeological park<\/strong> to the iconic <strong>Forteresse de Klis<\/strong>\u2014a famous Game of Thrones filming location\u2014history comes alive at every stop. Enjoy the <strong>Dalmatie cach\u00e9e <\/strong>Multimedia Centre, visit the award-winning <strong>Mus\u00e9e de l&#039;huile d&#039;olive<\/strong>, and take a relaxing break at <strong>\u017dnjan beach<\/strong>.<\/p>\n\n\n\n<figure class=\"wp-block-gallery has-nested-images columns-default is-cropped wp-block-gallery-3 is-layout-flex wp-block-gallery-is-layout-flex\">\n<figure class=\"wp-block-image size-large\"><a href=\"https:\/\/visitsplitcroatia.com\/fr\/tour\/dalmatia-for-nature-lovers-countryside-half-day-tour\/\"><img decoding=\"async\" width=\"786\" height=\"498\" data-id=\"6962\" src=\"https:\/\/visitsplitcroatia.com\/wp-content\/uploads\/2024\/02\/stella-Croatica.jpg\" alt=\"\" class=\"wp-image-6962\"\/><\/a><\/figure>\n\n\n\n<figure class=\"wp-block-image size-large\"><img decoding=\"async\" width=\"1024\" height=\"683\" data-id=\"6337\" src=\"https:\/\/visitsplitcroatia.com\/wp-content\/uploads\/2023\/01\/salona-web-1024x683.jpg\" alt=\"Salona Manastirine\" class=\"wp-image-6337\"\/><\/figure>\n\n\n\n<figure class=\"wp-block-image size-large\"><a href=\"https:\/\/visitsplitcroatia.com\/fr\/tour\/dalmatia-for-nature-lovers-countryside-half-day-tour\/\"><img decoding=\"async\" width=\"1024\" height=\"683\" data-id=\"6207\" src=\"https:\/\/visitsplitcroatia.com\/wp-content\/uploads\/2023\/01\/KLIS-4-1024x683.jpg\" alt=\"\" class=\"wp-image-6207\"\/><\/a><\/figure>\n<\/figure>\n\n\n\n<div style=\"height:50px\" aria-hidden=\"true\" class=\"wp-block-spacer\"><\/div>\n\n\n\n<h3 class=\"wp-block-heading has-text-align-center has-text-color has-link-color wp-elements-7d1184f594f459e421b073ce7a77a1c4\" style=\"color:#fdc011\"><a href=\"https:\/\/visitsplitcroatia.com\/fr\/tour\/sunset-klis-fortress\/\">Coucher de soleil \u00e0 Klis&nbsp;<\/a><\/h3>\n\n\n\n<h4 class=\"wp-block-heading has-text-align-center has-black-color has-text-color has-link-color wp-elements-0509dc4f020d117dfceb6527accb4bdf\"><a href=\"https:\/\/visitsplitcroatia.com\/fr\/tour\/sunset-klis-fortress\/\">La forteresse surplombant Split<\/a><\/h4>\n\n\n\n<div style=\"height:30px\" aria-hidden=\"true\" class=\"wp-block-spacer\"><\/div>\n\n\n\n<p class=\"has-text-align-center\">\u00cates-vous pr\u00eat pour une visite qui allie histoire, vues \u00e0 couper le souffle et une visite \u00e0 l&#039;un des <strong>Game of Thrones&#039;<\/strong> Des lieux de tournage embl\u00e9matiques ? La visite de la forteresse de Klis au coucher du soleil vous emm\u00e8ne dans un voyage \u00e0 travers le temps, offrant <strong>panoramas \u00e9poustouflants<\/strong> de Split, de l&#039;Adriatique et au-del\u00e0. Au coucher du soleil sur la forteresse, vous assisterez \u00e0 un spectacle magique qui rendra cette exp\u00e9rience inoubliable.<\/p>\n\n\n\n<figure class=\"wp-block-gallery has-nested-images columns-default is-cropped wp-block-gallery-4 is-layout-flex wp-block-gallery-is-layout-flex\">\n<figure class=\"wp-block-image size-large\"><a href=\"https:\/\/visitsplitcroatia.com\/fr\/tour\/sunset-klis-fortress\/\"><img decoding=\"async\" width=\"1024\" height=\"576\" data-id=\"6799\" src=\"https:\/\/visitsplitcroatia.com\/wp-content\/uploads\/2023\/01\/sunset-1920-1080-1024x576.png\" alt=\"\" class=\"wp-image-6799\"\/><\/a><\/figure>\n\n\n\n<figure class=\"wp-block-image size-large\"><a href=\"https:\/\/visitsplitcroatia.com\/fr\/tour\/sunset-klis-fortress\/\"><img decoding=\"async\" width=\"1024\" height=\"683\" data-id=\"6206\" src=\"https:\/\/visitsplitcroatia.com\/wp-content\/uploads\/2023\/01\/KLIS-3-1024x683.jpg\" alt=\"\" class=\"wp-image-6206\"\/><\/a><\/figure>\n\n\n\n<figure class=\"wp-block-image size-full\"><a href=\"https:\/\/visitsplitcroatia.com\/fr\/tour\/sunset-klis-fortress\/\"><img decoding=\"async\" width=\"856\" height=\"478\" data-id=\"6939\" src=\"https:\/\/visitsplitcroatia.com\/wp-content\/uploads\/2025\/02\/bus-klis.jpg\" alt=\"\" class=\"wp-image-6939\"\/><\/a><\/figure>\n<\/figure>\n\n\n\n<p><\/p>","protected":false},"excerpt":{"rendered":"<p>Red Line Hop On &#8211; Hop Off Split City Tour Explore Split effortlessly with our Hop-on Hop-of buses! This convenient and scenic ride offers unbeatable views from the open-top deck\u2014perfect for capturing stunning photos. Just hop-on, and we\u2019ll get you [&hellip;]<\/p>","protected":false},"author":72,"featured_media":7280,"parent":0,"menu_order":0,"comment_status":"closed","ping_status":"closed","template":"","meta":{"footnotes":""},"class_list":["post-7274","page","type-page","status-publish","has-post-thumbnail","hentry"],"_links":{"self":[{"href":"https:\/\/visitsplitcroatia.com\/fr\/wp-json\/wp\/v2\/pages\/7274","targetHints":{"allow":["GET"]}}],"collection":[{"href":"https:\/\/visitsplitcroatia.com\/fr\/wp-json\/wp\/v2\/pages"}],"about":[{"href":"https:\/\/visitsplitcroatia.com\/fr\/wp-json\/wp\/v2\/types\/page"}],"author":[{"embeddable":true,"href":"https:\/\/visitsplitcroatia.com\/fr\/wp-json\/wp\/v2\/users\/72"}],"replies":[{"embeddable":true,"href":"https:\/\/visitsplitcroatia.com\/fr\/wp-json\/wp\/v2\/comments?post=7274"}],"version-history":[{"count":11,"href":"https:\/\/visitsplitcroatia.com\/fr\/wp-json\/wp\/v2\/pages\/7274\/revisions"}],"predecessor-version":[{"id":7974,"href":"https:\/\/visitsplitcroatia.com\/fr\/wp-json\/wp\/v2\/pages\/7274\/revisions\/7974"}],"wp:featuredmedia":[{"embeddable":true,"href":"https:\/\/visitsplitcroatia.com\/fr\/wp-json\/wp\/v2\/media\/7280"}],"wp:attachment":[{"href":"https:\/\/visitsplitcroatia.com\/fr\/wp-json\/wp\/v2\/media?parent=7274"}],"curies":[{"name":"wp","href":"https:\/\/api.w.org\/{rel}","templated":true}]}}