{"id":2465,"date":"2016-12-24T04:38:09","date_gmt":"2016-12-24T04:38:09","guid":{"rendered":"http:\/\/themes.themegoods.com\/grandtour\/demo\/?page_id=2465"},"modified":"2026-01-22T13:47:05","modified_gmt":"2026-01-22T13:47:05","slug":"about-apodos","status":"publish","type":"page","link":"https:\/\/visitsplitcroatia.com\/hr\/o-apodos\/","title":{"rendered":"O Apodosu"},"content":{"rendered":"<div class=\"one withsmallpadding ppb_header parallax withbg\" style=\"min-height 80vh!important;background-image: url('https:\/\/visitsplitcroatia.com\/wp-content\/uploads\/2023\/01\/LINKEDIN-BANNER-12470.png'); background-position: center top; text-align: center; padding: 120px 0 120px 0; color: #ffffff;\">\r\n<div class=\"overlay_background\" style=\"background: rgba(0,0,0,0.45);\">\r\n<p><strong>ODR\u017dIVO RAZGLEDAVANJE ZA SVAKOGA<\/strong><\/p>\r\n<p>Poticanje odgovornijeg na\u010dina razgledavanja<\/p>\r\n<p>Podr\u017eavaju\u0107i na\u0161u viziju i pridru\u017euju\u0107i se na\u0161im turama, poma\u017eete stvoriti bolju verziju turizma!<\/p>\r\n<p>&nbsp;<\/p>\r\n<\/div>\r\n<div class=\"standard_wrapper\">\r\n<div class=\"page_content_wrapper\">\r\n<div class=\"inner\">\r\n<div style=\"margin: auto; width: 60%;\">\r\n<div class=\"ppb_header_content\">\r\n<div class=\"page_tagline\" style=\"color: #ffffff;\">\u00a0<\/div>\r\n<\/div>\r\n<\/div>\r\n<\/div>\r\n<\/div>\r\n<\/div>\r\n<\/div>\r\n\r\n\r\n\r\n<div class=\"one withsmallpadding ppb_header\" style=\"text-align: center; padding: 50px 0 50px 0; background-color: #ffffff; color: #000000;\">\r\n<div class=\"standard_wrapper\">\r\n<div class=\"page_content_wrapper\">\r\n<div class=\"inner\">\r\n<div style=\"margin: auto; width: 60%;\">\r\n<h2>Odr\u017eivo razgledavanje za sve!<\/h2>\r\n<h2 style=\"text-align: center;\"><strong>Open-top bus tours have been exclusively provided by Apodos travel agency in Split since 2013.<\/strong><\/h2>\r\n<h2><span style=\"color: #ff0000;\">Podr\u017eavaju\u0107i na\u0161u viziju i pridru\u017euju\u0107i se na\u0161im turama, poma\u017eete stvoriti bolju verziju turizma!<\/span><\/h2>\r\n<p>&nbsp;<\/p>\r\n<p>Na\u0161a rje\u0161enja za razgledavanje skrojena su kako bi pove\u0107ala va\u0161e zadovoljstvo i podr\u0161ku lokalne zajednice.<\/p>\r\n<p>Kao lokalna putni\u010dka agencija usmjerena na odr\u017eiva i zelena putovanja, na\u0161e su aktivnosti usmjerene na promicanje sljede\u0107ih na\u010dela:<\/p>\r\n<h4><a href=\"https:\/\/visitsplitcroatia.com\/wp-content\/uploads\/2023\/01\/stella-web-2.jpg\"><img decoding=\"async\" class=\"alignnone wp-image-6325 size-large\" src=\"https:\/\/visitsplitcroatia.com\/wp-content\/uploads\/2023\/01\/stella-web-2-1024x683.jpg\" alt=\"\" width=\"1024\" height=\"683\" \/><\/a><\/h4>\r\n<p>&nbsp;<\/p>\r\n<p>\u221aDobrobit lokalne zajednice<\/p>\r\n<p>\u221aKvaliteta zaposlenja<\/p>\r\n<p>\u221aRavnopravnost spolova i osna\u017eivanje \u017eena<\/p>\r\n<p>\u221aRegionalno partnerstvo za odr\u017eivi razvoj<\/p>\r\n<p>\u221aOdr\u017eiva poljoprivreda<\/p>\r\n<p>\u221aZadovoljstvo posjetitelja, kulturno bogatstvo i autenti\u010dno lokalno u\u017eivljavanje<\/p>\r\n<p>\u221aDecentralizacija<\/p>\r\n<p>\u221aEkolo\u0161ka \u010disto\u0107a<\/p>\r\n<p>&nbsp;<\/p>\r\n<p><a href=\"https:\/\/visitsplitcroatia.com\/wp-content\/uploads\/2023\/01\/DUGOPOLJE-3.jpg\"><img decoding=\"async\" class=\"alignnone wp-image-6202 size-full\" src=\"https:\/\/visitsplitcroatia.com\/wp-content\/uploads\/2023\/01\/DUGOPOLJE-3.jpg\" alt=\"\" width=\"1500\" height=\"1000\" \/><\/a><\/p>\r\n<h3><strong>APODOS \u2013 Promicanje lokalne ba\u0161tine i njegovanje odgovornijeg na\u010dina razgledavanja <span style=\"color: #ff0000;\">od 2013<\/span><\/strong><\/h3>\r\n<p>Pre\u0161li smo dug put u promicanju raznovrsnosti lokalne kulture i ba\u0161tine, a jo\u0161 uvijek smo ekskluzivni pru\u017eatelj Open-Top izleta autobusom za razgledavanje Dalmacije.<\/p>\r\n<p>Tu viziju provodimo razvijanjem novih, ekolo\u0161ki usmjerenih i odr\u017eivih ponuda za razgledavanje za na\u0161e goste, pove\u0107anjem svijesti o ekolo\u0161ki prihvatljivim potrebama i promicanjem poslovanja tijekom cijele godine.\u00a0<\/p>\r\n<h4><a href=\"https:\/\/visitsplitcroatia.com\/wp-content\/uploads\/2023\/01\/IMG_1084warm-scaled.jpg\"><img decoding=\"async\" class=\"alignnone wp-image-6779 size-large\" src=\"https:\/\/visitsplitcroatia.com\/wp-content\/uploads\/2023\/01\/IMG_1084warm-1024x768.jpg\" alt=\"\" width=\"1024\" height=\"768\" \/><\/a><\/h4>\r\n<h2>\u00a0<\/h2>\r\n<h2><strong>Na\u0161e temeljne vrijednosti<\/strong><\/h2>\r\n<p>&nbsp;<\/p>\r\n<h3><span style=\"color: #ff0000;\"><strong>POTICANJE ODR\u017dIVOSTI I ZA\u0160TITA OKOLI\u0160A<\/strong><\/span><\/h3>\r\n<p>Dalmacija je na\u0161 dom, a razvoj na\u0161e tvrtke usmjeren je na o\u010duvanje na\u0161eg doma za sve: za nas, za na\u0161u djecu i za na\u0161e goste. Kako bi to pokazao u praksi, Apodos je lansirao <span style=\"color: #ff0000;\">pionirski, ekolo\u0161ki usmjeren proizvod za razgledavanje<\/span> radi od sezone 2023.:<\/p>\r\n<p><span style=\"color: #008000;\"><a style=\"color: #008000;\" href=\"https:\/\/visitsplitcroatia.com\/hr\/tour\/dalmatia-for-nature-lovers-countryside-half-day-tour\/\"><strong>Dalmacija za ljubitelje prirode \u2013 Poludnevni izlet u prirodu\u00a0<\/strong><\/a><\/span><\/p>\r\n<p>Tura omogu\u0107uje gostima iz Splita da pobjegnu iz grada i urone u ljepotu i bogatstvo prirodnih bogatstava Dalmacije. Gosti mogu do\u017eivjeti dalmatinsko selo, u\u010diti o lokalnoj prirodi i regionalnim dalmatinskim proizvodima na zabavan, edukativan i interaktivan na\u010din.<\/p>\r\n<p>&nbsp;<\/p>\r\n<h3><strong>NA\u0160E <span style=\"color: #ff0000;\">VOLONTIRAJ<\/span> DANA<\/strong><\/h3>\r\n<p>Svake godine organiziramo dan kada na\u0161e osoblje mo\u017ee volontirati za dobrobit na\u0161eg sela. Uklju\u010dene aktivnosti uklju\u010duju dane \u010di\u0161\u0107enja pla\u017ea, dane sadnje drve\u0107a. Pozdravljamo sve volontere koji nam se \u017eele pridru\u017eiti. Na\u0161i volonterski dani tako\u0111er su izvrsna prilika za podizanje svijesti lokalnog stanovni\u0161tva o nu\u017enosti odr\u017eivog razvoja na\u0161e destinacije. Ako postoji neko posebno mjesto gdje mo\u017eemo pomo\u0107i i u\u010diniti ne\u0161to dobro za okoli\u0161, slobodno nam po\u0161aljite svoje prijedloge na sljede\u0107u e-mail adresu: <a href=\"mailto:Info@apodos.com.hr-\"><strong>Info@apodos.com.hr<\/strong><\/a><\/p>\r\n<p>\u221aSljede\u0107i dan volontera na APODOS-u zakazan je za <strong>2025.<\/strong><\/p>\r\n<h4><strong><span style=\"color: #ff0000;\">Prijavite se i povedite i svoje prijatelje!<\/span> Zajedno mo\u017eemo pomo\u0107i o\u010duvanju ljepote Dalmacije za generacije koje dolaze!<\/strong><\/h4>\r\n<\/div>\r\n<\/div>\r\n<\/div>\r\n<p><a href=\"https:\/\/visitsplitcroatia.com\/wp-content\/uploads\/2023\/01\/KLIS-4.jpg\"><img decoding=\"async\" class=\"alignnone wp-image-6207 size-large\" src=\"https:\/\/visitsplitcroatia.com\/wp-content\/uploads\/2023\/01\/KLIS-4-1024x683.jpg\" alt=\"\" width=\"1024\" height=\"683\" \/><\/a><\/p>\r\n<div class=\"page_content_wrapper\">\r\n<div class=\"inner\">\r\n<div style=\"margin: auto; width: 60%;\">\r\n<h3><strong>PODR\u0160KA ZA <span style=\"color: #ff0000;\">MJESNA ZAJEDNICA<\/span><\/strong><\/h3>\r\n<p>Djelujemo zajedno s lokalnim zajednicama, stanovnicima i malim poduze\u0107ima kako bismo osigurali za\u0161titu prirodne kulturne i ekolo\u0161ke ba\u0161tine. Suradnja s lokalnim partnerima istomi\u0161ljenika, koji tako\u0111er promoviraju odr\u017eivost, u samoj je sr\u017ei na\u0161eg rada. Istodobno, nastojimo pove\u0107ati lokalnu svijest o odr\u017eivosti i pobrinuti se da se lokalni glasovi uzmu u obzir kada je u pitanju budu\u0107i razvoj njihovih destinacija. Zapo\u0161ljavamo lokalno i koristimo lokalne pru\u017eatelje usluga.<\/p>\r\n<p>&nbsp;<\/p>\r\n<h3><strong>PROMICANJE <span style=\"color: #ff0000;\">OSNA\u017dIVANJE \u017dENA<\/span> U ZAPOSLENJU<\/strong><\/h3>\r\n<p>Na\u0161e osoblje je tim nevjerojatnih pojedinaca koji strastveno \u017eele pozitivno utjecati na lokalnu turisti\u010dku scenu. Konkretno, doprinos na\u0161ih kolegica kroz proteklih 15+ godina poslovanja Apodosa na doma\u0107em tr\u017ei\u0161tu, ne mo\u017ee se opisati rije\u010dima.<\/p>\r\n<p>Stoga je uvijek na\u0161 glavni fokus bio prilago\u0111avanje politika tvrtke kako bi se zadovoljile potrebe \u017eena. Na taj na\u010din nikada ne moraju birati izme\u0111u uloga koje igraju na poslu ili u obitelji. U Apodosu neprestano pru\u017eamo na\u010dine za obuku, usavr\u0161avanje ili unakrsnu vje\u0161tinu na\u0161ih zaposlenica, istovremeno ih poti\u010du\u0107i da otkriju nove vje\u0161tine koje se mogu pretvoriti u novu radnu funkciju.<\/p>\r\n<p>&nbsp;<\/p>\r\n<h3><strong>NUDI AUTENTI\u010cNA KULTURNA ISKUSTVA SA <span style=\"color: #ff0000;\">SIGURNOST<\/span> I <span style=\"color: #ff0000;\">ODGOVORNOST<\/span><\/strong><\/h3>\r\n<p>Briga o sigurnosti i dobrobiti na\u0161ih kupaca kamen je temeljac na\u0161eg poslovanja. Svi na\u0161i vodi\u010di su lokalno certificirani i kvalificirani. Svi na\u0161i voza\u010di su profesionalci s desetlje\u0107ima iskustva. Sigurnost je apsolutni prioritet u svim na\u0161im svakodnevnim poslovima. U tom okviru, cilj nam je pru\u017eiti istinski autenti\u010dna iskustva razgledavanja, omogu\u0107iti na\u0161im gostima da do\u017eive pravu Dalmaciju, njenu prirodu, ljude, kulturu, hranu i povijesno bogatstvo.<\/p>\r\n<h2>\u00a0<\/h2>\r\n<h3><span style=\"color: #ff0000;\"><strong>PRIRODI PRU\u017dITI PRILIKU ZA ODMOR<\/strong><\/span><\/h3>\r\n<p>Posljednjih godina Split bilje\u017ei brzi turisti\u010dki rast. Ovakva centralizacija turizma nije korisna niti odr\u017eiva i stvara vi\u0161estruke dru\u0161tvene probleme.<\/p>\r\n<p>Nastojimo poticati a <span style=\"color: #ff0000;\">uravnote\u017een odnos s prirodom<\/span> te doprinose za\u0161titi prirodnih bogatstava Dalmacije.\u00a0<\/p>\r\n<p>Na\u0161i izleti doprinose disperziji turisti\u010dkih resursa u \u0161pici sezone, daju\u0107i splitskom podru\u010dju priliku da \u201eprodi\u0161e\u201c.<\/p>\r\n<p>Osim toga, na\u0161 <span style=\"color: #ff0000;\">Pje\u0161a\u010dke ture po Splitu<\/span> su skrojeni da budu<strong> 100% Nema otiska!<\/strong><\/p>\r\n<h2><a href=\"https:\/\/visitsplitcroatia.com\/wp-content\/uploads\/2023\/01\/bus.jpg\"><img decoding=\"async\" class=\"alignnone wp-image-6257 size-large\" src=\"https:\/\/visitsplitcroatia.com\/wp-content\/uploads\/2023\/01\/bus-1024x683.jpg\" alt=\"\" width=\"1024\" height=\"683\" \/><\/a><\/h2>\r\n<h2><strong>POGLEDAJTE NA\u0160U <span style=\"color: #ff0000;\">ODR\u017dIV<\/span> EKO DO\u017dIVLJAJI RAZGLEDAVANJA DALMACIJE:<\/strong><\/h2>\r\n<p>&nbsp;<\/p>\r\n<h4><span style=\"color: #008000;\"><a style=\"color: #008000;\" href=\"https:\/\/visitsplitcroatia.com\/hr\/tour\/dalmatia-for-nature-lovers-countryside-half-day-tour\/\"><strong>\u221a<\/strong>Dalmacija za ljubitelje prirode - Poludnevni izlet u prirodu\u00a0<\/a><\/span><\/h4>\r\n<h4><span style=\"color: #008000;\"><a style=\"color: #008000;\" href=\"https:\/\/visitsplitcroatia.com\/hr\/tour\/skriveni-dragulji-dalmacije-48-satno-razgledavanje\/\"><strong>\u221a<\/strong>Skriveni dragulji Dalmacije - 48-satno razgledavanje<\/a><\/span><\/h4>\r\n<h4><span style=\"color: #008000;\"><a style=\"color: #008000;\" href=\"https:\/\/visitsplitcroatia.com\/hr\/tour\/split-pjesacka-tura\/\"><strong>\u221a<\/strong>Eko-\u0161etnje bez otiska - Vrhunska ekolo\u0161ka pje\u0161a\u010dka tura Splitom<\/a><\/span><\/h4>\r\n<h4>\u00a0<\/h4>\r\n<p><a href=\"https:\/\/visitsplitcroatia.com\/wp-content\/uploads\/2025\/02\/IMG_1049.jpg\"><img decoding=\"async\" class=\"alignnone wp-image-6938 size-large\" src=\"https:\/\/visitsplitcroatia.com\/wp-content\/uploads\/2025\/02\/IMG_1049-1024x683.jpg\" alt=\"\" width=\"1024\" height=\"683\" \/><\/a><\/p>\r\n<p>&nbsp;<\/p>\r\n<h3><strong>OSTALE TURE ZA LJUBITELJE PRIRODE KOJE NUDIMO:<\/strong><\/h3>\r\n<p>&nbsp;<\/p>\r\n<h4><span style=\"color: #008000;\"><a style=\"color: #008000;\" href=\"https:\/\/visitsplitcroatia.com\/hr\/tour\/zeleni-bijeg\/\"><strong>\u221a<\/strong>Zeleni bijeg<\/a><\/span><\/h4>\r\n<\/div>\r\n<\/div>\r\n<\/div>\r\n<p>&nbsp;<\/p>\r\n<div class=\"page_content_wrapper\">\r\n<div class=\"inner\">\r\n<div style=\"margin: auto; width: 60%;\">\r\n<p><a href=\"https:\/\/visitsplitcroatia.com\/wp-content\/uploads\/2025\/02\/bus-klis.jpg\"><img decoding=\"async\" class=\"alignnone wp-image-6939 size-full\" src=\"https:\/\/visitsplitcroatia.com\/wp-content\/uploads\/2025\/02\/bus-klis.jpg\" alt=\"\" width=\"856\" height=\"478\" \/><\/a><\/p>\r\n<p>&nbsp;<\/p>\r\n<h3><strong>VI\u0160E NA\u0160IH PRILAGO\u0110ENIH RJE\u0160ENJA ZA RAZGLEDAVANJE<\/strong><\/h3>\r\n<p><span style=\"color: #ff0000;\">Ako ste certificirana profesionalna putni\u010dka agencija<\/span> \u010diji klijenti tra\u017ee odr\u017eive na\u010dine da otkriju Dalmaciju, ne ustru\u010davajte se kontaktirati nas i razgovarati o tome kako mo\u017eemo<span style=\"color: #ff0000;\"> udru\u017eimo snage da u\u010dinimo vi\u0161e dobra!<\/span><\/p>\r\n<p>Ako predstavljate a <span style=\"color: #ff0000;\">Shorex Cruise Department<\/span>, voljeli bismo smjestiti va\u0161e grupe u Splitu na jednom od na\u0161ih razgledavanja. Nudimo atraktivne grupne pakete i posebne cijene za starije osobe.<\/p>\r\n<\/div>\r\n<\/div>\r\n<h3>\u00a0<\/h3>\r\n<div class=\"inner\">\r\n<div style=\"margin: auto; width: 60%;\">\r\n<h3 class=\"ppb_title\" style=\"color: #000000;\">\u00a0<\/h3>\r\n<\/div>\r\n<\/div>\r\n<\/div>\r\n<\/div>\r\n<\/div>\r\n\r\n\r\n\r\n<div class=\"one withsmallpadding ppb_header\" style=\"text-align: center; padding: 50px 0 50px 0; background-color: #ffffff; color: #000000;\">\r\n<div class=\"standard_wrapper\">\r\n<div class=\"page_content_wrapper\">\r\n<div class=\"inner\">\r\n<div style=\"margin: auto; width: 60%;\">\r\n<div class=\"ppb_header_content\">\r\n<div class=\"one_half\">\r\n<div class=\"animate_counter_wrapper\">\r\n<div id=\"16589337731930751441\" class=\"odometer\" style=\"font-size: 60px; line-height: 60px;\">20+<\/div>\r\n<div class=\"count_separator\">\u00a0<\/div>\r\n<div class=\"counter_subject\">Ture i izleti<\/div>\r\n<\/div>\r\n<\/div>\r\n<div class=\"one_half last\">\r\n<div class=\"animate_counter_wrapper\">\r\n<div id=\"16589337732008602398\" class=\"odometer\" style=\"font-size: 60px; line-height: 60px;\">10,000<\/div>\r\n<div class=\"count_separator\">\u00a0<\/div>\r\n<div class=\"counter_subject\">Sretni Putnici<\/div>\r\n<\/div>\r\n<\/div>\r\n<p>&nbsp;<\/p>\r\n<\/div>\r\n<\/div>\r\n<\/div>\r\n<\/div>\r\n<\/div>\r\n<\/div>\r\n\r\n\r\n\r\n<div class=\"one withsmallpadding ppb_testimonial_column\">\r\n<div class=\"standard_wrapper\">\r\n<div class=\"page_content_wrapper\">\r\n<div class=\"inner\">\r\n<div class=\"testimonial_wrapper\">\r\n<div class=\"one_half testimonial_column_element animated1\">\r\n<figure><img decoding=\"async\" class=\"team_pic\" src=\"https:\/\/visitsplitcroatia.com\/wp-content\/uploads\/2022\/06\/Melinda-Arafat.webp\" alt=\"Melinda Arafat\" \/><\/figure>\r\n<div class=\"testimonial_image animated\" data-animation=\"bigEntrance\">\u00a0<\/div>\r\n<div class=\"testimonial_content\">\r\n<div class=\"quote\">\r\n<h3 id=\"HEADING\" class=\"title\">Topla preporuka<\/h3>\r\n<\/div>\r\n<p>Ovaj jednodnevni izlet definitivno je vrijedan putovanja. Sam park je prelijep da bi se u potpunosti do\u010darao slikama. Kristalno plava voda, vodopadi i planine - bilo je ravno s razglednice. Na\u0161 turisti\u010dki vodi\u010d, Renato, bio je TAKO obrazovan i ljubazan. Nau\u010dili smo puno zanimljivih \u010dinjenica o Hrvatskoj i parku. <strong>Definitivno preporu\u010dujem ovu turisti\u010dku tvrtku.<\/strong><\/p>\r\n<div class=\"testimonial_customer\">\r\n<h6>Melinda Arafat<\/h6>\r\n<div class=\"testimonial_customer_position\">Napisano 10. kolovoza 2021<\/div>\r\n<p>&#8211;<\/p>\r\n<div class=\"testimonial_customer_company\"><a href=\"https:\/\/www.tripadvisor.com\/ShowUserReviews-g295370-d4955222-r802874137-Apodos_Travel_Agency-Split_Split_Dalmatia_County_Dalmatia.html\" target=\"_blank\" rel=\"noopener nofollow\">Recenzija s TripAdvisora<\/a><\/div>\r\n<\/div>\r\n<\/div>\r\n<\/div>\r\n<div class=\"one_half testimonial_column_element animated2 last\">\r\n<figure><img decoding=\"async\" class=\"team_pic\" src=\"https:\/\/visitsplitcroatia.com\/wp-content\/uploads\/2022\/06\/John-D.webp\" alt=\"John D\" \/><\/figure>\r\n<div class=\"testimonial_image animated\" data-animation=\"bigEntrance\">\u00a0<\/div>\r\n<div class=\"testimonial_content\">\r\n<h3 id=\"HEADING\" class=\"title\">Izvrsno<\/h3>\r\n<p>Tako nevjerojatan vodi\u010d. Puno anegdota na putu za u\u010denje o regiji uz suhoparni balkanski humor i vrlo dobar, lako razumljiv engleski. Sjajna \u0161etnja parkom. Boje su izvan ovoga svijeta. <strong>Strogo preporu\u010dljivo.<\/strong><\/p>\r\n<div class=\"testimonial_customer\">\r\n<h6>John D<\/h6>\r\n<div class=\"testimonial_customer_position\">Napisano 2. kolovoza 2021<\/div>\r\n<p>&#8211;<\/p>\r\n<div class=\"testimonial_customer_company\"><a href=\"https:\/\/www.tripadvisor.com\/ShowUserReviews-g295370-d4955222-r801248742-Apodos_Travel_Agency-Split_Split_Dalmatia_County_Dalmatia.html\" target=\"_blank\" rel=\"noopener nofollow\">Recenzija s TripAdvisora<\/a><\/div>\r\n<\/div>\r\n<\/div>\r\n<\/div>\r\n<div class=\"one_half testimonial_column_element animated3\">\r\n<figure><img decoding=\"async\" class=\"team_pic\" src=\"https:\/\/visitsplitcroatia.com\/wp-content\/uploads\/2022\/06\/Fred-C.webp\" alt=\"Fred C\" \/><\/figure>\r\n<div class=\"testimonial_image animated\" data-animation=\"bigEntrance\">\u00a0<\/div>\r\n<div class=\"testimonial_content\">\r\n<div class=\"quote\">\r\n<h3 id=\"HEADING\" class=\"title\">Predivna tura<\/h3>\r\n<\/div>\r\n<p>Ovaj cjelodnevni izlet bio je prekrasan. Htjeli smo dobiti istaknute dijelove Splita i oni su to u\u010dinili. Pronala\u017eenje autobusa i izravno pla\u0107anje bilo je vrlo jednostavno. Na\u0161a vodi\u010dica Magdalena bila je puna znanja i vrlo strastvena u vezi s mjestima. Ona je svakako u\u010dinila da nam povijest o\u017eivi.<\/p>\r\n<div class=\"testimonial_customer\">\r\n<h6>Fred C<\/h6>\r\n<div class=\"testimonial_customer_position\">Napisano 19. svibnja 2022<\/div>\r\n<p>&#8211;<\/p>\r\n<div class=\"testimonial_customer_company\"><a href=\"https:\/\/www.tripadvisor.com\/ShowUserReviews-g295370-d4955222-r839110362-Apodos_Travel_Agency-Split_Split_Dalmatia_County_Dalmatia.html\" target=\"_blank\" rel=\"noopener nofollow\">Recenzija s TripAdvisora<\/a><\/div>\r\n<\/div>\r\n<\/div>\r\n<\/div>\r\n<div class=\"one_half testimonial_column_element animated4 last\">\r\n<figure><img decoding=\"async\" class=\"team_pic\" src=\"https:\/\/visitsplitcroatia.com\/wp-content\/uploads\/2022\/06\/Eileen-T.webp\" alt=\"Eileen T\" \/><\/figure>\r\n<div class=\"testimonial_image animated\" data-animation=\"bigEntrance\">\u00a0<\/div>\r\n<div class=\"testimonial_content\">\r\n<div class=\"quote\">\r\n<h3 id=\"HEADING\" class=\"title\">Prekrasan vodi\u010d za hodanje!<\/h3>\r\n<\/div>\r\n<p>Stvarno sam u\u017eivao u na\u0161em obilasku autobusom, posebno u pje\u0161a\u010dkom obilasku Splita. Na\u0161 pje\u0161a\u010dki vodi\u010d bio je fantasti\u010dan. Magdalena je bila tako upu\u0107ena i u\u010dinila je obilazak tako zanimljivim. Bila je jako entuzijasti\u010dna i o\u010dito voli svoj posao. Potaknuo bih vas da odete na ovu turu. Tvr\u0111ava Klis je vrlo impresivna. Pogledi oduzimaju dah.<\/p>\r\n<div class=\"testimonial_customer\">\r\n<h6>Eileen T<\/h6>\r\n<div class=\"testimonial_customer_position\">16. svibnja 2022<\/div>\r\n<p>&#8211;<\/p>\r\n<div class=\"testimonial_customer_company\"><a href=\"https:\/\/www.tripadvisor.com\/ShowUserReviews-g295370-d4955222-r838745577-Apodos_Travel_Agency-Split_Split_Dalmatia_County_Dalmatia.html\" target=\"_blank\" rel=\"noopener nofollow\">Recenzija s TripAdvisora<\/a><\/div>\r\n<\/div>\r\n<\/div>\r\n<\/div>\r\n<\/div>\r\n<\/div>\r\n<\/div>\r\n<\/div>\r\n<\/div>\r\n\r\n\r\n\r\n<div class=\"one withsmallpadding ppb_header\" style=\"text-align: center; padding: 50px 0 50px 0; background-color: #ffffff; color: #000000;\">\r\n<div class=\"standard_wrapper\">\r\n<div class=\"page_content_wrapper\">\r\n<div class=\"inner\">\r\n<div style=\"margin: auto; width: 60%;\">\u00a0<\/div>\r\n<\/div>\r\n<\/div>\r\n<\/div>\r\n<\/div>\r\n<div class=\"ppb_tour_classic one nopadding\">\r\n<div class=\"page_content_wrapper page_main_content sidebar_content full_width fixed_column\">\r\n<div class=\"standard_wrapper\">\r\n<div id=\"1658933773801726921\" class=\"portfolio_filter_wrapper gallery classic three_cols\" data-columns=\"3\">\r\n<div class=\"element grid classic3_cols animated3\">\r\n<div class=\"one_third gallery3 classic static filterable portfolio_type themeborder\">\r\n<div class=\"portfolio_info_wrapper\">\r\n<p>&nbsp;<\/p>\r\n<\/div>\r\n<\/div>\r\n<\/div>\r\n<\/div>\r\n<\/div>\r\n<\/div>\r\n<\/div>","protected":false},"excerpt":{"rendered":"<p>SUSTAINABLE SIGHTSEEING FOR EVERYONE Fostering a more responsible way of sightseeing By supporting our vision and joining our tours, you\u2019re helping create a better version of tourism! &nbsp; \u00a0 Sustainable Sightseeing for Everyone! Open-top bus tours have been exclusively provided [&hellip;]<\/p>","protected":false},"author":1,"featured_media":6154,"parent":0,"menu_order":0,"comment_status":"closed","ping_status":"closed","template":"","meta":{"footnotes":""},"class_list":["post-2465","page","type-page","status-publish","has-post-thumbnail","hentry"],"_links":{"self":[{"href":"https:\/\/visitsplitcroatia.com\/hr\/wp-json\/wp\/v2\/pages\/2465","targetHints":{"allow":["GET"]}}],"collection":[{"href":"https:\/\/visitsplitcroatia.com\/hr\/wp-json\/wp\/v2\/pages"}],"about":[{"href":"https:\/\/visitsplitcroatia.com\/hr\/wp-json\/wp\/v2\/types\/page"}],"author":[{"embeddable":true,"href":"https:\/\/visitsplitcroatia.com\/hr\/wp-json\/wp\/v2\/users\/1"}],"replies":[{"embeddable":true,"href":"https:\/\/visitsplitcroatia.com\/hr\/wp-json\/wp\/v2\/comments?post=2465"}],"version-history":[{"count":89,"href":"https:\/\/visitsplitcroatia.com\/hr\/wp-json\/wp\/v2\/pages\/2465\/revisions"}],"predecessor-version":[{"id":7613,"href":"https:\/\/visitsplitcroatia.com\/hr\/wp-json\/wp\/v2\/pages\/2465\/revisions\/7613"}],"wp:featuredmedia":[{"embeddable":true,"href":"https:\/\/visitsplitcroatia.com\/hr\/wp-json\/wp\/v2\/media\/6154"}],"wp:attachment":[{"href":"https:\/\/visitsplitcroatia.com\/hr\/wp-json\/wp\/v2\/media?parent=2465"}],"curies":[{"name":"wp","href":"https:\/\/api.w.org\/{rel}","templated":true}]}}