{"id":320,"date":"2016-12-22T10:07:06","date_gmt":"2016-12-22T10:07:06","guid":{"rendered":"http:\/\/themes.themegoods.com\/grandtour\/demo\/?page_id=320"},"modified":"2025-02-19T12:14:58","modified_gmt":"2025-02-19T12:14:58","slug":"faqs","status":"publish","type":"page","link":"https:\/\/visitsplitcroatia.com\/hr\/cesto-postavljana-pitanja\/","title":{"rendered":"\u010cesto postavljana pitanja"},"content":{"rendered":"<div class=\"mobilefaq\">\n<h2>Brzi odabir<\/h2>\n<div class=\"menu-faq-container\">\n<ul id=\"menu-faq\" class=\"menu\">\n<li id=\"menu-item-4549\" class=\"menu-item menu-item-type-custom menu-item-object-custom current-menu-item menu-item-4549\"><a href=\"https:\/\/visitsplitcroatia.com\/hr\/cesto-postavljana-pitanja\/#payfaq\" aria-current=\"page\">Pla\u0107anja FAQ<\/a><\/li>\n<li id=\"menu-item-4550\" class=\"menu-item menu-item-type-custom menu-item-object-custom current-menu-item menu-item-4550\"><a href=\"https:\/\/visitsplitcroatia.com\/hr\/cesto-postavljana-pitanja\/#busfaq\" aria-current=\"page\">\u010cesta pitanja o obilasku Splita otvorenim autobusom<\/a><\/li>\n<li id=\"menu-item-4551\" class=\"menu-item menu-item-type-custom menu-item-object-custom current-menu-item menu-item-4551\"><a href=\"https:\/\/visitsplitcroatia.com\/hr\/cesto-postavljana-pitanja\/#walkfaq\" aria-current=\"page\">\u010cesta pitanja o pje\u0161a\u010dkoj turi Splitom<\/a><\/li>\n<\/ul>\n<\/div>\n<\/div>\n<h2 id=\"payfaq\">Pla\u0107anja<\/h2>\n<div class=\"pp_accordion_close has_icon\">\n<h3><a href=\"#\">Koje vrste pla\u0107anja prihva\u0107ate?<\/a><\/h3>\n<div>\n<p>Ako karte kupujete u na\u0161em uredu ili u autobusu, prihva\u0107amo gotovinu. Prilikom online pla\u0107anja na na\u0161im stranicama prihva\u0107amo Visa, Maestro, MasterCard, American Express, Diners Club, Discover, Dinacard, Paysafe kartice i Hrvatske uplatnice.<\/p>\n<\/div>\n<\/div>\n<div class=\"pp_accordion_close has_icon\">\n<h3><a href=\"#\">Primate li kreditne kartice?<\/a><\/h3>\n<div>\n<p>Da, prihva\u0107amo kartice Visa, Maestro, MasterCard i American Express, Diners Club, Discover, Dinacard, Paysafe.<\/p>\n<\/div>\n<\/div>\n<div class=\"pp_accordion_close has_icon\">\n<h3><a href=\"#\">Mogu li platiti gotovinom?<\/a><\/h3>\n<div>\n<p>Primamo gotovinu u svim na\u0161im uredima i autobusima.<\/p>\n<\/div>\n<\/div>\n<h2 id=\"busfaq\">Split Open Top Bus Tour \/ Hop on Hop off Bus \u2013 crvena linija<\/h2>\n<div class=\"pp_accordion_close has_icon\">\n<h3><a href=\"#\">Operirate li svaki dan?<\/a><\/h3>\n<div>\n<p>Od 1. travnja do 31. listopada prometujemo svakim danom, osim posebnim danima kruzera<\/p>\n<\/div>\n<\/div>\n<div class=\"pp_accordion_close has_icon\">\n<h3><a href=\"#\">Moram li rezervirati unaprijed?<\/a><\/h3>\n<div>\n<p>Ne, ne morate rezervirati unaprijed. Me\u0111utim, online rezervacijom unaprijed mo\u017eete u\u0161tedjeti vrijeme kada stignete.<\/p>\n<\/div>\n<\/div>\n<div class=\"pp_accordion_close has_icon\">\n<h3><a href=\"#\">Gdje mogu kupiti karte?<\/a><\/h3>\n<div>\n<p>Svoju kartu mo\u017eete rezervirati i kupiti vrlo jednostavno \u2013 izravno u autobusu, u na\u0161oj agenciji ili online<\/p>\n<\/div>\n<\/div>\n<div class=\"pp_accordion_close has_icon\">\n<h3><a href=\"#\">Prihva\u0107ate li kreditne kartice za pla\u0107anje?<\/a><\/h3>\n<div>\n<p>Da, prihva\u0107amo kartice Visa, Maestro, MasterCard i American Express, Diners Club, Discover, Dinacard, Paysafe.<\/p>\n<\/div>\n<\/div>\n<div class=\"pp_accordion_close has_icon\">\n<h3><a href=\"#\">U koje vrijeme polaze va\u0161i autobusi?<\/a><\/h3>\n<div>\n<p>Crvena linija polazi 6 puta dnevno s prve autobusne stanice \u2013 Rive. Polasci su u 10:30, 11:30, 00:30, 14:00, 15:30 i 17:00 sati. <\/p>\n<\/div>\n<\/div>\n<div class=\"pp_accordion_close has_icon\">\n<h3><a href=\"#\">Kada je va\u0161 prvi i zadnji autobus?<\/a><\/h3>\n<div>\n<p>Prva tura po\u010dinje u 10:30 sati. a posljednji je u 17:00 sati.<\/p>\n<\/div>\n<\/div>\n<div class=\"pp_accordion_close has_icon\">\n<h3><a href=\"#\">Gdje se mogu pridru\u017eiti obilasku?<\/a><\/h3>\n<div>\n<p>Prva stanica je 1) Riva \u2013 centar grada. Mo\u017eete nas uhvatiti na bilo kojoj od na\u0161ih stanica: 2) pje\u0161\u010dana pla\u017ea Ba\u010dvice, 3) sportski centar Gripe, 4) Arheolo\u0161ki muzej, 5) Nogometni stadion \u201cPoljud\u201d, 6) Autobusna stanica Galerija Me\u0161trovi\u0107 i Muzej hrvatskih arheolo\u0161kih spomenika (MHAS), 7) Crkva i samostan sv. <\/p>\n<\/div>\n<\/div>\n<div class=\"pp_accordion_close has_icon\">\n<h3><a href=\"#\">Koliko traje panoramska tura?<\/a><\/h3>\n<div>\n<p>Panoramska vo\u017enja traje cca. 1 sat.<\/p>\n<\/div>\n<\/div>\n<div class=\"pp_accordion_close has_icon\">\n<h3><a href=\"#\">Koliki je kapacitet sjedala u va\u0161em autobusu?<\/a><\/h3>\n<div>\n<p>Kapacitet na\u0161ih autobusa je 51 sjede\u0107ih mjesta za manji i 57 sjede\u0107ih mjesta za ve\u0107i.<\/p>\n<\/div>\n<\/div>\n<div class=\"pp_accordion_close has_icon\">\n<h3><a href=\"#\">Uklju\u010duje li ulaznica za izlet ulaz u neku od atrakcija?<\/a><\/h3>\n<div>\n<p>Ne, na\u0161a ulaznica ne uklju\u010duje ulaz u atrakcije.<\/p>\n<\/div>\n<\/div>\n<div class=\"pp_accordion_close has_icon\">\n<h3><a href=\"#\">Kako \u0107u znati gdje da si\u0111em?<\/a><\/h3>\n<div>\n<p>Audio vodi\u010d \u0107e vam pokazati sve znamenitosti i stanice te \u0107e vam dati upute kako i gdje u\u0107i i iza\u0107i iz autobusa. Na brodu je i voditelj putovanja koji govori engleski. <\/p>\n<\/div>\n<\/div>\n<div class=\"pp_accordion_close has_icon\">\n<h3><a href=\"#\">Imate li popuste za grupe?<\/a><\/h3>\n<div>\n<p>Da, imamo popuste za grupe. Uz prethodnu najavu, mo\u017eemo primiti grupe na na\u0161im planiranim polascima. Me\u0111utim, tako\u0111er mo\u017eemo organizirati privatno putovanje za va\u0161u grupu. Cijene se razlikuju ovisno o veli\u010dini grupe i vremenu. Nazovite nas ili nam po\u0161aljite e-po\u0161tu kako bismo vam mogli dati brzi odgovor.<\/p>\n<\/div>\n<\/div>\n<div class=\"pp_accordion_close has_icon\">\n<h3><a href=\"#\">Kako mogu unajmiti otvoreni autobus ili drugi autobus za svoju grupu ili poseban doga\u0111aj?<\/a><\/h3>\n<div>\n<p>Nazovite nas na +385 91 135 9914 za detalje i rado \u0107emo vam pomo\u0107i oko svih va\u0161ih potreba za prijevozom.<\/p>\n<\/div>\n<\/div>\n<div class=\"pp_accordion_close has_icon\">\n<h3><a href=\"#\">Nudite li privatne ture razgledavanja Splita?<\/a><\/h3>\n<div>\n<p>Da, imamo. Radimo privatne ture razgledavanja Splita i ostalih gradova u regiji. Nazovite nas ili nam po\u0161aljite e-mail kako bismo Vam mogli dati preciznu i detaljnu ponudu prema Va\u0161em upitu.<\/p>\n<\/div>\n<\/div>\n<h2 id=\"walkfaq\">Pje\u0161a\u010dka tura Splitom<\/h2>\n<div class=\"pp_accordion_close has_icon\">\n<h3><a href=\"#\">Operirate li svaki dan?<\/a><\/h3>\n<div>\n<p>Od 1. travnja do 31. listopada radimo svaki dan.<\/p>\n<\/div>\n<\/div>\n<div class=\"pp_accordion_close has_icon\">\n<h3><a href=\"#\">Imate li vozni red?<\/a><\/h3>\n<div>\n<p>Od 1. travnja do 31. listopada pje\u0161a\u010dka tura kre\u0107e u 9:30, 11:30, 13:30 i 16:30 sati. Ukoliko ne mo\u017eete i\u0107i u zakazano vrijeme, kontaktirajte nas. Uvijek vam se mo\u017eemo pridru\u017eiti s drugim grupama koje idu na turneju u neko drugo vrijeme.<\/p>\n<\/div>\n<\/div>\n<div class=\"pp_accordion_close has_icon\">\n<h3><a href=\"#\">Gdje mogu kupiti karte?<\/a><\/h3>\n<div>\n<p>Svoju kartu mo\u017eete rezervirati i kupiti u na\u0161oj agenciji ili online.<\/p>\n<\/div>\n<\/div>\n<div class=\"pp_accordion_close has_icon\">\n<h3><a href=\"#\">Prihva\u0107ate li kreditne kartice za pla\u0107anje?<\/a><\/h3>\n<div>\n<p>Da, prihva\u0107amo kartice Visa, Maestro, MasterCard i American Express, Diners Club, Discover, Dinacard, Paysafe.<\/p>\n<\/div>\n<\/div>\n<div class=\"pp_accordion_close has_icon\">\n<h3><a href=\"#\">Gdje se mogu pridru\u017eiti obilasku?<\/a><\/h3>\n<div>\n<p>Sastajali\u0161te je ispred autobusnog stajali\u0161ta na isto\u010dnom kraju Rive, pored centra grada.<\/p>\n<\/div>\n<\/div>\n<div class=\"pp_accordion_close has_icon\">\n<h3><a href=\"#\">Koliko traje turneja<\/a><\/h3>\n<div>\n<p>Tura traje cca. 1 sat<\/p>\n<\/div>\n<\/div>\n<div class=\"pp_accordion_close has_icon\">\n<h3><a href=\"#\">Uklju\u010duje li ulaznica za izlet ulaz u neku od atrakcija?<\/a><\/h3>\n<div>\n<p>Ne, na\u0161a ulaznica ne uklju\u010duje ulaz u atrakcije.<\/p>\n<\/div>\n<\/div>\n<div class=\"pp_accordion_close has_icon\">\n<h3><a href=\"#\">Kako \u0107u znati gdje da si\u0111em?<\/a><\/h3>\n<div>\n<p>Va\u0161 turisti\u010dki vodi\u010d pokazat \u0107e vam sve znamenitosti i stanice te \u0107e vam dati upute kako i gdje u\u0107i i iza\u0107i iz autobusa<\/p>\n<\/div>\n<\/div>\n<div class=\"pp_accordion_close has_icon\">\n<h3><a href=\"#\">Imate li popuste za grupe?<\/a><\/h3>\n<div>\n<p>Da, imamo popuste za grupe. Uz prethodnu najavu, mo\u017eemo primiti grupe na na\u0161im planiranim polascima. Me\u0111utim, tako\u0111er mo\u017eemo organizirati privatno putovanje za va\u0161u grupu. Cijene se razlikuju ovisno o veli\u010dini grupe i vremenu. Nazovite nas ili nam po\u0161aljite e-po\u0161tu kako bismo vam mogli dati brzi odgovor.<\/p>\n<\/div>\n<\/div>\n<div class=\"pp_accordion_close has_icon\">\n<h3><a href=\"#\">Kako mogu rezervirati vodi\u010da za svoju grupu ili poseban doga\u0111aj?<\/a><\/h3>\n<div>\n<p>Nazovite nas na +385 91 135 9914 za detalje i rado \u0107emo vam pomo\u0107i sa svime \u0161to trebate.<\/p>\n<\/div>\n<\/div>\n<div class=\"pp_accordion_close has_icon\">\n<h3><a href=\"#\">Nudite li privatne ture razgledavanja Splita?<\/a><\/h3>\n<div>\n<p>Da, imamo. Imamo privatne ture za razgledavanje Splita uklju\u010duju\u0107i prijevoz, kombijem i pje\u0161a\u010dke ture.<\/p>\n<\/div>\n<\/div>","protected":false},"excerpt":{"rendered":"<p>Quick Select Payments FAQ Split Open Top Bus Tour FAQ Split Walking Tour FAQ Pla\u0107anja Split Open Top Bus Tour \/ Hop on Hop off Bus \u2013 crvena linija Split Walking Tour<\/p>","protected":false},"author":1,"featured_media":0,"parent":0,"menu_order":0,"comment_status":"closed","ping_status":"closed","template":"","meta":{"footnotes":""},"class_list":["post-320","page","type-page","status-publish","hentry"],"_links":{"self":[{"href":"https:\/\/visitsplitcroatia.com\/hr\/wp-json\/wp\/v2\/pages\/320","targetHints":{"allow":["GET"]}}],"collection":[{"href":"https:\/\/visitsplitcroatia.com\/hr\/wp-json\/wp\/v2\/pages"}],"about":[{"href":"https:\/\/visitsplitcroatia.com\/hr\/wp-json\/wp\/v2\/types\/page"}],"author":[{"embeddable":true,"href":"https:\/\/visitsplitcroatia.com\/hr\/wp-json\/wp\/v2\/users\/1"}],"replies":[{"embeddable":true,"href":"https:\/\/visitsplitcroatia.com\/hr\/wp-json\/wp\/v2\/comments?post=320"}],"version-history":[{"count":22,"href":"https:\/\/visitsplitcroatia.com\/hr\/wp-json\/wp\/v2\/pages\/320\/revisions"}],"predecessor-version":[{"id":6815,"href":"https:\/\/visitsplitcroatia.com\/hr\/wp-json\/wp\/v2\/pages\/320\/revisions\/6815"}],"wp:attachment":[{"href":"https:\/\/visitsplitcroatia.com\/hr\/wp-json\/wp\/v2\/media?parent=320"}],"curies":[{"name":"wp","href":"https:\/\/api.w.org\/{rel}","templated":true}]}}