{"id":4131,"date":"2022-06-08T12:56:42","date_gmt":"2022-06-08T12:56:42","guid":{"rendered":"https:\/\/visitsplitcroatia.com\/?post_type=product&#038;p=4131"},"modified":"2025-03-18T15:00:33","modified_gmt":"2025-03-18T15:00:33","slug":"green-escape","status":"publish","type":"product","link":"https:\/\/visitsplitcroatia.com\/hr\/proizvod\/zeleni-bijeg-2\/","title":{"rendered":"Zeleni bijeg"},"content":{"rendered":"<p style=\"text-align: center;\"><a href=\"https:\/\/visitsplitcroatia.com\/hr\/tour\/green-escape\/\"><strong>Zeleni bijeg<\/strong><\/a><\/p>\n<p style=\"text-align: center;\">Ba\u0161tina, divlje \u017eivotinje i kulinarski u\u017eitak uz posjet tvr\u0111avi Klis<\/p>\n<p style=\"text-align: center;\">\u2013 Uklju\u010duje besplatnu pje\u0161a\u010dku turu Splitom na engleskom jeziku \u2013<\/p>\n<p style=\"text-align: center;\"><a href=\"https:\/\/visitsplitcroatia.com\/hr\/tour\/green-escape\/\"><strong>PRO\u010cITAJ VI\u0160E<\/strong><\/a><\/p>\n<p style=\"text-align: center;\"><a href=\"https:\/\/visitsplitcroatia.com\/hr\/tour\/green-escape\/\"><img decoding=\"async\" class=\"aligncenter size-large wp-image-7171\" src=\"https:\/\/visitsplitcroatia.com\/wp-content\/uploads\/2025\/03\/2-1-scaled-e1741196762687-1024x769.jpg\" alt=\"Zeleni bijeg\" width=\"1024\" height=\"769\" \/><\/a><\/p>\n<p style=\"text-align: center;\"><a href=\"https:\/\/visitsplitcroatia.com\/hr\/tour\/green-escape\/\"><img decoding=\"async\" class=\"aligncenter size-large wp-image-7087\" src=\"https:\/\/visitsplitcroatia.com\/wp-content\/uploads\/2025\/03\/7-1024x576.jpg\" alt=\"\" width=\"1024\" height=\"576\" \/><\/a><\/p>","protected":false},"excerpt":{"rendered":"<p>Green Escape Heritage, Wildlife &amp; Culinary Delight with a visit to Klis fortress \u2013 Includes a free Walking tour of Split in English \u2013 READ MORE<\/p>","protected":false},"featured_media":7085,"template":"","meta":[],"product_cat":[75,15,68],"product_tag":[],"class_list":{"0":"post-4131","1":"product","2":"type-product","3":"status-publish","4":"has-post-thumbnail","6":"product_cat-special-offer-green","7":"product_cat-nature-and-heritage","8":"product_cat-historical-tours","10":"first","11":"instock","12":"sale","13":"virtual","14":"purchasable","15":"product-type-simple"},"_links":{"self":[{"href":"https:\/\/visitsplitcroatia.com\/hr\/wp-json\/wp\/v2\/product\/4131","targetHints":{"allow":["GET"]}}],"collection":[{"href":"https:\/\/visitsplitcroatia.com\/hr\/wp-json\/wp\/v2\/product"}],"about":[{"href":"https:\/\/visitsplitcroatia.com\/hr\/wp-json\/wp\/v2\/types\/product"}],"wp:featuredmedia":[{"embeddable":true,"href":"https:\/\/visitsplitcroatia.com\/hr\/wp-json\/wp\/v2\/media\/7085"}],"wp:attachment":[{"href":"https:\/\/visitsplitcroatia.com\/hr\/wp-json\/wp\/v2\/media?parent=4131"}],"wp:term":[{"taxonomy":"product_cat","embeddable":true,"href":"https:\/\/visitsplitcroatia.com\/hr\/wp-json\/wp\/v2\/product_cat?post=4131"},{"taxonomy":"product_tag","embeddable":true,"href":"https:\/\/visitsplitcroatia.com\/hr\/wp-json\/wp\/v2\/product_tag?post=4131"}],"curies":[{"name":"wp","href":"https:\/\/api.w.org\/{rel}","templated":true}]}}