{"id":6143,"date":"2023-01-19T10:18:21","date_gmt":"2023-01-19T10:18:21","guid":{"rendered":"https:\/\/visitsplitcroatia.com\/?post_type=product&#038;p=6143"},"modified":"2025-03-17T12:31:33","modified_gmt":"2025-03-17T12:31:33","slug":"sunset-klis-fortress","status":"publish","type":"product","link":"https:\/\/visitsplitcroatia.com\/hr\/proizvod\/zalazak-sunca-klis-tvrdava-2\/","title":{"rendered":"Zalazak sunca na tvr\u0111avi Klis"},"content":{"rendered":"<p>Do\u017eivite \u010dari zalaska sunca na tvr\u0111avi Klis<br \/>\nPutovanje kroz povijest i ljepotu<\/p>","protected":false},"excerpt":{"rendered":"<p>Do\u017eivite \u010daroliju zalaska sunca na tvr\u0111avi Klis. Putovanje kroz povijest i ljepotu<\/p>","protected":false},"featured_media":7313,"template":"","meta":[],"product_cat":[68,15],"product_tag":[],"class_list":{"0":"post-6143","1":"product","2":"type-product","3":"status-publish","4":"has-post-thumbnail","6":"product_cat-historical-tours","7":"product_cat-nature-and-heritage","9":"first","10":"instock","11":"sale","12":"virtual","13":"purchasable","14":"product-type-simple"},"_links":{"self":[{"href":"https:\/\/visitsplitcroatia.com\/hr\/wp-json\/wp\/v2\/product\/6143","targetHints":{"allow":["GET"]}}],"collection":[{"href":"https:\/\/visitsplitcroatia.com\/hr\/wp-json\/wp\/v2\/product"}],"about":[{"href":"https:\/\/visitsplitcroatia.com\/hr\/wp-json\/wp\/v2\/types\/product"}],"wp:featuredmedia":[{"embeddable":true,"href":"https:\/\/visitsplitcroatia.com\/hr\/wp-json\/wp\/v2\/media\/7313"}],"wp:attachment":[{"href":"https:\/\/visitsplitcroatia.com\/hr\/wp-json\/wp\/v2\/media?parent=6143"}],"wp:term":[{"taxonomy":"product_cat","embeddable":true,"href":"https:\/\/visitsplitcroatia.com\/hr\/wp-json\/wp\/v2\/product_cat?post=6143"},{"taxonomy":"product_tag","embeddable":true,"href":"https:\/\/visitsplitcroatia.com\/hr\/wp-json\/wp\/v2\/product_tag?post=6143"}],"curies":[{"name":"wp","href":"https:\/\/api.w.org\/{rel}","templated":true}]}}