{"id":2465,"date":"2016-12-24T04:38:09","date_gmt":"2016-12-24T04:38:09","guid":{"rendered":"http:\/\/themes.themegoods.com\/grandtour\/demo\/?page_id=2465"},"modified":"2026-01-22T13:47:05","modified_gmt":"2026-01-22T13:47:05","slug":"about-apodos","status":"publish","type":"page","link":"https:\/\/visitsplitcroatia.com\/it\/circa-apodos\/","title":{"rendered":"Informazioni su Apodos"},"content":{"rendered":"<div class=\"one withsmallpadding ppb_header parallax withbg\" style=\"min-height 80vh!important;background-image: url('https:\/\/visitsplitcroatia.com\/wp-content\/uploads\/2023\/01\/LINKEDIN-BANNER-12470.png'); background-position: center top; text-align: center; padding: 120px 0 120px 0; color: #ffffff;\">\r\n<div class=\"overlay_background\" style=\"background: rgba(0,0,0,0.45);\">\r\n<p><strong>VISITE TURISTICHE SOSTENIBILI PER TUTTI<\/strong><\/p>\r\n<p>Promuovere un modo pi\u00f9 responsabile di fare turismo<\/p>\r\n<p>Sostenendo la nostra visione e partecipando ai nostri tour, aiuterai a creare una versione migliore del turismo!<\/p>\r\n<p>&nbsp;<\/p>\r\n<\/div>\r\n<div class=\"standard_wrapper\">\r\n<div class=\"page_content_wrapper\">\r\n<div class=\"inner\">\r\n<div style=\"margin: auto; width: 60%;\">\r\n<div class=\"ppb_header_content\">\r\n<div class=\"page_tagline\" style=\"color: #ffffff;\">\u00a0<\/div>\r\n<\/div>\r\n<\/div>\r\n<\/div>\r\n<\/div>\r\n<\/div>\r\n<\/div>\r\n\r\n\r\n\r\n<div class=\"one withsmallpadding ppb_header\" style=\"text-align: center; padding: 50px 0 50px 0; background-color: #ffffff; color: #000000;\">\r\n<div class=\"standard_wrapper\">\r\n<div class=\"page_content_wrapper\">\r\n<div class=\"inner\">\r\n<div style=\"margin: auto; width: 60%;\">\r\n<h2>Turismo sostenibile per tutti!<\/h2>\r\n<h2 style=\"text-align: center;\"><strong>Open-top bus tours have been exclusively provided by Apodos travel agency in Split since 2013.<\/strong><\/h2>\r\n<h2><span style=\"color: #ff0000;\">Sostenendo la nostra visione e partecipando ai nostri tour, aiuterai a creare una versione migliore del turismo!<\/span><\/h2>\r\n<p>&nbsp;<\/p>\r\n<p>Le nostre soluzioni turistiche sono studiate su misura per aumentare sia la vostra soddisfazione che il sostegno della comunit\u00e0 locale.<\/p>\r\n<p>In qualit\u00e0 di agenzia di viaggi locale focalizzata sui viaggi sostenibili ed ecologici, le nostre attivit\u00e0 mirano a promuovere i seguenti principi:<\/p>\r\n<h4><a href=\"https:\/\/visitsplitcroatia.com\/wp-content\/uploads\/2023\/01\/stella-web-2.jpg\"><img decoding=\"async\" class=\"alignnone wp-image-6325 size-large\" src=\"https:\/\/visitsplitcroatia.com\/wp-content\/uploads\/2023\/01\/stella-web-2-1024x683.jpg\" alt=\"\" width=\"1024\" height=\"683\" \/><\/a><\/h4>\r\n<p>&nbsp;<\/p>\r\n<p>\u221aBenessere della comunit\u00e0 locale<\/p>\r\n<p>\u221aQualit\u00e0 dell&#039;occupazione<\/p>\r\n<p>\u221aParit\u00e0 di genere ed emancipazione femminile<\/p>\r\n<p>\u221aPartenariato regionale per lo sviluppo sostenibile<\/p>\r\n<p>\u221aAgricoltura sostenibile<\/p>\r\n<p>\u221a Soddisfazione dei visitatori, ricchezza culturale e autentica immersione locale<\/p>\r\n<p>\u221aDecentralizzazione<\/p>\r\n<p>\u221aPurezza ambientale<\/p>\r\n<p>&nbsp;<\/p>\r\n<p><a href=\"https:\/\/visitsplitcroatia.com\/wp-content\/uploads\/2023\/01\/DUGOPOLJE-3.jpg\"><img decoding=\"async\" class=\"alignnone wp-image-6202 size-full\" src=\"https:\/\/visitsplitcroatia.com\/wp-content\/uploads\/2023\/01\/DUGOPOLJE-3.jpg\" alt=\"\" width=\"1500\" height=\"1000\" \/><\/a><\/p>\r\n<h3><strong>APODOS \u2013 Promuovere il patrimonio locale e favorire un turismo pi\u00f9 responsabile <span style=\"color: #ff0000;\">dal 2013<\/span><\/strong><\/h3>\r\n<p>Abbiamo fatto molta strada nel promuovere la versatilit\u00e0 della cultura e del patrimonio locale e siamo ancora il fornitore esclusivo di tour in autobus turistici scoperti in Dalmazia.<\/p>\r\n<p>Mettiamo in pratica questa visione sviluppando per i nostri ospiti nuove offerte turistiche sostenibili e rispettose dell&#039;ambiente, aumentando la consapevolezza ambientale e promuovendo attivit\u00e0 durante tutto l&#039;anno.\u00a0<\/p>\r\n<h4><a href=\"https:\/\/visitsplitcroatia.com\/wp-content\/uploads\/2023\/01\/IMG_1084warm-scaled.jpg\"><img decoding=\"async\" class=\"alignnone wp-image-6779 size-large\" src=\"https:\/\/visitsplitcroatia.com\/wp-content\/uploads\/2023\/01\/IMG_1084warm-1024x768.jpg\" alt=\"\" width=\"1024\" height=\"768\" \/><\/a><\/h4>\r\n<h2>\u00a0<\/h2>\r\n<h2><strong>I nostri valori fondamentali<\/strong><\/h2>\r\n<p>&nbsp;<\/p>\r\n<h3><span style=\"color: #ff0000;\"><strong>PROMUOVERE LA SOSTENIBILIT\u00c0 E PROTEGGERE L&#039;AMBIENTE<\/strong><\/span><\/h3>\r\n<p>La Dalmazia \u00e8 la nostra casa e lo sviluppo della nostra azienda \u00e8 focalizzato sulla protezione della nostra casa per tutti: per noi, per i nostri figli e per i nostri ospiti. Per dimostrarlo concretamente, Apodos ha lanciato <span style=\"color: #ff0000;\">un prodotto turistico pionieristico ed eco-incentrato<\/span> operativo dalla stagione 2023:<\/p>\r\n<p><span style=\"color: #008000;\"><a style=\"color: #008000;\" href=\"https:\/\/visitsplitcroatia.com\/it\/tour\/dalmatia-for-nature-lovers-countryside-half-day-tour\/\"><strong>Dalmazia per gli amanti della natura \u2013 Tour di mezza giornata in campagna\u00a0<\/strong><\/a><\/span><\/p>\r\n<p>Il tour permette agli ospiti di Spalato di fuggire dalla citt\u00e0 e immergersi nella bellezza e nella ricchezza dei tesori naturali della Dalmazia. Gli ospiti possono vivere la campagna dalmata, conoscere la natura locale e i prodotti regionali dalmati in modo divertente, educativo e interattivo.<\/p>\r\n<p>&nbsp;<\/p>\r\n<h3><strong>NOSTRO <span style=\"color: #ff0000;\">VOLONTARIO<\/span> GIORNI<\/strong><\/h3>\r\n<p>Ogni anno organizziamo una giornata in cui il nostro personale pu\u00f2 fare volontariato per il benessere del nostro territorio. Le attivit\u00e0 previste includono giornate di pulizia delle spiagge e giornate di piantumazione di alberi. Accogliamo volentieri qualsiasi volontario che desideri unirsi a noi. Le nostre giornate di volontariato sono anche un&#039;ottima opportunit\u00e0 per sensibilizzare la popolazione locale sulla necessit\u00e0 di uno sviluppo sostenibile della nostra destinazione. Se c&#039;\u00e8 un luogo specifico in cui possiamo dare il nostro contributo e fare qualcosa di buono per l&#039;ambiente, non esitate a inviarci i vostri suggerimenti al seguente indirizzo email: <a href=\"mailto:Info@apodos.com.hr-\"><strong>Info@apodos.com.hr<\/strong><\/a><\/p>\r\n<p>\u221aLa prossima giornata di volontariato presso APODOS sar\u00e0 programmata in <strong>2025.<\/strong><\/p>\r\n<h4><strong><span style=\"color: #ff0000;\">Iscriviti e porta anche i tuoi amici!<\/span> Insieme possiamo contribuire a preservare la bellezza della Dalmazia per le generazioni future!<\/strong><\/h4>\r\n<\/div>\r\n<\/div>\r\n<\/div>\r\n<p><a href=\"https:\/\/visitsplitcroatia.com\/wp-content\/uploads\/2023\/01\/KLIS-4.jpg\"><img decoding=\"async\" class=\"alignnone wp-image-6207 size-large\" src=\"https:\/\/visitsplitcroatia.com\/wp-content\/uploads\/2023\/01\/KLIS-4-1024x683.jpg\" alt=\"\" width=\"1024\" height=\"683\" \/><\/a><\/p>\r\n<div class=\"page_content_wrapper\">\r\n<div class=\"inner\">\r\n<div style=\"margin: auto; width: 60%;\">\r\n<h3><strong>SOSTENERE IL <span style=\"color: #ff0000;\">COMUNIT\u00c0 LOCALE<\/span><\/strong><\/h3>\r\n<p>Operiamo a fianco delle comunit\u00e0 locali, dei residenti e delle piccole imprese per garantire la tutela del patrimonio naturale, culturale e ambientale. La collaborazione con partner locali che condividono gli stessi principi e promuovono la sostenibilit\u00e0 \u00e8 al centro del nostro lavoro. Allo stesso tempo, ci impegniamo a promuovere la consapevolezza locale in materia di sostenibilit\u00e0 e a garantire che le voci locali siano tenute in considerazione nello sviluppo futuro delle destinazioni. Assumiamo personale e ci avvaliamo di fornitori di servizi locali.<\/p>\r\n<p>&nbsp;<\/p>\r\n<h3><strong>PROMUOVERE <span style=\"color: #ff0000;\">EMPOWERMENT DELLE DONNE<\/span> IN IMPIEGO<\/strong><\/h3>\r\n<p>Il nostro staff \u00e8 composto da persone straordinarie, appassionate di un impatto positivo sul panorama turistico locale. In particolare, il contributo delle nostre colleghe negli oltre 15 anni di attivit\u00e0 di Apodos sul mercato locale \u00e8 indescrivibile a parole.<\/p>\r\n<p>Per questo motivo, il nostro obiettivo principale \u00e8 sempre stato quello di adattare le politiche aziendali alle esigenze delle donne. In questo modo, non devono mai scegliere tra il ruolo che svolgono al lavoro o in famiglia. In Apodos, offriamo costantemente opportunit\u00e0 di formazione, aggiornamento professionale o competenze trasversali alle nostre dipendenti, incoraggiandole al contempo a scoprire nuove competenze che possano essere convertite in una nuova funzione lavorativa.<\/p>\r\n<p>&nbsp;<\/p>\r\n<h3><strong>OFFRIAMO ESPERIENZE CULTURALI AUTENTICHE CON <span style=\"color: #ff0000;\">SICUREZZA<\/span> E <span style=\"color: #ff0000;\">RESPONSABILIT\u00c0<\/span><\/strong><\/h3>\r\n<p>La sicurezza e il benessere dei nostri clienti sono il fulcro delle nostre attivit\u00e0. Tutte le nostre guide sono certificate e qualificate a livello locale. Tutti i nostri autisti sono professionisti con decenni di esperienza. La sicurezza \u00e8 una priorit\u00e0 assoluta in tutte le nostre attivit\u00e0 quotidiane. In questo contesto, il nostro obiettivo \u00e8 offrire esperienze turistiche autentiche, consentendo ai nostri ospiti di vivere la vera Dalmazia, la sua natura, la sua gente, la sua cultura, il suo cibo e la sua ricchezza storica.<\/p>\r\n<h2>\u00a0<\/h2>\r\n<h3><span style=\"color: #ff0000;\"><strong>DARE ALLA NATURA LA POSSIBILIT\u00c0 DI RIPOSARE<\/strong><\/span><\/h3>\r\n<p>Negli ultimi anni Spalato ha assistito a una rapida crescita turistica. Questa centralizzazione del turismo non \u00e8 n\u00e9 vantaggiosa n\u00e9 sostenibile e crea molteplici problemi sociali.<\/p>\r\n<p>Ci impegniamo a promuovere un <span style=\"color: #ff0000;\">rapporto equilibrato con la natura<\/span> e contribuire alla tutela delle ricchezze naturali della Dalmazia.\u00a0<\/p>\r\n<p>I nostri viaggi contribuiscono alla dispersione delle risorse turistiche durante l&#039;alta stagione, dando cos\u00ec la possibilit\u00e0 alla zona di Spalato di &quot;respirare&quot;.<\/p>\r\n<p>Inoltre, il nostro <span style=\"color: #ff0000;\">Tour a piedi di Spalato<\/span> sono su misura per essere<strong> 100% Nessun ingombro!<\/strong><\/p>\r\n<h2><a href=\"https:\/\/visitsplitcroatia.com\/wp-content\/uploads\/2023\/01\/bus.jpg\"><img decoding=\"async\" class=\"alignnone wp-image-6257 size-large\" src=\"https:\/\/visitsplitcroatia.com\/wp-content\/uploads\/2023\/01\/bus-1024x683.jpg\" alt=\"\" width=\"1024\" height=\"683\" \/><\/a><\/h2>\r\n<h2><strong>Dai un&#039;occhiata al nostro <span style=\"color: #ff0000;\">SOSTENIBILE<\/span> ESPERIENZE ECO-TURISTICHE DELLA DALMAZIA:<\/strong><\/h2>\r\n<p>&nbsp;<\/p>\r\n<h4><span style=\"color: #008000;\"><a style=\"color: #008000;\" href=\"https:\/\/visitsplitcroatia.com\/it\/tour\/dalmatia-for-nature-lovers-countryside-half-day-tour\/\"><strong>\u221a<\/strong>Dalmazia per gli amanti della natura - Tour di mezza giornata in campagna\u00a0<\/a><\/span><\/h4>\r\n<h4><span style=\"color: #008000;\"><a style=\"color: #008000;\" href=\"https:\/\/visitsplitcroatia.com\/it\/tour\/tour-di-48-ore-per-le-gemme-nascoste-della-dalmazia\/\"><strong>\u221a<\/strong>Gemme nascoste della Dalmazia - Tour turistico di 48 ore<\/a><\/span><\/h4>\r\n<h4><span style=\"color: #008000;\"><a style=\"color: #008000;\" href=\"https:\/\/visitsplitcroatia.com\/it\/tour\/tour-a-piedi-diviso\/\"><strong>\u221a<\/strong>Passeggiate ecologiche senza impronta: il tour ecologico definitivo di Spalato<\/a><\/span><\/h4>\r\n<h4>\u00a0<\/h4>\r\n<p><a href=\"https:\/\/visitsplitcroatia.com\/wp-content\/uploads\/2025\/02\/IMG_1049.jpg\"><img decoding=\"async\" class=\"alignnone wp-image-6938 size-large\" src=\"https:\/\/visitsplitcroatia.com\/wp-content\/uploads\/2025\/02\/IMG_1049-1024x683.jpg\" alt=\"\" width=\"1024\" height=\"683\" \/><\/a><\/p>\r\n<p>&nbsp;<\/p>\r\n<h3><strong>ALTRI TOUR PER GLI AMANTI DELLA NATURA CHE OFFRIAMO:<\/strong><\/h3>\r\n<p>&nbsp;<\/p>\r\n<h4><span style=\"color: #008000;\"><a style=\"color: #008000;\" href=\"https:\/\/visitsplitcroatia.com\/it\/tour\/fuga-verde\/\"><strong>\u221a<\/strong>Fuga verde<\/a><\/span><\/h4>\r\n<\/div>\r\n<\/div>\r\n<\/div>\r\n<p>&nbsp;<\/p>\r\n<div class=\"page_content_wrapper\">\r\n<div class=\"inner\">\r\n<div style=\"margin: auto; width: 60%;\">\r\n<p><a href=\"https:\/\/visitsplitcroatia.com\/wp-content\/uploads\/2025\/02\/bus-klis.jpg\"><img decoding=\"async\" class=\"alignnone wp-image-6939 size-full\" src=\"https:\/\/visitsplitcroatia.com\/wp-content\/uploads\/2025\/02\/bus-klis.jpg\" alt=\"\" width=\"856\" height=\"478\" \/><\/a><\/p>\r\n<p>&nbsp;<\/p>\r\n<h3><strong>ALTRE NOSTRE SOLUZIONI TURISTICHE SU MISURA<\/strong><\/h3>\r\n<p><span style=\"color: #ff0000;\">Se sei un&#039;agenzia di viaggi professionale certificata<\/span> i cui clienti cercano modi sostenibili per scoprire la Dalmazia, non esitate a contattarci e a parlare di come possiamo<span style=\"color: #ff0000;\"> uniamo le forze per fare pi\u00f9 bene!<\/span><\/p>\r\n<p>Se rappresenti un <span style=\"color: #ff0000;\">Dipartimento crociere Shorex<\/span>Saremo lieti di ospitare i vostri gruppi a Spalato in uno dei nostri tour turistici. Offriamo interessanti pacchetti per gruppi e prezzi speciali per gli anziani.<\/p>\r\n<\/div>\r\n<\/div>\r\n<h3>\u00a0<\/h3>\r\n<div class=\"inner\">\r\n<div style=\"margin: auto; width: 60%;\">\r\n<h3 class=\"ppb_title\" style=\"color: #000000;\">\u00a0<\/h3>\r\n<\/div>\r\n<\/div>\r\n<\/div>\r\n<\/div>\r\n<\/div>\r\n\r\n\r\n\r\n<div class=\"one withsmallpadding ppb_header\" style=\"text-align: center; padding: 50px 0 50px 0; background-color: #ffffff; color: #000000;\">\r\n<div class=\"standard_wrapper\">\r\n<div class=\"page_content_wrapper\">\r\n<div class=\"inner\">\r\n<div style=\"margin: auto; width: 60%;\">\r\n<div class=\"ppb_header_content\">\r\n<div class=\"one_half\">\r\n<div class=\"animate_counter_wrapper\">\r\n<div id=\"16589337731930751441\" class=\"odometer\" style=\"font-size: 60px; line-height: 60px;\">20+<\/div>\r\n<div class=\"count_separator\">\u00a0<\/div>\r\n<div class=\"counter_subject\">Tour ed escursioni<\/div>\r\n<\/div>\r\n<\/div>\r\n<div class=\"one_half last\">\r\n<div class=\"animate_counter_wrapper\">\r\n<div id=\"16589337732008602398\" class=\"odometer\" style=\"font-size: 60px; line-height: 60px;\">10,000<\/div>\r\n<div class=\"count_separator\">\u00a0<\/div>\r\n<div class=\"counter_subject\">Viaggiatori felici<\/div>\r\n<\/div>\r\n<\/div>\r\n<p>&nbsp;<\/p>\r\n<\/div>\r\n<\/div>\r\n<\/div>\r\n<\/div>\r\n<\/div>\r\n<\/div>\r\n\r\n\r\n\r\n<div class=\"one withsmallpadding ppb_testimonial_column\">\r\n<div class=\"standard_wrapper\">\r\n<div class=\"page_content_wrapper\">\r\n<div class=\"inner\">\r\n<div class=\"testimonial_wrapper\">\r\n<div class=\"one_half testimonial_column_element animated1\">\r\n<figure><img decoding=\"async\" class=\"team_pic\" src=\"https:\/\/visitsplitcroatia.com\/wp-content\/uploads\/2022\/06\/Melinda-Arafat.webp\" alt=\"Melinda Arafat\" \/><\/figure>\r\n<div class=\"testimonial_image animated\" data-animation=\"bigEntrance\">\u00a0<\/div>\r\n<div class=\"testimonial_content\">\r\n<div class=\"quote\">\r\n<h3 id=\"HEADING\" class=\"title\">Altamente raccomandato<\/h3>\r\n<\/div>\r\n<p>Questa escursione di un giorno vale sicuramente la pena. Il parco in s\u00e9 \u00e8 troppo bello per essere immortalato in foto. Acque cristalline, cascate e montagne: sembravano uscite da una cartolina. La nostra guida, Renato, era MOLTO competente e cordiale. Abbiamo imparato un sacco di cose interessanti sulla Croazia e sul parco. <strong>Consiglio vivamente questa compagnia turistica.<\/strong><\/p>\r\n<div class=\"testimonial_customer\">\r\n<h6>Melinda Arafat<\/h6>\r\n<div class=\"testimonial_customer_position\">Scritto il 10 agosto 2021<\/div>\r\n<p>&#8211;<\/p>\r\n<div class=\"testimonial_customer_company\"><a href=\"https:\/\/www.tripadvisor.com\/ShowUserReviews-g295370-d4955222-r802874137-Apodos_Travel_Agency-Split_Split_Dalmatia_County_Dalmatia.html\" target=\"_blank\" rel=\"noopener nofollow\">Recensione da TripAdvisor<\/a><\/div>\r\n<\/div>\r\n<\/div>\r\n<\/div>\r\n<div class=\"one_half testimonial_column_element animated2 last\">\r\n<figure><img decoding=\"async\" class=\"team_pic\" src=\"https:\/\/visitsplitcroatia.com\/wp-content\/uploads\/2022\/06\/John-D.webp\" alt=\"John D\" \/><\/figure>\r\n<div class=\"testimonial_image animated\" data-animation=\"bigEntrance\">\u00a0<\/div>\r\n<div class=\"testimonial_content\">\r\n<h3 id=\"HEADING\" class=\"title\">Eccellente<\/h3>\r\n<p>Una guida fantastica. Tanti aneddoti lungo il percorso per scoprire la regione con il suo umorismo balcanico e un inglese molto buono e comprensibile. Un&#039;escursione fantastica nel parco. I colori sono incredibili. <strong>Fortemente raccomandato.<\/strong><\/p>\r\n<div class=\"testimonial_customer\">\r\n<h6>John D<\/h6>\r\n<div class=\"testimonial_customer_position\">Scritto il 2 agosto 2021<\/div>\r\n<p>&#8211;<\/p>\r\n<div class=\"testimonial_customer_company\"><a href=\"https:\/\/www.tripadvisor.com\/ShowUserReviews-g295370-d4955222-r801248742-Apodos_Travel_Agency-Split_Split_Dalmatia_County_Dalmatia.html\" target=\"_blank\" rel=\"noopener nofollow\">Recensione da TripAdvisor<\/a><\/div>\r\n<\/div>\r\n<\/div>\r\n<\/div>\r\n<div class=\"one_half testimonial_column_element animated3\">\r\n<figure><img decoding=\"async\" class=\"team_pic\" src=\"https:\/\/visitsplitcroatia.com\/wp-content\/uploads\/2022\/06\/Fred-C.webp\" alt=\"Fred C\" \/><\/figure>\r\n<div class=\"testimonial_image animated\" data-animation=\"bigEntrance\">\u00a0<\/div>\r\n<div class=\"testimonial_content\">\r\n<div class=\"quote\">\r\n<h3 id=\"HEADING\" class=\"title\">Tour meraviglioso<\/h3>\r\n<\/div>\r\n<p>Questa escursione di un&#039;intera giornata \u00e8 stata meravigliosa. Volevamo vedere i punti salienti di Spalato e ce l&#039;hanno fatta. Trovare l&#039;autobus e pagare direttamente \u00e8 stato semplicissimo. La nostra guida Magdalena era una persona molto preparata e appassionata dei siti. Ha sicuramente fatto rivivere la storia per noi.<\/p>\r\n<div class=\"testimonial_customer\">\r\n<h6>Fred C<\/h6>\r\n<div class=\"testimonial_customer_position\">Scritto il 19 maggio 2022<\/div>\r\n<p>&#8211;<\/p>\r\n<div class=\"testimonial_customer_company\"><a href=\"https:\/\/www.tripadvisor.com\/ShowUserReviews-g295370-d4955222-r839110362-Apodos_Travel_Agency-Split_Split_Dalmatia_County_Dalmatia.html\" target=\"_blank\" rel=\"noopener nofollow\">Recensione da TripAdvisor<\/a><\/div>\r\n<\/div>\r\n<\/div>\r\n<\/div>\r\n<div class=\"one_half testimonial_column_element animated4 last\">\r\n<figure><img decoding=\"async\" class=\"team_pic\" src=\"https:\/\/visitsplitcroatia.com\/wp-content\/uploads\/2022\/06\/Eileen-T.webp\" alt=\"Eileen T\" \/><\/figure>\r\n<div class=\"testimonial_image animated\" data-animation=\"bigEntrance\">\u00a0<\/div>\r\n<div class=\"testimonial_content\">\r\n<div class=\"quote\">\r\n<h3 id=\"HEADING\" class=\"title\">Meravigliosa guida escursionistica!<\/h3>\r\n<\/div>\r\n<p>Abbiamo apprezzato moltissimo il nostro tour in autobus, soprattutto quello a piedi di Spalato. La nostra guida \u00e8 stata fantastica. Magdalena era molto preparata e ha reso il tour davvero interessante. Era davvero entusiasta e amava il suo lavoro. Vi consiglio caldamente di provare questo tour. La fortezza di Klis \u00e8 davvero impressionante. I panorami sono mozzafiato.<\/p>\r\n<div class=\"testimonial_customer\">\r\n<h6>Eileen T<\/h6>\r\n<div class=\"testimonial_customer_position\">16 maggio 2022<\/div>\r\n<p>&#8211;<\/p>\r\n<div class=\"testimonial_customer_company\"><a href=\"https:\/\/www.tripadvisor.com\/ShowUserReviews-g295370-d4955222-r838745577-Apodos_Travel_Agency-Split_Split_Dalmatia_County_Dalmatia.html\" target=\"_blank\" rel=\"noopener nofollow\">Recensione da TripAdvisor<\/a><\/div>\r\n<\/div>\r\n<\/div>\r\n<\/div>\r\n<\/div>\r\n<\/div>\r\n<\/div>\r\n<\/div>\r\n<\/div>\r\n\r\n\r\n\r\n<div class=\"one withsmallpadding ppb_header\" style=\"text-align: center; padding: 50px 0 50px 0; background-color: #ffffff; color: #000000;\">\r\n<div class=\"standard_wrapper\">\r\n<div class=\"page_content_wrapper\">\r\n<div class=\"inner\">\r\n<div style=\"margin: auto; width: 60%;\">\u00a0<\/div>\r\n<\/div>\r\n<\/div>\r\n<\/div>\r\n<\/div>\r\n<div class=\"ppb_tour_classic one nopadding\">\r\n<div class=\"page_content_wrapper page_main_content sidebar_content full_width fixed_column\">\r\n<div class=\"standard_wrapper\">\r\n<div id=\"1658933773801726921\" class=\"portfolio_filter_wrapper gallery classic three_cols\" data-columns=\"3\">\r\n<div class=\"element grid classic3_cols animated3\">\r\n<div class=\"one_third gallery3 classic static filterable portfolio_type themeborder\">\r\n<div class=\"portfolio_info_wrapper\">\r\n<p>&nbsp;<\/p>\r\n<\/div>\r\n<\/div>\r\n<\/div>\r\n<\/div>\r\n<\/div>\r\n<\/div>\r\n<\/div>","protected":false},"excerpt":{"rendered":"<p>SUSTAINABLE SIGHTSEEING FOR EVERYONE Fostering a more responsible way of sightseeing By supporting our vision and joining our tours, you\u2019re helping create a better version of tourism! &nbsp; \u00a0 Sustainable Sightseeing for Everyone! Open-top bus tours have been exclusively provided [&hellip;]<\/p>","protected":false},"author":1,"featured_media":6154,"parent":0,"menu_order":0,"comment_status":"closed","ping_status":"closed","template":"","meta":{"footnotes":""},"class_list":["post-2465","page","type-page","status-publish","has-post-thumbnail","hentry"],"_links":{"self":[{"href":"https:\/\/visitsplitcroatia.com\/it\/wp-json\/wp\/v2\/pages\/2465","targetHints":{"allow":["GET"]}}],"collection":[{"href":"https:\/\/visitsplitcroatia.com\/it\/wp-json\/wp\/v2\/pages"}],"about":[{"href":"https:\/\/visitsplitcroatia.com\/it\/wp-json\/wp\/v2\/types\/page"}],"author":[{"embeddable":true,"href":"https:\/\/visitsplitcroatia.com\/it\/wp-json\/wp\/v2\/users\/1"}],"replies":[{"embeddable":true,"href":"https:\/\/visitsplitcroatia.com\/it\/wp-json\/wp\/v2\/comments?post=2465"}],"version-history":[{"count":89,"href":"https:\/\/visitsplitcroatia.com\/it\/wp-json\/wp\/v2\/pages\/2465\/revisions"}],"predecessor-version":[{"id":7613,"href":"https:\/\/visitsplitcroatia.com\/it\/wp-json\/wp\/v2\/pages\/2465\/revisions\/7613"}],"wp:featuredmedia":[{"embeddable":true,"href":"https:\/\/visitsplitcroatia.com\/it\/wp-json\/wp\/v2\/media\/6154"}],"wp:attachment":[{"href":"https:\/\/visitsplitcroatia.com\/it\/wp-json\/wp\/v2\/media?parent=2465"}],"curies":[{"name":"wp","href":"https:\/\/api.w.org\/{rel}","templated":true}]}}