{"id":320,"date":"2016-12-22T10:07:06","date_gmt":"2016-12-22T10:07:06","guid":{"rendered":"http:\/\/themes.themegoods.com\/grandtour\/demo\/?page_id=320"},"modified":"2025-02-19T12:14:58","modified_gmt":"2025-02-19T12:14:58","slug":"faqs","status":"publish","type":"page","link":"https:\/\/visitsplitcroatia.com\/it\/domande-frequenti\/","title":{"rendered":"Domande frequenti"},"content":{"rendered":"<div class=\"mobilefaq\">\n<h2>Selezione rapida<\/h2>\n<div class=\"menu-faq-container\">\n<ul id=\"menu-faq\" class=\"menu\">\n<li id=\"menu-item-4549\" class=\"menu-item menu-item-type-custom menu-item-object-custom current-menu-item menu-item-4549\"><a href=\"https:\/\/visitsplitcroatia.com\/it\/domande-frequenti\/#payfaq\" aria-current=\"page\">Domande frequenti sui pagamenti<\/a><\/li>\n<li id=\"menu-item-4550\" class=\"menu-item menu-item-type-custom menu-item-object-custom current-menu-item menu-item-4550\"><a href=\"https:\/\/visitsplitcroatia.com\/it\/domande-frequenti\/#busfaq\" aria-current=\"page\">Domande frequenti sul tour in autobus scoperto Split<\/a><\/li>\n<li id=\"menu-item-4551\" class=\"menu-item menu-item-type-custom menu-item-object-custom current-menu-item menu-item-4551\"><a href=\"https:\/\/visitsplitcroatia.com\/it\/domande-frequenti\/#walkfaq\" aria-current=\"page\">Domande frequenti sul tour a piedi di Spalato<\/a><\/li>\n<\/ul>\n<\/div>\n<\/div>\n<h2 id=\"payfaq\">Pagamenti<\/h2>\n<div class=\"pp_accordion_close has_icon\">\n<h3><a href=\"#\">Che tipo di pagamenti accettate?<\/a><\/h3>\n<div>\n<p>Se acquistate i biglietti presso il nostro ufficio o sull&#039;autobus, accettiamo contanti. Per il pagamento online sul nostro sito web accettiamo carte Visa, Maestro, MasterCard, American Express, Diners Club, Discover, Dinacard, Paysafecard e banconote croate.<\/p>\n<\/div>\n<\/div>\n<div class=\"pp_accordion_close has_icon\">\n<h3><a href=\"#\">Accettate carte di credito?<\/a><\/h3>\n<div>\n<p>S\u00ec, accettiamo le carte Visa, Maestro, MasterCard e American Express, Diners Club, Discover, Dinacard, Paysafe.<\/p>\n<\/div>\n<\/div>\n<div class=\"pp_accordion_close has_icon\">\n<h3><a href=\"#\">Posso pagare in contanti?<\/a><\/h3>\n<div>\n<p>Accettiamo contanti in tutti i nostri uffici e sui nostri autobus.<\/p>\n<\/div>\n<\/div>\n<h2 id=\"busfaq\">Tour in autobus scoperto Split \/ Autobus sali e scendi \u2013 Linea rossa<\/h2>\n<div class=\"pp_accordion_close has_icon\">\n<h3><a href=\"#\">Operi tutti i giorni?<\/a><\/h3>\n<div>\n<p>Dal 1 aprile al 31 ottobre operiamo tutti i giorni, eccetto nei giorni speciali delle navi da crociera<\/p>\n<\/div>\n<\/div>\n<div class=\"pp_accordion_close has_icon\">\n<h3><a href=\"#\">Devo prenotare in anticipo?<\/a><\/h3>\n<div>\n<p>No, non \u00e8 necessario prenotare in anticipo. Tuttavia, prenotando online puoi risparmiare tempo al tuo arrivo.<\/p>\n<\/div>\n<\/div>\n<div class=\"pp_accordion_close has_icon\">\n<h3><a href=\"#\">Dove posso acquistare i biglietti?<\/a><\/h3>\n<div>\n<p>Puoi prenotare e acquistare il tuo biglietto in tutta semplicit\u00e0: direttamente sull&#039;autobus, nella nostra agenzia o online.<\/p>\n<\/div>\n<\/div>\n<div class=\"pp_accordion_close has_icon\">\n<h3><a href=\"#\">Accettate carte di credito per i pagamenti?<\/a><\/h3>\n<div>\n<p>S\u00ec, accettiamo le carte Visa, Maestro, MasterCard e American Express, Diners Club, Discover, Dinacard, Paysafe.<\/p>\n<\/div>\n<\/div>\n<div class=\"pp_accordion_close has_icon\">\n<h3><a href=\"#\">A che ora partono i vostri autobus?<\/a><\/h3>\n<div>\n<p>L&#039;autobus della linea rossa parte 6 volte al giorno dalla prima fermata: Riva (Lungomare). Gli orari di partenza sono le 10:30, 11:30, 00:30, 14:00, 15:30 e 17:00. <\/p>\n<\/div>\n<\/div>\n<div class=\"pp_accordion_close has_icon\">\n<h3><a href=\"#\">A che ora parte il primo e l&#039;ultimo autobus?<\/a><\/h3>\n<div>\n<p>Il primo tour inizia alle 10:30, l&#039;ultimo alle 17:00.<\/p>\n<\/div>\n<\/div>\n<div class=\"pp_accordion_close has_icon\">\n<h3><a href=\"#\">Dove posso partecipare al tour?<\/a><\/h3>\n<div>\n<p>La prima tappa \u00e8 1) il lungomare Riva, il centro citt\u00e0. Potete raggiungerci in una qualsiasi delle nostre fermate: 2) la spiaggia sabbiosa di Ba\u010dvice, 3) il centro sportivo Gripe, 4) il Museo Archeologico, 5) lo Stadio di calcio &quot;Poljud&quot;, 6) la Galleria Me\u0161trovi\u0107 e la fermata dell&#039;autobus del Museo dei Monumenti Archeologici Croati (MHAS), 7) la chiesa e il monastero di San Francesco. <\/p>\n<\/div>\n<\/div>\n<div class=\"pp_accordion_close has_icon\">\n<h3><a href=\"#\">Quanto dura il giro panoramico?<\/a><\/h3>\n<div>\n<p>Il giro panoramico dura circa 1 ora.<\/p>\n<\/div>\n<\/div>\n<div class=\"pp_accordion_close has_icon\">\n<h3><a href=\"#\">Quanti posti a sedere ha il vostro autobus?<\/a><\/h3>\n<div>\n<p>La capacit\u00e0 dei nostri autobus \u00e8 di 51 posti per il modello pi\u00f9 piccolo e di 57 posti per quello pi\u00f9 grande.<\/p>\n<\/div>\n<\/div>\n<div class=\"pp_accordion_close has_icon\">\n<h3><a href=\"#\">Il biglietto del tour include l&#039;ingresso a qualcuna delle attrazioni?<\/a><\/h3>\n<div>\n<p>No, il nostro biglietto non include l&#039;ingresso ad alcuna attrazione.<\/p>\n<\/div>\n<\/div>\n<div class=\"pp_accordion_close has_icon\">\n<h3><a href=\"#\">Come faccio a sapere dove scendere?<\/a><\/h3>\n<div>\n<p>L&#039;audioguida vi indicher\u00e0 tutte le attrazioni e le fermate, e vi fornir\u00e0 istruzioni su come e dove salire e scendere dall&#039;autobus. A bordo troverete anche un accompagnatore che parla inglese. <\/p>\n<\/div>\n<\/div>\n<div class=\"pp_accordion_close has_icon\">\n<h3><a href=\"#\">Offrite tariffe scontate per i gruppi?<\/a><\/h3>\n<div>\n<p>S\u00ec, offriamo sconti per gruppi. Previa comunicazione, possiamo ospitare gruppi durante le nostre partenze programmate. Tuttavia, possiamo anche organizzare un tour privato per il vostro gruppo. Le tariffe variano a seconda delle dimensioni del gruppo e della durata del tour. Vi preghiamo di contattarci telefonicamente o via email per ricevere una risposta tempestiva.<\/p>\n<\/div>\n<\/div>\n<div class=\"pp_accordion_close has_icon\">\n<h3><a href=\"#\">Come posso noleggiare un autobus scoperto o un altro autobus per il mio gruppo o per un evento speciale?<\/a><\/h3>\n<div>\n<p>Per maggiori dettagli chiamaci al numero +385 91 135 9914 e saremo lieti di aiutarti con qualsiasi esigenza di trasporto.<\/p>\n<\/div>\n<\/div>\n<div class=\"pp_accordion_close has_icon\">\n<h3><a href=\"#\">Offrite visite guidate private di Spalato?<\/a><\/h3>\n<div>\n<p>S\u00ec, certo. Organizziamo tour privati di Spalato e di altre citt\u00e0 della regione. Chiamateci o inviateci un&#039;e-mail per fornirvi un preventivo preciso e dettagliato in base alle vostre richieste.<\/p>\n<\/div>\n<\/div>\n<h2 id=\"walkfaq\">Tour a piedi di Spalato<\/h2>\n<div class=\"pp_accordion_close has_icon\">\n<h3><a href=\"#\">Operi tutti i giorni?<\/a><\/h3>\n<div>\n<p>Dal 1\u00b0 aprile al 31 ottobre siamo operativi tutti i giorni.<\/p>\n<\/div>\n<\/div>\n<div class=\"pp_accordion_close has_icon\">\n<h3><a href=\"#\">\u00c8 disponibile un orario dei treni?<\/a><\/h3>\n<div>\n<p>Dal 1\u00b0 aprile al 31 ottobre, il tour a piedi si svolge alle 9:30, 11:30, 13:30 e 16:30. Se non potete partecipare al tour a piedi all&#039;orario previsto, vi preghiamo di contattarci. Possiamo sempre unirci a voi con altri gruppi che effettuano il tour in altri orari.<\/p>\n<\/div>\n<\/div>\n<div class=\"pp_accordion_close has_icon\">\n<h3><a href=\"#\">Dove posso acquistare i biglietti?<\/a><\/h3>\n<div>\n<p>Potete prenotare e acquistare il vostro biglietto presso la nostra agenzia oppure online.<\/p>\n<\/div>\n<\/div>\n<div class=\"pp_accordion_close has_icon\">\n<h3><a href=\"#\">Accettate carte di credito per i pagamenti?<\/a><\/h3>\n<div>\n<p>S\u00ec, accettiamo le carte Visa, Maestro, MasterCard e American Express, Diners Club, Discover, Dinacard, Paysafe.<\/p>\n<\/div>\n<\/div>\n<div class=\"pp_accordion_close has_icon\">\n<h3><a href=\"#\">Dove posso partecipare al tour?<\/a><\/h3>\n<div>\n<p>Il punto d&#039;incontro \u00e8 di fronte alla fermata dell&#039;autobus all&#039;estremit\u00e0 orientale del lungomare Riva, vicino al centro citt\u00e0.<\/p>\n<\/div>\n<\/div>\n<div class=\"pp_accordion_close has_icon\">\n<h3><a href=\"#\">Quanto dura il tour?<\/a><\/h3>\n<div>\n<p>Il tour dura circa 1 ora<\/p>\n<\/div>\n<\/div>\n<div class=\"pp_accordion_close has_icon\">\n<h3><a href=\"#\">Il biglietto del tour include l&#039;ingresso a qualcuna delle attrazioni?<\/a><\/h3>\n<div>\n<p>No, il nostro biglietto non include l&#039;ingresso ad alcuna attrazione.<\/p>\n<\/div>\n<\/div>\n<div class=\"pp_accordion_close has_icon\">\n<h3><a href=\"#\">Come faccio a sapere dove scendere?<\/a><\/h3>\n<div>\n<p>La tua guida turistica ti indicher\u00e0 tutte le attrazioni e le fermate e ti dar\u00e0 istruzioni su come e dove salire e scendere dall&#039;autobus<\/p>\n<\/div>\n<\/div>\n<div class=\"pp_accordion_close has_icon\">\n<h3><a href=\"#\">Offrite tariffe scontate per i gruppi?<\/a><\/h3>\n<div>\n<p>S\u00ec, offriamo sconti per gruppi. Previa comunicazione, possiamo ospitare gruppi durante le nostre partenze programmate. Tuttavia, possiamo anche organizzare un tour privato per il vostro gruppo. Le tariffe variano a seconda delle dimensioni del gruppo e della durata del tour. Vi preghiamo di contattarci telefonicamente o via email per ricevere una risposta tempestiva.<\/p>\n<\/div>\n<\/div>\n<div class=\"pp_accordion_close has_icon\">\n<h3><a href=\"#\">Come posso prenotare una guida per il mio gruppo o per un evento speciale?<\/a><\/h3>\n<div>\n<p>Per maggiori dettagli chiamaci al numero +385 91 135 9914 e saremo lieti di aiutarti con tutte le tue esigenze.<\/p>\n<\/div>\n<\/div>\n<div class=\"pp_accordion_close has_icon\">\n<h3><a href=\"#\">Offrite visite guidate private di Spalato?<\/a><\/h3>\n<div>\n<p>S\u00ec, lo facciamo. Organizziamo tour privati di Spalato, inclusi tour in navetta, in minivan e a piedi.<\/p>\n<\/div>\n<\/div>","protected":false},"excerpt":{"rendered":"<p>FAQ sui pagamenti con selezione rapida FAQ sul tour in autobus scoperto di Spalato FAQ sul tour a piedi di Spalato Pagamenti FAQ sul tour in autobus scoperto di Spalato \/ Autobus sali e scendi - Linea rossa Tour a piedi di Spalato<\/p>","protected":false},"author":1,"featured_media":0,"parent":0,"menu_order":0,"comment_status":"closed","ping_status":"closed","template":"","meta":{"footnotes":""},"class_list":["post-320","page","type-page","status-publish","hentry"],"_links":{"self":[{"href":"https:\/\/visitsplitcroatia.com\/it\/wp-json\/wp\/v2\/pages\/320","targetHints":{"allow":["GET"]}}],"collection":[{"href":"https:\/\/visitsplitcroatia.com\/it\/wp-json\/wp\/v2\/pages"}],"about":[{"href":"https:\/\/visitsplitcroatia.com\/it\/wp-json\/wp\/v2\/types\/page"}],"author":[{"embeddable":true,"href":"https:\/\/visitsplitcroatia.com\/it\/wp-json\/wp\/v2\/users\/1"}],"replies":[{"embeddable":true,"href":"https:\/\/visitsplitcroatia.com\/it\/wp-json\/wp\/v2\/comments?post=320"}],"version-history":[{"count":22,"href":"https:\/\/visitsplitcroatia.com\/it\/wp-json\/wp\/v2\/pages\/320\/revisions"}],"predecessor-version":[{"id":6815,"href":"https:\/\/visitsplitcroatia.com\/it\/wp-json\/wp\/v2\/pages\/320\/revisions\/6815"}],"wp:attachment":[{"href":"https:\/\/visitsplitcroatia.com\/it\/wp-json\/wp\/v2\/media?parent=320"}],"curies":[{"name":"wp","href":"https:\/\/api.w.org\/{rel}","templated":true}]}}