{"id":320,"date":"2016-12-22T10:07:06","date_gmt":"2016-12-22T10:07:06","guid":{"rendered":"http:\/\/themes.themegoods.com\/grandtour\/demo\/?page_id=320"},"modified":"2025-02-19T12:14:58","modified_gmt":"2025-02-19T12:14:58","slug":"faqs","status":"publish","type":"page","link":"https:\/\/visitsplitcroatia.com\/nl\/veelgestelde-vragen\/","title":{"rendered":"Veelgestelde vragen"},"content":{"rendered":"<div class=\"mobilefaq\">\n<h2>Snelle selectie<\/h2>\n<div class=\"menu-faq-container\">\n<ul id=\"menu-faq\" class=\"menu\">\n<li id=\"menu-item-4549\" class=\"menu-item menu-item-type-custom menu-item-object-custom current-menu-item menu-item-4549\"><a href=\"https:\/\/visitsplitcroatia.com\/nl\/veelgestelde-vragen\/#payfaq\" aria-current=\"page\">Veelgestelde vragen over betalingen<\/a><\/li>\n<li id=\"menu-item-4550\" class=\"menu-item menu-item-type-custom menu-item-object-custom current-menu-item menu-item-4550\"><a href=\"https:\/\/visitsplitcroatia.com\/nl\/veelgestelde-vragen\/#busfaq\" aria-current=\"page\">Veelgestelde vragen over de Split Open Top Bus Tour<\/a><\/li>\n<li id=\"menu-item-4551\" class=\"menu-item menu-item-type-custom menu-item-object-custom current-menu-item menu-item-4551\"><a href=\"https:\/\/visitsplitcroatia.com\/nl\/veelgestelde-vragen\/#walkfaq\" aria-current=\"page\">Veelgestelde vragen over de Split-wandeltocht<\/a><\/li>\n<\/ul>\n<\/div>\n<\/div>\n<h2 id=\"payfaq\">Betalingen<\/h2>\n<div class=\"pp_accordion_close has_icon\">\n<h3><a href=\"#\">Welke soorten betalingen accepteren jullie?<\/a><\/h3>\n<div>\n<p>Als u kaartjes koopt op ons kantoor of in de bus, accepteren wij contant geld. Bij online betalingen op onze website accepteren wij Visa, Maestro, MasterCard, American Express, Diners Club, Discover, Dinacard, Paysafe en Kroatische betaalpassen.<\/p>\n<\/div>\n<\/div>\n<div class=\"pp_accordion_close has_icon\">\n<h3><a href=\"#\">Accepteert u creditkaarten?<\/a><\/h3>\n<div>\n<p>Ja, wij accepteren Visa, Maestro, MasterCard en American Express, Diners Club, Discover, Dinacard en Paysafe-kaarten.<\/p>\n<\/div>\n<\/div>\n<div class=\"pp_accordion_close has_icon\">\n<h3><a href=\"#\">Kan ik contant betalen?<\/a><\/h3>\n<div>\n<p>Wij accepteren contant geld op al onze kantoren en in onze bussen.<\/p>\n<\/div>\n<\/div>\n<h2 id=\"busfaq\">Split Open Top Bus Tour \/ Hop on Hop off Bus \u2013 Rode lijn<\/h2>\n<div class=\"pp_accordion_close has_icon\">\n<h3><a href=\"#\">Werkt u elke dag?<\/a><\/h3>\n<div>\n<p>Van 1 april tot en met 31 oktober varen wij elke dag, behalve op speciale dagen van cruiseschepen<\/p>\n<\/div>\n<\/div>\n<div class=\"pp_accordion_close has_icon\">\n<h3><a href=\"#\">Moet ik vooraf reserveren?<\/a><\/h3>\n<div>\n<p>Nee, u hoeft niet vooraf te reserveren. Door online te reserveren bespaart u echter tijd bij aankomst.<\/p>\n<\/div>\n<\/div>\n<div class=\"pp_accordion_close has_icon\">\n<h3><a href=\"#\">Waar kan ik kaartjes kopen?<\/a><\/h3>\n<div>\n<p>U kunt uw ticket heel eenvoudig reserveren en kopen \u2013 rechtstreeks in de bus, in ons agentschap of online<\/p>\n<\/div>\n<\/div>\n<div class=\"pp_accordion_close has_icon\">\n<h3><a href=\"#\">Accepteert u creditcards als betaalmethode?<\/a><\/h3>\n<div>\n<p>Ja, wij accepteren Visa, Maestro, MasterCard en American Express, Diners Club, Discover, Dinacard en Paysafe-kaarten.<\/p>\n<\/div>\n<\/div>\n<div class=\"pp_accordion_close has_icon\">\n<h3><a href=\"#\">Hoe laat vertrekken jullie bussen?<\/a><\/h3>\n<div>\n<p>De bus van de rode lijn vertrekt 6 keer per dag vanaf de eerste bushalte \u2013 Riva (Promenade). De vertrektijden zijn om 10:30 uur, 11:30 uur, 00:30 uur, 14:00 uur, 15:30 uur en 17:00 uur. <\/p>\n<\/div>\n<\/div>\n<div class=\"pp_accordion_close has_icon\">\n<h3><a href=\"#\">Hoe laat vertrekken uw eerste en laatste bus?<\/a><\/h3>\n<div>\n<p>De eerste rondleiding start om 10:30 uur en de laatste om 17:00 uur.<\/p>\n<\/div>\n<\/div>\n<div class=\"pp_accordion_close has_icon\">\n<h3><a href=\"#\">Waar kan ik meedoen aan de tour?<\/a><\/h3>\n<div>\n<p>De eerste halte is 1) Riva-promenade \u2013 het stadscentrum. U kunt ons bij al onze haltes vinden: 2) Zandstrand Ba\u010dvice, 3) Sportcentrum Gripe, 4) Archeologisch Museum, 5) Voetbalstadion Poljud, 6) Bushalte Me\u0161trovi\u0107 Galerie en Museum van Kroatische Archeologische Monumenten (MHAS), 7) Sint-Franciscuskerk en -klooster. <\/p>\n<\/div>\n<\/div>\n<div class=\"pp_accordion_close has_icon\">\n<h3><a href=\"#\">Hoe lang duurt de panoramatour?<\/a><\/h3>\n<div>\n<p>De panoramische rit duurt ongeveer 1 uur.<\/p>\n<\/div>\n<\/div>\n<div class=\"pp_accordion_close has_icon\">\n<h3><a href=\"#\">Hoeveel zitplaatsen heeft uw bus?<\/a><\/h3>\n<div>\n<p>De zitcapaciteit van onze bussen bedraagt 51 zitplaatsen voor de kleinere bus en 57 zitplaatsen voor de grotere bus.<\/p>\n<\/div>\n<\/div>\n<div class=\"pp_accordion_close has_icon\">\n<h3><a href=\"#\">Is toegang tot bepaalde attracties inbegrepen bij het tourticket?<\/a><\/h3>\n<div>\n<p>Nee, ons ticket geeft geen toegang tot attracties.<\/p>\n<\/div>\n<\/div>\n<div class=\"pp_accordion_close has_icon\">\n<h3><a href=\"#\">Hoe weet ik waar ik moet uitstappen?<\/a><\/h3>\n<div>\n<p>De audiogids wijst je alle bezienswaardigheden en haltes aan en geeft je instructies over hoe en waar je in en uit de bus kunt stappen. Er is ook een Engelstalige reisleider aan boord. <\/p>\n<\/div>\n<\/div>\n<div class=\"pp_accordion_close has_icon\">\n<h3><a href=\"#\">Gelden er kortingstarieven voor groepen?<\/a><\/h3>\n<div>\n<p>Ja, we bieden kortingen voor groepen. Na voorafgaande aanmelding kunnen we groepen toelaten op onze geplande vertrekken. We kunnen echter ook een priv\u00e9tour voor uw groep regelen. De tarieven vari\u00ebren afhankelijk van de groepsgrootte en het tijdstip. Bel of e-mail ons gerust, zodat we u snel kunnen antwoorden.<\/p>\n<\/div>\n<\/div>\n<div class=\"pp_accordion_close has_icon\">\n<h3><a href=\"#\">Hoe kan ik een open bus of een andere bus huren voor mijn groep of speciale evenement?<\/a><\/h3>\n<div>\n<p>Voor meer informatie kunt u ons bellen op +385 91 135 9914. Wij helpen u graag met al uw transportbehoeften.<\/p>\n<\/div>\n<\/div>\n<div class=\"pp_accordion_close has_icon\">\n<h3><a href=\"#\">Bieden jullie priv\u00e9rondleidingen door Split aan?<\/a><\/h3>\n<div>\n<p>Jazeker. Wij verzorgen priv\u00e9rondleidingen door Split en andere steden in de regio. Bel of mail ons gerust, dan kunnen we u een nauwkeurige en gedetailleerde offerte op maat aanbieden.<\/p>\n<\/div>\n<\/div>\n<h2 id=\"walkfaq\">Split-wandeltocht<\/h2>\n<div class=\"pp_accordion_close has_icon\">\n<h3><a href=\"#\">Werkt u elke dag?<\/a><\/h3>\n<div>\n<p>Van 1 april tot en met 31 oktober zijn wij elke dag geopend.<\/p>\n<\/div>\n<\/div>\n<div class=\"pp_accordion_close has_icon\">\n<h3><a href=\"#\">Is er een dienstregeling beschikbaar?<\/a><\/h3>\n<div>\n<p>Van 1 april tot en met 31 oktober is de wandeltocht om 9:30 uur, 11:30 uur, 13:30 uur en 16:30 uur. Als u de wandeltocht niet op het geplande tijdstip kunt doen, neem dan contact met ons op. We kunnen u altijd aansluiten bij andere groepen die de tocht op een ander tijdstip doen.<\/p>\n<\/div>\n<\/div>\n<div class=\"pp_accordion_close has_icon\">\n<h3><a href=\"#\">Waar kan ik kaartjes kopen?<\/a><\/h3>\n<div>\n<p>U kunt uw ticket reserveren en kopen bij ons agentschap of online.<\/p>\n<\/div>\n<\/div>\n<div class=\"pp_accordion_close has_icon\">\n<h3><a href=\"#\">Accepteert u creditcards als betaalmethode?<\/a><\/h3>\n<div>\n<p>Ja, wij accepteren Visa, Maestro, MasterCard en American Express, Diners Club, Discover, Dinacard en Paysafe-kaarten.<\/p>\n<\/div>\n<\/div>\n<div class=\"pp_accordion_close has_icon\">\n<h3><a href=\"#\">Waar kan ik meedoen aan de tour?<\/a><\/h3>\n<div>\n<p>Het ontmoetingspunt is voor de bushalte aan het oostelijke einde van de Riva-boulevard, naast het stadscentrum.<\/p>\n<\/div>\n<\/div>\n<div class=\"pp_accordion_close has_icon\">\n<h3><a href=\"#\">Hoe lang duurt de tour?<\/a><\/h3>\n<div>\n<p>De rondleiding duurt ongeveer 1 uur<\/p>\n<\/div>\n<\/div>\n<div class=\"pp_accordion_close has_icon\">\n<h3><a href=\"#\">Is toegang tot bepaalde attracties inbegrepen bij het tourticket?<\/a><\/h3>\n<div>\n<p>Nee, ons ticket geeft geen toegang tot attracties.<\/p>\n<\/div>\n<\/div>\n<div class=\"pp_accordion_close has_icon\">\n<h3><a href=\"#\">Hoe weet ik waar ik moet uitstappen?<\/a><\/h3>\n<div>\n<p>Uw gids wijst u op alle bezienswaardigheden en haltes en geeft u instructies over hoe en waar u in en uit de bus kunt stappen.<\/p>\n<\/div>\n<\/div>\n<div class=\"pp_accordion_close has_icon\">\n<h3><a href=\"#\">Gelden er kortingstarieven voor groepen?<\/a><\/h3>\n<div>\n<p>Ja, we bieden kortingen voor groepen. Na voorafgaande aanmelding kunnen we groepen toelaten op onze geplande vertrekken. We kunnen echter ook een priv\u00e9tour voor uw groep regelen. De tarieven vari\u00ebren afhankelijk van de groepsgrootte en het tijdstip. Bel of e-mail ons gerust, zodat we u snel kunnen antwoorden.<\/p>\n<\/div>\n<\/div>\n<div class=\"pp_accordion_close has_icon\">\n<h3><a href=\"#\">Hoe kan ik een gids boeken voor mijn groep of speciale evenement?<\/a><\/h3>\n<div>\n<p>Voor meer informatie kunt u ons bellen op +385 91 135 9914. Wij helpen u graag verder.<\/p>\n<\/div>\n<\/div>\n<div class=\"pp_accordion_close has_icon\">\n<h3><a href=\"#\">Bieden jullie priv\u00e9rondleidingen door Split aan?<\/a><\/h3>\n<div>\n<p>Jazeker. We bieden priv\u00e9rondleidingen door Split aan, inclusief shuttle-, bus- en wandeltochten.<\/p>\n<\/div>\n<\/div>","protected":false},"excerpt":{"rendered":"<p>Snelle selectie Betalingen Veelgestelde vragen Split Open Top Bustour Veelgestelde vragen Split Walking Tour Veelgestelde vragen Betalingen Split Open Top Bustour \/ Hop on Hop off Bus \u2013 Rode lijn Split Walking Tour<\/p>","protected":false},"author":1,"featured_media":0,"parent":0,"menu_order":0,"comment_status":"closed","ping_status":"closed","template":"","meta":{"footnotes":""},"class_list":["post-320","page","type-page","status-publish","hentry"],"_links":{"self":[{"href":"https:\/\/visitsplitcroatia.com\/nl\/wp-json\/wp\/v2\/pages\/320","targetHints":{"allow":["GET"]}}],"collection":[{"href":"https:\/\/visitsplitcroatia.com\/nl\/wp-json\/wp\/v2\/pages"}],"about":[{"href":"https:\/\/visitsplitcroatia.com\/nl\/wp-json\/wp\/v2\/types\/page"}],"author":[{"embeddable":true,"href":"https:\/\/visitsplitcroatia.com\/nl\/wp-json\/wp\/v2\/users\/1"}],"replies":[{"embeddable":true,"href":"https:\/\/visitsplitcroatia.com\/nl\/wp-json\/wp\/v2\/comments?post=320"}],"version-history":[{"count":22,"href":"https:\/\/visitsplitcroatia.com\/nl\/wp-json\/wp\/v2\/pages\/320\/revisions"}],"predecessor-version":[{"id":6815,"href":"https:\/\/visitsplitcroatia.com\/nl\/wp-json\/wp\/v2\/pages\/320\/revisions\/6815"}],"wp:attachment":[{"href":"https:\/\/visitsplitcroatia.com\/nl\/wp-json\/wp\/v2\/media?parent=320"}],"curies":[{"name":"wp","href":"https:\/\/api.w.org\/{rel}","templated":true}]}}