{"id":2465,"date":"2016-12-24T04:38:09","date_gmt":"2016-12-24T04:38:09","guid":{"rendered":"http:\/\/themes.themegoods.com\/grandtour\/demo\/?page_id=2465"},"modified":"2026-01-22T13:47:05","modified_gmt":"2026-01-22T13:47:05","slug":"about-apodos","status":"publish","type":"page","link":"https:\/\/visitsplitcroatia.com\/pl\/o-apodos\/","title":{"rendered":"O Apodos"},"content":{"rendered":"<div class=\"one withsmallpadding ppb_header parallax withbg\" style=\"min-height 80vh!important;background-image: url('https:\/\/visitsplitcroatia.com\/wp-content\/uploads\/2023\/01\/LINKEDIN-BANNER-12470.png'); background-position: center top; text-align: center; padding: 120px 0 120px 0; color: #ffffff;\">\r\n<div class=\"overlay_background\" style=\"background: rgba(0,0,0,0.45);\">\r\n<p><strong>ZR\u00d3WNOWA\u017bONE ZWIEDZANIE DLA KA\u017bDEGO<\/strong><\/p>\r\n<p>Promowanie bardziej odpowiedzialnego sposobu zwiedzania<\/p>\r\n<p>Wspieraj\u0105c nasz\u0105 wizj\u0119 i do\u0142\u0105czaj\u0105c do naszych wycieczek, pomagasz tworzy\u0107 lepsz\u0105 wersj\u0119 turystyki!<\/p>\r\n<p>&nbsp;<\/p>\r\n<\/div>\r\n<div class=\"standard_wrapper\">\r\n<div class=\"page_content_wrapper\">\r\n<div class=\"inner\">\r\n<div style=\"margin: auto; width: 60%;\">\r\n<div class=\"ppb_header_content\">\r\n<div class=\"page_tagline\" style=\"color: #ffffff;\">\u00a0<\/div>\r\n<\/div>\r\n<\/div>\r\n<\/div>\r\n<\/div>\r\n<\/div>\r\n<\/div>\r\n\r\n\r\n\r\n<div class=\"one withsmallpadding ppb_header\" style=\"text-align: center; padding: 50px 0 50px 0; background-color: #ffffff; color: #000000;\">\r\n<div class=\"standard_wrapper\">\r\n<div class=\"page_content_wrapper\">\r\n<div class=\"inner\">\r\n<div style=\"margin: auto; width: 60%;\">\r\n<h2>Zr\u00f3wnowa\u017cone zwiedzanie dla ka\u017cdego!<\/h2>\r\n<h2 style=\"text-align: center;\"><strong>Open-top bus tours have been exclusively provided by Apodos travel agency in Split since 2013.<\/strong><\/h2>\r\n<h2><span style=\"color: #ff0000;\">Wspieraj\u0105c nasz\u0105 wizj\u0119 i do\u0142\u0105czaj\u0105c do naszych wycieczek, pomagasz tworzy\u0107 lepsz\u0105 wersj\u0119 turystyki!<\/span><\/h2>\r\n<p>&nbsp;<\/p>\r\n<p>Nasze rozwi\u0105zania w zakresie zwiedzania s\u0105 dostosowane do zwi\u0119kszenia zar\u00f3wno Pa\u0144stwa zadowolenia, jak i wsparcia lokalnej spo\u0142eczno\u015bci.<\/p>\r\n<p>Jako lokalna agencja turystyczna stawiaj\u0105ca na zr\u00f3wnowa\u017cone i ekologiczne podr\u00f3\u017ce, nasze dzia\u0142ania maj\u0105 na celu promowanie nast\u0119puj\u0105cych zasad:<\/p>\r\n<h4><a href=\"https:\/\/visitsplitcroatia.com\/wp-content\/uploads\/2023\/01\/stella-web-2.jpg\"><img decoding=\"async\" class=\"alignnone wp-image-6325 size-large\" src=\"https:\/\/visitsplitcroatia.com\/wp-content\/uploads\/2023\/01\/stella-web-2-1024x683.jpg\" alt=\"\" width=\"1024\" height=\"683\" \/><\/a><\/h4>\r\n<p>&nbsp;<\/p>\r\n<p>\u221aDobrostan lokalnej spo\u0142eczno\u015bci<\/p>\r\n<p>\u221aJako\u015b\u0107 zatrudnienia<\/p>\r\n<p>\u221aR\u00f3wno\u015b\u0107 p\u0142ci i wzmocnienie pozycji kobiet<\/p>\r\n<p>\u221aRegionalne partnerstwo na rzecz zr\u00f3wnowa\u017conego rozwoju<\/p>\r\n<p>\u221aZr\u00f3wnowa\u017cone rolnictwo<\/p>\r\n<p>\u221aSpe\u0142nienie oczekiwa\u0144 odwiedzaj\u0105cych, bogactwo kulturowe i autentyczne lokalne zanurzenie<\/p>\r\n<p>\u221aDecentralizacja<\/p>\r\n<p>\u221aCzysto\u015b\u0107 \u015brodowiska<\/p>\r\n<p>&nbsp;<\/p>\r\n<p><a href=\"https:\/\/visitsplitcroatia.com\/wp-content\/uploads\/2023\/01\/DUGOPOLJE-3.jpg\"><img decoding=\"async\" class=\"alignnone wp-image-6202 size-full\" src=\"https:\/\/visitsplitcroatia.com\/wp-content\/uploads\/2023\/01\/DUGOPOLJE-3.jpg\" alt=\"\" width=\"1500\" height=\"1000\" \/><\/a><\/p>\r\n<h3><strong>APODOS \u2013 Promowanie lokalnego dziedzictwa i promowanie bardziej odpowiedzialnego sposobu zwiedzania <span style=\"color: #ff0000;\">od 2013 roku<\/span><\/strong><\/h3>\r\n<p>Po\u015bwi\u0119cili\u015bmy wiele uwagi propagowaniu r\u00f3\u017cnorodno\u015bci lokalnej kultury i dziedzictwa, a ponadto jeste\u015bmy wy\u0142\u0105cznym organizatorem wycieczek autokarowych z odkrytym dachem po Dalmacji.<\/p>\r\n<p>Wdra\u017camy t\u0119 wizj\u0119 poprzez opracowywanie nowych, przyjaznych dla \u015brodowiska i zr\u00f3wnowa\u017conych ofert zwiedzania dla naszych go\u015bci, zwi\u0119kszanie \u015bwiadomo\u015bci ekologicznej i promowanie ca\u0142orocznej dzia\u0142alno\u015bci.\u00a0<\/p>\r\n<h4><a href=\"https:\/\/visitsplitcroatia.com\/wp-content\/uploads\/2023\/01\/IMG_1084warm-scaled.jpg\"><img decoding=\"async\" class=\"alignnone wp-image-6779 size-large\" src=\"https:\/\/visitsplitcroatia.com\/wp-content\/uploads\/2023\/01\/IMG_1084warm-1024x768.jpg\" alt=\"\" width=\"1024\" height=\"768\" \/><\/a><\/h4>\r\n<h2>\u00a0<\/h2>\r\n<h2><strong>Nasze podstawowe warto\u015bci<\/strong><\/h2>\r\n<p>&nbsp;<\/p>\r\n<h3><span style=\"color: #ff0000;\"><strong>WSPIERANIE ZR\u00d3WNOWA\u017bONEGO ROZWOJU I OCHRONA \u015aRODOWISKA<\/strong><\/span><\/h3>\r\n<p>Dalmacja jest naszym domem, a rozw\u00f3j naszej firmy koncentruje si\u0119 na ochronie naszego domu dla wszystkich: dla nas, dla naszych dzieci i dla naszych go\u015bci. Aby zademonstrowa\u0107 to w praktyce, Apodos uruchomi\u0142 <span style=\"color: #ff0000;\">pionierski, ekologiczny produkt turystyczny<\/span> dzia\u0142aj\u0105ce od sezonu 2023:<\/p>\r\n<p><span style=\"color: #008000;\"><a style=\"color: #008000;\" href=\"https:\/\/visitsplitcroatia.com\/pl\/tour\/dalmatia-for-nature-lovers-countryside-half-day-tour\/\"><strong>Dalmacja dla mi\u0142o\u015bnik\u00f3w przyrody \u2013 p\u00f3\u0142dniowa wycieczka po wsi\u00a0<\/strong><\/a><\/span><\/p>\r\n<p>Wycieczka umo\u017cliwia go\u015bciom mieszkaj\u0105cym w Splicie ucieczk\u0119 z miasta i zanurzenie si\u0119 w pi\u0119knie i bogactwie naturalnych skarb\u00f3w Dalmacji. Go\u015bcie mog\u0105 do\u015bwiadczy\u0107 dalmaty\u0144skiej wsi, dowiedzie\u0107 si\u0119 o lokalnej przyrodzie i regionalnych produktach dalmaty\u0144skich w zabawny, edukacyjny i interaktywny spos\u00f3b.<\/p>\r\n<p>&nbsp;<\/p>\r\n<h3><strong>NASZ <span style=\"color: #ff0000;\">WOLONTARIUSZ<\/span> DNI<\/strong><\/h3>\r\n<p>Co roku organizujemy dzie\u0144, w kt\u00f3rym nasi pracownicy mog\u0105 pracowa\u0107 jako wolontariusze na rzecz dobrostanu naszej wsi. Dzia\u0142ania obejmuj\u0105 dni sprz\u0105tania pla\u017cy, dni sadzenia drzew. Zapraszamy wszystkich wolontariuszy, kt\u00f3rzy chcieliby do nas do\u0142\u0105czy\u0107. Nasze dni wolontariatu s\u0105 r\u00f3wnie\u017c wspania\u0142\u0105 okazj\u0105 do podniesienia \u015bwiadomo\u015bci mieszka\u0144c\u00f3w na temat konieczno\u015bci zr\u00f3wnowa\u017conego rozwoju naszego miejsca docelowego. Je\u015bli jest jakie\u015b konkretne miejsce, kt\u00f3remu mo\u017cemy pom\u00f3c i zrobi\u0107 co\u015b dobrego dla \u015brodowiska, nie wahaj si\u0119 wys\u0142a\u0107 nam swoich sugestii na nast\u0119puj\u0105cy adres e-mail: <a href=\"mailto:Info@apodos.com.hr-\"><strong>Info@apodos.com.hr<\/strong><\/a><\/p>\r\n<p>\u221aNast\u0119pny Dzie\u0144 Wolontariusza w APODOS odb\u0119dzie si\u0119 za <strong>2025.<\/strong><\/p>\r\n<h4><strong><span style=\"color: #ff0000;\">Zapisz si\u0119 i przyprowad\u017a swoich znajomych!<\/span> Razem mo\u017cemy pom\u00f3c zachowa\u0107 pi\u0119kno Dalmacji dla przysz\u0142ych pokole\u0144!<\/strong><\/h4>\r\n<\/div>\r\n<\/div>\r\n<\/div>\r\n<p><a href=\"https:\/\/visitsplitcroatia.com\/wp-content\/uploads\/2023\/01\/KLIS-4.jpg\"><img decoding=\"async\" class=\"alignnone wp-image-6207 size-large\" src=\"https:\/\/visitsplitcroatia.com\/wp-content\/uploads\/2023\/01\/KLIS-4-1024x683.jpg\" alt=\"\" width=\"1024\" height=\"683\" \/><\/a><\/p>\r\n<div class=\"page_content_wrapper\">\r\n<div class=\"inner\">\r\n<div style=\"margin: auto; width: 60%;\">\r\n<h3><strong>WSPIERANIE <span style=\"color: #ff0000;\">SPO\u0141ECZNO\u015a\u0106 LOKALNA<\/span><\/strong><\/h3>\r\n<p>Dzia\u0142amy razem z lokalnymi spo\u0142eczno\u015bciami, mieszka\u0144cami i ma\u0142ymi przedsi\u0119biorstwami, aby zapewni\u0107 ochron\u0119 naturalnego dziedzictwa kulturowego i \u015brodowiskowego. Wsp\u00f3\u0142praca z podobnie my\u015bl\u0105cymi lokalnymi partnerami, kt\u00f3rzy r\u00f3wnie\u017c promuj\u0105 zr\u00f3wnowa\u017cony rozw\u00f3j, jest sednem naszej pracy. Jednocze\u015bnie d\u0105\u017cymy do zwi\u0119kszenia lokalnej \u015bwiadomo\u015bci zr\u00f3wnowa\u017conego rozwoju i upewniamy si\u0119, \u017ce g\u0142osy lokalne s\u0105 brane pod uwag\u0119, je\u015bli chodzi o przysz\u0142y rozw\u00f3j ich destynacji. Zatrudniamy lokalnie i korzystamy z us\u0142ug lokalnych dostawc\u00f3w.<\/p>\r\n<p>&nbsp;<\/p>\r\n<h3><strong>PROMOWANIE <span style=\"color: #ff0000;\">WZMOCNIENIE POZYCJI KOBIET<\/span> W ZATRUDNIENIU<\/strong><\/h3>\r\n<p>Nasz personel to zesp\u00f3\u0142 niesamowitych os\u00f3b, kt\u00f3rych pasj\u0105 jest wywieranie pozytywnego wp\u0142ywu na lokaln\u0105 scen\u0119 turystyczn\u0105. W szczeg\u00f3lno\u015bci wk\u0142ad naszych kole\u017canek w ci\u0105gu ostatnich 15+ lat dzia\u0142alno\u015bci Apodos na lokalnym rynku nie mo\u017ce zosta\u0107 opisany s\u0142owami.<\/p>\r\n<p>Dlatego zawsze naszym g\u0142\u00f3wnym celem by\u0142o dostosowanie polityki firmy do potrzeb kobiet. W ten spos\u00f3b nigdy nie musz\u0105 wybiera\u0107 mi\u0119dzy rolami, jakie odgrywaj\u0105 w pracy lub w rodzinie. W Apodos stale zapewniamy naszym pracownicom sposoby szkolenia, podnoszenia kwalifikacji lub krzy\u017cowania umiej\u0119tno\u015bci, jednocze\u015bnie zach\u0119caj\u0105c je do odkrywania nowych umiej\u0119tno\u015bci, kt\u00f3re mo\u017cna przekszta\u0142ci\u0107 w now\u0105 funkcj\u0119 zawodow\u0105.<\/p>\r\n<p>&nbsp;<\/p>\r\n<h3><strong>OFERUJEMY AUTENTYCZNE DO\u015aWIADCZENIA KULTUROWE <span style=\"color: #ff0000;\">BEZPIECZE\u0143STWO<\/span> I <span style=\"color: #ff0000;\">ODPOWIEDZIALNO\u015a\u0106<\/span><\/strong><\/h3>\r\n<p>Dbanie o bezpiecze\u0144stwo i dobre samopoczucie naszych klient\u00f3w jest podstaw\u0105 naszych dzia\u0142a\u0144. Wszyscy nasi przewodnicy s\u0105 lokalnie certyfikowani i wykwalifikowani. Wszyscy nasi kierowcy to profesjonali\u015bci z dziesi\u0119cioleciami do\u015bwiadczenia. Bezpiecze\u0144stwo jest absolutnym priorytetem we wszystkich naszych codziennych dzia\u0142aniach. W tym kontek\u015bcie naszym celem jest dostarczanie prawdziwie autentycznych wra\u017ce\u0144 turystycznych, umo\u017cliwiaj\u0105c naszym go\u015bciom do\u015bwiadczenie prawdziwej Dalmacji, jej natury, ludzi, kultury, jedzenia i bogactwa historycznego.<\/p>\r\n<h2>\u00a0<\/h2>\r\n<h3><span style=\"color: #ff0000;\"><strong>DAJEMY NATURZE SZANS\u0118 NA ODPOCZYNEK<\/strong><\/span><\/h3>\r\n<p>W ostatnich latach Split do\u015bwiadczy\u0142 szybkiego wzrostu turystyki. Ta centralizacja turystyki nie jest korzystna ani zr\u00f3wnowa\u017cona i stwarza wiele problem\u00f3w spo\u0142ecznych.<\/p>\r\n<p>Staramy si\u0119 wspiera\u0107 <span style=\"color: #ff0000;\">zr\u00f3wnowa\u017cony zwi\u0105zek z natur\u0105<\/span> i przyczyniamy si\u0119 do ochrony bogactwa naturalnego Dalmacji.\u00a0<\/p>\r\n<p>Nasze wycieczki przyczyniaj\u0105 si\u0119 do rozproszenia zasob\u00f3w turystycznych w szczycie sezonu, daj\u0105c w ten spos\u00f3b regionowi Splitu szans\u0119 na \u201eoddech\u201d.<\/p>\r\n<p>Ponadto nasz <span style=\"color: #ff0000;\">Wycieczki piesze po Splicie<\/span> s\u0105 dostosowane do<strong> 100% \u017badnego \u015bladu!<\/strong><\/p>\r\n<h2><a href=\"https:\/\/visitsplitcroatia.com\/wp-content\/uploads\/2023\/01\/bus.jpg\"><img decoding=\"async\" class=\"alignnone wp-image-6257 size-large\" src=\"https:\/\/visitsplitcroatia.com\/wp-content\/uploads\/2023\/01\/bus-1024x683.jpg\" alt=\"\" width=\"1024\" height=\"683\" \/><\/a><\/h2>\r\n<h2><strong>ZOBACZ NASZE <span style=\"color: #ff0000;\">ZR\u00d3WNOWA\u017bONY<\/span> EKO-ZWIED\u0179CZE DO\u015aWIADCZENIA DALMACJ\u0118:<\/strong><\/h2>\r\n<p>&nbsp;<\/p>\r\n<h4><span style=\"color: #008000;\"><a style=\"color: #008000;\" href=\"https:\/\/visitsplitcroatia.com\/pl\/tour\/dalmatia-for-nature-lovers-countryside-half-day-tour\/\"><strong>\u221a<\/strong>Dalmacja dla mi\u0142o\u015bnik\u00f3w przyrody \u2013 p\u00f3\u0142dniowa wycieczka po wsi\u00a0<\/a><\/span><\/h4>\r\n<h4><span style=\"color: #008000;\"><a style=\"color: #008000;\" href=\"https:\/\/visitsplitcroatia.com\/pl\/tour\/ukryte-perelki-dalmacji-48-godzinna-wycieczka-krajoznawcza\/\"><strong>\u221a<\/strong>Ukryte klejnoty Dalmacji \u2013 48-godzinna wycieczka krajoznawcza<\/a><\/span><\/h4>\r\n<h4><span style=\"color: #008000;\"><a style=\"color: #008000;\" href=\"https:\/\/visitsplitcroatia.com\/pl\/tour\/podzielona-wycieczka-piesza-2\/\"><strong>\u221a<\/strong>Bez\u015bladowe Eko-spacery - Najlepsza Ekologiczna Wycieczka Piesza po Splicie<\/a><\/span><\/h4>\r\n<h4>\u00a0<\/h4>\r\n<p><a href=\"https:\/\/visitsplitcroatia.com\/wp-content\/uploads\/2025\/02\/IMG_1049.jpg\"><img decoding=\"async\" class=\"alignnone wp-image-6938 size-large\" src=\"https:\/\/visitsplitcroatia.com\/wp-content\/uploads\/2025\/02\/IMG_1049-1024x683.jpg\" alt=\"\" width=\"1024\" height=\"683\" \/><\/a><\/p>\r\n<p>&nbsp;<\/p>\r\n<h3><strong>INNE WYCIECZKI DLA MI\u0141O\u015aNIK\u00d3W NATURY, KT\u00d3RE OFERUJEMY:<\/strong><\/h3>\r\n<p>&nbsp;<\/p>\r\n<h4><span style=\"color: #008000;\"><a style=\"color: #008000;\" href=\"https:\/\/visitsplitcroatia.com\/pl\/tour\/zielona-ucieczka\/\"><strong>\u221a<\/strong>Zielona ucieczka<\/a><\/span><\/h4>\r\n<\/div>\r\n<\/div>\r\n<\/div>\r\n<p>&nbsp;<\/p>\r\n<div class=\"page_content_wrapper\">\r\n<div class=\"inner\">\r\n<div style=\"margin: auto; width: 60%;\">\r\n<p><a href=\"https:\/\/visitsplitcroatia.com\/wp-content\/uploads\/2025\/02\/bus-klis.jpg\"><img decoding=\"async\" class=\"alignnone wp-image-6939 size-full\" src=\"https:\/\/visitsplitcroatia.com\/wp-content\/uploads\/2025\/02\/bus-klis.jpg\" alt=\"\" width=\"856\" height=\"478\" \/><\/a><\/p>\r\n<p>&nbsp;<\/p>\r\n<h3><strong>WI\u0118CEJ NASZYCH INDYWIDUALNYCH ROZWI\u0104ZA\u0143 ZWIEDZANIA<\/strong><\/h3>\r\n<p><span style=\"color: #ff0000;\">Je\u015bli jeste\u015b certyfikowan\u0105 profesjonaln\u0105 agencj\u0105 turystyczn\u0105<\/span> Je\u015bli klienci poszukuj\u0105 zr\u00f3wnowa\u017conych sposob\u00f3w odkrywania Dalmacji, nie wahaj si\u0119 skontaktowa\u0107 z nami i porozmawia\u0107 o tym, jak mo\u017cemy<span style=\"color: #ff0000;\"> po\u0142\u0105czmy si\u0142y i zr\u00f3bmy wi\u0119cej dobrego!<\/span><\/p>\r\n<p>Je\u015bli reprezentujesz <span style=\"color: #ff0000;\">Dzia\u0142 rejs\u00f3w Shorex<\/span>, ch\u0119tnie zakwaterujemy Twoje grupy w Splicie na jednej z naszych wycieczek krajoznawczych. Oferujemy atrakcyjne pakiety grupowe i specjalne ceny dla senior\u00f3w.<\/p>\r\n<\/div>\r\n<\/div>\r\n<h3>\u00a0<\/h3>\r\n<div class=\"inner\">\r\n<div style=\"margin: auto; width: 60%;\">\r\n<h3 class=\"ppb_title\" style=\"color: #000000;\">\u00a0<\/h3>\r\n<\/div>\r\n<\/div>\r\n<\/div>\r\n<\/div>\r\n<\/div>\r\n\r\n\r\n\r\n<div class=\"one withsmallpadding ppb_header\" style=\"text-align: center; padding: 50px 0 50px 0; background-color: #ffffff; color: #000000;\">\r\n<div class=\"standard_wrapper\">\r\n<div class=\"page_content_wrapper\">\r\n<div class=\"inner\">\r\n<div style=\"margin: auto; width: 60%;\">\r\n<div class=\"ppb_header_content\">\r\n<div class=\"one_half\">\r\n<div class=\"animate_counter_wrapper\">\r\n<div id=\"16589337731930751441\" class=\"odometer\" style=\"font-size: 60px; line-height: 60px;\">20+<\/div>\r\n<div class=\"count_separator\">\u00a0<\/div>\r\n<div class=\"counter_subject\">Wycieczki i wycieczki<\/div>\r\n<\/div>\r\n<\/div>\r\n<div class=\"one_half last\">\r\n<div class=\"animate_counter_wrapper\">\r\n<div id=\"16589337732008602398\" class=\"odometer\" style=\"font-size: 60px; line-height: 60px;\">10,000<\/div>\r\n<div class=\"count_separator\">\u00a0<\/div>\r\n<div class=\"counter_subject\">Szcz\u0119\u015bliwi podr\u00f3\u017cnicy<\/div>\r\n<\/div>\r\n<\/div>\r\n<p>&nbsp;<\/p>\r\n<\/div>\r\n<\/div>\r\n<\/div>\r\n<\/div>\r\n<\/div>\r\n<\/div>\r\n\r\n\r\n\r\n<div class=\"one withsmallpadding ppb_testimonial_column\">\r\n<div class=\"standard_wrapper\">\r\n<div class=\"page_content_wrapper\">\r\n<div class=\"inner\">\r\n<div class=\"testimonial_wrapper\">\r\n<div class=\"one_half testimonial_column_element animated1\">\r\n<figure><img decoding=\"async\" class=\"team_pic\" src=\"https:\/\/visitsplitcroatia.com\/wp-content\/uploads\/2022\/06\/Melinda-Arafat.webp\" alt=\"Melinda Arafat\" \/><\/figure>\r\n<div class=\"testimonial_image animated\" data-animation=\"bigEntrance\">\u00a0<\/div>\r\n<div class=\"testimonial_content\">\r\n<div class=\"quote\">\r\n<h3 id=\"HEADING\" class=\"title\">Bardzo polecam<\/h3>\r\n<\/div>\r\n<p>Ta jednodniowa wycieczka zdecydowanie jest warta podr\u00f3\u017cy. Sam park jest zbyt pi\u0119kny, aby w pe\u0142ni uchwyci\u0107 go na zdj\u0119ciach. Krystalicznie czyste wody, wodospady i g\u00f3ry - to by\u0142o jak z poczt\u00f3wki. Nasz przewodnik, Renato, by\u0142 TAK kompetentny i przyjazny. Dowiedzieli\u015bmy si\u0119 wielu ciekawostek o Chorwacji i parku. <strong>Zdecydowanie polecam t\u0119 firm\u0119 turystyczn\u0105.<\/strong><\/p>\r\n<div class=\"testimonial_customer\">\r\n<h6>Melinda Arafat<\/h6>\r\n<div class=\"testimonial_customer_position\">Napisano 10 sierpnia 2021 r.<\/div>\r\n<p>&#8211;<\/p>\r\n<div class=\"testimonial_customer_company\"><a href=\"https:\/\/www.tripadvisor.com\/ShowUserReviews-g295370-d4955222-r802874137-Apodos_Travel_Agency-Split_Split_Dalmatia_County_Dalmatia.html\" target=\"_blank\" rel=\"noopener nofollow\">Recenzja z TripAdvisor<\/a><\/div>\r\n<\/div>\r\n<\/div>\r\n<\/div>\r\n<div class=\"one_half testimonial_column_element animated2 last\">\r\n<figure><img decoding=\"async\" class=\"team_pic\" src=\"https:\/\/visitsplitcroatia.com\/wp-content\/uploads\/2022\/06\/John-D.webp\" alt=\"Jan D.\" \/><\/figure>\r\n<div class=\"testimonial_image animated\" data-animation=\"bigEntrance\">\u00a0<\/div>\r\n<div class=\"testimonial_content\">\r\n<h3 id=\"HEADING\" class=\"title\">Doskona\u0142y<\/h3>\r\n<p>Taki niesamowity przewodnik. Mn\u00f3stwo anegdot po drodze, aby dowiedzie\u0107 si\u0119 czego\u015b o regionie z suchym ba\u0142ka\u0144skim humorem i bardzo dobrym, \u0142atwym do zrozumienia angielskim. \u015awietna w\u0119dr\u00f3wka po parku. Kolory s\u0105 nie z tej ziemi. <strong>Zdecydowanie polecam.<\/strong><\/p>\r\n<div class=\"testimonial_customer\">\r\n<h6>Jan D.<\/h6>\r\n<div class=\"testimonial_customer_position\">Napisano 2 sierpnia 2021 r.<\/div>\r\n<p>&#8211;<\/p>\r\n<div class=\"testimonial_customer_company\"><a href=\"https:\/\/www.tripadvisor.com\/ShowUserReviews-g295370-d4955222-r801248742-Apodos_Travel_Agency-Split_Split_Dalmatia_County_Dalmatia.html\" target=\"_blank\" rel=\"noopener nofollow\">Recenzja z TripAdvisor<\/a><\/div>\r\n<\/div>\r\n<\/div>\r\n<\/div>\r\n<div class=\"one_half testimonial_column_element animated3\">\r\n<figure><img decoding=\"async\" class=\"team_pic\" src=\"https:\/\/visitsplitcroatia.com\/wp-content\/uploads\/2022\/06\/Fred-C.webp\" alt=\"Fred C\" \/><\/figure>\r\n<div class=\"testimonial_image animated\" data-animation=\"bigEntrance\">\u00a0<\/div>\r\n<div class=\"testimonial_content\">\r\n<div class=\"quote\">\r\n<h3 id=\"HEADING\" class=\"title\">Cudowna wycieczka<\/h3>\r\n<\/div>\r\n<p>Ta ca\u0142odniowa wycieczka by\u0142a cudowna. Chcieli\u015bmy zobaczy\u0107 najwa\u017cniejsze atrakcje Splitu i to nam dostarczyli. Znalezienie autobusu i zap\u0142acenie bezpo\u015brednio by\u0142o bardzo \u0142atwe. Nasza przewodniczka Magdalena by\u0142a pe\u0142na wiedzy i bardzo pasjonowa\u0142a si\u0119 miejscami. Z pewno\u015bci\u0105 sprawi\u0142a, \u017ce historia o\u017cy\u0142a dla nas.<\/p>\r\n<div class=\"testimonial_customer\">\r\n<h6>Fred C<\/h6>\r\n<div class=\"testimonial_customer_position\">Napisano 19 maja 2022 r.<\/div>\r\n<p>&#8211;<\/p>\r\n<div class=\"testimonial_customer_company\"><a href=\"https:\/\/www.tripadvisor.com\/ShowUserReviews-g295370-d4955222-r839110362-Apodos_Travel_Agency-Split_Split_Dalmatia_County_Dalmatia.html\" target=\"_blank\" rel=\"noopener nofollow\">Recenzja z TripAdvisor<\/a><\/div>\r\n<\/div>\r\n<\/div>\r\n<\/div>\r\n<div class=\"one_half testimonial_column_element animated4 last\">\r\n<figure><img decoding=\"async\" class=\"team_pic\" src=\"https:\/\/visitsplitcroatia.com\/wp-content\/uploads\/2022\/06\/Eileen-T.webp\" alt=\"Eileen T\" \/><\/figure>\r\n<div class=\"testimonial_image animated\" data-animation=\"bigEntrance\">\u00a0<\/div>\r\n<div class=\"testimonial_content\">\r\n<div class=\"quote\">\r\n<h3 id=\"HEADING\" class=\"title\">Wspania\u0142y przewodnik turystyczny!<\/h3>\r\n<\/div>\r\n<p>Naprawd\u0119 podoba\u0142a nam si\u0119 nasza wycieczka autobusowa, szczeg\u00f3lnie piesza wycieczka po Splicie. Nasz przewodnik by\u0142 fantastyczny. Magdalena by\u0142a tak kompetentna i sprawi\u0142a, \u017ce wycieczka by\u0142a tak interesuj\u0105ca. By\u0142a naprawd\u0119 entuzjastyczna i wida\u0107, \u017ce kocha swoj\u0105 prac\u0119. Zach\u0119cam do wzi\u0119cia udzia\u0142u w tej wycieczce. Twierdza Klis jest bardzo imponuj\u0105ca. Widoki zapieraj\u0105 dech w piersiach.<\/p>\r\n<div class=\"testimonial_customer\">\r\n<h6>Eileen T<\/h6>\r\n<div class=\"testimonial_customer_position\">16 maja 2022 r.<\/div>\r\n<p>&#8211;<\/p>\r\n<div class=\"testimonial_customer_company\"><a href=\"https:\/\/www.tripadvisor.com\/ShowUserReviews-g295370-d4955222-r838745577-Apodos_Travel_Agency-Split_Split_Dalmatia_County_Dalmatia.html\" target=\"_blank\" rel=\"noopener nofollow\">Recenzja z TripAdvisor<\/a><\/div>\r\n<\/div>\r\n<\/div>\r\n<\/div>\r\n<\/div>\r\n<\/div>\r\n<\/div>\r\n<\/div>\r\n<\/div>\r\n\r\n\r\n\r\n<div class=\"one withsmallpadding ppb_header\" style=\"text-align: center; padding: 50px 0 50px 0; background-color: #ffffff; color: #000000;\">\r\n<div class=\"standard_wrapper\">\r\n<div class=\"page_content_wrapper\">\r\n<div class=\"inner\">\r\n<div style=\"margin: auto; width: 60%;\">\u00a0<\/div>\r\n<\/div>\r\n<\/div>\r\n<\/div>\r\n<\/div>\r\n<div class=\"ppb_tour_classic one nopadding\">\r\n<div class=\"page_content_wrapper page_main_content sidebar_content full_width fixed_column\">\r\n<div class=\"standard_wrapper\">\r\n<div id=\"1658933773801726921\" class=\"portfolio_filter_wrapper gallery classic three_cols\" data-columns=\"3\">\r\n<div class=\"element grid classic3_cols animated3\">\r\n<div class=\"one_third gallery3 classic static filterable portfolio_type themeborder\">\r\n<div class=\"portfolio_info_wrapper\">\r\n<p>&nbsp;<\/p>\r\n<\/div>\r\n<\/div>\r\n<\/div>\r\n<\/div>\r\n<\/div>\r\n<\/div>\r\n<\/div>","protected":false},"excerpt":{"rendered":"<p>SUSTAINABLE SIGHTSEEING FOR EVERYONE Fostering a more responsible way of sightseeing By supporting our vision and joining our tours, you\u2019re helping create a better version of tourism! &nbsp; \u00a0 Sustainable Sightseeing for Everyone! Open-top bus tours have been exclusively provided [&hellip;]<\/p>","protected":false},"author":1,"featured_media":6154,"parent":0,"menu_order":0,"comment_status":"closed","ping_status":"closed","template":"","meta":{"footnotes":""},"class_list":["post-2465","page","type-page","status-publish","has-post-thumbnail","hentry"],"_links":{"self":[{"href":"https:\/\/visitsplitcroatia.com\/pl\/wp-json\/wp\/v2\/pages\/2465","targetHints":{"allow":["GET"]}}],"collection":[{"href":"https:\/\/visitsplitcroatia.com\/pl\/wp-json\/wp\/v2\/pages"}],"about":[{"href":"https:\/\/visitsplitcroatia.com\/pl\/wp-json\/wp\/v2\/types\/page"}],"author":[{"embeddable":true,"href":"https:\/\/visitsplitcroatia.com\/pl\/wp-json\/wp\/v2\/users\/1"}],"replies":[{"embeddable":true,"href":"https:\/\/visitsplitcroatia.com\/pl\/wp-json\/wp\/v2\/comments?post=2465"}],"version-history":[{"count":89,"href":"https:\/\/visitsplitcroatia.com\/pl\/wp-json\/wp\/v2\/pages\/2465\/revisions"}],"predecessor-version":[{"id":7613,"href":"https:\/\/visitsplitcroatia.com\/pl\/wp-json\/wp\/v2\/pages\/2465\/revisions\/7613"}],"wp:featuredmedia":[{"embeddable":true,"href":"https:\/\/visitsplitcroatia.com\/pl\/wp-json\/wp\/v2\/media\/6154"}],"wp:attachment":[{"href":"https:\/\/visitsplitcroatia.com\/pl\/wp-json\/wp\/v2\/media?parent=2465"}],"curies":[{"name":"wp","href":"https:\/\/api.w.org\/{rel}","templated":true}]}}