{"id":320,"date":"2016-12-22T10:07:06","date_gmt":"2016-12-22T10:07:06","guid":{"rendered":"http:\/\/themes.themegoods.com\/grandtour\/demo\/?page_id=320"},"modified":"2025-02-19T12:14:58","modified_gmt":"2025-02-19T12:14:58","slug":"faqs","status":"publish","type":"page","link":"https:\/\/visitsplitcroatia.com\/pl\/czesto-zadawane-pytania\/","title":{"rendered":"Cz\u0119sto zadawane pytania"},"content":{"rendered":"<div class=\"mobilefaq\">\n<h2>Szybki wyb\u00f3r<\/h2>\n<div class=\"menu-faq-container\">\n<ul id=\"menu-faq\" class=\"menu\">\n<li id=\"menu-item-4549\" class=\"menu-item menu-item-type-custom menu-item-object-custom current-menu-item menu-item-4549\"><a href=\"https:\/\/visitsplitcroatia.com\/pl\/czesto-zadawane-pytania\/#payfaq\" aria-current=\"page\">Cz\u0119sto zadawane pytania dotycz\u0105ce p\u0142atno\u015bci<\/a><\/li>\n<li id=\"menu-item-4550\" class=\"menu-item menu-item-type-custom menu-item-object-custom current-menu-item menu-item-4550\"><a href=\"https:\/\/visitsplitcroatia.com\/pl\/czesto-zadawane-pytania\/#busfaq\" aria-current=\"page\">Najcz\u0119\u015bciej zadawane pytania dotycz\u0105ce wycieczki autobusem Split Open Top<\/a><\/li>\n<li id=\"menu-item-4551\" class=\"menu-item menu-item-type-custom menu-item-object-custom current-menu-item menu-item-4551\"><a href=\"https:\/\/visitsplitcroatia.com\/pl\/czesto-zadawane-pytania\/#walkfaq\" aria-current=\"page\">Cz\u0119sto zadawane pytania dotycz\u0105ce wycieczki pieszej po Splicie<\/a><\/li>\n<\/ul>\n<\/div>\n<\/div>\n<h2 id=\"payfaq\">P\u0142atno\u015bci<\/h2>\n<div class=\"pp_accordion_close has_icon\">\n<h3><a href=\"#\">Jakie formy p\u0142atno\u015bci akceptujecie?<\/a><\/h3>\n<div>\n<p>Je\u015bli kupujesz bilety w naszym biurze lub w autobusie, akceptujemy got\u00f3wk\u0119. Podczas p\u0142atno\u015bci online na naszej stronie internetowej akceptujemy karty Visa, Maestro, MasterCard, American Express, Diners Club, Discover, Dinacard, Paysafe i Croatian Payment Notes.<\/p>\n<\/div>\n<\/div>\n<div class=\"pp_accordion_close has_icon\">\n<h3><a href=\"#\">Czy akceptujecie karty kredytowe?<\/a><\/h3>\n<div>\n<p>Tak, akceptujemy karty Visa, Maestro, MasterCard i American Express, Diners Club, Discover, Dinacard, Paysafe.<\/p>\n<\/div>\n<\/div>\n<div class=\"pp_accordion_close has_icon\">\n<h3><a href=\"#\">Czy mog\u0119 zap\u0142aci\u0107 got\u00f3wk\u0105?<\/a><\/h3>\n<div>\n<p>Akceptujemy got\u00f3wk\u0119 we wszystkich naszych biurach i autobusach.<\/p>\n<\/div>\n<\/div>\n<h2 id=\"busfaq\">Split Open Top Bus Tour \/ Hop on Hop off Bus \u2013 czerwona linia<\/h2>\n<div class=\"pp_accordion_close has_icon\">\n<h3><a href=\"#\">Czy dzia\u0142asz codziennie?<\/a><\/h3>\n<div>\n<p>Od 1 kwietnia do 31 pa\u017adziernika kursujemy codziennie, z wyj\u0105tkiem dni specjalnych statk\u00f3w wycieczkowych<\/p>\n<\/div>\n<\/div>\n<div class=\"pp_accordion_close has_icon\">\n<h3><a href=\"#\">Czy musz\u0119 dokonywa\u0107 rezerwacji z wyprzedzeniem?<\/a><\/h3>\n<div>\n<p>Nie, nie musisz rezerwowa\u0107 z wyprzedzeniem. Jednak rezerwuj\u0105c z wyprzedzeniem online mo\u017cesz zaoszcz\u0119dzi\u0107 czas po przyje\u017adzie.<\/p>\n<\/div>\n<\/div>\n<div class=\"pp_accordion_close has_icon\">\n<h3><a href=\"#\">Gdzie mog\u0119 kupi\u0107 bilety?<\/a><\/h3>\n<div>\n<p>Rezerwacji i zakupu biletu mo\u017cesz dokona\u0107 bardzo \u0142atwo \u2013 bezpo\u015brednio w autobusie, w naszej agencji lub online<\/p>\n<\/div>\n<\/div>\n<div class=\"pp_accordion_close has_icon\">\n<h3><a href=\"#\">Czy akceptujecie p\u0142atno\u015bci kart\u0105 kredytow\u0105?<\/a><\/h3>\n<div>\n<p>Tak, akceptujemy karty Visa, Maestro, MasterCard i American Express, Diners Club, Discover, Dinacard, Paysafe.<\/p>\n<\/div>\n<\/div>\n<div class=\"pp_accordion_close has_icon\">\n<h3><a href=\"#\">O kt\u00f3rej odje\u017cd\u017caj\u0105 autobusy?<\/a><\/h3>\n<div>\n<p>Autobus linii czerwonej odje\u017cd\u017ca 6 razy dziennie z pierwszego przystanku \u2013 Riva (Promenada). Godziny odjazd\u00f3w to: 10:30, 11:30, 12:30, 14:00, 15:30 i 17:00. <\/p>\n<\/div>\n<\/div>\n<div class=\"pp_accordion_close has_icon\">\n<h3><a href=\"#\">O kt\u00f3rej odje\u017cd\u017ca pierwszy i ostatni autobus?<\/a><\/h3>\n<div>\n<p>Pierwsza wycieczka rozpoczyna si\u0119 o 10:30 rano, a ostatnia o 17:00.<\/p>\n<\/div>\n<\/div>\n<div class=\"pp_accordion_close has_icon\">\n<h3><a href=\"#\">Gdzie mog\u0119 do\u0142\u0105czy\u0107 do wycieczki?<\/a><\/h3>\n<div>\n<p>Pierwszy przystanek to 1) promenada Riva \u2013 centrum miasta. Mo\u017cesz nas z\u0142apa\u0107 na dowolnym z naszych przystank\u00f3w: 2) piaszczysta pla\u017ca Ba\u010dvice, 3) centrum sportowe Gripe, 4) Muzeum Archeologiczne, 5) Stadion pi\u0142karski \u201ePoljud\u201d, 6) przystanek autobusowy Galeria Me\u0161trovi\u0107 i Muzeum Chorwackich Zabytk\u00f3w Archeologicznych (MHAS), 7) ko\u015bci\u00f3\u0142 i klasztor \u015bw. Franciszka. <\/p>\n<\/div>\n<\/div>\n<div class=\"pp_accordion_close has_icon\">\n<h3><a href=\"#\">Jak d\u0142ugo trwa wycieczka panoramiczna?<\/a><\/h3>\n<div>\n<p>Panoramiczna przeja\u017cd\u017cka trwa ok. 1 godziny.<\/p>\n<\/div>\n<\/div>\n<div class=\"pp_accordion_close has_icon\">\n<h3><a href=\"#\">Jaka jest liczba miejsc siedz\u0105cych w autobusie?<\/a><\/h3>\n<div>\n<p>Liczba miejsc siedz\u0105cych w naszych autobusach wynosi 51 w mniejszym autobusie i 57 w wi\u0119kszym.<\/p>\n<\/div>\n<\/div>\n<div class=\"pp_accordion_close has_icon\">\n<h3><a href=\"#\">Czy bilet na wycieczk\u0119 obejmuje wst\u0119p do kt\u00f3rej\u015b z atrakcji?<\/a><\/h3>\n<div>\n<p>Nie, nasz bilet nie obejmuje wst\u0119pu do \u017cadnych atrakcji.<\/p>\n<\/div>\n<\/div>\n<div class=\"pp_accordion_close has_icon\">\n<h3><a href=\"#\">Sk\u0105d b\u0119d\u0119 wiedzie\u0107, gdzie wysi\u0105\u015b\u0107?<\/a><\/h3>\n<div>\n<p>Audioprzewodnik wska\u017ce wszystkie zabytki i przystanki oraz udzieli instrukcji, jak i gdzie wsi\u0105\u015b\u0107 i wysi\u0105\u015b\u0107 z autobusu. Na pok\u0142adzie jest r\u00f3wnie\u017c przewodnik m\u00f3wi\u0105cy po angielsku. <\/p>\n<\/div>\n<\/div>\n<div class=\"pp_accordion_close has_icon\">\n<h3><a href=\"#\">Czy oferuj\u0105 Pa\u0144stwo zni\u017cki dla grup?<\/a><\/h3>\n<div>\n<p>Tak, oferujemy zni\u017cki dla grup. Po wcze\u015bniejszym powiadomieniu mo\u017cemy obs\u0142u\u017cy\u0107 grupy w ramach naszych zaplanowanych wyjazd\u00f3w. Mo\u017cemy jednak r\u00f3wnie\u017c zorganizowa\u0107 prywatn\u0105 wycieczk\u0119 dla Twojej grupy. Ceny r\u00f3\u017cni\u0105 si\u0119 w zale\u017cno\u015bci od wielko\u015bci grupy i czasu. Zadzwo\u0144 do nas lub wy\u015blij e-mail, aby\u015bmy mogli udzieli\u0107 Ci szybkiej odpowiedzi.<\/p>\n<\/div>\n<\/div>\n<div class=\"pp_accordion_close has_icon\">\n<h3><a href=\"#\">Jak mog\u0119 wynaj\u0105\u0107 otwarty autobus lub inny autobus na potrzeby mojej grupy lub na specjalne wydarzenie?<\/a><\/h3>\n<div>\n<p>Zadzwo\u0144 do nas pod numer +385 91 135 9914, aby uzyska\u0107 szczeg\u00f3\u0142owe informacje. Ch\u0119tnie pomo\u017cemy Ci w ka\u017cdej sprawie zwi\u0105zanej z transportem.<\/p>\n<\/div>\n<\/div>\n<div class=\"pp_accordion_close has_icon\">\n<h3><a href=\"#\">Czy oferujecie prywatne wycieczki krajoznawcze po Splicie?<\/a><\/h3>\n<div>\n<p>Tak, oferujemy. Oferujemy prywatne wycieczki krajoznawcze po Splicie i innych miastach regionu. Prosimy o kontakt telefoniczny lub mailowy, aby\u015bmy mogli przedstawi\u0107 Pa\u0144stwu dok\u0142adn\u0105 i szczeg\u00f3\u0142ow\u0105 ofert\u0119 zgodnie z Pa\u0144stwa zapytaniem.<\/p>\n<\/div>\n<\/div>\n<h2 id=\"walkfaq\">Wycieczka piesza po Splicie<\/h2>\n<div class=\"pp_accordion_close has_icon\">\n<h3><a href=\"#\">Czy dzia\u0142asz codziennie?<\/a><\/h3>\n<div>\n<p>Od 1 kwietnia do 31 pa\u017adziernika pracujemy codziennie.<\/p>\n<\/div>\n<\/div>\n<div class=\"pp_accordion_close has_icon\">\n<h3><a href=\"#\">Mog\u0119 zobaczy\u0107 rozk\u0142ad jazdy?<\/a><\/h3>\n<div>\n<p>Od 1 kwietnia do 31 pa\u017adziernika wycieczka piesza odbywa si\u0119 o 9:30, 11:30, 13:30 i 16:30. Je\u015bli nie mo\u017cesz wzi\u0105\u0107 udzia\u0142u w wycieczce pieszej o zaplanowanej godzinie, skontaktuj si\u0119 z nami. Zawsze mo\u017cemy do\u0142\u0105czy\u0107 do innych grup, kt\u00f3re bior\u0105 udzia\u0142 w wycieczce w innym terminie.<\/p>\n<\/div>\n<\/div>\n<div class=\"pp_accordion_close has_icon\">\n<h3><a href=\"#\">Gdzie mog\u0119 kupi\u0107 bilety?<\/a><\/h3>\n<div>\n<p>Rezerwacji i zakupu biletu mo\u017cesz dokona\u0107 w naszej agencji lub online.<\/p>\n<\/div>\n<\/div>\n<div class=\"pp_accordion_close has_icon\">\n<h3><a href=\"#\">Czy akceptujecie p\u0142atno\u015bci kart\u0105 kredytow\u0105?<\/a><\/h3>\n<div>\n<p>Tak, akceptujemy karty Visa, Maestro, MasterCard i American Express, Diners Club, Discover, Dinacard, Paysafe.<\/p>\n<\/div>\n<\/div>\n<div class=\"pp_accordion_close has_icon\">\n<h3><a href=\"#\">Gdzie mog\u0119 do\u0142\u0105czy\u0107 do wycieczki?<\/a><\/h3>\n<div>\n<p>Miejsce zbi\u00f3rki znajduje si\u0119 przed przystankiem autobusowym na wschodnim kra\u0144cu promenady Riva, obok centrum miasta.<\/p>\n<\/div>\n<\/div>\n<div class=\"pp_accordion_close has_icon\">\n<h3><a href=\"#\">Jak d\u0142ugo trwa wycieczka?<\/a><\/h3>\n<div>\n<p>Wycieczka trwa ok. 1 godziny<\/p>\n<\/div>\n<\/div>\n<div class=\"pp_accordion_close has_icon\">\n<h3><a href=\"#\">Czy bilet na wycieczk\u0119 obejmuje wst\u0119p do kt\u00f3rej\u015b z atrakcji?<\/a><\/h3>\n<div>\n<p>Nie, nasz bilet nie obejmuje wst\u0119pu do \u017cadnych atrakcji.<\/p>\n<\/div>\n<\/div>\n<div class=\"pp_accordion_close has_icon\">\n<h3><a href=\"#\">Sk\u0105d b\u0119d\u0119 wiedzie\u0107, gdzie wysi\u0105\u015b\u0107?<\/a><\/h3>\n<div>\n<p>Tw\u00f3j przewodnik wska\u017ce wszystkie zabytki i przystanki oraz udzieli wskaz\u00f3wek, jak i gdzie wsi\u0105\u015b\u0107 i wysi\u0105\u015b\u0107 z autobusu.<\/p>\n<\/div>\n<\/div>\n<div class=\"pp_accordion_close has_icon\">\n<h3><a href=\"#\">Czy oferuj\u0105 Pa\u0144stwo zni\u017cki dla grup?<\/a><\/h3>\n<div>\n<p>Tak, oferujemy zni\u017cki dla grup. Po wcze\u015bniejszym powiadomieniu mo\u017cemy obs\u0142u\u017cy\u0107 grupy w ramach naszych zaplanowanych wyjazd\u00f3w. Mo\u017cemy jednak r\u00f3wnie\u017c zorganizowa\u0107 prywatn\u0105 wycieczk\u0119 dla Twojej grupy. Ceny r\u00f3\u017cni\u0105 si\u0119 w zale\u017cno\u015bci od wielko\u015bci grupy i czasu. Zadzwo\u0144 do nas lub wy\u015blij e-mail, aby\u015bmy mogli udzieli\u0107 Ci szybkiej odpowiedzi.<\/p>\n<\/div>\n<\/div>\n<div class=\"pp_accordion_close has_icon\">\n<h3><a href=\"#\">Jak mog\u0119 zarezerwowa\u0107 przewodnika dla mojej grupy lub na wydarzenie specjalne?<\/a><\/h3>\n<div>\n<p>Zadzwo\u0144 do nas pod numer +385 91 135 9914, aby uzyska\u0107 szczeg\u00f3\u0142owe informacje. Ch\u0119tnie pomo\u017cemy Ci we wszystkich potrzebach.<\/p>\n<\/div>\n<\/div>\n<div class=\"pp_accordion_close has_icon\">\n<h3><a href=\"#\">Czy oferujecie prywatne wycieczki krajoznawcze po Splicie?<\/a><\/h3>\n<div>\n<p>Tak. Oferujemy prywatne wycieczki krajoznawcze po Splicie, w tym transfer, van i wycieczki piesze.<\/p>\n<\/div>\n<\/div>","protected":false},"excerpt":{"rendered":"<p>Cz\u0119sto zadawane pytania dotycz\u0105ce p\u0142atno\u015bci za szybki wyb\u00f3r w Split Open Top Bus Tour Cz\u0119sto zadawane pytania dotycz\u0105ce Split Walking Tour Cz\u0119sto zadawane pytania dotycz\u0105ce p\u0142atno\u015bci za Split Open Top Bus Tour \/ Hop on Hop off Bus \u2013 Czerwona linia Split Walking Tour<\/p>","protected":false},"author":1,"featured_media":0,"parent":0,"menu_order":0,"comment_status":"closed","ping_status":"closed","template":"","meta":{"footnotes":""},"class_list":["post-320","page","type-page","status-publish","hentry"],"_links":{"self":[{"href":"https:\/\/visitsplitcroatia.com\/pl\/wp-json\/wp\/v2\/pages\/320","targetHints":{"allow":["GET"]}}],"collection":[{"href":"https:\/\/visitsplitcroatia.com\/pl\/wp-json\/wp\/v2\/pages"}],"about":[{"href":"https:\/\/visitsplitcroatia.com\/pl\/wp-json\/wp\/v2\/types\/page"}],"author":[{"embeddable":true,"href":"https:\/\/visitsplitcroatia.com\/pl\/wp-json\/wp\/v2\/users\/1"}],"replies":[{"embeddable":true,"href":"https:\/\/visitsplitcroatia.com\/pl\/wp-json\/wp\/v2\/comments?post=320"}],"version-history":[{"count":22,"href":"https:\/\/visitsplitcroatia.com\/pl\/wp-json\/wp\/v2\/pages\/320\/revisions"}],"predecessor-version":[{"id":6815,"href":"https:\/\/visitsplitcroatia.com\/pl\/wp-json\/wp\/v2\/pages\/320\/revisions\/6815"}],"wp:attachment":[{"href":"https:\/\/visitsplitcroatia.com\/pl\/wp-json\/wp\/v2\/media?parent=320"}],"curies":[{"name":"wp","href":"https:\/\/api.w.org\/{rel}","templated":true}]}}