{"id":4195,"date":"2022-06-08T15:20:13","date_gmt":"2022-06-08T15:20:13","guid":{"rendered":"https:\/\/visitsplitcroatia.com\/?post_type=product&#038;p=4195"},"modified":"2025-03-19T09:08:30","modified_gmt":"2025-03-19T09:08:30","slug":"atv-quad-mountain-tour","status":"publish","type":"product","link":"https:\/\/visitsplitcroatia.com\/pl\/produkt\/atv-quad-wycieczka-gorska\/","title":{"rendered":"Quad, wino i jedzenie"},"content":{"rendered":"<h3 style=\"text-align: center;\">Quadowa przygoda przez Imotsk\u0105 Krajin\u0119<\/h3>\n<p style=\"text-align: center;\">Przygotuj si\u0119 na pe\u0142n\u0105 adrenaliny przygod\u0119 na quadach w spektakularnym regionie Imotska Krajina! Ta 3,5-4-godzinna wycieczka rozpoczyna si\u0119 w winnicy Matkovi\u0107, prowadz\u0105c wzd\u0142u\u017c spokojnej rzeki Vrljika i czaruj\u0105cych wodospad\u00f3w Trokuti. Poczuj dreszczyk emocji, przeje\u017cd\u017caj\u0105c przez najbardziej zapieraj\u0105ce dech w piersiach zabytki regionu, w tym legendarny stadion Gospin Dolac, historyczn\u0105 twierdz\u0119 Topana i hipnotyzuj\u0105ce jeziora Red &amp; Blue \u2014 prawdziwy cud natury. Przygoda trwa dalej do malowniczego jeziora Green Lake Ri\u010dice i jeziora Galipovac, zanim pokonasz trudne trasy terenowe Prolo\u0161ko Blato, raju dla mi\u0142o\u015bnik\u00f3w przyrody.<\/p>\n<p style=\"text-align: center;\">2 osoby na quadzie = 151,00 EUR<br \/>\npojedynczy pasa\u017cer = 181,00 EUR<\/p>\n<p style=\"text-align: center;\"><a href=\"https:\/\/visitsplitcroatia.com\/pl\/tour\/cztero-winne-jedzenie\/\"><img decoding=\"async\" class=\"wp-image-7232 size-full aligncenter entered lazyloaded\" src=\"https:\/\/visitsplitcroatia.com\/wp-content\/uploads\/2025\/03\/7-new.jpg\" alt=\"\" width=\"1000\" height=\"563\" data-lazy-src=\"https:\/\/visitsplitcroatia.com\/wp-content\/uploads\/2025\/03\/7-new.jpg\" data-ll-status=\"loaded\" \/><\/a><\/p>\n<p><a href=\"https:\/\/visitsplitcroatia.com\/wp-content\/uploads\/2025\/03\/6-3-1.jpg\"><img decoding=\"async\" class=\"alignnone wp-image-7233 size-full entered lazyloaded aligncenter\" src=\"https:\/\/visitsplitcroatia.com\/wp-content\/uploads\/2025\/03\/6-3-1.jpg\" alt=\"Modro jezero imotski b\u0142\u0119kitne jezioro \" width=\"1000\" height=\"563\" data-lazy-src=\"https:\/\/visitsplitcroatia.com\/wp-content\/uploads\/2025\/03\/6-3-1.jpg\" data-ll-status=\"loaded\" \/><\/a><\/p>\n<ul class=\"single_tour_departure_wrapper themeborder\">\n<li>\n<div class=\"single_tour_departure_title\">Do\u0142\u0105czony<\/div>\n<div class=\"single_tour_departure_content\">\n<div class=\"one_half\">Transport autobusem z odkrytym dachem<\/div>\n<div class=\"one_half last\">Przewodnik turystyczny m\u00f3wi\u0105cy po angielsku<\/div>\n<div class=\"one_half\">Przewodnik audio w 10 j\u0119zykach<\/div>\n<div class=\"one_half last\">Instruktorzy quad\u00f3w m\u00f3wi\u0105cy po angielsku<\/div>\n<div class=\"one_half\">Degustacja win i zimna przek\u0105ska (pr\u0161ut \u2013 suszona szynka, domowe kie\u0142basy, ser, oliwki, oliwa z oliwek extra vergine i \u015bwie\u017cy domowy chleb)<\/div>\n<div class=\"one_half last\">Ubezpieczenia i VAT<\/div>\n<div class=\"one_half\">Op\u0142ata za wst\u0119p do twierdzy Klis<\/div>\n<div class=\"one_half last\">Darmowa wycieczka piesza po Splicie w j\u0119zyku angielskim<\/div>\n<\/div>\n<\/li>\n<li>\n<div class=\"single_tour_departure_title\">Nie wliczone<\/div>\n<div class=\"single_tour_departure_content\">\n<div class=\"one_half\">Op\u0142aty za wst\u0119p do niekt\u00f3rych obiekt\u00f3w<\/div>\n<div class=\"one_half last\">Wydatki osobiste, zakupy, posi\u0142ki i napoje, koszty transportu z\/do miejsca spotkania, napiwki dla przewodnika\/kierowcy (opcjonalnie)<\/div>\n<\/div>\n<\/li>\n<\/ul>","protected":false},"excerpt":{"rendered":"<p>Quad Adventure Through Imotska Krajina Przygotuj si\u0119 na pe\u0142n\u0105 adrenaliny przygod\u0119 quadem przez spektakularny region Imotska Krajina! Ta 3,5-4-godzinna wycieczka rozpoczyna si\u0119 w winnicy Matkovi\u0107, prowadz\u0105c wzd\u0142u\u017c spokojnej rzeki Vrljika i czaruj\u0105cych wodospad\u00f3w Trokuti. [\u2026]<\/p>","protected":false},"featured_media":7235,"template":"","meta":[],"product_cat":[15,82,75],"product_tag":[],"class_list":{"0":"post-4195","1":"product","2":"type-product","3":"status-publish","4":"has-post-thumbnail","6":"product_cat-nature-and-heritage","7":"product_cat-adventure-tours","8":"product_cat-special-offer-green","10":"first","11":"instock","12":"sale","13":"virtual","14":"purchasable","15":"product-type-simple"},"_links":{"self":[{"href":"https:\/\/visitsplitcroatia.com\/pl\/wp-json\/wp\/v2\/product\/4195","targetHints":{"allow":["GET"]}}],"collection":[{"href":"https:\/\/visitsplitcroatia.com\/pl\/wp-json\/wp\/v2\/product"}],"about":[{"href":"https:\/\/visitsplitcroatia.com\/pl\/wp-json\/wp\/v2\/types\/product"}],"wp:featuredmedia":[{"embeddable":true,"href":"https:\/\/visitsplitcroatia.com\/pl\/wp-json\/wp\/v2\/media\/7235"}],"wp:attachment":[{"href":"https:\/\/visitsplitcroatia.com\/pl\/wp-json\/wp\/v2\/media?parent=4195"}],"wp:term":[{"taxonomy":"product_cat","embeddable":true,"href":"https:\/\/visitsplitcroatia.com\/pl\/wp-json\/wp\/v2\/product_cat?post=4195"},{"taxonomy":"product_tag","embeddable":true,"href":"https:\/\/visitsplitcroatia.com\/pl\/wp-json\/wp\/v2\/product_tag?post=4195"}],"curies":[{"name":"wp","href":"https:\/\/api.w.org\/{rel}","templated":true}]}}