{"id":2465,"date":"2016-12-24T04:38:09","date_gmt":"2016-12-24T04:38:09","guid":{"rendered":"http:\/\/themes.themegoods.com\/grandtour\/demo\/?page_id=2465"},"modified":"2026-01-22T13:47:05","modified_gmt":"2026-01-22T13:47:05","slug":"about-apodos","status":"publish","type":"page","link":"https:\/\/visitsplitcroatia.com\/pt\/sobre-apodos\/","title":{"rendered":"Sobre Apodos"},"content":{"rendered":"<div class=\"one withsmallpadding ppb_header parallax withbg\" style=\"min-height 80vh!important;background-image: url('https:\/\/visitsplitcroatia.com\/wp-content\/uploads\/2023\/01\/LINKEDIN-BANNER-12470.png'); background-position: center top; text-align: center; padding: 120px 0 120px 0; color: #ffffff;\">\r\n<div class=\"overlay_background\" style=\"background: rgba(0,0,0,0.45);\">\r\n<p><strong>PASSEIOS TUR\u00cdSTICOS SUSTENT\u00c1VEIS PARA TODOS<\/strong><\/p>\r\n<p>Promover uma forma mais respons\u00e1vel de passear<\/p>\r\n<p>Ao apoiar nossa vis\u00e3o e participar de nossos passeios, voc\u00ea estar\u00e1 ajudando a criar uma vers\u00e3o melhor do turismo!<\/p>\r\n<p>&nbsp;<\/p>\r\n<\/div>\r\n<div class=\"standard_wrapper\">\r\n<div class=\"page_content_wrapper\">\r\n<div class=\"inner\">\r\n<div style=\"margin: auto; width: 60%;\">\r\n<div class=\"ppb_header_content\">\r\n<div class=\"page_tagline\" style=\"color: #ffffff;\">\u00a0<\/div>\r\n<\/div>\r\n<\/div>\r\n<\/div>\r\n<\/div>\r\n<\/div>\r\n<\/div>\r\n\r\n\r\n\r\n<div class=\"one withsmallpadding ppb_header\" style=\"text-align: center; padding: 50px 0 50px 0; background-color: #ffffff; color: #000000;\">\r\n<div class=\"standard_wrapper\">\r\n<div class=\"page_content_wrapper\">\r\n<div class=\"inner\">\r\n<div style=\"margin: auto; width: 60%;\">\r\n<h2>Passeios tur\u00edsticos sustent\u00e1veis para todos!<\/h2>\r\n<h2 style=\"text-align: center;\"><strong>Open-top bus tours have been exclusively provided by Apodos travel agency in Split since 2013.<\/strong><\/h2>\r\n<h2><span style=\"color: #ff0000;\">Ao apoiar nossa vis\u00e3o e participar de nossos passeios, voc\u00ea estar\u00e1 ajudando a criar uma vers\u00e3o melhor do turismo!<\/span><\/h2>\r\n<p>&nbsp;<\/p>\r\n<p>Nossas solu\u00e7\u00f5es tur\u00edsticas s\u00e3o personalizadas para aumentar sua satisfa\u00e7\u00e3o e o apoio da comunidade local.<\/p>\r\n<p>Como uma ag\u00eancia de viagens local focada em viagens sustent\u00e1veis e ecol\u00f3gicas, nossas atividades visam promover os seguintes princ\u00edpios:<\/p>\r\n<h4><a href=\"https:\/\/visitsplitcroatia.com\/wp-content\/uploads\/2023\/01\/stella-web-2.jpg\"><img decoding=\"async\" class=\"alignnone wp-image-6325 size-large\" src=\"https:\/\/visitsplitcroatia.com\/wp-content\/uploads\/2023\/01\/stella-web-2-1024x683.jpg\" alt=\"\" width=\"1024\" height=\"683\" \/><\/a><\/h4>\r\n<p>&nbsp;<\/p>\r\n<p>\u221aBem-estar da comunidade local<\/p>\r\n<p>\u221aQualidade do emprego<\/p>\r\n<p>\u221aIgualdade de g\u00eanero e empoderamento feminino<\/p>\r\n<p>\u221aParceria regional para o desenvolvimento sustent\u00e1vel<\/p>\r\n<p>\u221aAgricultura sustent\u00e1vel<\/p>\r\n<p>\u221aSatisfa\u00e7\u00e3o do visitante, riqueza cultural e imers\u00e3o local aut\u00eantica<\/p>\r\n<p>\u221aDescentraliza\u00e7\u00e3o<\/p>\r\n<p>\u221aPureza ambiental<\/p>\r\n<p>&nbsp;<\/p>\r\n<p><a href=\"https:\/\/visitsplitcroatia.com\/wp-content\/uploads\/2023\/01\/DUGOPOLJE-3.jpg\"><img decoding=\"async\" class=\"alignnone wp-image-6202 size-full\" src=\"https:\/\/visitsplitcroatia.com\/wp-content\/uploads\/2023\/01\/DUGOPOLJE-3.jpg\" alt=\"\" width=\"1500\" height=\"1000\" \/><\/a><\/p>\r\n<h3><strong>APODOS \u2013 Promover o patrim\u00f3nio local e fomentar uma forma mais respons\u00e1vel de visitar locais tur\u00edsticos <span style=\"color: #ff0000;\">desde 2013<\/span><\/strong><\/h3>\r\n<p>Percorremos um longo caminho na promo\u00e7\u00e3o da versatilidade da cultura e do patrim\u00f4nio local e ainda somos o fornecedor exclusivo de passeios tur\u00edsticos de \u00f4nibus aberto na Dalm\u00e1cia.<\/p>\r\n<p>Implementamos essa vis\u00e3o desenvolvendo novas ofertas de passeios tur\u00edsticos sustent\u00e1veis e ecologicamente corretas para nossos h\u00f3spedes, aumentando a conscientiza\u00e7\u00e3o sobre quest\u00f5es ecol\u00f3gicas e promovendo opera\u00e7\u00f5es durante todo o ano.\u00a0<\/p>\r\n<h4><a href=\"https:\/\/visitsplitcroatia.com\/wp-content\/uploads\/2023\/01\/IMG_1084warm-scaled.jpg\"><img decoding=\"async\" class=\"alignnone wp-image-6779 size-large\" src=\"https:\/\/visitsplitcroatia.com\/wp-content\/uploads\/2023\/01\/IMG_1084warm-1024x768.jpg\" alt=\"\" width=\"1024\" height=\"768\" \/><\/a><\/h4>\r\n<h2>\u00a0<\/h2>\r\n<h2><strong>Nossos Valores Fundamentais<\/strong><\/h2>\r\n<p>&nbsp;<\/p>\r\n<h3><span style=\"color: #ff0000;\"><strong>PROMOVER A SUSTENTABILIDADE E PROTEGER O MEIO AMBIENTE<\/strong><\/span><\/h3>\r\n<p>A Dalm\u00e1cia \u00e9 a nossa casa, e o desenvolvimento da nossa empresa est\u00e1 focado em proteger o nosso lar para todos: para n\u00f3s, para os nossos filhos e para os nossos h\u00f3spedes. Para demonstrar isso na pr\u00e1tica, a Apodos lan\u00e7ou <span style=\"color: #ff0000;\">um produto tur\u00edstico pioneiro e com foco ecol\u00f3gico<\/span> operando desde a temporada de 2023:<\/p>\r\n<p><span style=\"color: #008000;\"><a style=\"color: #008000;\" href=\"https:\/\/visitsplitcroatia.com\/pt\/tour\/dalmatia-for-nature-lovers-countryside-half-day-tour\/\"><strong>Dalm\u00e1cia para amantes da natureza \u2013 excurs\u00e3o de meio dia pelo campo\u00a0<\/strong><\/a><\/span><\/p>\r\n<p>O passeio permite que os h\u00f3spedes de Split escapem da cidade e mergulhem na beleza e riqueza dos tesouros naturais da Dalm\u00e1cia. Os h\u00f3spedes podem vivenciar a paisagem rural da Dalm\u00e1cia, aprender sobre a natureza local e os produtos regionais da regi\u00e3o de uma forma divertida, educativa e interativa.<\/p>\r\n<p>&nbsp;<\/p>\r\n<h3><strong>NOSSO <span style=\"color: #ff0000;\">VOLUNT\u00c1RIO<\/span> DIAS<\/strong><\/h3>\r\n<p>Organizamos um dia todos os anos em que nossa equipe pode se voluntariar para o bem-estar da nossa regi\u00e3o. As atividades incluem dias de limpeza de praias e plantio de \u00e1rvores. Aceitamos qualquer volunt\u00e1rio que queira se juntar a n\u00f3s. Nossos dias de voluntariado tamb\u00e9m s\u00e3o uma \u00f3tima oportunidade para conscientizar os moradores locais sobre a necessidade do desenvolvimento sustent\u00e1vel do nosso destino. Se houver algum lugar espec\u00edfico em que possamos ajudar e fazer algo positivo para o meio ambiente, n\u00e3o hesite em nos enviar suas sugest\u00f5es para o seguinte endere\u00e7o de e-mail: <a href=\"mailto:Info@apodos.com.hr-\"><strong>Info@apodos.com.hr<\/strong><\/a><\/p>\r\n<p>\u221aO pr\u00f3ximo Dia do Voluntariado na APODOS ser\u00e1 agendado em <strong>2025.<\/strong><\/p>\r\n<h4><strong><span style=\"color: #ff0000;\">Inscreva-se e traga seus amigos tamb\u00e9m!<\/span> Juntos, podemos ajudar a preservar a beleza da Dalm\u00e1cia para as gera\u00e7\u00f5es futuras!<\/strong><\/h4>\r\n<\/div>\r\n<\/div>\r\n<\/div>\r\n<p><a href=\"https:\/\/visitsplitcroatia.com\/wp-content\/uploads\/2023\/01\/KLIS-4.jpg\"><img decoding=\"async\" class=\"alignnone wp-image-6207 size-large\" src=\"https:\/\/visitsplitcroatia.com\/wp-content\/uploads\/2023\/01\/KLIS-4-1024x683.jpg\" alt=\"\" width=\"1024\" height=\"683\" \/><\/a><\/p>\r\n<div class=\"page_content_wrapper\">\r\n<div class=\"inner\">\r\n<div style=\"margin: auto; width: 60%;\">\r\n<h3><strong>APOIANDO O <span style=\"color: #ff0000;\">COMUNIDADE LOCAL<\/span><\/strong><\/h3>\r\n<p>Atuamos em conjunto com comunidades locais, moradores e pequenas empresas para garantir a prote\u00e7\u00e3o do patrim\u00f4nio natural, cultural e ambiental. A coopera\u00e7\u00e3o com parceiros locais com ideias semelhantes, que tamb\u00e9m promovem a sustentabilidade, \u00e9 a ess\u00eancia do nosso trabalho. Ao mesmo tempo, nos esfor\u00e7amos para aumentar a conscientiza\u00e7\u00e3o local sobre a sustentabilidade e garantir que as vozes locais sejam levadas em considera\u00e7\u00e3o no desenvolvimento futuro de seus destinos. Contratamos pessoas locais e utilizamos prestadores de servi\u00e7os locais.<\/p>\r\n<p>&nbsp;<\/p>\r\n<h3><strong>PROMOVENDO <span style=\"color: #ff0000;\">EMPODERAMENTO FEMININO<\/span> NO EMPREGO<\/strong><\/h3>\r\n<p>Nossa equipe \u00e9 formada por pessoas incr\u00edveis e apaixonadas por causar um impacto positivo no cen\u00e1rio tur\u00edstico local. Em particular, a contribui\u00e7\u00e3o das nossas colegas mulheres ao longo dos mais de 15 anos de atua\u00e7\u00e3o da Apodos no mercado local \u00e9 indescrit\u00edvel.<\/p>\r\n<p>Por isso, nosso principal foco sempre foi ajustar as pol\u00edticas da empresa para atender \u00e0s necessidades das mulheres. Dessa forma, elas nunca precisam escolher entre os pap\u00e9is que desempenham no trabalho ou na fam\u00edlia. Na Apodos, oferecemos constantemente maneiras de treinar, aprimorar ou aprimorar nossas funcion\u00e1rias, incentivando-as a descobrir novas habilidades que possam ser aplicadas em uma nova fun\u00e7\u00e3o.<\/p>\r\n<p>&nbsp;<\/p>\r\n<h3><strong>OFERECENDO EXPERI\u00caNCIAS CULTURAIS AUT\u00caNTICAS COM <span style=\"color: #ff0000;\">SEGURAN\u00c7A<\/span> E <span style=\"color: #ff0000;\">RESPONSABILIDADE<\/span><\/strong><\/h3>\r\n<p>Zelar pela seguran\u00e7a e bem-estar dos nossos clientes \u00e9 a base das nossas opera\u00e7\u00f5es. Todos os nossos guias s\u00e3o certificados e qualificados localmente. Todos os nossos motoristas s\u00e3o profissionais com d\u00e9cadas de experi\u00eancia. A seguran\u00e7a \u00e9 uma prioridade absoluta em todas as nossas opera\u00e7\u00f5es di\u00e1rias. Nesse sentido, nosso objetivo \u00e9 proporcionar experi\u00eancias tur\u00edsticas verdadeiramente aut\u00eanticas, permitindo que nossos h\u00f3spedes vivenciem a verdadeira Dalm\u00e1cia, sua natureza, seu povo, sua cultura, sua gastronomia e sua riqueza hist\u00f3rica.<\/p>\r\n<h2>\u00a0<\/h2>\r\n<h3><span style=\"color: #ff0000;\"><strong>DANDO \u00c0 NATUREZA UMA CHANCE DE DESCANSAR<\/strong><\/span><\/h3>\r\n<p>Nos \u00faltimos anos, Split testemunhou um r\u00e1pido crescimento tur\u00edstico. Essa centraliza\u00e7\u00e3o do turismo n\u00e3o \u00e9 ben\u00e9fica nem sustent\u00e1vel e cria m\u00faltiplos problemas sociais.<\/p>\r\n<p>N\u00f3s nos esfor\u00e7amos para promover uma <span style=\"color: #ff0000;\">rela\u00e7\u00e3o equilibrada com a natureza<\/span> e contribuir para a prote\u00e7\u00e3o da riqueza natural da Dalm\u00e1cia.\u00a0<\/p>\r\n<p>Nossas viagens contribuem para a dispers\u00e3o dos recursos tur\u00edsticos durante a alta temporada, dando assim \u00e0 \u00e1rea de Split uma chance de \u201crespirar\u201d.<\/p>\r\n<p>Al\u00e9m disso, nosso <span style=\"color: #ff0000;\">Passeios a p\u00e9 por Split<\/span> s\u00e3o adaptados para serem<strong> 100% Sem pegada!<\/strong><\/p>\r\n<h2><a href=\"https:\/\/visitsplitcroatia.com\/wp-content\/uploads\/2023\/01\/bus.jpg\"><img decoding=\"async\" class=\"alignnone wp-image-6257 size-large\" src=\"https:\/\/visitsplitcroatia.com\/wp-content\/uploads\/2023\/01\/bus-1024x683.jpg\" alt=\"\" width=\"1024\" height=\"683\" \/><\/a><\/h2>\r\n<h2><strong>D\u00ca UMA OLHADA EM NOSSO <span style=\"color: #ff0000;\">SUSTENT\u00c1VEL<\/span> EXPERI\u00caNCIAS ECO-TURISTICAS DA DALMATIA:<\/strong><\/h2>\r\n<p>&nbsp;<\/p>\r\n<h4><span style=\"color: #008000;\"><a style=\"color: #008000;\" href=\"https:\/\/visitsplitcroatia.com\/pt\/tour\/dalmatia-for-nature-lovers-countryside-half-day-tour\/\"><strong>\u221a<\/strong>Dalm\u00e1cia para amantes da natureza - Excurs\u00e3o de meio dia pelo campo\u00a0<\/a><\/span><\/h4>\r\n<h4><span style=\"color: #008000;\"><a style=\"color: #008000;\" href=\"https:\/\/visitsplitcroatia.com\/pt\/tour\/joias-escondidas-da-dalmacia-excursao-turistica-de-48-horas\/\"><strong>\u221a<\/strong>Joias escondidas da Dalm\u00e1cia - Excurs\u00e3o tur\u00edstica de 48 horas<\/a><\/span><\/h4>\r\n<h4><span style=\"color: #008000;\"><a style=\"color: #008000;\" href=\"https:\/\/visitsplitcroatia.com\/pt\/tour\/passeio-a-pe-dividido\/\"><strong>\u221a<\/strong>Caminhadas ecol\u00f3gicas sem pegadas - O melhor passeio ecol\u00f3gico a p\u00e9 por Split<\/a><\/span><\/h4>\r\n<h4>\u00a0<\/h4>\r\n<p><a href=\"https:\/\/visitsplitcroatia.com\/wp-content\/uploads\/2025\/02\/IMG_1049.jpg\"><img decoding=\"async\" class=\"alignnone wp-image-6938 size-large\" src=\"https:\/\/visitsplitcroatia.com\/wp-content\/uploads\/2025\/02\/IMG_1049-1024x683.jpg\" alt=\"\" width=\"1024\" height=\"683\" \/><\/a><\/p>\r\n<p>&nbsp;<\/p>\r\n<h3><strong>OUTROS PASSEIOS PARA AMANTES DA NATUREZA QUE OFERECEMOS:<\/strong><\/h3>\r\n<p>&nbsp;<\/p>\r\n<h4><span style=\"color: #008000;\"><a style=\"color: #008000;\" href=\"https:\/\/visitsplitcroatia.com\/pt\/tour\/fuga-verde-2\/\"><strong>\u221a<\/strong>Fuga Verde<\/a><\/span><\/h4>\r\n<\/div>\r\n<\/div>\r\n<\/div>\r\n<p>&nbsp;<\/p>\r\n<div class=\"page_content_wrapper\">\r\n<div class=\"inner\">\r\n<div style=\"margin: auto; width: 60%;\">\r\n<p><a href=\"https:\/\/visitsplitcroatia.com\/wp-content\/uploads\/2025\/02\/bus-klis.jpg\"><img decoding=\"async\" class=\"alignnone wp-image-6939 size-full\" src=\"https:\/\/visitsplitcroatia.com\/wp-content\/uploads\/2025\/02\/bus-klis.jpg\" alt=\"\" width=\"856\" height=\"478\" \/><\/a><\/p>\r\n<p>&nbsp;<\/p>\r\n<h3><strong>MAIS DE NOSSAS SOLU\u00c7\u00d5ES DE PASSEIOS TUR\u00cdSTICOS PERSONALIZADAS<\/strong><\/h3>\r\n<p><span style=\"color: #ff0000;\">Se voc\u00ea \u00e9 uma ag\u00eancia de viagens profissional certificada<\/span> cujos clientes buscam formas sustent\u00e1veis de descobrir a Dalm\u00e1cia, n\u00e3o hesite em nos contatar e conversar sobre como podemos<span style=\"color: #ff0000;\"> junte for\u00e7as para fazer mais bem!<\/span><\/p>\r\n<p>Se voc\u00ea representa um <span style=\"color: #ff0000;\">Departamento de Cruzeiros Shorex<\/span>, adorar\u00edamos acomodar seus grupos em Split em um de nossos passeios tur\u00edsticos. Oferecemos pacotes de grupo atrativos e pre\u00e7os especiais para idosos.<\/p>\r\n<\/div>\r\n<\/div>\r\n<h3>\u00a0<\/h3>\r\n<div class=\"inner\">\r\n<div style=\"margin: auto; width: 60%;\">\r\n<h3 class=\"ppb_title\" style=\"color: #000000;\">\u00a0<\/h3>\r\n<\/div>\r\n<\/div>\r\n<\/div>\r\n<\/div>\r\n<\/div>\r\n\r\n\r\n\r\n<div class=\"one withsmallpadding ppb_header\" style=\"text-align: center; padding: 50px 0 50px 0; background-color: #ffffff; color: #000000;\">\r\n<div class=\"standard_wrapper\">\r\n<div class=\"page_content_wrapper\">\r\n<div class=\"inner\">\r\n<div style=\"margin: auto; width: 60%;\">\r\n<div class=\"ppb_header_content\">\r\n<div class=\"one_half\">\r\n<div class=\"animate_counter_wrapper\">\r\n<div id=\"16589337731930751441\" class=\"odometer\" style=\"font-size: 60px; line-height: 60px;\">20+<\/div>\r\n<div class=\"count_separator\">\u00a0<\/div>\r\n<div class=\"counter_subject\">Passeios e excurs\u00f5es<\/div>\r\n<\/div>\r\n<\/div>\r\n<div class=\"one_half last\">\r\n<div class=\"animate_counter_wrapper\">\r\n<div id=\"16589337732008602398\" class=\"odometer\" style=\"font-size: 60px; line-height: 60px;\">10,000<\/div>\r\n<div class=\"count_separator\">\u00a0<\/div>\r\n<div class=\"counter_subject\">Viajantes Felizes<\/div>\r\n<\/div>\r\n<\/div>\r\n<p>&nbsp;<\/p>\r\n<\/div>\r\n<\/div>\r\n<\/div>\r\n<\/div>\r\n<\/div>\r\n<\/div>\r\n\r\n\r\n\r\n<div class=\"one withsmallpadding ppb_testimonial_column\">\r\n<div class=\"standard_wrapper\">\r\n<div class=\"page_content_wrapper\">\r\n<div class=\"inner\">\r\n<div class=\"testimonial_wrapper\">\r\n<div class=\"one_half testimonial_column_element animated1\">\r\n<figure><img decoding=\"async\" class=\"team_pic\" src=\"https:\/\/visitsplitcroatia.com\/wp-content\/uploads\/2022\/06\/Melinda-Arafat.webp\" alt=\"Melinda Arafat\" \/><\/figure>\r\n<div class=\"testimonial_image animated\" data-animation=\"bigEntrance\">\u00a0<\/div>\r\n<div class=\"testimonial_content\">\r\n<div class=\"quote\">\r\n<h3 id=\"HEADING\" class=\"title\">Altamente recomendado<\/h3>\r\n<\/div>\r\n<p>Este passeio de um dia definitivamente vale a pena. O parque em si \u00e9 lindo demais para ser capturado em fotos. \u00c1guas cristalinas, cachoeiras e montanhas \u2013 parecia um cart\u00e3o-postal. Nosso guia tur\u00edstico, Renato, era MUITO conhecedor e simp\u00e1tico. Aprendemos muitas curiosidades sobre a Cro\u00e1cia e o parque. <strong>Recomendo definitivamente esta empresa de turismo.<\/strong><\/p>\r\n<div class=\"testimonial_customer\">\r\n<h6>Melinda Arafat<\/h6>\r\n<div class=\"testimonial_customer_position\">Escrito em 10 de agosto de 2021<\/div>\r\n<p>&#8211;<\/p>\r\n<div class=\"testimonial_customer_company\"><a href=\"https:\/\/www.tripadvisor.com\/ShowUserReviews-g295370-d4955222-r802874137-Apodos_Travel_Agency-Split_Split_Dalmatia_County_Dalmatia.html\" target=\"_blank\" rel=\"noopener nofollow\">Avalia\u00e7\u00e3o do TripAdvisor<\/a><\/div>\r\n<\/div>\r\n<\/div>\r\n<\/div>\r\n<div class=\"one_half testimonial_column_element animated2 last\">\r\n<figure><img decoding=\"async\" class=\"team_pic\" src=\"https:\/\/visitsplitcroatia.com\/wp-content\/uploads\/2022\/06\/John-D.webp\" alt=\"Jo\u00e3o D.\" \/><\/figure>\r\n<div class=\"testimonial_image animated\" data-animation=\"bigEntrance\">\u00a0<\/div>\r\n<div class=\"testimonial_content\">\r\n<h3 id=\"HEADING\" class=\"title\">Excelente<\/h3>\r\n<p>Um guia incr\u00edvel. Muitas hist\u00f3rias ao longo do caminho para aprender sobre a regi\u00e3o, com o humor seco dos Balc\u00e3s e um ingl\u00eas muito bom e f\u00e1cil de entender. \u00d3timo passeio no parque. As cores s\u00e3o de outro mundo. <strong>Altamente recomendado.<\/strong><\/p>\r\n<div class=\"testimonial_customer\">\r\n<h6>Jo\u00e3o D.<\/h6>\r\n<div class=\"testimonial_customer_position\">Escrito em 2 de agosto de 2021<\/div>\r\n<p>&#8211;<\/p>\r\n<div class=\"testimonial_customer_company\"><a href=\"https:\/\/www.tripadvisor.com\/ShowUserReviews-g295370-d4955222-r801248742-Apodos_Travel_Agency-Split_Split_Dalmatia_County_Dalmatia.html\" target=\"_blank\" rel=\"noopener nofollow\">Avalia\u00e7\u00e3o do TripAdvisor<\/a><\/div>\r\n<\/div>\r\n<\/div>\r\n<\/div>\r\n<div class=\"one_half testimonial_column_element animated3\">\r\n<figure><img decoding=\"async\" class=\"team_pic\" src=\"https:\/\/visitsplitcroatia.com\/wp-content\/uploads\/2022\/06\/Fred-C.webp\" alt=\"Fred C\" \/><\/figure>\r\n<div class=\"testimonial_image animated\" data-animation=\"bigEntrance\">\u00a0<\/div>\r\n<div class=\"testimonial_content\">\r\n<div class=\"quote\">\r\n<h3 id=\"HEADING\" class=\"title\">Passeio maravilhoso<\/h3>\r\n<\/div>\r\n<p>Esta excurs\u00e3o de um dia inteiro foi maravilhosa. Quer\u00edamos conhecer os destaques de Split e eles nos atenderam. Encontrar o \u00f4nibus e pagar diretamente foi muito f\u00e1cil. Nossa guia, Magdalena, era cheia de conhecimento e apaixonada pelos lugares. Ela certamente deu vida \u00e0 hist\u00f3ria para n\u00f3s.<\/p>\r\n<div class=\"testimonial_customer\">\r\n<h6>Fred C<\/h6>\r\n<div class=\"testimonial_customer_position\">Escrito em 19 de maio de 2022<\/div>\r\n<p>&#8211;<\/p>\r\n<div class=\"testimonial_customer_company\"><a href=\"https:\/\/www.tripadvisor.com\/ShowUserReviews-g295370-d4955222-r839110362-Apodos_Travel_Agency-Split_Split_Dalmatia_County_Dalmatia.html\" target=\"_blank\" rel=\"noopener nofollow\">Avalia\u00e7\u00e3o do TripAdvisor<\/a><\/div>\r\n<\/div>\r\n<\/div>\r\n<\/div>\r\n<div class=\"one_half testimonial_column_element animated4 last\">\r\n<figure><img decoding=\"async\" class=\"team_pic\" src=\"https:\/\/visitsplitcroatia.com\/wp-content\/uploads\/2022\/06\/Eileen-T.webp\" alt=\"Eileen T\" \/><\/figure>\r\n<div class=\"testimonial_image animated\" data-animation=\"bigEntrance\">\u00a0<\/div>\r\n<div class=\"testimonial_content\">\r\n<div class=\"quote\">\r\n<h3 id=\"HEADING\" class=\"title\">Guia de caminhada maravilhoso!<\/h3>\r\n<\/div>\r\n<p>Gostei muito do nosso passeio de \u00f4nibus, especialmente do passeio a p\u00e9 por Split. Nosso guia foi fant\u00e1stico. Magdalena tinha muito conhecimento e tornou o passeio muito interessante. Ela estava muito entusiasmada e, obviamente, ama seu trabalho. Recomendo fortemente que voc\u00ea fa\u00e7a este passeio. A Fortaleza de Klis \u00e9 impressionante. As vistas s\u00e3o de tirar o f\u00f4lego.<\/p>\r\n<div class=\"testimonial_customer\">\r\n<h6>Eileen T<\/h6>\r\n<div class=\"testimonial_customer_position\">16 de maio de 2022<\/div>\r\n<p>&#8211;<\/p>\r\n<div class=\"testimonial_customer_company\"><a href=\"https:\/\/www.tripadvisor.com\/ShowUserReviews-g295370-d4955222-r838745577-Apodos_Travel_Agency-Split_Split_Dalmatia_County_Dalmatia.html\" target=\"_blank\" rel=\"noopener nofollow\">Avalia\u00e7\u00e3o do TripAdvisor<\/a><\/div>\r\n<\/div>\r\n<\/div>\r\n<\/div>\r\n<\/div>\r\n<\/div>\r\n<\/div>\r\n<\/div>\r\n<\/div>\r\n\r\n\r\n\r\n<div class=\"one withsmallpadding ppb_header\" style=\"text-align: center; padding: 50px 0 50px 0; background-color: #ffffff; color: #000000;\">\r\n<div class=\"standard_wrapper\">\r\n<div class=\"page_content_wrapper\">\r\n<div class=\"inner\">\r\n<div style=\"margin: auto; width: 60%;\">\u00a0<\/div>\r\n<\/div>\r\n<\/div>\r\n<\/div>\r\n<\/div>\r\n<div class=\"ppb_tour_classic one nopadding\">\r\n<div class=\"page_content_wrapper page_main_content sidebar_content full_width fixed_column\">\r\n<div class=\"standard_wrapper\">\r\n<div id=\"1658933773801726921\" class=\"portfolio_filter_wrapper gallery classic three_cols\" data-columns=\"3\">\r\n<div class=\"element grid classic3_cols animated3\">\r\n<div class=\"one_third gallery3 classic static filterable portfolio_type themeborder\">\r\n<div class=\"portfolio_info_wrapper\">\r\n<p>&nbsp;<\/p>\r\n<\/div>\r\n<\/div>\r\n<\/div>\r\n<\/div>\r\n<\/div>\r\n<\/div>\r\n<\/div>","protected":false},"excerpt":{"rendered":"<p>SUSTAINABLE SIGHTSEEING FOR EVERYONE Fostering a more responsible way of sightseeing By supporting our vision and joining our tours, you\u2019re helping create a better version of tourism! &nbsp; \u00a0 Sustainable Sightseeing for Everyone! Open-top bus tours have been exclusively provided [&hellip;]<\/p>","protected":false},"author":1,"featured_media":6154,"parent":0,"menu_order":0,"comment_status":"closed","ping_status":"closed","template":"","meta":{"footnotes":""},"class_list":["post-2465","page","type-page","status-publish","has-post-thumbnail","hentry"],"_links":{"self":[{"href":"https:\/\/visitsplitcroatia.com\/pt\/wp-json\/wp\/v2\/pages\/2465","targetHints":{"allow":["GET"]}}],"collection":[{"href":"https:\/\/visitsplitcroatia.com\/pt\/wp-json\/wp\/v2\/pages"}],"about":[{"href":"https:\/\/visitsplitcroatia.com\/pt\/wp-json\/wp\/v2\/types\/page"}],"author":[{"embeddable":true,"href":"https:\/\/visitsplitcroatia.com\/pt\/wp-json\/wp\/v2\/users\/1"}],"replies":[{"embeddable":true,"href":"https:\/\/visitsplitcroatia.com\/pt\/wp-json\/wp\/v2\/comments?post=2465"}],"version-history":[{"count":89,"href":"https:\/\/visitsplitcroatia.com\/pt\/wp-json\/wp\/v2\/pages\/2465\/revisions"}],"predecessor-version":[{"id":7613,"href":"https:\/\/visitsplitcroatia.com\/pt\/wp-json\/wp\/v2\/pages\/2465\/revisions\/7613"}],"wp:featuredmedia":[{"embeddable":true,"href":"https:\/\/visitsplitcroatia.com\/pt\/wp-json\/wp\/v2\/media\/6154"}],"wp:attachment":[{"href":"https:\/\/visitsplitcroatia.com\/pt\/wp-json\/wp\/v2\/media?parent=2465"}],"curies":[{"name":"wp","href":"https:\/\/api.w.org\/{rel}","templated":true}]}}