{"id":320,"date":"2016-12-22T10:07:06","date_gmt":"2016-12-22T10:07:06","guid":{"rendered":"http:\/\/themes.themegoods.com\/grandtour\/demo\/?page_id=320"},"modified":"2025-02-19T12:14:58","modified_gmt":"2025-02-19T12:14:58","slug":"faqs","status":"publish","type":"page","link":"https:\/\/visitsplitcroatia.com\/pt\/perguntas-frequentes\/","title":{"rendered":"Perguntas frequentes"},"content":{"rendered":"<div class=\"mobilefaq\">\n<h2>Sele\u00e7\u00e3o r\u00e1pida<\/h2>\n<div class=\"menu-faq-container\">\n<ul id=\"menu-faq\" class=\"menu\">\n<li id=\"menu-item-4549\" class=\"menu-item menu-item-type-custom menu-item-object-custom current-menu-item menu-item-4549\"><a href=\"https:\/\/visitsplitcroatia.com\/pt\/perguntas-frequentes\/#payfaq\" aria-current=\"page\">Perguntas frequentes sobre pagamentos<\/a><\/li>\n<li id=\"menu-item-4550\" class=\"menu-item menu-item-type-custom menu-item-object-custom current-menu-item menu-item-4550\"><a href=\"https:\/\/visitsplitcroatia.com\/pt\/perguntas-frequentes\/#busfaq\" aria-current=\"page\">Perguntas frequentes sobre o passeio de \u00f4nibus com teto aberto<\/a><\/li>\n<li id=\"menu-item-4551\" class=\"menu-item menu-item-type-custom menu-item-object-custom current-menu-item menu-item-4551\"><a href=\"https:\/\/visitsplitcroatia.com\/pt\/perguntas-frequentes\/#walkfaq\" aria-current=\"page\">Perguntas frequentes sobre o passeio a p\u00e9 por Split<\/a><\/li>\n<\/ul>\n<\/div>\n<\/div>\n<h2 id=\"payfaq\">Pagamentos<\/h2>\n<div class=\"pp_accordion_close has_icon\">\n<h3><a href=\"#\">Que tipos de pagamentos voc\u00eas aceitam?<\/a><\/h3>\n<div>\n<p>Se voc\u00ea comprar passagens em nosso escrit\u00f3rio ou no \u00f4nibus, aceitamos dinheiro. Para pagamentos online em nosso site, aceitamos Visa, Maestro, MasterCard, American Express, Diners Club, Discover, Dinacard, Paysafe e notas de pagamento croatas.<\/p>\n<\/div>\n<\/div>\n<div class=\"pp_accordion_close has_icon\">\n<h3><a href=\"#\">Voc\u00ea aceita cart\u00f5es de cr\u00e9dito?<\/a><\/h3>\n<div>\n<p>Sim, aceitamos cart\u00f5es Visa, Maestro, MasterCard e American Express, Diners Club, Discover, Dinacard, Paysafe.<\/p>\n<\/div>\n<\/div>\n<div class=\"pp_accordion_close has_icon\">\n<h3><a href=\"#\">Posso pagar em dinheiro?<\/a><\/h3>\n<div>\n<p>Aceitamos dinheiro em todos os nossos escrit\u00f3rios e em nossos \u00f4nibus.<\/p>\n<\/div>\n<\/div>\n<h2 id=\"busfaq\">Passeio de \u00f4nibus aberto com teto dividido \/ \u00d4nibus hop on hop off \u2013 Linha vermelha<\/h2>\n<div class=\"pp_accordion_close has_icon\">\n<h3><a href=\"#\">Voc\u00ea opera todos os dias?<\/a><\/h3>\n<div>\n<p>De 1\u00ba de abril a 31 de outubro operamos todos os dias, exceto em dias especiais de navios de cruzeiro<\/p>\n<\/div>\n<\/div>\n<div class=\"pp_accordion_close has_icon\">\n<h3><a href=\"#\">Preciso reservar com anteced\u00eancia?<\/a><\/h3>\n<div>\n<p>N\u00e3o, voc\u00ea n\u00e3o precisa reservar com anteced\u00eancia. No entanto, ao reservar online, voc\u00ea pode economizar tempo na chegada.<\/p>\n<\/div>\n<\/div>\n<div class=\"pp_accordion_close has_icon\">\n<h3><a href=\"#\">Onde posso comprar os bilhetes?<\/a><\/h3>\n<div>\n<p>Voc\u00ea pode reservar e comprar sua passagem com muita facilidade \u2013 diretamente no \u00f4nibus, em nossa ag\u00eancia ou online<\/p>\n<\/div>\n<\/div>\n<div class=\"pp_accordion_close has_icon\">\n<h3><a href=\"#\">Voc\u00eas aceitam cart\u00f5es de cr\u00e9dito para pagamento?<\/a><\/h3>\n<div>\n<p>Sim, aceitamos cart\u00f5es Visa, Maestro, MasterCard e American Express, Diners Club, Discover, Dinacard, Paysafe.<\/p>\n<\/div>\n<\/div>\n<div class=\"pp_accordion_close has_icon\">\n<h3><a href=\"#\">A que horas partem os seus \u00f4nibus?<\/a><\/h3>\n<div>\n<p>O \u00f4nibus da linha vermelha sai 6 vezes ao dia do primeiro ponto de \u00f4nibus \u2013 Riva (Promenade). Os hor\u00e1rios de partida s\u00e3o \u00e0s 10h30, 11h30, 00h30, 14h, 15h30 e 17h. <\/p>\n<\/div>\n<\/div>\n<div class=\"pp_accordion_close has_icon\">\n<h3><a href=\"#\">Que horas \u00e9 seu primeiro e \u00faltimo \u00f4nibus?<\/a><\/h3>\n<div>\n<p>O primeiro passeio come\u00e7a \u00e0s 10h30 e o \u00faltimo \u00e0s 17h.<\/p>\n<\/div>\n<\/div>\n<div class=\"pp_accordion_close has_icon\">\n<h3><a href=\"#\">Onde posso participar do passeio?<\/a><\/h3>\n<div>\n<p>A primeira parada \u00e9 1) Passeio mar\u00edtimo de Riva \u2013 centro da cidade. Voc\u00ea pode nos encontrar em qualquer uma das nossas paradas: 2) Praia de areia de Ba\u010dvice, 3) Centro esportivo Gripe, 4) Museu Arqueol\u00f3gico, 5) Est\u00e1dio de Futebol &quot;Poljud&quot;, 6) Ponto de \u00f4nibus da Galeria Me\u0161trovi\u0107 e Museu de Monumentos Arqueol\u00f3gicos Croatas (MHAS), 7) Igreja e Mosteiro de S\u00e3o Francisco. <\/p>\n<\/div>\n<\/div>\n<div class=\"pp_accordion_close has_icon\">\n<h3><a href=\"#\">Quanto tempo dura o passeio panor\u00e2mico?<\/a><\/h3>\n<div>\n<p>O passeio panor\u00e2mico dura aproximadamente 1 hora.<\/p>\n<\/div>\n<\/div>\n<div class=\"pp_accordion_close has_icon\">\n<h3><a href=\"#\">Qual \u00e9 a capacidade de assentos do seu \u00f4nibus?<\/a><\/h3>\n<div>\n<p>A capacidade de assentos dos nossos \u00f4nibus \u00e9 de 51 assentos para o menor e 57 assentos para o maior.<\/p>\n<\/div>\n<\/div>\n<div class=\"pp_accordion_close has_icon\">\n<h3><a href=\"#\">O ingresso do passeio inclui entrada para alguma das atra\u00e7\u00f5es?<\/a><\/h3>\n<div>\n<p>N\u00e3o, nosso ingresso n\u00e3o inclui entrada em nenhuma atra\u00e7\u00e3o.<\/p>\n<\/div>\n<\/div>\n<div class=\"pp_accordion_close has_icon\">\n<h3><a href=\"#\">Como saberei onde descer?<\/a><\/h3>\n<div>\n<p>O guia de \u00e1udio indicar\u00e1 todos os pontos tur\u00edsticos e paradas, al\u00e9m de fornecer instru\u00e7\u00f5es sobre como e onde embarcar e desembarcar do \u00f4nibus. H\u00e1 tamb\u00e9m um guia tur\u00edstico que fala ingl\u00eas a bordo. <\/p>\n<\/div>\n<\/div>\n<div class=\"pp_accordion_close has_icon\">\n<h3><a href=\"#\">Voc\u00eas t\u00eam descontos para grupos?<\/a><\/h3>\n<div>\n<p>Sim, oferecemos descontos para grupos. Mediante aviso pr\u00e9vio, podemos acomodar grupos em nossos hor\u00e1rios de partida. No entanto, tamb\u00e9m podemos organizar um tour privado para o seu grupo. As tarifas variam dependendo do tamanho do grupo e do hor\u00e1rio. Ligue ou envie um e-mail para que possamos responder o mais breve poss\u00edvel.<\/p>\n<\/div>\n<\/div>\n<div class=\"pp_accordion_close has_icon\">\n<h3><a href=\"#\">Como posso alugar um \u00f4nibus aberto ou outro \u00f4nibus para meu grupo ou evento especial?<\/a><\/h3>\n<div>\n<p>Ligue para +385 91 135 9914 para obter mais detalhes. Teremos prazer em ajudar voc\u00ea com qualquer necessidade de transporte.<\/p>\n<\/div>\n<\/div>\n<div class=\"pp_accordion_close has_icon\">\n<h3><a href=\"#\">Voc\u00eas oferecem passeios tur\u00edsticos privados em Split?<\/a><\/h3>\n<div>\n<p>Sim, oferecemos. Realizamos passeios tur\u00edsticos privativos em Split e outras cidades da regi\u00e3o. Ligue ou envie um e-mail para que possamos apresentar uma oferta precisa e detalhada, de acordo com sua solicita\u00e7\u00e3o.<\/p>\n<\/div>\n<\/div>\n<h2 id=\"walkfaq\">Passeio a p\u00e9 por Split<\/h2>\n<div class=\"pp_accordion_close has_icon\">\n<h3><a href=\"#\">Voc\u00ea opera todos os dias?<\/a><\/h3>\n<div>\n<p>De 1\u00ba de abril a 31 de outubro funcionamos todos os dias.<\/p>\n<\/div>\n<\/div>\n<div class=\"pp_accordion_close has_icon\">\n<h3><a href=\"#\">Voc\u00ea tem um quadro de hor\u00e1rios?<\/a><\/h3>\n<div>\n<p>De 1\u00ba de abril a 31 de outubro, o passeio a p\u00e9 acontece \u00e0s 9h30, 11h30, 13h30 e 16h30. Caso n\u00e3o consiga fazer o passeio no hor\u00e1rio agendado, entre em contato conosco. Podemos sempre acompanh\u00e1-lo(a) a outros grupos que estejam fazendo o passeio em outro hor\u00e1rio.<\/p>\n<\/div>\n<\/div>\n<div class=\"pp_accordion_close has_icon\">\n<h3><a href=\"#\">Onde posso comprar os bilhetes?<\/a><\/h3>\n<div>\n<p>Voc\u00ea pode reservar e comprar seu ingresso em nossa ag\u00eancia ou online.<\/p>\n<\/div>\n<\/div>\n<div class=\"pp_accordion_close has_icon\">\n<h3><a href=\"#\">Voc\u00eas aceitam cart\u00f5es de cr\u00e9dito para pagamento?<\/a><\/h3>\n<div>\n<p>Sim, aceitamos cart\u00f5es Visa, Maestro, MasterCard e American Express, Diners Club, Discover, Dinacard, Paysafe.<\/p>\n<\/div>\n<\/div>\n<div class=\"pp_accordion_close has_icon\">\n<h3><a href=\"#\">Onde posso participar do passeio?<\/a><\/h3>\n<div>\n<p>O ponto de encontro \u00e9 em frente ao ponto de \u00f4nibus no extremo leste do cal\u00e7ad\u00e3o Riva, pr\u00f3ximo ao centro da cidade.<\/p>\n<\/div>\n<\/div>\n<div class=\"pp_accordion_close has_icon\">\n<h3><a href=\"#\">Quanto tempo dura o passeio<\/a><\/h3>\n<div>\n<p>O passeio dura aproximadamente 1 hora<\/p>\n<\/div>\n<\/div>\n<div class=\"pp_accordion_close has_icon\">\n<h3><a href=\"#\">O ingresso do passeio inclui entrada para alguma das atra\u00e7\u00f5es?<\/a><\/h3>\n<div>\n<p>N\u00e3o, nosso ingresso n\u00e3o inclui entrada em nenhuma atra\u00e7\u00e3o.<\/p>\n<\/div>\n<\/div>\n<div class=\"pp_accordion_close has_icon\">\n<h3><a href=\"#\">Como saberei onde descer?<\/a><\/h3>\n<div>\n<p>Seu guia tur\u00edstico indicar\u00e1 todos os pontos tur\u00edsticos e paradas e lhe dar\u00e1 instru\u00e7\u00f5es sobre como e onde entrar e sair do \u00f4nibus<\/p>\n<\/div>\n<\/div>\n<div class=\"pp_accordion_close has_icon\">\n<h3><a href=\"#\">Voc\u00eas t\u00eam descontos para grupos?<\/a><\/h3>\n<div>\n<p>Sim, oferecemos descontos para grupos. Mediante aviso pr\u00e9vio, podemos acomodar grupos em nossos hor\u00e1rios de partida. No entanto, tamb\u00e9m podemos organizar um tour privado para o seu grupo. As tarifas variam dependendo do tamanho do grupo e do hor\u00e1rio. Ligue ou envie um e-mail para que possamos responder o mais breve poss\u00edvel.<\/p>\n<\/div>\n<\/div>\n<div class=\"pp_accordion_close has_icon\">\n<h3><a href=\"#\">Como posso reservar um guia para meu grupo ou evento especial?<\/a><\/h3>\n<div>\n<p>Ligue para +385 91 135 9914 para obter mais detalhes e teremos prazer em ajudar voc\u00ea com tudo o que precisar.<\/p>\n<\/div>\n<\/div>\n<div class=\"pp_accordion_close has_icon\">\n<h3><a href=\"#\">Voc\u00eas oferecem passeios tur\u00edsticos privados em Split?<\/a><\/h3>\n<div>\n<p>Sim, oferecemos. Oferecemos passeios tur\u00edsticos privativos em Split, incluindo traslado, van e passeios a p\u00e9.<\/p>\n<\/div>\n<\/div>","protected":false},"excerpt":{"rendered":"<p>Quick Select Payments FAQ Split Open Top Bus Tour FAQ Split Walking Tour FAQ Payments Split Open Top Bus Tour \/ Hop on Hop off Bus &#8211; Red line Split Walking Tour<\/p>","protected":false},"author":1,"featured_media":0,"parent":0,"menu_order":0,"comment_status":"closed","ping_status":"closed","template":"","meta":{"footnotes":""},"class_list":["post-320","page","type-page","status-publish","hentry"],"_links":{"self":[{"href":"https:\/\/visitsplitcroatia.com\/pt\/wp-json\/wp\/v2\/pages\/320","targetHints":{"allow":["GET"]}}],"collection":[{"href":"https:\/\/visitsplitcroatia.com\/pt\/wp-json\/wp\/v2\/pages"}],"about":[{"href":"https:\/\/visitsplitcroatia.com\/pt\/wp-json\/wp\/v2\/types\/page"}],"author":[{"embeddable":true,"href":"https:\/\/visitsplitcroatia.com\/pt\/wp-json\/wp\/v2\/users\/1"}],"replies":[{"embeddable":true,"href":"https:\/\/visitsplitcroatia.com\/pt\/wp-json\/wp\/v2\/comments?post=320"}],"version-history":[{"count":22,"href":"https:\/\/visitsplitcroatia.com\/pt\/wp-json\/wp\/v2\/pages\/320\/revisions"}],"predecessor-version":[{"id":6815,"href":"https:\/\/visitsplitcroatia.com\/pt\/wp-json\/wp\/v2\/pages\/320\/revisions\/6815"}],"wp:attachment":[{"href":"https:\/\/visitsplitcroatia.com\/pt\/wp-json\/wp\/v2\/media?parent=320"}],"curies":[{"name":"wp","href":"https:\/\/api.w.org\/{rel}","templated":true}]}}