{"id":4562,"date":"2022-06-11T15:05:04","date_gmt":"2022-06-11T15:05:04","guid":{"rendered":"https:\/\/visitsplitcroatia.com\/?page_id=4562"},"modified":"2022-06-21T10:28:57","modified_gmt":"2022-06-21T10:28:57","slug":"covus-pay","status":"publish","type":"page","link":"https:\/\/visitsplitcroatia.com\/pt\/covus-pay\/","title":{"rendered":"Seguran\u00e7a de Pagamentos Online"},"content":{"rendered":"<h3>Seguran\u00e7a de Pagamentos Online<\/h3>\n<p>Ao realizar pagamentos em nossa loja virtual, voc\u00ea est\u00e1 usando o CorvusPay \u2013 um sistema avan\u00e7ado para aceita\u00e7\u00e3o segura de cart\u00f5es de cr\u00e9dito na Internet.<\/p>\n<p>O sistema CorvusPay garante total privacidade dos dados do seu cart\u00e3o de cr\u00e9dito e dados pessoais desde o momento em que voc\u00ea os digita no formul\u00e1rio de pagamento CorvusPay. Os dados necess\u00e1rios para a cobran\u00e7a s\u00e3o encaminhados criptografados do seu navegador para o banco emissor do seu cart\u00e3o de pagamento. Nossa loja nunca tem contato com os dados confidenciais do seu cart\u00e3o de pagamento. Da mesma forma, os operadores do CorvusPay n\u00e3o t\u00eam acesso aos dados completos do titular do seu cart\u00e3o. Um n\u00facleo de sistema isolado transmite e gerencia os dados confidenciais de forma independente, mantendo-os totalmente seguros.<\/p>\n<p>O formul\u00e1rio para inser\u00e7\u00e3o de dados de pagamento \u00e9 protegido por uma cifra de transmiss\u00e3o SSL da mais alta confiabilidade. Todos os dados armazenados s\u00e3o protegidos adicionalmente por criptografia de alta qualidade, utilizando dispositivos de hardware certificados pelo padr\u00e3o FIPS 140 2 N\u00edvel 3. O CorvusPay atende a todos os requisitos para pagamentos online seguros exigidos pelas principais bandeiras de cart\u00e3o de cr\u00e9dito, operando em conformidade com o padr\u00e3o PCI DSS N\u00edvel 1 \u2013 o mais alto padr\u00e3o de seguran\u00e7a do setor de cart\u00f5es de pagamento. Os pagamentos feitos com cart\u00f5es cadastrados no programa 3-D Secure s\u00e3o autenticados pelo banco emissor, confirmando sua identidade por meio do uso de um token ou senha.<\/p>\n<p>Todas as informa\u00e7\u00f5es coletadas pela Corvus Pay s\u00e3o consideradas sigilosas e tratadas como tal. As informa\u00e7\u00f5es s\u00e3o utilizadas exclusivamente para os fins a que se destinam. Seus dados confidenciais s\u00e3o totalmente<\/p>\n<p>seguro e sua privacidade \u00e9 garantida por mecanismos de prote\u00e7\u00e3o de \u00faltima gera\u00e7\u00e3o. Coletamos apenas os dados necess\u00e1rios para a execu\u00e7\u00e3o do trabalho, de acordo com os rigorosos procedimentos prescritos para pagamento online.<\/p>\n<p>Os controles de seguran\u00e7a e procedimentos operacionais aplicados na infraestrutura CorvusPay n\u00e3o apenas garantem a confiabilidade atual do CorvusPay, mas tamb\u00e9m mant\u00eam e aprimoram permanentemente os n\u00edveis de seguran\u00e7a para proteger as informa\u00e7\u00f5es do seu cart\u00e3o de cr\u00e9dito, mantendo controles de acesso rigorosos, seguran\u00e7a regular e verifica\u00e7\u00f5es detalhadas do sistema para evitar vulnerabilidades de rede.<\/p>\n<p>Obrigado por usar o CorvusPay!<\/p>","protected":false},"excerpt":{"rendered":"<p>Security of Online Payments While conducting payments on our web shop you are using CorvusPay \u2013 an advanced system for secure acceptance of credit cards on the Internet. CorvusPay system ensures complete privacy of your credit card data and personal [&hellip;]<\/p>","protected":false},"author":1,"featured_media":0,"parent":0,"menu_order":0,"comment_status":"closed","ping_status":"closed","template":"","meta":{"footnotes":""},"class_list":["post-4562","page","type-page","status-publish","hentry"],"_links":{"self":[{"href":"https:\/\/visitsplitcroatia.com\/pt\/wp-json\/wp\/v2\/pages\/4562","targetHints":{"allow":["GET"]}}],"collection":[{"href":"https:\/\/visitsplitcroatia.com\/pt\/wp-json\/wp\/v2\/pages"}],"about":[{"href":"https:\/\/visitsplitcroatia.com\/pt\/wp-json\/wp\/v2\/types\/page"}],"author":[{"embeddable":true,"href":"https:\/\/visitsplitcroatia.com\/pt\/wp-json\/wp\/v2\/users\/1"}],"replies":[{"embeddable":true,"href":"https:\/\/visitsplitcroatia.com\/pt\/wp-json\/wp\/v2\/comments?post=4562"}],"version-history":[{"count":2,"href":"https:\/\/visitsplitcroatia.com\/pt\/wp-json\/wp\/v2\/pages\/4562\/revisions"}],"predecessor-version":[{"id":4564,"href":"https:\/\/visitsplitcroatia.com\/pt\/wp-json\/wp\/v2\/pages\/4562\/revisions\/4564"}],"wp:attachment":[{"href":"https:\/\/visitsplitcroatia.com\/pt\/wp-json\/wp\/v2\/media?parent=4562"}],"curies":[{"name":"wp","href":"https:\/\/api.w.org\/{rel}","templated":true}]}}