{"id":4593,"date":"2022-06-11T17:38:14","date_gmt":"2022-06-11T17:38:14","guid":{"rendered":"https:\/\/visitsplitcroatia.com\/?page_id=4593"},"modified":"2026-04-29T08:07:03","modified_gmt":"2026-04-29T08:07:03","slug":"test","status":"publish","type":"page","link":"https:\/\/visitsplitcroatia.com\/pt\/test\/","title":{"rendered":"SPECIAL OFFER"},"content":{"rendered":"<p><a href=\"https:\/\/visitsplitcroatia.com\/pt\/tour\/soparnik-tour\/\">Soparnik Experience Tour<\/a><\/p>\n\n\n\n<p><a href=\"https:\/\/visitsplitcroatia.com\/pt\/tour\/rafting-almoco-passeio-klis\/\">Rafting &amp; Lunch with Salona Ruins Tour<\/a><\/p>\n\n\n\n<p><a href=\"https:\/\/visitsplitcroatia.com\/pt\/tour\/cavalgada-soparnik\/\">Horseback riding &amp; Soparnik Experience<\/a><\/p>\n\n\n\n<p><a href=\"https:\/\/visitsplitcroatia.com\/pt\/tour\/canyonismo\/\">Aventura de Canyoning<\/a><\/p>\n\n\n\n<p><a href=\"https:\/\/visitsplitcroatia.com\/pt\/tour\/aventura-de-rafting\/\">Aventura de Rafting<\/a><\/p>\n\n\n\n<p><a href=\"https:\/\/visitsplitcroatia.com\/pt\/tour\/quad-vinho-comida\/\">Quad, wine &amp; food &#8211; from \u20ac\u200e 151,00<\/a><\/p>\n\n\n\n<div style=\"height:37px\" aria-hidden=\"true\" class=\"wp-block-spacer\"><\/div>\n\n\n\n<figure class=\"wp-block-gallery has-nested-images columns-default is-cropped wp-block-gallery-1 is-layout-flex wp-block-gallery-is-layout-flex\">\n<figure class=\"wp-block-image size-medium is-style-default\"><a href=\"https:\/\/visitsplitcroatia.com\/wp-content\/uploads\/2025\/03\/1-2.jpg\"><img decoding=\"async\" width=\"300\" height=\"169\" data-id=\"7235\" src=\"https:\/\/visitsplitcroatia.com\/wp-content\/uploads\/2025\/03\/1-2-300x169.jpg\" alt=\"Capa Quad Adventure\" class=\"wp-image-7235\"\/><\/a><\/figure>\n\n\n\n<figure class=\"wp-block-image size-large\"><a href=\"https:\/\/visitsplitcroatia.com\/wp-content\/uploads\/2025\/03\/4-3.jpg\"><img decoding=\"async\" width=\"768\" height=\"1024\" data-id=\"7234\" src=\"https:\/\/visitsplitcroatia.com\/wp-content\/uploads\/2025\/03\/4-3-768x1024.jpg\" alt=\"Degusta\u00e7\u00e3o de vinhos na vin\u00edcola Matkovi\u0107 imotski\" class=\"wp-image-7234\"\/><\/a><\/figure>\n\n\n\n<figure class=\"wp-block-image size-large\"><a href=\"https:\/\/visitsplitcroatia.com\/wp-content\/uploads\/2025\/03\/6-3-1.jpg\"><img decoding=\"async\" width=\"1000\" height=\"563\" data-id=\"7233\" src=\"https:\/\/visitsplitcroatia.com\/wp-content\/uploads\/2025\/03\/6-3-1.jpg\" alt=\"Lago azul Modro jezero imotski\" class=\"wp-image-7233\"\/><\/a><\/figure>\n\n\n\n<figure class=\"wp-block-image size-large\"><a href=\"https:\/\/visitsplitcroatia.com\/wp-content\/uploads\/2025\/03\/7-new.jpg\"><img decoding=\"async\" width=\"1000\" height=\"563\" data-id=\"7232\" src=\"https:\/\/visitsplitcroatia.com\/wp-content\/uploads\/2025\/03\/7-new.jpg\" alt=\"\" class=\"wp-image-7232\"\/><\/a><\/figure>\n\n\n\n<figure class=\"wp-block-image size-large\"><a href=\"https:\/\/visitsplitcroatia.com\/wp-content\/uploads\/2025\/03\/2-1-1.jpg\"><img decoding=\"async\" width=\"1000\" height=\"563\" data-id=\"7231\" src=\"https:\/\/visitsplitcroatia.com\/wp-content\/uploads\/2025\/03\/2-1-1.jpg\" alt=\"Aventura em quadriciclo Split Imotski\" class=\"wp-image-7231\"\/><\/a><\/figure>\n\n\n\n<figure class=\"wp-block-image size-large\"><a href=\"https:\/\/visitsplitcroatia.com\/wp-content\/uploads\/2025\/03\/9-1-scaled.jpg\"><img decoding=\"async\" width=\"1024\" height=\"683\" data-id=\"7227\" src=\"https:\/\/visitsplitcroatia.com\/wp-content\/uploads\/2025\/03\/9-1-1024x683.jpg\" alt=\"\" class=\"wp-image-7227\"\/><\/a><\/figure>\n\n\n\n<figure class=\"wp-block-image size-large\"><a href=\"https:\/\/visitsplitcroatia.com\/wp-content\/uploads\/2025\/03\/3-1-scaled.jpg\"><img decoding=\"async\" width=\"1024\" height=\"683\" data-id=\"7226\" src=\"https:\/\/visitsplitcroatia.com\/wp-content\/uploads\/2025\/03\/3-1-1024x683.jpg\" alt=\"\" class=\"wp-image-7226\"\/><\/a><\/figure>\n\n\n\n<figure class=\"wp-block-image size-large\"><a href=\"https:\/\/visitsplitcroatia.com\/wp-content\/uploads\/2025\/03\/7-1-3-scaled.jpg\"><img decoding=\"async\" width=\"1024\" height=\"683\" data-id=\"7225\" src=\"https:\/\/visitsplitcroatia.com\/wp-content\/uploads\/2025\/03\/7-1-3-1024x683.jpg\" alt=\"\" class=\"wp-image-7225\"\/><\/a><\/figure>\n\n\n\n<figure class=\"wp-block-image size-large\"><a href=\"https:\/\/visitsplitcroatia.com\/wp-content\/uploads\/2025\/03\/1-1-3-scaled.jpg\"><img decoding=\"async\" width=\"1024\" height=\"768\" data-id=\"7224\" src=\"https:\/\/visitsplitcroatia.com\/wp-content\/uploads\/2025\/03\/1-1-3-1024x768.jpg\" alt=\"Cobertura de aventura de rafting\" class=\"wp-image-7224\"\/><\/a><\/figure>\n\n\n\n<figure class=\"wp-block-image size-large\"><a href=\"https:\/\/visitsplitcroatia.com\/wp-content\/uploads\/2025\/03\/Rafting-lunch-hero1920x1080-2.png\"><img decoding=\"async\" width=\"1024\" height=\"576\" data-id=\"7223\" src=\"https:\/\/visitsplitcroatia.com\/wp-content\/uploads\/2025\/03\/Rafting-lunch-hero1920x1080-2-1024x576.png\" alt=\"\" class=\"wp-image-7223\"\/><\/a><\/figure>\n\n\n\n<figure class=\"wp-block-image size-large\"><a href=\"https:\/\/visitsplitcroatia.com\/wp-content\/uploads\/2025\/03\/7-1-2-scaled.jpg\"><img decoding=\"async\" width=\"1024\" height=\"683\" data-id=\"7221\" src=\"https:\/\/visitsplitcroatia.com\/wp-content\/uploads\/2025\/03\/7-1-2-1024x683.jpg\" alt=\"\" class=\"wp-image-7221\"\/><\/a><\/figure>\n\n\n\n<figure class=\"wp-block-image size-large\"><a href=\"https:\/\/visitsplitcroatia.com\/wp-content\/uploads\/2025\/03\/4-2-scaled.jpg\"><img decoding=\"async\" width=\"1024\" height=\"683\" data-id=\"7220\" src=\"https:\/\/visitsplitcroatia.com\/wp-content\/uploads\/2025\/03\/4-2-1024x683.jpg\" alt=\"\" class=\"wp-image-7220\"\/><\/a><\/figure>\n\n\n\n<figure class=\"wp-block-image size-large\"><a href=\"https:\/\/visitsplitcroatia.com\/wp-content\/uploads\/2025\/03\/Rafting-L-cover-1920-1080-1.png\"><img decoding=\"async\" width=\"1024\" height=\"576\" data-id=\"7214\" src=\"https:\/\/visitsplitcroatia.com\/wp-content\/uploads\/2025\/03\/Rafting-L-cover-1920-1080-1-1024x576.png\" alt=\"\" class=\"wp-image-7214\"\/><\/a><\/figure>\n\n\n\n<figure class=\"wp-block-image size-large\"><a href=\"https:\/\/visitsplitcroatia.com\/wp-content\/uploads\/2025\/03\/7-1-1-scaled.jpg\"><img decoding=\"async\" width=\"1024\" height=\"683\" data-id=\"7211\" src=\"https:\/\/visitsplitcroatia.com\/wp-content\/uploads\/2025\/03\/7-1-1-1024x683.jpg\" alt=\"\" class=\"wp-image-7211\"\/><\/a><\/figure>\n\n\n\n<figure class=\"wp-block-image size-large\"><a href=\"https:\/\/visitsplitcroatia.com\/wp-content\/uploads\/2025\/03\/4-scaled.jpeg\"><img decoding=\"async\" width=\"768\" height=\"1024\" data-id=\"7210\" src=\"https:\/\/visitsplitcroatia.com\/wp-content\/uploads\/2025\/03\/4-768x1024.jpeg\" alt=\"\" class=\"wp-image-7210\"\/><\/a><\/figure>\n\n\n\n<figure class=\"wp-block-image size-large\"><a href=\"https:\/\/visitsplitcroatia.com\/wp-content\/uploads\/2025\/03\/6-3-scaled.jpg\"><img decoding=\"async\" width=\"1024\" height=\"768\" data-id=\"7209\" src=\"https:\/\/visitsplitcroatia.com\/wp-content\/uploads\/2025\/03\/6-3-1024x768.jpg\" alt=\"\" class=\"wp-image-7209\"\/><\/a><\/figure>\n\n\n\n<figure class=\"wp-block-image size-large\"><a href=\"https:\/\/visitsplitcroatia.com\/wp-content\/uploads\/2025\/03\/open-top-900x1200-1.png\"><img decoding=\"async\" width=\"768\" height=\"1024\" data-id=\"7208\" src=\"https:\/\/visitsplitcroatia.com\/wp-content\/uploads\/2025\/03\/open-top-900x1200-1-768x1024.png\" alt=\"\" class=\"wp-image-7208\"\/><\/a><\/figure>\n\n\n\n<figure class=\"wp-block-image size-large\"><a href=\"https:\/\/visitsplitcroatia.com\/wp-content\/uploads\/2025\/03\/3-scaled.jpg\"><img decoding=\"async\" width=\"1024\" height=\"683\" data-id=\"7207\" src=\"https:\/\/visitsplitcroatia.com\/wp-content\/uploads\/2025\/03\/3-1024x683.jpg\" alt=\"\" class=\"wp-image-7207\"\/><\/a><\/figure>\n\n\n\n<figure class=\"wp-block-image size-large\"><a href=\"https:\/\/visitsplitcroatia.com\/wp-content\/uploads\/2025\/03\/1-1-2-scaled.jpg\"><img decoding=\"async\" width=\"1024\" height=\"768\" data-id=\"7206\" src=\"https:\/\/visitsplitcroatia.com\/wp-content\/uploads\/2025\/03\/1-1-2-1024x768.jpg\" alt=\"c\u00e2nion cetina\" class=\"wp-image-7206\"\/><\/a><\/figure>\n\n\n\n<figure class=\"wp-block-image size-large\"><a href=\"https:\/\/visitsplitcroatia.com\/wp-content\/uploads\/2025\/03\/Zivotinje-18.jpg\"><img decoding=\"async\" width=\"1024\" height=\"679\" data-id=\"7202\" src=\"https:\/\/visitsplitcroatia.com\/wp-content\/uploads\/2025\/03\/Zivotinje-18-1024x679.jpg\" alt=\"Passeios a cavalo em Split\" class=\"wp-image-7202\"\/><\/a><\/figure>\n\n\n\n<figure class=\"wp-block-image size-large\"><a href=\"https:\/\/visitsplitcroatia.com\/wp-content\/uploads\/2025\/03\/soparnik-1200-900.png\"><img decoding=\"async\" width=\"1024\" height=\"768\" data-id=\"7198\" src=\"https:\/\/visitsplitcroatia.com\/wp-content\/uploads\/2025\/03\/soparnik-1200-900-1024x768.png\" alt=\"\" class=\"wp-image-7198\"\/><\/a><\/figure>\n\n\n\n<figure class=\"wp-block-image size-large\"><a href=\"https:\/\/visitsplitcroatia.com\/wp-content\/uploads\/2025\/03\/4-b-scaled.jpg\"><img decoding=\"async\" width=\"768\" height=\"1024\" data-id=\"7197\" src=\"https:\/\/visitsplitcroatia.com\/wp-content\/uploads\/2025\/03\/4-b-768x1024.jpg\" alt=\"\" class=\"wp-image-7197\"\/><\/a><\/figure>\n\n\n\n<figure class=\"wp-block-image size-large\"><a href=\"https:\/\/visitsplitcroatia.com\/wp-content\/uploads\/2025\/03\/10-1.jpg\"><img decoding=\"async\" width=\"930\" height=\"604\" data-id=\"7196\" src=\"https:\/\/visitsplitcroatia.com\/wp-content\/uploads\/2025\/03\/10-1.jpg\" alt=\"Green escape\" class=\"wp-image-7196\"\/><\/a><\/figure>\n\n\n\n<figure class=\"wp-block-image size-large\"><a href=\"https:\/\/visitsplitcroatia.com\/wp-content\/uploads\/2025\/03\/8-2.jpg\"><img decoding=\"async\" width=\"1024\" height=\"576\" data-id=\"7195\" src=\"https:\/\/visitsplitcroatia.com\/wp-content\/uploads\/2025\/03\/8-2-1024x576.jpg\" alt=\"\" class=\"wp-image-7195\"\/><\/a><\/figure>\n\n\n\n<figure class=\"wp-block-image size-large\"><a href=\"https:\/\/visitsplitcroatia.com\/wp-content\/uploads\/2025\/03\/6-1-1-scaled.jpg\"><img decoding=\"async\" width=\"768\" height=\"1024\" data-id=\"7179\" src=\"https:\/\/visitsplitcroatia.com\/wp-content\/uploads\/2025\/03\/6-1-1-768x1024.jpg\" alt=\"\" class=\"wp-image-7179\"\/><\/a><\/figure>\n\n\n\n<figure class=\"wp-block-image size-large\"><a href=\"https:\/\/visitsplitcroatia.com\/wp-content\/uploads\/2025\/03\/2-1-scaled-e1741196762687.jpg\"><img decoding=\"async\" width=\"1024\" height=\"769\" data-id=\"7171\" src=\"https:\/\/visitsplitcroatia.com\/wp-content\/uploads\/2025\/03\/2-1-scaled-e1741196762687-1024x769.jpg\" alt=\"Fuga Verde\" class=\"wp-image-7171\"\/><\/a><\/figure>\n\n\n\n<figure class=\"wp-block-image size-large\"><a href=\"https:\/\/visitsplitcroatia.com\/wp-content\/uploads\/2025\/03\/6-2.jpg\"><img decoding=\"async\" width=\"766\" height=\"1024\" data-id=\"7170\" src=\"https:\/\/visitsplitcroatia.com\/wp-content\/uploads\/2025\/03\/6-2-766x1024.jpg\" alt=\"\" class=\"wp-image-7170\"\/><\/a><\/figure>\n\n\n\n<figure class=\"wp-block-image size-large\"><a href=\"https:\/\/visitsplitcroatia.com\/wp-content\/uploads\/2025\/03\/rafting-food-1200x900-1.png\"><img decoding=\"async\" width=\"1024\" height=\"768\" data-id=\"7168\" src=\"https:\/\/visitsplitcroatia.com\/wp-content\/uploads\/2025\/03\/rafting-food-1200x900-1-1024x768.png\" alt=\"\" class=\"wp-image-7168\"\/><\/a><\/figure>\n\n\n\n<figure class=\"wp-block-image size-large\"><a href=\"https:\/\/visitsplitcroatia.com\/wp-content\/uploads\/2025\/03\/1-1-1-e1741196171773.jpg\"><img decoding=\"async\" width=\"1024\" height=\"769\" data-id=\"7167\" src=\"https:\/\/visitsplitcroatia.com\/wp-content\/uploads\/2025\/03\/1-1-1-e1741196171773-1024x769.jpg\" alt=\"\" class=\"wp-image-7167\"\/><\/a><\/figure>\n\n\n\n<figure class=\"wp-block-image size-large\"><a href=\"https:\/\/visitsplitcroatia.com\/wp-content\/uploads\/2025\/03\/9-e1741104758546.jpg\"><img decoding=\"async\" width=\"1024\" height=\"769\" data-id=\"7152\" src=\"https:\/\/visitsplitcroatia.com\/wp-content\/uploads\/2025\/03\/9-e1741104758546-1024x769.jpg\" alt=\"\" class=\"wp-image-7152\"\/><\/a><\/figure>\n\n\n\n<figure class=\"wp-block-image size-large\"><a href=\"https:\/\/visitsplitcroatia.com\/wp-content\/uploads\/2025\/03\/8-scaled-e1741104815820.jpg\"><img decoding=\"async\" width=\"1024\" height=\"767\" data-id=\"7151\" src=\"https:\/\/visitsplitcroatia.com\/wp-content\/uploads\/2025\/03\/8-scaled-e1741104815820-1024x767.jpg\" alt=\"\" class=\"wp-image-7151\"\/><\/a><\/figure>\n\n\n\n<figure class=\"wp-block-image size-large\"><a href=\"https:\/\/visitsplitcroatia.com\/wp-content\/uploads\/2025\/03\/rafting-1200x900-1.png\"><img decoding=\"async\" width=\"1024\" height=\"768\" data-id=\"7150\" src=\"https:\/\/visitsplitcroatia.com\/wp-content\/uploads\/2025\/03\/rafting-1200x900-1-1024x768.png\" alt=\"\" class=\"wp-image-7150\"\/><\/a><\/figure>\n\n\n\n<figure class=\"wp-block-image size-large\"><a href=\"https:\/\/visitsplitcroatia.com\/wp-content\/uploads\/2025\/03\/Rafting-L-cover-1920-1080.png\"><img decoding=\"async\" width=\"1024\" height=\"576\" data-id=\"7146\" src=\"https:\/\/visitsplitcroatia.com\/wp-content\/uploads\/2025\/03\/Rafting-L-cover-1920-1080-1024x576.png\" alt=\"\" class=\"wp-image-7146\"\/><\/a><\/figure>\n\n\n\n<figure class=\"wp-block-image size-large\"><a href=\"https:\/\/visitsplitcroatia.com\/wp-content\/uploads\/2025\/03\/7-1.jpg\"><img decoding=\"async\" width=\"1024\" height=\"576\" data-id=\"7122\" src=\"https:\/\/visitsplitcroatia.com\/wp-content\/uploads\/2025\/03\/7-1-1024x576.jpg\" alt=\"\" class=\"wp-image-7122\"\/><\/a><\/figure>\n\n\n\n<figure class=\"wp-block-image size-large\"><a href=\"https:\/\/visitsplitcroatia.com\/wp-content\/uploads\/2025\/03\/10.jpg\"><img decoding=\"async\" width=\"1024\" height=\"679\" data-id=\"7115\" src=\"https:\/\/visitsplitcroatia.com\/wp-content\/uploads\/2025\/03\/10-1024x679.jpg\" alt=\"\" class=\"wp-image-7115\"\/><\/a><\/figure>\n\n\n\n<figure class=\"wp-block-image size-large\"><a href=\"https:\/\/visitsplitcroatia.com\/wp-content\/uploads\/2025\/03\/6-scaled-e1741198254914.jpg\"><img decoding=\"async\" width=\"1024\" height=\"769\" data-id=\"7114\" src=\"https:\/\/visitsplitcroatia.com\/wp-content\/uploads\/2025\/03\/6-scaled-e1741198254914-1024x769.jpg\" alt=\"\" class=\"wp-image-7114\"\/><\/a><\/figure>\n\n\n\n<figure class=\"wp-block-image size-large\"><a href=\"https:\/\/visitsplitcroatia.com\/wp-content\/uploads\/2025\/03\/1-1.jpg\"><img decoding=\"async\" width=\"1024\" height=\"676\" data-id=\"7111\" src=\"https:\/\/visitsplitcroatia.com\/wp-content\/uploads\/2025\/03\/1-1-1024x676.jpg\" alt=\"Passeio Soparnik\" class=\"wp-image-7111\"\/><\/a><\/figure>\n\n\n\n<figure class=\"wp-block-image size-large\"><a href=\"https:\/\/visitsplitcroatia.com\/wp-content\/uploads\/2025\/03\/4.jpg\"><img decoding=\"async\" width=\"1024\" height=\"576\" data-id=\"7110\" src=\"https:\/\/visitsplitcroatia.com\/wp-content\/uploads\/2025\/03\/4-1024x576.jpg\" alt=\"Soparnik\" class=\"wp-image-7110\"\/><\/a><\/figure>\n\n\n\n<figure class=\"wp-block-image size-large\"><a href=\"https:\/\/visitsplitcroatia.com\/wp-content\/uploads\/2025\/03\/4-1.jpg\"><img decoding=\"async\" data-id=\"7094\" src=\"https:\/\/visitsplitcroatia.com\/wp-content\/uploads\/2025\/03\/4-1.jpg\" alt=\"\" class=\"wp-image-7094\"\/><\/a><\/figure>\n\n\n\n<figure class=\"wp-block-image size-large\"><a href=\"https:\/\/visitsplitcroatia.com\/wp-content\/uploads\/2025\/03\/6-1-scaled.jpg\"><img decoding=\"async\" width=\"1024\" height=\"768\" data-id=\"7093\" src=\"https:\/\/visitsplitcroatia.com\/wp-content\/uploads\/2025\/03\/6-1-1024x768.jpg\" alt=\"\" class=\"wp-image-7093\"\/><\/a><\/figure>\n\n\n\n<figure class=\"wp-block-image size-large\"><a href=\"https:\/\/visitsplitcroatia.com\/wp-content\/uploads\/2025\/03\/7.jpg\"><img decoding=\"async\" width=\"1024\" height=\"576\" data-id=\"7087\" src=\"https:\/\/visitsplitcroatia.com\/wp-content\/uploads\/2025\/03\/7-1024x576.jpg\" alt=\"\" class=\"wp-image-7087\"\/><\/a><\/figure>\n<\/figure>\n\n\n\n<div style=\"height:37px\" aria-hidden=\"true\" class=\"wp-block-spacer\"><\/div>\n\n\n\n<figure class=\"wp-block-image size-large\"><a href=\"https:\/\/visitsplitcroatia.com\/wp-content\/uploads\/2023\/01\/bus-green-1920x1080-1.png\"><img decoding=\"async\" width=\"1024\" height=\"576\" src=\"https:\/\/visitsplitcroatia.com\/wp-content\/uploads\/2023\/01\/bus-green-1920x1080-1-1024x576.png\" alt=\"Linha Verde Split CitySightseeing\" class=\"wp-image-7326\"\/><\/a><\/figure>","protected":false},"excerpt":{"rendered":"<p>Soparnik Experience Tour Rafting &amp; Lunch with Salona Ruins Tour Horseback riding &amp; Soparnik Experience Canyoning Adventure Rafting Adventure Quad, wine &amp; food &#8211; from \u20ac\u200e 151,00<\/p>","protected":false},"author":1,"featured_media":7928,"parent":0,"menu_order":0,"comment_status":"closed","ping_status":"closed","template":"","meta":{"footnotes":""},"class_list":["post-4593","page","type-page","status-publish","has-post-thumbnail","hentry"],"_links":{"self":[{"href":"https:\/\/visitsplitcroatia.com\/pt\/wp-json\/wp\/v2\/pages\/4593","targetHints":{"allow":["GET"]}}],"collection":[{"href":"https:\/\/visitsplitcroatia.com\/pt\/wp-json\/wp\/v2\/pages"}],"about":[{"href":"https:\/\/visitsplitcroatia.com\/pt\/wp-json\/wp\/v2\/types\/page"}],"author":[{"embeddable":true,"href":"https:\/\/visitsplitcroatia.com\/pt\/wp-json\/wp\/v2\/users\/1"}],"replies":[{"embeddable":true,"href":"https:\/\/visitsplitcroatia.com\/pt\/wp-json\/wp\/v2\/comments?post=4593"}],"version-history":[{"count":4,"href":"https:\/\/visitsplitcroatia.com\/pt\/wp-json\/wp\/v2\/pages\/4593\/revisions"}],"predecessor-version":[{"id":8191,"href":"https:\/\/visitsplitcroatia.com\/pt\/wp-json\/wp\/v2\/pages\/4593\/revisions\/8191"}],"wp:featuredmedia":[{"embeddable":true,"href":"https:\/\/visitsplitcroatia.com\/pt\/wp-json\/wp\/v2\/media\/7928"}],"wp:attachment":[{"href":"https:\/\/visitsplitcroatia.com\/pt\/wp-json\/wp\/v2\/media?parent=4593"}],"curies":[{"name":"wp","href":"https:\/\/api.w.org\/{rel}","templated":true}]}}