{"id":4195,"date":"2022-06-08T15:20:13","date_gmt":"2022-06-08T15:20:13","guid":{"rendered":"https:\/\/visitsplitcroatia.com\/?post_type=product&#038;p=4195"},"modified":"2025-03-19T09:08:30","modified_gmt":"2025-03-19T09:08:30","slug":"atv-quad-mountain-tour","status":"publish","type":"product","link":"https:\/\/visitsplitcroatia.com\/pt\/produto\/quadriciclo-passeio-de-montanha\/","title":{"rendered":"Quad, vinho e comida"},"content":{"rendered":"<h3 style=\"text-align: center;\">Aventura Quad atrav\u00e9s de Imotska Krajina<\/h3>\n<p style=\"text-align: center;\">Prepare-se para uma aventura de quadriciclo cheia de adrenalina pela espetacular regi\u00e3o de Imotska Krajina! Este passeio de 3,5 a 4 horas come\u00e7a na Vin\u00edcola Matkovi\u0107, levando voc\u00ea ao longo do tranquilo Rio Vrljika e das encantadoras Cachoeiras Trokuti. Sinta a emo\u00e7\u00e3o ao pedalar pelos marcos mais deslumbrantes da regi\u00e3o, incluindo o lend\u00e1rio Est\u00e1dio Gospin Dolac, a hist\u00f3rica Fortaleza de Topana e os fascinantes Lagos Vermelho e Azul \u2014 uma verdadeira maravilha natural. A aventura continua at\u00e9 o pitoresco Lago Verde Ri\u010dice e o Lago Galipovac, antes de encarar as trilhas off-road acidentadas de Prolo\u0161ko Blato, um para\u00edso para os amantes da natureza.<\/p>\n<p style=\"text-align: center;\">2 passageiros por quadriciclo = 151,00 EUR<br \/>\npassageiro individual = 181,00 EUR<\/p>\n<p style=\"text-align: center;\"><a href=\"https:\/\/visitsplitcroatia.com\/pt\/tour\/quad-vinho-comida\/\"><img decoding=\"async\" class=\"wp-image-7232 size-full aligncenter entered lazyloaded\" src=\"https:\/\/visitsplitcroatia.com\/wp-content\/uploads\/2025\/03\/7-new.jpg\" alt=\"\" width=\"1000\" height=\"563\" data-lazy-src=\"https:\/\/visitsplitcroatia.com\/wp-content\/uploads\/2025\/03\/7-new.jpg\" data-ll-status=\"loaded\" \/><\/a><\/p>\n<p><a href=\"https:\/\/visitsplitcroatia.com\/wp-content\/uploads\/2025\/03\/6-3-1.jpg\"><img decoding=\"async\" class=\"alignnone wp-image-7233 size-full entered lazyloaded aligncenter\" src=\"https:\/\/visitsplitcroatia.com\/wp-content\/uploads\/2025\/03\/6-3-1.jpg\" alt=\"Lago azul Modro jezero imotski \" width=\"1000\" height=\"563\" data-lazy-src=\"https:\/\/visitsplitcroatia.com\/wp-content\/uploads\/2025\/03\/6-3-1.jpg\" data-ll-status=\"loaded\" \/><\/a><\/p>\n<ul class=\"single_tour_departure_wrapper themeborder\">\n<li>\n<div class=\"single_tour_departure_title\">Inclu\u00eddo<\/div>\n<div class=\"single_tour_departure_content\">\n<div class=\"one_half\">Transporte em \u00f4nibus aberto<\/div>\n<div class=\"one_half last\">L\u00edder de excurs\u00e3o que fala ingl\u00eas<\/div>\n<div class=\"one_half\">Guia de \u00e1udio em 10 idiomas<\/div>\n<div class=\"one_half last\">Instrutores de quadriciclo que falam ingl\u00eas<\/div>\n<div class=\"one_half\">Degusta\u00e7\u00e3o de vinhos e prato frio (presunto curado a seco, salsichas caseiras, queijo, azeitonas, azeite extra virgem e p\u00e3o caseiro fresco)<\/div>\n<div class=\"one_half last\">Seguros e IVA<\/div>\n<div class=\"one_half\">Taxa de entrada para a fortaleza de Klis<\/div>\n<div class=\"one_half last\">Passeio a p\u00e9 gratuito por Split em ingl\u00eas<\/div>\n<\/div>\n<\/li>\n<li>\n<div class=\"single_tour_departure_title\">N\u00e3o inclu\u00eddo<\/div>\n<div class=\"single_tour_departure_content\">\n<div class=\"one_half\">Taxas de entrada para determinados locais<\/div>\n<div class=\"one_half last\">Despesas pessoais, compras, refei\u00e7\u00f5es e bebidas, custos de transporte de\/para o ponto de encontro, gorjetas para guia\/motorista (opcional)<\/div>\n<\/div>\n<\/li>\n<\/ul>","protected":false},"excerpt":{"rendered":"<p>Quad Adventure Through Imotska Krajina Gear up for an adrenaline-fueled quad adventure through the spectacular Imotska Krajina region! This 3.5 to 4-hour tour kicks off at Matkovi\u0107 Winery, leading you along the tranquil Vrljika River and the enchanting Trokuti Waterfalls. [&hellip;]<\/p>","protected":false},"featured_media":7235,"template":"","meta":[],"product_cat":[15,82,75],"product_tag":[],"class_list":{"0":"post-4195","1":"product","2":"type-product","3":"status-publish","4":"has-post-thumbnail","6":"product_cat-nature-and-heritage","7":"product_cat-adventure-tours","8":"product_cat-special-offer-green","10":"first","11":"instock","12":"sale","13":"virtual","14":"purchasable","15":"product-type-simple"},"_links":{"self":[{"href":"https:\/\/visitsplitcroatia.com\/pt\/wp-json\/wp\/v2\/product\/4195","targetHints":{"allow":["GET"]}}],"collection":[{"href":"https:\/\/visitsplitcroatia.com\/pt\/wp-json\/wp\/v2\/product"}],"about":[{"href":"https:\/\/visitsplitcroatia.com\/pt\/wp-json\/wp\/v2\/types\/product"}],"wp:featuredmedia":[{"embeddable":true,"href":"https:\/\/visitsplitcroatia.com\/pt\/wp-json\/wp\/v2\/media\/7235"}],"wp:attachment":[{"href":"https:\/\/visitsplitcroatia.com\/pt\/wp-json\/wp\/v2\/media?parent=4195"}],"wp:term":[{"taxonomy":"product_cat","embeddable":true,"href":"https:\/\/visitsplitcroatia.com\/pt\/wp-json\/wp\/v2\/product_cat?post=4195"},{"taxonomy":"product_tag","embeddable":true,"href":"https:\/\/visitsplitcroatia.com\/pt\/wp-json\/wp\/v2\/product_tag?post=4195"}],"curies":[{"name":"wp","href":"https:\/\/api.w.org\/{rel}","templated":true}]}}