{"id":3,"date":"2022-05-24T16:42:10","date_gmt":"2022-05-24T16:42:10","guid":{"rendered":"https:\/\/visitsplitcroatia.com\/?page_id=3"},"modified":"2022-06-21T10:27:52","modified_gmt":"2022-06-21T10:27:52","slug":"privacy-policy","status":"publish","type":"page","link":"https:\/\/visitsplitcroatia.com\/sv\/integritetspolicy\/","title":{"rendered":"Sekretesspolicy"},"content":{"rendered":"<h3>INTRODUKTION<\/h3>\n<p>Apodos resebyr\u00e5 har \u00e5tagit sig att skydda v\u00e5ra g\u00e4sters integritet. Vi erk\u00e4nner v\u00e5ra skyldigheter n\u00e4r det g\u00e4ller att uppdatera och ut\u00f6ka detta program f\u00f6r att uppfylla kraven i GDPR. EU:s allm\u00e4nna dataskyddsf\u00f6rordning (\u201cGDPR\u201d) tr\u00e4dde i kraft den 25 maj 2018. Den nya f\u00f6rordningen syftar till att standardisera dataskyddslagar och behandling i hela EU, vilket ger m\u00e4nniskor st\u00f6rre r\u00e4ttigheter att f\u00e5 tillg\u00e5ng till och kontrollera sin personliga information. Kontakta oss p\u00e5 om du har n\u00e5gra fr\u00e5gor eller problem ang\u00e5ende anv\u00e4ndningen av dina personuppgifter s\u00e5 hj\u00e4lper vi dig g\u00e4rna. Genom att anv\u00e4nda denna webbplats eller\/och v\u00e5ra tj\u00e4nster samtycker du till behandlingen av dina personuppgifter enligt beskrivningen i denna integritetspolicy.<\/p>\n<h3>DATABLADENS R\u00c4TTIGHETER<\/h3>\n<p>Vi ger dig enkel tillg\u00e5ng till personuppgifter som Apodos resebyr\u00e5 behandlar om dig och att beg\u00e4ra information om vilka personuppgifter vi har om dig, \u00e4ndam\u00e5len med behandlingen, vilka kategorier av personuppgifter som ber\u00f6rs, till vilka mottagare personuppgifterna har\/kommer att l\u00e4mnas ut, hur l\u00e4nge vi avser att lagra dina personuppgifter, om vi inte har samlat in uppgifterna direkt fr\u00e5n dig \u2013 r\u00e4tt information om k\u00e4llan \u00e4r felaktig eller felaktig, slutf\u00f6rt och processen f\u00f6r att beg\u00e4ra detta, r\u00e4tten att l\u00e4mna in ett klagom\u00e5l eller s\u00f6ka r\u00e4ttsmedel och vem man ska kontakta i s\u00e5dana fall.<\/p>\n<h3>INSAMLING OCH ANV\u00c4NDNING AV DINA DATA<\/h3>\n<p>Information du f\u00f6rser oss med genom att bes\u00f6ka v\u00e5r webbplats www.visitsplitcroatia.com (din e-postadress, namn, telefonnummer, faktureringsadress, hemadress, kreditkortsuppgifter, information om relevanta h\u00e4lsotillst\u00e5nd du har etc) kommer att anv\u00e4ndas f\u00f6r att leverera en produkt\/tj\u00e4nst eller f\u00f6r att f\u00f6rb\u00e4ttra din kundupplevelse hos oss. Vi sparar informationen du ger oss f\u00f6r att du ska kunna kommentera eller utf\u00f6ra andra aktiviteter p\u00e5 webbplatsen.<\/p>\n<h3>SM\u00c5KAKOR<\/h3>\n<p>Cookies till\u00e5ter en webbplats att komma ih\u00e5g dina preferenser, f\u00f6rb\u00e4ttra anv\u00e4ndarupplevelsen och skr\u00e4ddarsy annonserna du ser till de som \u00e4r mest relevanta f\u00f6r dig. Cookies skickas tillbaka till den ursprungliga webbplatsen vid varje efterf\u00f6ljande bes\u00f6k eller till en annan webbplats som k\u00e4nner igen cookien. Vi anv\u00e4nder ocks\u00e5 andra former av teknik som tj\u00e4nar liknande syften som cookies och som till\u00e5ter oss att \u00f6vervaka och f\u00f6rb\u00e4ttra v\u00e5ra webbplatser och appar. Vi anv\u00e4nder dessa i samband med cookies f\u00f6r att hj\u00e4lpa till att driva v\u00e5ra webbplatser och e-postmeddelanden och samla in information om onlineaktivitet. N\u00e4r vi talar om cookies i denna policy inkluderar denna term dessa liknande teknologier. Vi anv\u00e4nder cookies f\u00f6r att ge dig den tj\u00e4nst du har beg\u00e4rt och f\u00f6r att analysera och f\u00f6rb\u00e4ttra din webbupplevelse.<\/p>\n<h3>DATASKYDD<\/h3>\n<p>Vi samlar in personuppgifter med l\u00e4mpliga juridiska, tekniska och organisatoriska s\u00e4kerhets\u00e5tg\u00e4rder f\u00f6r att f\u00f6rhindra all obeh\u00f6rig behandling av uppgifter. Tillg\u00e5ng till din personliga information \u00e4r begr\u00e4nsad till de anst\u00e4llda som beh\u00f6ver denna information f\u00f6r att tillhandah\u00e5lla v\u00e5ra tj\u00e4nster. Vi utbildar kontinuerligt v\u00e5ra anst\u00e4llda om vikten av konfidentialitet f\u00f6r uppgifterna och f\u00f6r att skydda integriteten och skyddet av dina uppgifter. Vi samlar endast in de uppgifter som \u00e4r n\u00f6dv\u00e4ndiga f\u00f6r \u00e4mnesbehandlingen och vi beh\u00e5ller dem inte l\u00e4ngre \u00e4n vad som \u00e4r n\u00f6dv\u00e4ndigt eller best\u00e4ms av lagliga regler.<\/p>\n<h3>\u00c4NDRINGAR AV DENNA SEKRETESSPOLICY<\/h3>\n<p>Vid eventuella \u00e4ndringar kommer vi att uppdatera v\u00e5r integritetspolicy och cookiepolicy p\u00e5 v\u00e5r webbplats www.visitsplitcroatia.com f\u00f6r att \u00e5terspegla \u00e4ndringar i v\u00e5r sekretesspraxis. Vi uppmuntrar dig att regelbundet granska den h\u00e4r webbplatsen f\u00f6r den senaste informationen om v\u00e5r sekretesspraxis.<\/p>\n<h3>KONTAKTINFORMATION<\/h3>\n<p>Apodos resebyr\u00e5<br \/>\nDrveni\u010dka 25, 21000 Split, Kroatien<br \/>\nOIB: 90768078011<br \/>\nWebbplats: www.visitsplitcroatia.com<br \/>\nE-post: info@apodos.com.hr<br \/>\nMob: +385 91 135 9914<\/p>","protected":false},"excerpt":{"rendered":"<p>INTRODUCTION Apodos travel agency is committed to safeguarding the privacy of our guests. We recognize our obligations in updating and expanding this program to meet the requirements of GDPR. The EU General Data Protection Regulation (\u201cGDPR\u201d) came into force on [&hellip;]<\/p>","protected":false},"author":1,"featured_media":0,"parent":0,"menu_order":0,"comment_status":"closed","ping_status":"open","template":"","meta":{"footnotes":""},"class_list":["post-3","page","type-page","status-publish","hentry"],"_links":{"self":[{"href":"https:\/\/visitsplitcroatia.com\/sv\/wp-json\/wp\/v2\/pages\/3","targetHints":{"allow":["GET"]}}],"collection":[{"href":"https:\/\/visitsplitcroatia.com\/sv\/wp-json\/wp\/v2\/pages"}],"about":[{"href":"https:\/\/visitsplitcroatia.com\/sv\/wp-json\/wp\/v2\/types\/page"}],"author":[{"embeddable":true,"href":"https:\/\/visitsplitcroatia.com\/sv\/wp-json\/wp\/v2\/users\/1"}],"replies":[{"embeddable":true,"href":"https:\/\/visitsplitcroatia.com\/sv\/wp-json\/wp\/v2\/comments?post=3"}],"version-history":[{"count":2,"href":"https:\/\/visitsplitcroatia.com\/sv\/wp-json\/wp\/v2\/pages\/3\/revisions"}],"predecessor-version":[{"id":4561,"href":"https:\/\/visitsplitcroatia.com\/sv\/wp-json\/wp\/v2\/pages\/3\/revisions\/4561"}],"wp:attachment":[{"href":"https:\/\/visitsplitcroatia.com\/sv\/wp-json\/wp\/v2\/media?parent=3"}],"curies":[{"name":"wp","href":"https:\/\/api.w.org\/{rel}","templated":true}]}}