{"id":320,"date":"2016-12-22T10:07:06","date_gmt":"2016-12-22T10:07:06","guid":{"rendered":"http:\/\/themes.themegoods.com\/grandtour\/demo\/?page_id=320"},"modified":"2025-02-19T12:14:58","modified_gmt":"2025-02-19T12:14:58","slug":"faqs","status":"publish","type":"page","link":"https:\/\/visitsplitcroatia.com\/sv\/vanliga-fragor\/","title":{"rendered":"Vanliga fr\u00e5gor"},"content":{"rendered":"<div class=\"mobilefaq\">\n<h2>Snabbval<\/h2>\n<div class=\"menu-faq-container\">\n<ul id=\"menu-faq\" class=\"menu\">\n<li id=\"menu-item-4549\" class=\"menu-item menu-item-type-custom menu-item-object-custom current-menu-item menu-item-4549\"><a href=\"https:\/\/visitsplitcroatia.com\/sv\/vanliga-fragor\/#payfaq\" aria-current=\"page\">Vanliga fr\u00e5gor om betalningar<\/a><\/li>\n<li id=\"menu-item-4550\" class=\"menu-item menu-item-type-custom menu-item-object-custom current-menu-item menu-item-4550\"><a href=\"https:\/\/visitsplitcroatia.com\/sv\/vanliga-fragor\/#busfaq\" aria-current=\"page\">Split Open Top Bus Tour FAQ<\/a><\/li>\n<li id=\"menu-item-4551\" class=\"menu-item menu-item-type-custom menu-item-object-custom current-menu-item menu-item-4551\"><a href=\"https:\/\/visitsplitcroatia.com\/sv\/vanliga-fragor\/#walkfaq\" aria-current=\"page\">Vanliga fr\u00e5gor om Split Walking Tour<\/a><\/li>\n<\/ul>\n<\/div>\n<\/div>\n<h2 id=\"payfaq\">Betalningar<\/h2>\n<div class=\"pp_accordion_close has_icon\">\n<h3><a href=\"#\">Vilken typ av betalningar accepterar du?<\/a><\/h3>\n<div>\n<p>Om du k\u00f6per biljetter p\u00e5 v\u00e5rt kontor eller p\u00e5 bussen tar vi emot kontanter. N\u00e4r vi betalar online p\u00e5 v\u00e5r webbplats accepterar vi Visa, Maestro, MasterCard, American Express, Diners Club, Discover, Dinacard, Paysafe-kort och kroatiska betalningsanm\u00e4rkningar.<\/p>\n<\/div>\n<\/div>\n<div class=\"pp_accordion_close has_icon\">\n<h3><a href=\"#\">Accepterar du kreditkort?<\/a><\/h3>\n<div>\n<p>Ja, vi accepterar Visa, Maestro, MasterCard och American Express, Diners Club, Discover, Dinacard, Paysafe-kort.<\/p>\n<\/div>\n<\/div>\n<div class=\"pp_accordion_close has_icon\">\n<h3><a href=\"#\">Kan jag betala kontant?<\/a><\/h3>\n<div>\n<p>Vi tar emot kontanter p\u00e5 alla v\u00e5ra kontor och p\u00e5 v\u00e5ra bussar.<\/p>\n<\/div>\n<\/div>\n<h2 id=\"busfaq\">Split Open Top Bus Tour \/ Hop on Hop off Bus \u2013 R\u00f6d linje<\/h2>\n<div class=\"pp_accordion_close has_icon\">\n<h3><a href=\"#\">Fungerar du varje dag?<\/a><\/h3>\n<div>\n<p>Fr\u00e5n 1 april till 31 oktober trafikerar vi varje dag, utom p\u00e5 speciella dagar f\u00f6r kryssningsfartyg<\/p>\n<\/div>\n<\/div>\n<div class=\"pp_accordion_close has_icon\">\n<h3><a href=\"#\">M\u00e5ste jag boka i f\u00f6rv\u00e4g?<\/a><\/h3>\n<div>\n<p>Nej, du beh\u00f6ver inte boka i f\u00f6rv\u00e4g. Men genom att boka i f\u00f6rv\u00e4g online kan du spara tid n\u00e4r du anl\u00e4nder.<\/p>\n<\/div>\n<\/div>\n<div class=\"pp_accordion_close has_icon\">\n<h3><a href=\"#\">Var kan jag k\u00f6pa biljetter?<\/a><\/h3>\n<div>\n<p>Du kan enkelt reservera och k\u00f6pa din biljett \u2013 direkt p\u00e5 bussen, p\u00e5 v\u00e5r byr\u00e5 eller online<\/p>\n<\/div>\n<\/div>\n<div class=\"pp_accordion_close has_icon\">\n<h3><a href=\"#\">Accepterar du kreditkort f\u00f6r betalningar?<\/a><\/h3>\n<div>\n<p>Ja, vi accepterar Visa, Maestro, MasterCard och American Express, Diners Club, Discover, Dinacard, Paysafe-kort.<\/p>\n<\/div>\n<\/div>\n<div class=\"pp_accordion_close has_icon\">\n<h3><a href=\"#\">Vilken tid avg\u00e5r dina bussar?<\/a><\/h3>\n<div>\n<p>R\u00f6da linjens buss avg\u00e5r 6 g\u00e5nger om dagen fr\u00e5n den f\u00f6rsta bussh\u00e5llplatsen \u2013 Riva (Promenade) Avg\u00e5ngstiderna \u00e4r 10:30, 11:30, 12:30, 14:00, 15:30 och 17:00. <\/p>\n<\/div>\n<\/div>\n<div class=\"pp_accordion_close has_icon\">\n<h3><a href=\"#\">Vilken tid \u00e4r din f\u00f6rsta och sista buss?<\/a><\/h3>\n<div>\n<p>Den f\u00f6rsta turen b\u00f6rjar klockan 10:30. och den sista \u00e4r klockan 17.00.<\/p>\n<\/div>\n<\/div>\n<div class=\"pp_accordion_close has_icon\">\n<h3><a href=\"#\">Var kan jag g\u00e5 med p\u00e5 turn\u00e9n?<\/a><\/h3>\n<div>\n<p>F\u00f6rsta stoppet \u00e4r 1) Riva-promenaden \u2013 stadens centrum. Du kan f\u00e5nga oss p\u00e5 n\u00e5gon av v\u00e5ra h\u00e5llplatser: 2) Ba\u010dvice sandstrand, 3) Gripe sportcenter, 4) Arkeologiskt museum, 5) Fotbollsstadion &quot;Poljud&quot;, 6) Me\u0161trovi\u0107 Gallery and Museum of Croatian Archaeological Monuments (MHAS) bussh\u00e5llplats, 7) St Francis kyrka och kloster. <\/p>\n<\/div>\n<\/div>\n<div class=\"pp_accordion_close has_icon\">\n<h3><a href=\"#\">Hur l\u00e4nge varar panoramaturen?<\/a><\/h3>\n<div>\n<p>Panoramaturen tar ca. 1 timme.<\/p>\n<\/div>\n<\/div>\n<div class=\"pp_accordion_close has_icon\">\n<h3><a href=\"#\">Vad har din buss f\u00f6r sittplatser?<\/a><\/h3>\n<div>\n<p>Sittkapaciteten p\u00e5 v\u00e5ra bussar \u00e4r 51 platser f\u00f6r den mindre och 57 platser f\u00f6r den st\u00f6rre.<\/p>\n<\/div>\n<\/div>\n<div class=\"pp_accordion_close has_icon\">\n<h3><a href=\"#\">Inkluderar turbiljetten entr\u00e9 till n\u00e5gon av attraktionerna?<\/a><\/h3>\n<div>\n<p>Nej, v\u00e5r biljett inkluderar inte entr\u00e9 till n\u00e5gra attraktioner.<\/p>\n<\/div>\n<\/div>\n<div class=\"pp_accordion_close has_icon\">\n<h3><a href=\"#\">Hur ska jag veta var jag ska g\u00e5 av?<\/a><\/h3>\n<div>\n<p>Ljudguiden och kommer att peka ut alla sev\u00e4rdheter och h\u00e5llplatser och kommer att ge dig instruktioner om hur och var du ska g\u00e5 p\u00e5 och av bussen. Det finns ocks\u00e5 en engelsktalande reseledare ombord. <\/p>\n<\/div>\n<\/div>\n<div class=\"pp_accordion_close has_icon\">\n<h3><a href=\"#\">Har ni rabatterade priser f\u00f6r grupper?<\/a><\/h3>\n<div>\n<p>Ja, vi har rabatter f\u00f6r grupper. Med f\u00f6ranm\u00e4lan kan vi ta emot grupper p\u00e5 v\u00e5ra planerade avg\u00e5ngar. Men vi kan ocks\u00e5 ordna en privat rundtur f\u00f6r din grupp. Priserna varierar beroende p\u00e5 gruppstorlek och tidpunkt. V\u00e4nligen ring oss eller skicka ett e-postmeddelande s\u00e5 att vi kan ge dig ett snabbt svar.<\/p>\n<\/div>\n<\/div>\n<div class=\"pp_accordion_close has_icon\">\n<h3><a href=\"#\">Hur kan jag hyra en \u00f6ppen buss eller annan buss f\u00f6r min grupp eller speciella h\u00e4ndelse?<\/a><\/h3>\n<div>\n<p>Ring oss p\u00e5 +385 91 135 9914 f\u00f6r mer information s\u00e5 hj\u00e4lper vi dig g\u00e4rna med alla dina transportbehov.<\/p>\n<\/div>\n<\/div>\n<div class=\"pp_accordion_close has_icon\">\n<h3><a href=\"#\">Erbjuder du privata sightseeingturer i Split?<\/a><\/h3>\n<div>\n<p>Ja, det g\u00f6r vi. Vi g\u00f6r privata sightseeingturer i Split och andra st\u00e4der i regionen. V\u00e4nligen ring oss eller skicka ett e-postmeddelande s\u00e5 att vi kan ge dig ett exakt och detaljerat erbjudande enligt din f\u00f6rfr\u00e5gan.<\/p>\n<\/div>\n<\/div>\n<h2 id=\"walkfaq\">Split Walking Tour<\/h2>\n<div class=\"pp_accordion_close has_icon\">\n<h3><a href=\"#\">Fungerar du varje dag?<\/a><\/h3>\n<div>\n<p>Fr\u00e5n 1 april till 31 oktober har vi \u00f6ppet varje dag.<\/p>\n<\/div>\n<\/div>\n<div class=\"pp_accordion_close has_icon\">\n<h3><a href=\"#\">Har du en tidtabell?<\/a><\/h3>\n<div>\n<p>Fr\u00e5n den 1 april till den 31 oktober g\u00e5r vandringsturen kl. 9.30, 11.30, 13.30 och 16.30. Om du inte kan g\u00f6ra vandringsturen vid den schemalagda tiden, v\u00e4nligen kontakta oss. Vi kan alltid g\u00e5 med dig med andra grupper som g\u00f6r turn\u00e9n n\u00e5gon annan g\u00e5ng.<\/p>\n<\/div>\n<\/div>\n<div class=\"pp_accordion_close has_icon\">\n<h3><a href=\"#\">Var kan jag k\u00f6pa biljetter?<\/a><\/h3>\n<div>\n<p>Du kan boka och k\u00f6pa din biljett i v\u00e5r byr\u00e5 eller online.<\/p>\n<\/div>\n<\/div>\n<div class=\"pp_accordion_close has_icon\">\n<h3><a href=\"#\">Accepterar du kreditkort f\u00f6r betalningar?<\/a><\/h3>\n<div>\n<p>Ja, vi accepterar Visa, Maestro, MasterCard och American Express, Diners Club, Discover, Dinacard, Paysafe-kort.<\/p>\n<\/div>\n<\/div>\n<div class=\"pp_accordion_close has_icon\">\n<h3><a href=\"#\">Var kan jag g\u00e5 med p\u00e5 turn\u00e9n?<\/a><\/h3>\n<div>\n<p>M\u00f6tesplatsen ligger framf\u00f6r bussh\u00e5llplatsen vid den \u00f6stra \u00e4nden av Riva-promenaden, bredvid stadens centrum.<\/p>\n<\/div>\n<\/div>\n<div class=\"pp_accordion_close has_icon\">\n<h3><a href=\"#\">Hur l\u00e4nge varar turn\u00e9n<\/a><\/h3>\n<div>\n<p>Turen varar ca. 1 timme<\/p>\n<\/div>\n<\/div>\n<div class=\"pp_accordion_close has_icon\">\n<h3><a href=\"#\">Inkluderar turbiljetten entr\u00e9 till n\u00e5gon av attraktionerna?<\/a><\/h3>\n<div>\n<p>Nej, v\u00e5r biljett inkluderar inte entr\u00e9 till n\u00e5gra attraktioner.<\/p>\n<\/div>\n<\/div>\n<div class=\"pp_accordion_close has_icon\">\n<h3><a href=\"#\">Hur ska jag veta var jag ska g\u00e5 av?<\/a><\/h3>\n<div>\n<p>Din reseguide kommer att peka ut alla sev\u00e4rdheter och h\u00e5llplatser och kommer att ge dig instruktioner om hur och var du ska g\u00e5 p\u00e5 och av bussen<\/p>\n<\/div>\n<\/div>\n<div class=\"pp_accordion_close has_icon\">\n<h3><a href=\"#\">Har ni rabatterade priser f\u00f6r grupper?<\/a><\/h3>\n<div>\n<p>Ja, vi har rabatter f\u00f6r grupper. Med f\u00f6ranm\u00e4lan kan vi ta emot grupper p\u00e5 v\u00e5ra planerade avg\u00e5ngar. Men vi kan ocks\u00e5 ordna en privat rundtur f\u00f6r din grupp. Priserna varierar beroende p\u00e5 gruppstorlek och tidpunkt. V\u00e4nligen ring oss eller skicka ett e-postmeddelande s\u00e5 att vi kan ge dig ett snabbt svar.<\/p>\n<\/div>\n<\/div>\n<div class=\"pp_accordion_close has_icon\">\n<h3><a href=\"#\">Hur kan jag boka en guide f\u00f6r min grupp eller speciella h\u00e4ndelse?<\/a><\/h3>\n<div>\n<p>Ring oss p\u00e5 +385 91 135 9914 f\u00f6r mer information s\u00e5 hj\u00e4lper vi dig g\u00e4rna med allt du beh\u00f6ver.<\/p>\n<\/div>\n<\/div>\n<div class=\"pp_accordion_close has_icon\">\n<h3><a href=\"#\">Erbjuder du privata sightseeingturer i Split?<\/a><\/h3>\n<div>\n<p>Ja det g\u00f6r vi. Vi har privata sightseeingturer i Split inklusive transfer, sk\u00e5pbil och vandringsturer.<\/p>\n<\/div>\n<\/div>","protected":false},"excerpt":{"rendered":"<p>Snabbval Betalningar Vanliga fr\u00e5gor Split Open Top Bus Tour Vanliga fr\u00e5gor Split Walking Tour Vanliga fr\u00e5gor Betalningar Split Open Top Bus Tour \/ Hop on Hop off Bus \u2013 Red line Split Walking Tour<\/p>","protected":false},"author":1,"featured_media":0,"parent":0,"menu_order":0,"comment_status":"closed","ping_status":"closed","template":"","meta":{"footnotes":""},"class_list":["post-320","page","type-page","status-publish","hentry"],"_links":{"self":[{"href":"https:\/\/visitsplitcroatia.com\/sv\/wp-json\/wp\/v2\/pages\/320","targetHints":{"allow":["GET"]}}],"collection":[{"href":"https:\/\/visitsplitcroatia.com\/sv\/wp-json\/wp\/v2\/pages"}],"about":[{"href":"https:\/\/visitsplitcroatia.com\/sv\/wp-json\/wp\/v2\/types\/page"}],"author":[{"embeddable":true,"href":"https:\/\/visitsplitcroatia.com\/sv\/wp-json\/wp\/v2\/users\/1"}],"replies":[{"embeddable":true,"href":"https:\/\/visitsplitcroatia.com\/sv\/wp-json\/wp\/v2\/comments?post=320"}],"version-history":[{"count":22,"href":"https:\/\/visitsplitcroatia.com\/sv\/wp-json\/wp\/v2\/pages\/320\/revisions"}],"predecessor-version":[{"id":6815,"href":"https:\/\/visitsplitcroatia.com\/sv\/wp-json\/wp\/v2\/pages\/320\/revisions\/6815"}],"wp:attachment":[{"href":"https:\/\/visitsplitcroatia.com\/sv\/wp-json\/wp\/v2\/media?parent=320"}],"curies":[{"name":"wp","href":"https:\/\/api.w.org\/{rel}","templated":true}]}}