{"id":7274,"date":"2025-03-11T10:10:49","date_gmt":"2025-03-11T10:10:49","guid":{"rendered":"https:\/\/visitsplitcroatia.com\/?page_id=7274"},"modified":"2026-02-27T17:10:37","modified_gmt":"2026-02-27T17:10:37","slug":"sightseeing-bus-tours","status":"publish","type":"page","link":"https:\/\/visitsplitcroatia.com\/sv\/sightseeing-buss-turer\/","title":{"rendered":"Sightseeing bussturer"},"content":{"rendered":"<h3 class=\"wp-block-heading has-text-align-center has-text-color has-link-color wp-elements-4b863f8f380e8c5b1dd35974a640f803\" style=\"color:#ed1d23\"><a href=\"https:\/\/visitsplitcroatia.com\/sv\/tour\/split-panoramic-tour\/\">R\u00f6d linje<\/a><\/h3>\n\n\n\n<h4 class=\"wp-block-heading has-text-align-center has-black-color has-text-color has-link-color wp-elements-0e286be140cf83318b0f283e1e593401\"><a href=\"https:\/\/visitsplitcroatia.com\/sv\/tour\/split-panoramic-tour\/\">Hop On &#8211; Hop Off Split City Tour<\/a><\/h4>\n\n\n\n<div style=\"height:30px\" aria-hidden=\"true\" class=\"wp-block-spacer\"><\/div>\n\n\n\n<p class=\"has-text-align-center\">Utforska Split utan anstr\u00e4ngning med v\u00e5ra Hop-on Hop-of-bussar! Detta bekv\u00e4ma och <strong>natursk\u00f6n \u00e5ktur <\/strong>erbjuder oslagbar utsikt fr\u00e5n<span style=\"color: #000000;\"> <strong>\u00f6ppet d\u00e4ck<\/strong><\/span>\u2013 perfekt f\u00f6r att ta fantastiska bilder. Precis<span style=\"color: #000000;\"> <strong>hoppa p\u00e5<\/strong><\/span>, s\u00e5 tar vi dig till din destination d\u00e4r du kan <span style=\"color: #000000;\"><strong>hoppa av<\/strong><\/span> att utforska i din egen takt.&nbsp;<\/p>\n\n\n\n<p class=\"has-text-align-center\">Alla City Sightseeing Split-turbussar \u00e4r utrustade med toppmoderna <strong>HD flerspr\u00e5kig kommentar.<\/strong> G\u00e4ster kan njuta av Split-historien p\u00e5 sitt modersm\u00e5l: engelska, italienska, spanska, franska, tyska, portugisiska, holl\u00e4ndska, ryska, svenska och kroatiska \u00e4r tillg\u00e4ngliga.<\/p>\n\n\n\n<figure class=\"wp-block-gallery has-nested-images columns-default is-cropped wp-block-gallery-1 is-layout-flex wp-block-gallery-is-layout-flex\">\n<figure class=\"wp-block-image size-large\"><a href=\"https:\/\/visitsplitcroatia.com\/sv\/tour\/split-panoramic-tour\/\"><img decoding=\"async\" width=\"1024\" height=\"683\" data-id=\"6636\" src=\"https:\/\/visitsplitcroatia.com\/wp-content\/uploads\/2023\/03\/split-free-walking-tour-1-1024x683.jpg\" alt=\"\" class=\"wp-image-6636\"\/><\/a><\/figure>\n\n\n\n<figure class=\"wp-block-image size-large\"><a href=\"https:\/\/visitsplitcroatia.com\/sv\/tour\/split-panoramic-tour\/\"><img decoding=\"async\" width=\"1024\" height=\"768\" data-id=\"6856\" src=\"https:\/\/visitsplitcroatia.com\/wp-content\/uploads\/2025\/02\/bb-1200-900-1-1024x768.png\" alt=\"\" class=\"wp-image-6856\"\/><\/a><\/figure>\n\n\n\n<figure class=\"wp-block-image size-large\"><a href=\"https:\/\/visitsplitcroatia.com\/sv\/tour\/split-panoramic-tour\/\"><img decoding=\"async\" width=\"1024\" height=\"576\" data-id=\"6792\" src=\"https:\/\/visitsplitcroatia.com\/wp-content\/uploads\/2023\/01\/split-1920-1080-1024x576.png\" alt=\"\" class=\"wp-image-6792\"\/><\/a><\/figure>\n<\/figure>\n\n\n\n<div style=\"height:50px\" aria-hidden=\"true\" class=\"wp-block-spacer\"><\/div>\n\n\n\n<h3 class=\"wp-block-heading has-text-align-center has-text-color has-link-color wp-elements-2e974dd8a79e580b48b3b722be1c86a5\" style=\"color:#169bd7\"><a href=\"https:\/\/visitsplitcroatia.com\/sv\/tour\/big-historical-tour\/\">Bl\u00e5 linje&nbsp;<\/a><\/h3>\n\n\n\n<h4 class=\"wp-block-heading has-text-align-center has-black-color has-text-color has-link-color wp-elements-46d2a1d4321e64c868314fba94c9ef6d\"><a href=\"https:\/\/visitsplitcroatia.com\/sv\/tour\/big-historical-tour\/\">Dalmatian Heritage Excursion (Trogir &#8211; Klis &#8211; Olive Museum &#8211; Split)<\/a><\/h4>\n\n\n\n<div style=\"height:30px\" aria-hidden=\"true\" class=\"wp-block-spacer\"><\/div>\n\n\n\n<p class=\"has-text-align-center\">Spend the day uncovering Dalmatia\u2019s history and nature. Travel in comfort from Trogir\u2019s charming streets to the breathtaking Klis Fortress views. With our expert guide, you\u2019ll dive into the region\u2019s fascinating legacy.<\/p>\n\n\n\n<figure class=\"wp-block-gallery has-nested-images columns-default is-cropped wp-block-gallery-2 is-layout-flex wp-block-gallery-is-layout-flex\">\n<figure class=\"wp-block-image size-full\"><img decoding=\"async\" width=\"1024\" height=\"683\" data-id=\"4419\" src=\"https:\/\/visitsplitcroatia.com\/wp-content\/uploads\/2022\/06\/trogir.webp\" alt=\"Trogir Riviera i dagsljus\" class=\"wp-image-4419\"\/><\/figure>\n\n\n\n<figure class=\"wp-block-image size-large\"><a href=\"https:\/\/visitsplitcroatia.com\/sv\/tour\/big-historical-tour\/\"><img decoding=\"async\" width=\"1024\" height=\"724\" data-id=\"6723\" src=\"https:\/\/visitsplitcroatia.com\/wp-content\/uploads\/2024\/02\/2-1024x724.jpg\" alt=\"\" class=\"wp-image-6723\"\/><\/a><\/figure>\n\n\n\n<figure class=\"wp-block-image size-large\"><a href=\"https:\/\/visitsplitcroatia.com\/sv\/tour\/big-historical-tour\/\"><img decoding=\"async\" width=\"910\" height=\"683\" data-id=\"6857\" src=\"https:\/\/visitsplitcroatia.com\/wp-content\/uploads\/2025\/02\/Klis-r-edited.png\" alt=\"Klis f\u00e4stning Solnedg\u00e5ng\" class=\"wp-image-6857\"\/><\/a><\/figure>\n<\/figure>\n\n\n\n<div style=\"height:50px\" aria-hidden=\"true\" class=\"wp-block-spacer\"><\/div>\n\n\n\n<h3 class=\"wp-block-heading has-text-align-center has-text-color has-link-color wp-elements-e314107107b9c03e4d178bbbf64fa5a0\" style=\"color:#00a54f\"><a href=\"https:\/\/visitsplitcroatia.com\/sv\/tour\/dalmatia-for-nature-lovers-countryside-half-day-tour\/\">Gr\u00f6n linje<\/a><\/h3>\n\n\n\n<h4 class=\"wp-block-heading has-text-align-center has-black-color has-text-color has-link-color wp-elements-9fcd250ab71f094353932a6469549f71\"><a href=\"https:\/\/visitsplitcroatia.com\/sv\/tour\/dalmatia-for-nature-lovers-countryside-half-day-tour\/\" target=\"_blank\" rel=\"noreferrer noopener\">&nbsp;Dalmatia&#8217;s Hinterland Hop On &#8211; Hop Off <\/a><\/h4>\n\n\n\n<div style=\"height:30px\" aria-hidden=\"true\" class=\"wp-block-spacer\"><\/div>\n\n\n\n<p class=\"has-text-align-center\">Hop on the Green Line and discover the very best of Dalmatia at your own pace. From the ancient <strong>Salona archaeological park<\/strong> to the iconic <strong>Klis f\u00e4stning<\/strong>\u2014a famous Game of Thrones filming location\u2014history comes alive at every stop. Enjoy the <strong>Dolda Dalmatien <\/strong>Multimedia Centre, visit the award-winning <strong>Olivolja museum<\/strong>, and take a relaxing break at <strong>\u017dnjan beach<\/strong>.<\/p>\n\n\n\n<figure class=\"wp-block-gallery has-nested-images columns-default is-cropped wp-block-gallery-3 is-layout-flex wp-block-gallery-is-layout-flex\">\n<figure class=\"wp-block-image size-large\"><a href=\"https:\/\/visitsplitcroatia.com\/sv\/tour\/dalmatia-for-nature-lovers-countryside-half-day-tour\/\"><img decoding=\"async\" width=\"786\" height=\"498\" data-id=\"6962\" src=\"https:\/\/visitsplitcroatia.com\/wp-content\/uploads\/2024\/02\/stella-Croatica.jpg\" alt=\"\" class=\"wp-image-6962\"\/><\/a><\/figure>\n\n\n\n<figure class=\"wp-block-image size-large\"><img decoding=\"async\" width=\"1024\" height=\"683\" data-id=\"6337\" src=\"https:\/\/visitsplitcroatia.com\/wp-content\/uploads\/2023\/01\/salona-web-1024x683.jpg\" alt=\"Salona Manastirine\" class=\"wp-image-6337\"\/><\/figure>\n\n\n\n<figure class=\"wp-block-image size-large\"><a href=\"https:\/\/visitsplitcroatia.com\/sv\/tour\/dalmatia-for-nature-lovers-countryside-half-day-tour\/\"><img decoding=\"async\" width=\"1024\" height=\"683\" data-id=\"6207\" src=\"https:\/\/visitsplitcroatia.com\/wp-content\/uploads\/2023\/01\/KLIS-4-1024x683.jpg\" alt=\"\" class=\"wp-image-6207\"\/><\/a><\/figure>\n<\/figure>\n\n\n\n<div style=\"height:50px\" aria-hidden=\"true\" class=\"wp-block-spacer\"><\/div>\n\n\n\n<h3 class=\"wp-block-heading has-text-align-center has-text-color has-link-color wp-elements-7d1184f594f459e421b073ce7a77a1c4\" style=\"color:#fdc011\"><a href=\"https:\/\/visitsplitcroatia.com\/sv\/tour\/sunset-klis-fortress\/\">Klis solnedg\u00e5ng&nbsp;<\/a><\/h3>\n\n\n\n<h4 class=\"wp-block-heading has-text-align-center has-black-color has-text-color has-link-color wp-elements-0509dc4f020d117dfceb6527accb4bdf\"><a href=\"https:\/\/visitsplitcroatia.com\/sv\/tour\/sunset-klis-fortress\/\">F\u00e4stningen med utsikt \u00f6ver Split<\/a><\/h4>\n\n\n\n<div style=\"height:30px\" aria-hidden=\"true\" class=\"wp-block-spacer\"><\/div>\n\n\n\n<p class=\"has-text-align-center\">\u00c4r du redo f\u00f6r en rundtur som blandar historia, hisnande vyer och ett bes\u00f6k p\u00e5 en av <strong>Game of Thrones<\/strong> ikoniska inspelningsplatser? Sunset Klis Fortress Tour tar dig med p\u00e5 en resa genom tiden, erbjuder <strong>fantastiska panoramabilder<\/strong> av Split, Adriatiska havet och bortom. N\u00e4r solen g\u00e5r ner \u00f6ver f\u00e4stningen kommer du att bevittna en verkligt magisk syn som g\u00f6r denna upplevelse of\u00f6rgl\u00f6mlig.<\/p>\n\n\n\n<figure class=\"wp-block-gallery has-nested-images columns-default is-cropped wp-block-gallery-4 is-layout-flex wp-block-gallery-is-layout-flex\">\n<figure class=\"wp-block-image size-large\"><a href=\"https:\/\/visitsplitcroatia.com\/sv\/tour\/sunset-klis-fortress\/\"><img decoding=\"async\" width=\"1024\" height=\"576\" data-id=\"6799\" src=\"https:\/\/visitsplitcroatia.com\/wp-content\/uploads\/2023\/01\/sunset-1920-1080-1024x576.png\" alt=\"\" class=\"wp-image-6799\"\/><\/a><\/figure>\n\n\n\n<figure class=\"wp-block-image size-large\"><a href=\"https:\/\/visitsplitcroatia.com\/sv\/tour\/sunset-klis-fortress\/\"><img decoding=\"async\" width=\"1024\" height=\"683\" data-id=\"6206\" src=\"https:\/\/visitsplitcroatia.com\/wp-content\/uploads\/2023\/01\/KLIS-3-1024x683.jpg\" alt=\"\" class=\"wp-image-6206\"\/><\/a><\/figure>\n\n\n\n<figure class=\"wp-block-image size-full\"><a href=\"https:\/\/visitsplitcroatia.com\/sv\/tour\/sunset-klis-fortress\/\"><img decoding=\"async\" width=\"856\" height=\"478\" data-id=\"6939\" src=\"https:\/\/visitsplitcroatia.com\/wp-content\/uploads\/2025\/02\/bus-klis.jpg\" alt=\"\" class=\"wp-image-6939\"\/><\/a><\/figure>\n<\/figure>\n\n\n\n<p><\/p>","protected":false},"excerpt":{"rendered":"<p>Red Line Hop On &#8211; Hop Off Split City Tour Explore Split effortlessly with our Hop-on Hop-of buses! This convenient and scenic ride offers unbeatable views from the open-top deck\u2014perfect for capturing stunning photos. Just hop-on, and we\u2019ll get you [&hellip;]<\/p>","protected":false},"author":72,"featured_media":7280,"parent":0,"menu_order":0,"comment_status":"closed","ping_status":"closed","template":"","meta":{"footnotes":""},"class_list":["post-7274","page","type-page","status-publish","has-post-thumbnail","hentry"],"_links":{"self":[{"href":"https:\/\/visitsplitcroatia.com\/sv\/wp-json\/wp\/v2\/pages\/7274","targetHints":{"allow":["GET"]}}],"collection":[{"href":"https:\/\/visitsplitcroatia.com\/sv\/wp-json\/wp\/v2\/pages"}],"about":[{"href":"https:\/\/visitsplitcroatia.com\/sv\/wp-json\/wp\/v2\/types\/page"}],"author":[{"embeddable":true,"href":"https:\/\/visitsplitcroatia.com\/sv\/wp-json\/wp\/v2\/users\/72"}],"replies":[{"embeddable":true,"href":"https:\/\/visitsplitcroatia.com\/sv\/wp-json\/wp\/v2\/comments?post=7274"}],"version-history":[{"count":11,"href":"https:\/\/visitsplitcroatia.com\/sv\/wp-json\/wp\/v2\/pages\/7274\/revisions"}],"predecessor-version":[{"id":7974,"href":"https:\/\/visitsplitcroatia.com\/sv\/wp-json\/wp\/v2\/pages\/7274\/revisions\/7974"}],"wp:featuredmedia":[{"embeddable":true,"href":"https:\/\/visitsplitcroatia.com\/sv\/wp-json\/wp\/v2\/media\/7280"}],"wp:attachment":[{"href":"https:\/\/visitsplitcroatia.com\/sv\/wp-json\/wp\/v2\/media?parent=7274"}],"curies":[{"name":"wp","href":"https:\/\/api.w.org\/{rel}","templated":true}]}}