{"id":4126,"date":"2022-06-08T12:47:24","date_gmt":"2022-06-08T12:47:24","guid":{"rendered":"https:\/\/visitsplitcroatia.com\/?post_type=product&#038;p=4126"},"modified":"2025-03-17T12:59:21","modified_gmt":"2025-03-17T12:59:21","slug":"trogir-tour","status":"publish","type":"product","link":"https:\/\/visitsplitcroatia.com\/sv\/produkt\/trogir-tour\/","title":{"rendered":"Trogir halvdagstur (fr\u00e5n Split)"},"content":{"rendered":"","protected":false},"excerpt":{"rendered":"<h4><strong>Ett \u00e4ventyr p\u00e5 UNESCO:s v\u00e4rldsarvslista \u2013 Trogir med bekv\u00e4m busstransport med \u00f6ppen topp <\/strong>fr\u00e5n Split till Trogir<\/h4>","protected":false},"featured_media":4419,"template":"","meta":[],"product_cat":[15,56,68],"product_tag":[],"class_list":{"0":"post-4126","1":"product","2":"type-product","3":"status-publish","4":"has-post-thumbnail","6":"product_cat-nature-and-heritage","7":"product_cat-split-tours","8":"product_cat-historical-tours","10":"first","11":"instock","12":"sale","13":"virtual","14":"purchasable","15":"product-type-simple"},"_links":{"self":[{"href":"https:\/\/visitsplitcroatia.com\/sv\/wp-json\/wp\/v2\/product\/4126","targetHints":{"allow":["GET"]}}],"collection":[{"href":"https:\/\/visitsplitcroatia.com\/sv\/wp-json\/wp\/v2\/product"}],"about":[{"href":"https:\/\/visitsplitcroatia.com\/sv\/wp-json\/wp\/v2\/types\/product"}],"wp:featuredmedia":[{"embeddable":true,"href":"https:\/\/visitsplitcroatia.com\/sv\/wp-json\/wp\/v2\/media\/4419"}],"wp:attachment":[{"href":"https:\/\/visitsplitcroatia.com\/sv\/wp-json\/wp\/v2\/media?parent=4126"}],"wp:term":[{"taxonomy":"product_cat","embeddable":true,"href":"https:\/\/visitsplitcroatia.com\/sv\/wp-json\/wp\/v2\/product_cat?post=4126"},{"taxonomy":"product_tag","embeddable":true,"href":"https:\/\/visitsplitcroatia.com\/sv\/wp-json\/wp\/v2\/product_tag?post=4126"}],"curies":[{"name":"wp","href":"https:\/\/api.w.org\/{rel}","templated":true}]}}